{"id":14933,"date":"2025-05-31T19:27:31","date_gmt":"2025-05-31T18:27:31","guid":{"rendered":"http:\/\/martin-pyco-rausch-fans.sk\/?page_id=14933"},"modified":"2025-05-31T19:54:57","modified_gmt":"2025-05-31T18:54:57","slug":"rozhovor-pre-cas-sk","status":"publish","type":"page","link":"http:\/\/martin-pyco-rausch-fans.sk\/?page_id=14933","title":{"rendered":"Rozhovor pre denn\u00edk Nov\u00fd \u010cas"},"content":{"rendered":"<p><div class = \"alert alert-info \">Zdroj:\u00a0<a title=\"cas.sk\" href=\"https:\/\/www.cas.sk\/prominenti\/prominenti-domaci\/uprimna-spoved-moderatora-martina-pyca-rauscha-planuje-navrat-na-televiznu-obrazovku\" target=\"_blank\" rel=\"noopener noreferrer\">cas.sk<\/a><br \/>\nD\u00e1tum:\u00a0 2. apr\u00edl\u00a0<time class=\"entry-date published\" datetime=\"2014-11-04T22:46:58+00:00\">2025 <\/div><\/time><\/p>\n<p><strong>B\u00fdval\u00e1 hviezda telev\u00edznych obrazoviek Martin Pyco Rausch (47) patr\u00ed medzi osobnosti, ktor\u00e9 si z\u00edskali srdcia div\u00e1kov svojou charizmou, humorom a profesion\u00e1lnym pr\u00edstupom. Jeho nezabudnute\u013en\u00e9 p\u00f4sobenie v \u0161ou \u010cesko Slovensko m\u00e1 talent \u010di SuperStar sa stalo ikonick\u00fdm a dodnes rezonuje v pam\u00e4ti mnoh\u00fdch fan\u00fa\u0161ikov. Potom sa v\u0161ak sympa\u0165\u00e1k zo sveta \u0161oubiznisu n\u00e1hle stiahol.<\/strong><\/p>\n<p>V exkluz\u00edvnom rozhovore n\u00e1m prezradil nielen to, ak\u00fd dnes \u017eije \u017eivot a \u010domu sa naplno venuje, ale aj to, ak\u00e9 zdravotn\u00e9 probl\u00e9my rie\u0161i a \u010do ho viedlo k tomu, aby odi\u0161iel spred kamier. Je to definit\u00edvna zmena alebo sa predsa len niekedy vr\u00e1ti na obrazovku?<\/p>\n<p>&nbsp;<\/p>\n<p><strong>Ako sa vyv\u00edjal v\u00e1\u0161 vz\u0165ah k vareniu a gastron\u00f3mii od \u010dias \u0161t\u00fadia na hotelovej akad\u00e9mii?<\/strong><\/p>\n<p>Ten vz\u0165ah na\u0161tartovalo moje vegetari\u00e1nstvo v roku 1994, ke\u010f aj potravin\u00e1rsky trh a jeho ponuka vyzerali \u00faplne inak. Varil som najsk\u00f4r z nutnosti a zo zvedavosti, nakoniec sa z toho stala v\u00e1\u0161e\u0148. \u0160t\u00fadium na hotelovej akad\u00e9mii vytvorilo v tomto smere ve\u013emi u\u017eito\u010dn\u00fd z\u00e1klad.<\/p>\n<p><strong>\u010co v\u00e1s in\u0161pirovalo k nap\u00edsaniu kuch\u00e1rskych kn\u00edh zameran\u00fdch na vegetari\u00e1nsku kuchy\u0148u?<\/strong><\/p>\n<p>Ka\u017ed\u00e1 zo \u0161tyroch kn\u00edh m\u00e1 celkom in\u00fd pr\u00edbeh aj d\u00f4vod vzniku. Prvotina Moje jedlo bola snahou podeli\u0165 sa o ob\u013e\u00faben\u00e9 recepty s publikom presahuj\u00facim okruh rodiny a priate\u013eov. Zistil som, \u017ee ma okrem varenia a tvorby receptov zauj\u00edma aj fotografia a videoprodukcia, vznikol teda druh\u00fd diel. V tretej knihe som sa pok\u00fasil da\u0165 n\u00e1vody, ako sa stravova\u0165 v \u0161tyroch ro\u010dn\u00fdch obdobiach, a prizval som si ako odborn\u00e9ho garanta aj moju in\u0161pir\u00e1ciu Silviu Horeck\u00fa. Zatia\u013e ostatn\u00e1 kniha Treba si vari\u0165 je zase zbierkou naj\u00faspe\u0161nej\u0161\u00edch videoreceptov, ktor\u00e9 som 7 rokov publikoval na soci\u00e1lnych sie\u0165ach.<\/p>\n<p><strong>Ako sa v\u00e1m podarilo sk\u013abi\u0165 kari\u00e9ru moder\u00e1tora s v\u00e1\u0161\u0148ou pre varenie?<\/strong><\/p>\n<p>Varil som sk\u00f4r, ako som moderoval. Ten, kto ma poznal u\u017e predt\u00fdm, sa zas p\u00fdtal, \u010di teraz budem moder\u00e1torom, alebo \u010do sa to deje. V r\u00e1diu som sa 10 rokov redaktorsky venoval hudbe a v telev\u00edzii som tri roky moderoval rel\u00e1ciu o varen\u00ed a cestovan\u00ed. Ale aj tak ma v\u0161etci objavili, a\u017e ke\u010f som p\u00e1r t\u00fd\u017ed\u0148ov moderoval SuperStar, a to, \u010do bolo predt\u00fdm, zrazu neexistovalo.<\/p>\n<p><strong>Ako vn\u00edmate prechod od telev\u00edzneho moderovania k online platform\u00e1m a publikovaniu kn\u00edh?<\/strong><\/p>\n<p>To bola spolo\u010dn\u00e1 jazda v rovnakom \u010dase. Tri knihy som vydal na vlastn\u00fa p\u00e4s\u0165 medzi moderovan\u00edm SuperStar, Let\u2019s Dance, Talentu \u010di Tvoja tv\u00e1r znie povedome. A\u017e po\u010das pand\u00e9mie som vypustil telev\u00edzne aktivity, ale profesijne v tom nevid\u00edm ve\u013ek\u00fd rozdiel, st\u00e1le som pred kamerou, pribudli v\u0161ak v\u0161etky aktivity za \u0148ou a nie je ich m\u00e1lo.<\/p>\n<p><strong>V \u010dom vid\u00edte najv\u00e4\u010d\u0161\u00ed rozdiel medzi pr\u00e1cou v telev\u00edzii a p\u00edsan\u00edm kn\u00edh? \u010co v\u00e1s bav\u00ed viac?<\/strong><\/p>\n<p>Kuch\u00e1rska kniha je n\u00e1razov\u00e1 a ve\u013emi intenz\u00edvna pr\u00e1ca. Telev\u00edzne moderovanie sa zas l\u00ed\u0161i od projektu k projektu, najviac ma bavil adrenal\u00edn \u017eiv\u00e9ho prenosu, cyklicky predt\u00e1\u010dan\u00e9 projekty u\u017e menej. Ale v\u0161etko m\u00e1 svoje \u010daro. Ak ste v nastaven\u00ed, \u017ee sa treba cel\u00fd \u017eivot u\u010di\u0165 a z\u00e1rove\u0148 si to pod\u013ea mo\u017enosti chcete u\u017ei\u0165, ni\u010d lep\u0161ie som si ani pria\u0165 nemohol.<\/p>\n<p><strong>Ak\u00e9 s\u00fa va\u0161e pl\u00e1ny do bud\u00facnosti v oblasti gastron\u00f3mie alebo in\u00fdch projektov?<\/strong><\/p>\n<p>Nie som ve\u013ek\u00fd pl\u00e1nova\u010d, \u017eivot ma nau\u010dil, \u017ee je praktickej\u0161ie ma\u0165 kr\u00e1tkodob\u00e9 pracovn\u00e9 nastavenie a do programu rozumne vrstvi\u0165 \u010das na oddych a vy\u010distenie mysle, zbieranie in\u0161pir\u00e1cie. M\u00f4j blog o jedle funguje aj v\u010faka podpore klientov, s ktor\u00fdmi spolupracujem, tak\u017ee v\u017edy m\u00e1m pomerne jasno, \u010do budem robi\u0165 najbli\u017e\u0161\u00ed polrok a\u017e rok. Teraz navy\u0161e usporad\u00favame aj kurzy varenia, kde je v\u017edy in\u00e1 t\u00e9ma, \u010dak\u00e1 ma nieko\u013eko ve\u013ek\u00fdch moderova\u010diek a po\u010das leta organizujeme s cestovnou kancel\u00e1riou z\u00e1\u017eitkov\u00e9 pobyty na gr\u00e9ckych ostrovoch, na \u010do sa nesmierne te\u0161\u00edm, je to pre m\u0148a dokonal\u00fd d\u017eob ako za odmenu!<\/p>\n<p><strong>Nech\u00fdba v\u00e1m ob\u010das telev\u00edzna obrazovka?<\/strong><\/p>\n<p>Obrazovka asi nie, ale kamera, \u0161t\u00e1b a cel\u00e1 t\u00e1 atmosf\u00e9ra, samozrejme, ch\u00fdbaj\u00fa. Ale t\u00fdm, \u017ee u\u017e dlh\u00e9 roky nem\u00e1m pripojenie k \u017eiadnej telev\u00edzii, uvedom\u00edm si to napr\u00edklad, ke\u010f vid\u00edm nejak\u00e9 odovzd\u00e1vanie cien zo zahrani\u010dia. Ja som nikdy nepovedal, \u017ee moderova\u0165 u\u017e nebudem, akur\u00e1t ve\u013emi teraz ani nie je \u010do.<\/p>\n<p><strong>M\u00e1te po odchode z telev\u00edzie viac vo\u013en\u00e9ho \u010dasu pre seba? Ako ho vyu\u017e\u00edvate?<\/strong><\/p>\n<p>Paradoxne m\u00e1m omnoho menej \u010dasu ako po\u010das telev\u00edznej existencie. Preto to pl\u00e1novanie a nutn\u00e1 organiz\u00e1cia oddychu. V minulosti telev\u00edzia zabrala asi 10 t\u00fd\u017ed\u0148ov a zvy\u0161ok roka som robil in\u00e9 veci, ale nie to\u013eko, ako rob\u00edm teraz na pln\u00fd \u00fav\u00e4zok.<\/p>\n<p><strong>Ako tr\u00e1vite svoj vo\u013en\u00fd \u010das mimo pr\u00e1ce a kulin\u00e1rskych aktiv\u00edt?<\/strong><\/p>\n<p>Ako platni\u010dk\u00e1r potrebujem by\u0165 neust\u00e1le v kond\u00edcii, tak\u017ee ve\u013ea ch\u00f4dze, denn\u00e9ho cvi\u010denia bez oh\u013eadu na to, \u010di je vo\u013eno, alebo stres. A ke\u010f je ozaj vo\u013eno, tak more, pl\u00e1vanie, pr\u00edroda, zvierat\u00e1 a kone\u010dne som sa vr\u00e1til k \u010d\u00edtaniu kn\u00edh.<\/p>\n","protected":false},"excerpt":{"rendered":"<p>B\u00fdval\u00e1 hviezda telev\u00edznych obrazoviek Martin Pyco Rausch (47) patr\u00ed medzi osobnosti, ktor\u00e9 si z\u00edskali srdcia div\u00e1kov svojou charizmou, humorom a profesion\u00e1lnym pr\u00edstupom. Jeho nezabudnute\u013en\u00e9 p\u00f4sobenie v \u0161ou \u010cesko Slovensko m\u00e1 talent \u010di SuperStar sa stalo ikonick\u00fdm a dodnes rezonuje v pam\u00e4ti mnoh\u00fdch fan\u00fa\u0161ikov. Potom sa v\u0161ak sympa\u0165\u00e1k zo sveta \u0161oubiznisu n\u00e1hle stiahol. V exkluz\u00edvnom rozhovore [&hellip;]<\/p>\n","protected":false},"author":1,"featured_media":0,"parent":0,"menu_order":0,"comment_status":"closed","ping_status":"closed","template":"","meta":{"footnotes":""},"class_list":["post-14933","page","type-page","status-publish","hentry"],"_links":{"self":[{"href":"http:\/\/martin-pyco-rausch-fans.sk\/index.php?rest_route=\/wp\/v2\/pages\/14933","targetHints":{"allow":["GET"]}}],"collection":[{"href":"http:\/\/martin-pyco-rausch-fans.sk\/index.php?rest_route=\/wp\/v2\/pages"}],"about":[{"href":"http:\/\/martin-pyco-rausch-fans.sk\/index.php?rest_route=\/wp\/v2\/types\/page"}],"author":[{"embeddable":true,"href":"http:\/\/martin-pyco-rausch-fans.sk\/index.php?rest_route=\/wp\/v2\/users\/1"}],"replies":[{"embeddable":true,"href":"http:\/\/martin-pyco-rausch-fans.sk\/index.php?rest_route=%2Fwp%2Fv2%2Fcomments&post=14933"}],"version-history":[{"count":7,"href":"http:\/\/martin-pyco-rausch-fans.sk\/index.php?rest_route=\/wp\/v2\/pages\/14933\/revisions"}],"predecessor-version":[{"id":14990,"href":"http:\/\/martin-pyco-rausch-fans.sk\/index.php?rest_route=\/wp\/v2\/pages\/14933\/revisions\/14990"}],"wp:attachment":[{"href":"http:\/\/martin-pyco-rausch-fans.sk\/index.php?rest_route=%2Fwp%2Fv2%2Fmedia&parent=14933"}],"curies":[{"name":"wp","href":"https:\/\/api.w.org\/{rel}","templated":true}]}}