{"id":1571,"date":"2015-01-07T17:13:47","date_gmt":"2015-01-07T15:13:47","guid":{"rendered":"http:\/\/www.martin-pyco-rausch-fans.sk\/?page_id=1571"},"modified":"2015-02-09T00:14:39","modified_gmt":"2015-02-08T22:14:39","slug":"o-mimozemstanech-kteri-skakaji-na-tykadlech","status":"publish","type":"page","link":"http:\/\/martin-pyco-rausch-fans.sk\/?page_id=1571","title":{"rendered":"&#8222;O mimozem\u0161\u0165anech, kte\u0159\u00ed sk\u00e1kaj\u00ed na tykadlech.&#8220;"},"content":{"rendered":"<p><div class = \"alert alert-info \">Zdroj: <a href=\"http:\/\/prozeny.blesk.cz\/clanek\/pro-zeny-vip-rozhovory\/204899\/martin-pyco-rausch-o-mimozemstanech-kteri-skakaji-na-tykadlech.html\">prozeny.blesk.cz<\/a><br \/>\nD\u00e1tum: 25.\u00a0august 2013<time class=\"entry-date published\" datetime=\"2014-11-04T22:46:58+00:00\"><\/div><\/time><\/p>\n<p>Sympatick\u00fd slovensk\u00fd moder\u00e1tor str\u00e1vil dovolenou v Africe, ale rozhodn\u011b se tam nev\u00e1lel na pl\u00e1\u017ei. Co tam d\u011blal? A \u010demu se te\u010f v\u011bnuje?<\/p>\n<p><b>Pro\u010d Afrika?<\/b><br \/>\nByl jsem v Africe jako ambasador organizace UNICEF. Cestovali jsme do t\u011bch nejchud\u0161\u00edch region\u016f v u\u017e tak dost chud\u00e9 zemi, co\u017e bylo krut\u00e9, ale na druhou stranu obohacuj\u00edc\u00ed. Mysl\u00edm, \u017ee to byla jedna z v\u016fbec nejsmyslupln\u011bj\u0161\u00edch v\u011bc\u00ed, kter\u00e9 jsem tento rok ud\u011blal.<\/p>\n<p><b>Byl jste schopn\u00fd se po takov\u00e9 zku\u0161enosti hned vrhnout do pr\u00e1ce?<\/b><br \/>\nP\u00e1r dn\u00ed jsem regeneroval. M\u011bl jsem \u010das, abych nic ned\u011blal, hodn\u011b spal, dob\u0159e jedl a \u010dekal, jestli dostanu mal\u00e1rii. (sm\u011bje se) Bral jsem sice antimalarika, ale \u010dlov\u011bk si nikdy nem\u016f\u017ee b\u00fdt stoprocentn\u011b jist\u00fd. Nav\u00edc bran\u00ed t\u011bchto l\u00e9k\u016f je pro organismus opravdu z\u00e1t\u011b\u017e, zvl\u00e1\u0161\u0165 kdy\u017e j\u00e1 t\u00e9m\u011b\u0159 \u017e\u00e1dn\u00e9 l\u00e9ky neberu.<\/p>\n<p><b>\u0160el jste po\u010dtvrt\u00e9 moderovat Talent, nem\u011bl jste chu\u0165 nab\u00eddku odm\u00edtnout?<\/b><br \/>\nChv\u00edli jsem v\u00e1hal, proto\u017ee se \u0159\u00edk\u00e1, \u017ee v\u0161eho je v ur\u010dit\u00e9m moment\u011b dost a \u010dlov\u011bk mus\u00ed um\u011bt odej\u00edt ve spr\u00e1vn\u00fd \u010das. J\u00e1 osobn\u011b ale dost nem\u00e1m a v koutku du\u0161e douf\u00e1m, \u017ee ani div\u00e1ci. Od za\u010d\u00e1tku se mi v\u00fdborn\u011b spolupracuje s Jakubem, co\u017e byl dost v\u00fdrazn\u00fd faktor, pro\u010d jsem nab\u00eddku p\u0159ijal.<\/p>\n<p><b>D\u00e1 se v takov\u00e9m po\u0159adu je\u0161t\u011b vymyslet n\u011bco nov\u00e9ho? Nen\u00ed to tak trochu po\u0159\u00e1d dokola to stejn\u00e9?<\/b><br \/>\nNejde p\u0159ece o to objevit s ka\u017ed\u00fdm dal\u0161\u00edm pokra\u010dov\u00e1n\u00edm novou planetu a nechat p\u0159ilet\u011bt mimozem\u0161\u0165any, kte\u0159\u00ed n\u00e1m v divadle budou sk\u00e1kat na tykadlech. Pro m\u011b je Talent v t\u00e9to chv\u00edli sp\u00ed\u0161 p\u0159\u00edjemn\u00e1 show, na kterou se \u010dlov\u011bk d\u00edv\u00e1 i kv\u016fli n\u011b\u010demu jin\u00e9mu ne\u017e kv\u016fli samotn\u00fdm vystoupen\u00edm jednotliv\u00fdch sout\u011b\u017e\u00edc\u00edch.<\/p>\n<p>Div\u00e1k se bav\u00ed tak\u00e9 na emoc\u00edch, komunikaci sout\u011b\u017e\u00edc\u00edho s porotou, moder\u00e1tory a teprve toto v\u0161echno dohromady d\u011bl\u00e1 z t\u00e9hle show p\u0159\u00edjemnou spole\u010dnost hodiny a p\u016fl. Douf\u00e1m, \u017ee stejn\u011b jako j\u00e1 to budou vid\u011bt i div\u00e1ci.<\/p>\n","protected":false},"excerpt":{"rendered":"<p>Sympatick\u00fd slovensk\u00fd moder\u00e1tor str\u00e1vil dovolenou v Africe, ale rozhodn\u011b se tam nev\u00e1lel na pl\u00e1\u017ei. Co tam d\u011blal? A \u010demu se te\u010f v\u011bnuje? Pro\u010d Afrika? Byl jsem v Africe jako ambasador organizace UNICEF. Cestovali jsme do t\u011bch nejchud\u0161\u00edch region\u016f v u\u017e tak dost chud\u00e9 zemi, co\u017e bylo krut\u00e9, ale na druhou stranu obohacuj\u00edc\u00ed. Mysl\u00edm, \u017ee to [&hellip;]<\/p>\n","protected":false},"author":1,"featured_media":1572,"parent":0,"menu_order":0,"comment_status":"open","ping_status":"closed","template":"","meta":{"footnotes":""},"class_list":["post-1571","page","type-page","status-publish","has-post-thumbnail","hentry"],"_links":{"self":[{"href":"http:\/\/martin-pyco-rausch-fans.sk\/index.php?rest_route=\/wp\/v2\/pages\/1571","targetHints":{"allow":["GET"]}}],"collection":[{"href":"http:\/\/martin-pyco-rausch-fans.sk\/index.php?rest_route=\/wp\/v2\/pages"}],"about":[{"href":"http:\/\/martin-pyco-rausch-fans.sk\/index.php?rest_route=\/wp\/v2\/types\/page"}],"author":[{"embeddable":true,"href":"http:\/\/martin-pyco-rausch-fans.sk\/index.php?rest_route=\/wp\/v2\/users\/1"}],"replies":[{"embeddable":true,"href":"http:\/\/martin-pyco-rausch-fans.sk\/index.php?rest_route=%2Fwp%2Fv2%2Fcomments&post=1571"}],"version-history":[{"count":5,"href":"http:\/\/martin-pyco-rausch-fans.sk\/index.php?rest_route=\/wp\/v2\/pages\/1571\/revisions"}],"predecessor-version":[{"id":2028,"href":"http:\/\/martin-pyco-rausch-fans.sk\/index.php?rest_route=\/wp\/v2\/pages\/1571\/revisions\/2028"}],"wp:featuredmedia":[{"embeddable":true,"href":"http:\/\/martin-pyco-rausch-fans.sk\/index.php?rest_route=\/wp\/v2\/media\/1572"}],"wp:attachment":[{"href":"http:\/\/martin-pyco-rausch-fans.sk\/index.php?rest_route=%2Fwp%2Fv2%2Fmedia&parent=1571"}],"curies":[{"name":"wp","href":"https:\/\/api.w.org\/{rel}","templated":true}]}}