{"id":1575,"date":"2015-01-07T17:39:01","date_gmt":"2015-01-07T15:39:01","guid":{"rendered":"http:\/\/www.martin-pyco-rausch-fans.sk\/?page_id=1575"},"modified":"2015-02-09T00:14:08","modified_gmt":"2015-02-08T22:14:08","slug":"vahal-jsem-jestli-do-talentu-jit-znovu","status":"publish","type":"page","link":"http:\/\/martin-pyco-rausch-fans.sk\/?page_id=1575","title":{"rendered":"&#8222;V\u00e1hal jsem, jestli do Talentu j\u00edt znovu&#8220;"},"content":{"rendered":"<p><div class = \"alert alert-info \">Zdroj: iprima.cz<br \/>\nD\u00e1tum: 2013<time class=\"entry-date published\" datetime=\"2014-11-04T22:46:58+00:00\"><\/div><\/time><\/p>\n<p>\u010cESKO SLOVENSKO M\u00c1 TALENT 2013 u\u017e se pomalu rozj\u00ed\u017ed\u00ed. Na obrazovk\u00e1ch ho uvid\u00edte ji\u017e 15. z\u00e1\u0159\u00ed! A mezit\u00edm si p\u0159e\u010dt\u011bte, jestli je v kontaktu s minul\u00fdmi sout\u011b\u017e\u00edc\u00edmi a pro\u010d v\u00e1hal j\u00edt do dal\u0161\u00edho Talentu&#8230;<\/p>\n<p><b>Show \u010cESKO SLOVENSKO M\u00c1 TALENT moderujete letos po\u010dtvrt\u00e9. U\u017e jste si zvyknul na velk\u00e9 pracovn\u00ed vyp\u011bt\u00ed p\u0159i nat\u00e1\u010den\u00ed divadeln\u00edch kol?<\/b><br \/>\n\u010ctrn\u00e1ct hodin denn\u011b, dva t\u00fddny v kuse p\u0159ed kamerou, na to si podle m\u011b nikdo nezvykne. Ka\u017edop\u00e1dn\u011b po letech zku\u0161enost\u00ed u\u017e s t\u00edm po\u010d\u00edt\u00e1me. Nejen my moder\u00e1to\u0159i, ale cel\u00fd \u0161t\u00e1b, proto\u017ee v\u0161ichni bez rozd\u00edlu jdeme p\u0159i p\u0159\u00edprav\u011b t\u00e9to show za hranice norm\u00e1ln\u00edch lidsk\u00fdch fyzick\u00fdch a psychick\u00fdch sil. Co\u017e je \u00factyhodn\u00e9, na druhou stranu je t\u0159eba, aby to nebylo c\u00edtit na televizn\u00ed obrazovce. Proto\u017ee to, co v Brn\u011b vznikne za dva t\u00fddny, uvid\u00ed div\u00e1k v televizi vlastn\u011b cel\u00fd podzim.<\/p>\n<p><b>\u010cESKO SLOVENSKO M\u00c1 TALENT bude letos v televizi u\u017e po\u010dtvrt\u00e9. Je podle v\u00e1s po\u0159\u00e1d mo\u017en\u00e9 naj\u00edt n\u011bco p\u0159ekvapiv\u00e9ho a ud\u011blat show tak, aby div\u00e1ka znovu zaujala a bavila?<\/b><br \/>\nM\u00e1m pocit, \u017ee \u010dtvrtou verz\u00ed Talentu u\u017e se v\u00fdrazn\u011b bl\u00ed\u017e\u00edme britsk\u00e9 verzi, dokonal\u00e9mu origin\u00e1lu. Nen\u00ed podle m\u011b nutn\u00e9 vyr\u00e1\u017eet div\u00e1kovi dech ka\u017ed\u00fdch p\u011bt minut nebo objevovat n\u011bco, co je\u0161t\u011b nebylo, proto\u017ee v\u0161echno se d\u0159\u00edv nebo pozd\u011bji vy\u010derp\u00e1. Pro m\u011b je Talent v t\u00e9to chv\u00edli sp\u00ed\u0161 p\u0159\u00edjemn\u00e1 show, na kterou se \u010dlov\u011bk d\u00edv\u00e1 i kv\u016fli n\u011b\u010demu jin\u00e9mu ne\u017e kv\u016fli samotn\u00fdm vystoupen\u00edm jednotliv\u00fdch sout\u011b\u017e\u00edc\u00edch. Div\u00e1k se bav\u00ed tak\u00e9 na emoc\u00edch, komunikaci sout\u011b\u017e\u00edc\u00edho s porotou, moder\u00e1tory a teprve toto v\u0161echno dohromady d\u011bl\u00e1 z t\u00e9hle show p\u0159\u00edjemnou spole\u010dnost hodiny a p\u016fl. Douf\u00e1m, \u017ee stejn\u011b jako j\u00e1 to budou vid\u011bt i div\u00e1ci a Talent jim bude p\u0159\u00edjemn\u00fdm spole\u010dn\u00edkem. Nejde p\u0159ece o to objevit s ka\u017ed\u00fdm dal\u0161\u00edm pokra\u010dov\u00e1n\u00edm novou planetu a nechat p\u0159ilet\u011bt mimozem\u0161\u0165any, kte\u0159\u00ed n\u00e1m v divadle budou sk\u00e1kat na tykadlech, ale nechat p\u0159ij\u00edt \u010dlov\u011bka, od n\u011bho\u017e v\u00edcem\u00e9n\u011b nic ne\u010dek\u00e1te, ned\u011bl\u00e1 vlastn\u011b nic a\u017e tak objevn\u00e9ho, ale jste r\u00e1di, \u017ee jste ho vid\u011bli a \u017ee jste s n\u00edm str\u00e1vili \u010das u televizn\u00ed obrazovky.<\/p>\n<p><b>V\u00e1hal jste, zda p\u0159ijmout nab\u00eddku na moderov\u00e1n\u00ed \u010dtvrt\u00e9ho pokra\u010dov\u00e1n\u00ed Talentu?<\/b><br \/>\nV\u00e1hal jsem, proto\u017ee se \u0159\u00edk\u00e1, \u017ee v\u0161eho je v ur\u010dit\u00e9m moment\u011b dost a \u010dlov\u011bk mus\u00ed um\u011bt odej\u00edt ve spr\u00e1vn\u00fd \u010das. J\u00e1 osobn\u011b ale dost nem\u00e1m a v koutku du\u0161e douf\u00e1m, \u017ee ani div\u00e1ci. Od za\u010d\u00e1tku se mi v\u00fdborn\u011b spolupracuje s Jakubem, co\u017e byl dost v\u00fdrazn\u00fd faktor, pro\u010d jsem nab\u00eddku p\u0159ijal. Tak\u00e9 \u0161t\u00e1b z\u016fstal nezm\u011bn\u011bn\u00fd, i to m\u011b p\u0159im\u011blo rozhodovat se kladn\u011b.<\/p>\n<p><b>Jste v kontaktu s p\u0159edchoz\u00edmi v\u00edt\u011bzi Talentu?<\/b><br \/>\nP\u0159es soci\u00e1ln\u00ed s\u00edt\u011b jsem v kontaktu s finalistkou Katkou Landlovou, by\u0165 ne v nijak v\u00fdrazn\u00e9m. Dodnes mi ale v\u00fdrazn\u011b utkv\u011bly v pam\u011bti t\u0159i sle\u010dny, kter\u00e9 byly hned v prvn\u00ed s\u00e9rii sout\u011b\u017ee. V podstat\u011b hned po nat\u00e1\u010den\u00ed jsem si \u0161el koupit si sice na kolen\u011b ud\u011blan\u00e9, ale jinak perfektn\u00ed c\u00e9d\u00e9\u010dko. Skupinu Sabrosa poslouch\u00e1m od t\u00e9 doby pravideln\u011b a jejich c\u00e9d\u00e9\u010dko m\u00e1m i tady s sebou v \u0161atn\u011b. V kontaktu nejsme, ale sleduju jejich koncerty i jin\u00e1 vystoupen\u00ed. Pracovn\u011b jsem velmi intenzivn\u011b v kontaktu s The Pastels and Lady Licious, \u010dasto potk\u00e1v\u00e1m i skupinu La Gioia. Kdy\u017e n\u011bco moderuju v \u010cesku nebo na Slovensku, v\u011bt\u0161inou se tam vid\u00edme.<\/p>\n<p><b>Co \u0159\u00edk\u00e1te leto\u0161n\u00edmu slo\u017een\u00ed poroty?<\/b><br \/>\nM\u016fj n\u00e1zor je velice zkreslen\u00fd, proto\u017ee kdy\u017e mluv\u00ed porota, v\u011bt\u0161inou s Jakubem v z\u00e1kulis\u00ed \u0159e\u0161\u00edme n\u011bco \u00fapln\u011b jin\u00e9ho, tak\u017ee projevy porotc\u016f chyt\u00e1me jen velmi \u00fatr\u017ekovit\u011b. Mysl\u00edm, \u017ee Leo\u0161 Mare\u0161 vn\u00edm\u00e1 roli porotce jako odm\u011bnu za l\u00e9ta moder\u00e1torsk\u00e9 pr\u00e1ce a v divadle si to pat\u0159i\u010dn\u011b u\u017e\u00edval. J\u00e1 bych si na porotcovskou \u017eidli sednout ne\u0161el. Asi bych neum\u011bl zaujmout \u017e\u00e1dn\u00fd charakter a mysl\u00edm, \u017ee i v\u011bkov\u011b m\u00e1m na tohle je\u0161t\u011b \u010das. Po prvn\u00ed s\u00e9rii mi bylo hodn\u011b l\u00edto odchodu Jana Krause, kter\u00fd d\u00e1val tomuto programu obrovskou p\u0159idanou hodnotu. \u010c\u00edm\u017e netvrd\u00edm, \u017ee Martin Dejdar nebyl skv\u011bl\u00fd. Ka\u017ed\u00fd je jin\u00fd, v tomto t\u011b\u017eko srovn\u00e1vat. Uvid\u00edme po t\u00e9to s\u00e9rii, speci\u00e1ln\u00ed po \u017eiv\u00fdch p\u0159enosech, jak si div\u00e1ci obl\u00edb\u00ed Leo\u0161e Mare\u0161e a jeho styl humoru.<\/p>\n<p><b>Jak se vlastn\u011b moder\u00e1tor p\u0159ipravuje na takovou show jakou je \u010cESKO SLOVENSKO M\u00c1 TALENT?<\/b><br \/>\nNa t\u00e9to s\u00e9rii Talentu je nejkr\u00e1sn\u011bj\u0161\u00ed, \u017ee se vlastn\u011b v\u016fbec nep\u0159ipravujeme. V\u017edycky jsem byl zvykl\u00fd moderovat v tandemu, ale p\u0159ed Talentem jsem neza\u017eil projekt, kde by st\u00e1l moder\u00e1tor v z\u00e1kulis\u00ed, komentoval d\u011bn\u00ed odtud a byl vlastn\u011b jakousi vatou pro sout\u011b\u017e\u00edc\u00ed, proto\u017ee o ty tady jde p\u0159edev\u0161\u00edm. Tento p\u0159\u00edstup m\u011b velmi osvobozuje, proto\u017ee nemus\u00edme m\u00edt \u017e\u00e1dn\u00fd sc\u00e9n\u00e1\u0159, vlastn\u011b nic dop\u0159edu nev\u00edme a v\u0161echno, co se d\u011bje v z\u00e1kulis\u00ed, je improvizace. P\u0159\u00edprava je p\u0159edem zak\u00e1zan\u00e1 a je to dob\u0159e. Tento rok je pro m\u011b velik\u00e9 pot\u011b\u0161en\u00ed, \u017ee o sout\u011b\u017e\u00edc\u00edch nev\u00edme v\u016fbec nic. Nev\u00edme dokonce, jestli doty\u010dn\u00fd \u010dlov\u011bk zp\u00edv\u00e1, tancuje nebo d\u011bl\u00e1 \u00fapln\u011b n\u011bco jin\u00e9ho a n\u011bkdy na to v konverzaci dokonce ani nep\u0159ijde \u0159e\u010d. Co\u017e n\u00e1m zaru\u010duje naprosto p\u0159irozenou reakci a je to n\u011bco, co jsme si s Jakubem velmi p\u0159\u00e1li. Jsem r\u00e1d, \u017ee n\u00e1m to takto vy\u0161lo.<\/p>\n","protected":false},"excerpt":{"rendered":"<p>\u010cESKO SLOVENSKO M\u00c1 TALENT 2013 u\u017e se pomalu rozj\u00ed\u017ed\u00ed. Na obrazovk\u00e1ch ho uvid\u00edte ji\u017e 15. z\u00e1\u0159\u00ed! A mezit\u00edm si p\u0159e\u010dt\u011bte, jestli je v kontaktu s minul\u00fdmi sout\u011b\u017e\u00edc\u00edmi a pro\u010d v\u00e1hal j\u00edt do dal\u0161\u00edho Talentu&#8230; Show \u010cESKO SLOVENSKO M\u00c1 TALENT moderujete letos po\u010dtvrt\u00e9. U\u017e jste si zvyknul na velk\u00e9 pracovn\u00ed vyp\u011bt\u00ed p\u0159i nat\u00e1\u010den\u00ed divadeln\u00edch kol? \u010ctrn\u00e1ct [&hellip;]<\/p>\n","protected":false},"author":1,"featured_media":0,"parent":0,"menu_order":0,"comment_status":"open","ping_status":"closed","template":"","meta":{"footnotes":""},"class_list":["post-1575","page","type-page","status-publish","hentry"],"_links":{"self":[{"href":"http:\/\/martin-pyco-rausch-fans.sk\/index.php?rest_route=\/wp\/v2\/pages\/1575","targetHints":{"allow":["GET"]}}],"collection":[{"href":"http:\/\/martin-pyco-rausch-fans.sk\/index.php?rest_route=\/wp\/v2\/pages"}],"about":[{"href":"http:\/\/martin-pyco-rausch-fans.sk\/index.php?rest_route=\/wp\/v2\/types\/page"}],"author":[{"embeddable":true,"href":"http:\/\/martin-pyco-rausch-fans.sk\/index.php?rest_route=\/wp\/v2\/users\/1"}],"replies":[{"embeddable":true,"href":"http:\/\/martin-pyco-rausch-fans.sk\/index.php?rest_route=%2Fwp%2Fv2%2Fcomments&post=1575"}],"version-history":[{"count":2,"href":"http:\/\/martin-pyco-rausch-fans.sk\/index.php?rest_route=\/wp\/v2\/pages\/1575\/revisions"}],"predecessor-version":[{"id":1971,"href":"http:\/\/martin-pyco-rausch-fans.sk\/index.php?rest_route=\/wp\/v2\/pages\/1575\/revisions\/1971"}],"wp:attachment":[{"href":"http:\/\/martin-pyco-rausch-fans.sk\/index.php?rest_route=%2Fwp%2Fv2%2Fmedia&parent=1575"}],"curies":[{"name":"wp","href":"https:\/\/api.w.org\/{rel}","templated":true}]}}