{"id":1615,"date":"2015-01-07T19:15:14","date_gmt":"2015-01-07T17:15:14","guid":{"rendered":"http:\/\/www.martin-pyco-rausch-fans.sk\/?page_id=1615"},"modified":"2015-02-09T00:28:24","modified_gmt":"2015-02-08T22:28:24","slug":"netouzim-byt-hvezdou-2","status":"publish","type":"page","link":"http:\/\/martin-pyco-rausch-fans.sk\/?page_id=1615","title":{"rendered":"&#8222;Netou\u017e\u00edm b\u00fdt hv\u011bzdou&#8220;"},"content":{"rendered":"<div class = \"alert alert-info \">Zdroj: televize.cz<br \/>\nD\u00e1tum: 2012<\/div>\n<p>D\u011bl\u00e1me to jen v\u00fdjime\u010dn\u011b, ale proto\u017ee je Pyco z Bratislavy a my jsme o rozhovor s n\u00edm st\u00e1li, pov\u00eddali jsme si prost\u0159ednictv\u00edm mailu.<\/p>\n<p><b>Pro\u010d se v\u00e1m \u0159\u00edk\u00e1 Pyco? Neznamen\u00e1 to ve sloven\u0161tin\u011b n\u011bco neslu\u0161n\u00e9ho?<\/b><br \/>\nJe to moje d\u00e1vn\u00e1 p\u0159ezd\u00edvka z r\u00e1dia, kde jsme se do \u00e9teru p\u0159edstavovali jen k\u0159estn\u00edmi jm\u00e9ny a jeden Martin u\u017e tam byl. Pokud se nep\u0159e\u0159eknete, tak to vulg\u00e1rn\u00ed nen\u00ed. (sm\u00edch)<\/p>\n<p><b>\u00da\u010dinkoval jste i ve videoklipech, dokonce jste m\u011bl roli v krimin\u00e1ln\u00edm seri\u00e1lu. Bavilo hran\u00ed sp\u00ed\u0161 v\u00e1s, nebo jste na\u0161el pochopen\u00ed i u re\u017eis\u00e9ra a u\u017e pro v\u00e1s chyst\u00e1 n\u011bco dal\u0161\u00edho?<\/b><br \/>\n\u00da\u010dinkov\u00e1n\u00ed v klipu byla nab\u00eddka skupiny Mukatado a re\u017eis\u00e9ra a producenta Martina Hud\u00e1ka, s n\u00edm\u017e jsem v\u00edckr\u00e1t spolupracoval. L\u00edbil se mi koncept. V seri\u00e1lu Mesto tie\u0148ov jsem si st\u0159ihl jen jednu sc\u00e9nu. Hr\u00e1l jsem negativn\u00ed postavu barmana a bavilo m\u011b to. Jedin\u00e9, po \u010dem jsem doopravdy tou\u017eil, byl horor Fabrika smrti, kter\u00fd jsme ale pro nedostatek financ\u00ed nikdy nedokon\u010dili. \u017d\u00e1dnou jinou nab\u00eddku jsem nedostal. Nejsem herec.<\/p>\n<p><b>Na Slovensku jste hv\u011bzda. Obt\u011b\u017euje v\u00e1s to, nebo v\u00e1m to d\u011bl\u00e1 dob\u0159e?<\/b><br \/>\nNem\u00e1m pocit, \u017ee js jsem hv\u011bzda, ani po tom netou\u017e\u00edm a neobt\u011b\u017euje m\u011b to, pokud jsou lidi p\u0159\u00edjemn\u00ed nebo m maj\u00ed chu\u0165 m\u011b oslovit jen proto, \u017ee si m\u011b pam pamatuj\u00ed z televize. \u0160patn\u00fdch zku\u0161enost\u00ed m\u00e1 m\u00e1m na\u0161t\u011bst\u00ed velmi m\u00e1lo.<\/p>\n<p><b>Kter\u00e1 vlastnost v\u00e1m k oblib\u011b u lid\u00ed pomohla nejv\u00edc?<\/b><br \/>\nNemoderuji se z\u00e1m\u011brem b\u00fdt obl\u00edben\u011bj\u0161\u00ed, ale b\u00fdt lep\u0161\u00edm moder\u00e1torem. Tak\u017ee zkuste naj\u00edt n\u011bkoho, kdo si m\u011b o obl\u00edbil, a zeptejte se tam.<\/p>\n<p><b>Jak\u00e9 bylo pro v\u00e1s p\u0159ijet do \u010cech, kde v\u00e1s nikdo neznal a musel jste ne za\u010d\u00ednat od nuly?<\/b><br \/>\nV\u0161eobecn\u011b u\u017e jen moderov\u00e1n\u00ed programu, kter\u00fd sleduj\u00ed dv\u011b zem\u011b sou\u010dasn\u011b, m\u00e1 n\u011bkolik hranic a bari\u00e9r. A\u0165 u\u017e jde o souvislosti, pozn\u00e1mky v improvizaci, \u010di humor jako takov\u00fd. Na\u0161t\u011bst\u00ed moderuju s Jakubem, a tak si to v p\u0159\u00edpad\u011b nejasnost\u00ed navz\u00e1jem vysv\u011btlujeme. Ale pr\u00e1v\u011b ta rozd\u00edlnost vytv\u00e1\u0159\u00ed \u00fapln\u011b nov\u00e9 situace.<\/p>\n<p><b>Jste st\u00e1le je\u0161t\u011b vegetari\u00e1n? Vegetari\u00e1ni jsou pr\u00fd sucha\u0159i beze smyslu pro humor. Doka\u017ete, \u017ee takov\u00fd nejste.<\/b><br \/>\nM\u00e1te absolutn\u00ed pra pravdu. Jsem st\u00e1le vegetari\u00e1n ri\u00e1n a opravdu js jsem suchar beze smyslu pro humor, tak tak\u017ee nem\u00e1m d\u016fvod v\u00e1m dokazovat opa opak. To je ide\u00e1ln\u00ed citace pro titul cel\u00e9 cel\u00e9ho \u010dl\u00e1nku. Nem\u00e1te za\u010d. (\u00fasm\u011bv)<\/p>\n<p><b>Kdo v\u00e1s zat\u00edm v sout\u011b\u017ei nejv\u00edc po pobavil a \u010d\u00edm?<\/b><br \/>\nPobavilo m\u011b v\u00edc \u00fa\u010dastn\u00edk\u016f, dal\u0161\u00ed m\u011b dojal dojali nebo zaujali. Ale \u010cesko Slovensko m\u00e1 talent je program, ko Slove jeho\u017e podstatn\u00e1 \u010d\u00e1st jde gram, je ze z\u00e1znamu. J\u00e1 u\u017e vid\u011bl v\u0161echny jako moder\u00e1tor nem\u00edn\u00edm ny a ja v tomto stadiu ovliv\u0148ovat ve\u0159ejn\u00e9 m\u00edn\u011bn\u00ed d\u0159\u00edv, ne\u017e se sout\u011b\u017e\u00edc\u00ed \u0159ejn\u00e9 m postav\u00ed p\u0159ed televizn\u00ed div\u00e1ky t\u011b\u017e\u00edc\u00ed p semifi n\u00e1le, kde o jejich v dal\u0161\u00edm postupu rozhodnou \u201eesem\u201c hlasy. Nebylo by to f\u00e9r.<\/p>\n<p><b>Jak\u00e1 je pro v\u00e1s v televizi nejvy\u0161\u0161\u00ed meta?<\/b><br \/>\nO televizi jsem nikdy nesnil a dodnes dnes se to nezm\u011bnilo.<\/p>\n","protected":false},"excerpt":{"rendered":"<p>D\u011bl\u00e1me to jen v\u00fdjime\u010dn\u011b, ale proto\u017ee je Pyco z Bratislavy a my jsme o rozhovor s n\u00edm st\u00e1li, pov\u00eddali jsme si prost\u0159ednictv\u00edm mailu. Pro\u010d se v\u00e1m \u0159\u00edk\u00e1 Pyco? Neznamen\u00e1 to ve sloven\u0161tin\u011b n\u011bco neslu\u0161n\u00e9ho? Je to moje d\u00e1vn\u00e1 p\u0159ezd\u00edvka z r\u00e1dia, kde jsme se do \u00e9teru p\u0159edstavovali jen k\u0159estn\u00edmi jm\u00e9ny a jeden Martin u\u017e tam [&hellip;]<\/p>\n","protected":false},"author":1,"featured_media":0,"parent":0,"menu_order":0,"comment_status":"open","ping_status":"closed","template":"","meta":{"footnotes":""},"class_list":["post-1615","page","type-page","status-publish","hentry"],"_links":{"self":[{"href":"http:\/\/martin-pyco-rausch-fans.sk\/index.php?rest_route=\/wp\/v2\/pages\/1615","targetHints":{"allow":["GET"]}}],"collection":[{"href":"http:\/\/martin-pyco-rausch-fans.sk\/index.php?rest_route=\/wp\/v2\/pages"}],"about":[{"href":"http:\/\/martin-pyco-rausch-fans.sk\/index.php?rest_route=\/wp\/v2\/types\/page"}],"author":[{"embeddable":true,"href":"http:\/\/martin-pyco-rausch-fans.sk\/index.php?rest_route=\/wp\/v2\/users\/1"}],"replies":[{"embeddable":true,"href":"http:\/\/martin-pyco-rausch-fans.sk\/index.php?rest_route=%2Fwp%2Fv2%2Fcomments&post=1615"}],"version-history":[{"count":2,"href":"http:\/\/martin-pyco-rausch-fans.sk\/index.php?rest_route=\/wp\/v2\/pages\/1615\/revisions"}],"predecessor-version":[{"id":1985,"href":"http:\/\/martin-pyco-rausch-fans.sk\/index.php?rest_route=\/wp\/v2\/pages\/1615\/revisions\/1985"}],"wp:attachment":[{"href":"http:\/\/martin-pyco-rausch-fans.sk\/index.php?rest_route=%2Fwp%2Fv2%2Fmedia&parent=1615"}],"curies":[{"name":"wp","href":"https:\/\/api.w.org\/{rel}","templated":true}]}}