{"id":174,"date":"2014-10-17T02:14:15","date_gmt":"2014-10-17T00:14:15","guid":{"rendered":"http:\/\/www.martin-pyco-rausch-fans.sk\/wordpress\/?page_id=174"},"modified":"2015-02-09T00:07:39","modified_gmt":"2015-02-08T22:07:39","slug":"martin-pyco-rausch-se-rozpovidal-pro-gorillu","status":"publish","type":"page","link":"http:\/\/martin-pyco-rausch-fans.sk\/?page_id=174","title":{"rendered":"Martin \u201ePyco\u201c Rausch se rozpov\u00eddal pro Gorillu"},"content":{"rendered":"<p><div class = \"alert alert-info \">Zdroj: <a href=\"http:\/\/www.gorilla.cz\/2014\/03\/rozhovor-martin-pyco-rausch-se.html\">gorilla.cz<\/a><br \/>\nD\u00e1tum: 6. marec 2014<time class=\"entry-date published\" datetime=\"2014-11-04T22:46:58+00:00\"><\/div><\/time><\/p>\n<p>U\u017e v ned\u011bli se div\u00e1ci do\u010dkaj\u00ed prvn\u00edho d\u00edlu p\u011bveck\u00e9 show X Factor, kter\u00e1 pob\u011b\u017e\u00ed na Prim\u011b a na TV JOJ a proto\u017ee jsme hodn\u00ed chlapci a hlavn\u011b, proto\u017ee je hodn\u00fd chlapec moder\u00e1tor Martin \u201ePyco\u201c Rausch, kter\u00fd si na n\u00e1s ud\u011blal \u010das, p\u0159in\u00e1\u0161\u00edme v\u00e1m s n\u00edm rozhovor.<\/p>\n<p><b>Pokud se nem\u00fdl\u00edm (a \u017ee se mi to ob\u010das st\u00e1v\u00e1), k moderov\u00e1n\u00ed ses dostal v n\u011bjak\u00fdch patn\u00e1cti letech, jak \u010dlov\u011bka napadne vrhnout se na takovou kari\u00e9ru?<\/b><br \/>\nJ\u00e1 jsem se nikdy nezam\u00fd\u0161lel nad t\u00edm, co je to vlastn\u011b kari\u00e9ra. Jako teenager jsem m\u011bl za totality \u0161anci poslouchat ka\u017ed\u00fd den rakousk\u00e1 r\u00e1dia a televizi, tak\u017ee jsem se aktivn\u011b zaj\u00edmal o hitpar\u00e1dy a pop music. Po revoluci jsem v\u011bd\u011bl, \u017ee m\u00fdm snem je pracovat jako redaktor a dramaturg v r\u00e1diu. Byla to jedin\u00e1 pozice, o kter\u00e9 jsem byl p\u0159esv\u011bd\u010den\u00fd, \u017ee o ni stoj\u00edm, m\u011bl jsem v\u016fli u\u010dit se a ambici objevovat nov\u00e9 hity a v\u011bnovat se recenzov\u00e1n\u00ed v dob\u011b, kdy internet vlastn\u011b po\u0159\u00e1dn\u011b nefungoval. A tak jsem se jako patn\u00e1ctilet\u00fd p\u0159i\u0161el uk\u00e1zat do r\u00e1dia. Dodnes nev\u00edm, kde jsem sebral tu odvahu nebo mo\u017en\u00e1 drzost, ale v tom v\u011bku mi to p\u0159i\u0161lo jako ta nejp\u0159irozen\u011bj\u0161\u00ed v\u011bc, kterou mus\u00edm ud\u011blat.<\/p>\n<p><b>A co na to rodi\u010de? Je b\u011b\u017en\u00e9, \u017ee rodi\u010de cht\u011bj\u00ed m\u00edt z d\u011bt\u00ed pr\u00e1vn\u00edky, l\u00e9ka\u0159e, kari\u00e9ra v m\u00e9di\u00edch je docela nest\u00e1l\u00e1, i tak t\u011b podporovali?<\/b><br \/>\nPoch\u00e1z\u00edm ze \u010dty\u0159 sourozenc\u016f, u\u010dilo se mi snadno a m\u011bl jsem v\u00fdborn\u00fd prosp\u011bch, tak\u017ee m\u011b rodi\u010de v ni\u010dem neomezovali. Sice pro n\u011b nebylo snadn\u00e9, kdy\u017e jsem ve t\u0159e\u0165\u00e1ku na st\u0159edn\u00ed \u0161kole kv\u016fli pr\u00e1ci v r\u00e1diu po\u017e\u00e1dal o individu\u00e1ln\u00ed studium, ale za to riziko to st\u00e1lo. Pochopili, \u017ee sportovec nebo l\u00e9ka\u0159 ze m\u011b nebude a \u017ee ciz\u00ed jazyky a hudba z\u016fstanou moj\u00ed v\u00e1\u0161n\u00ed na cel\u00fd \u017eivot. V r\u00e1diu jsem prvn\u00edch p\u00e1r let pracoval dobrovoln\u011b, zadarmo.<\/p>\n<p><b>Je zjevn\u00e9, \u017ee svou pr\u00e1ci miluje\u0161, co\u017e je z obrazovky c\u00edtit, ale i kdy\u017e se to m\u016f\u017ee tak zd\u00e1t, nen\u00ed to \u010dasto snadn\u00e9, nat\u00e1\u010d\u00ed se t\u0159eba 16 hodin denn\u011b, nem\u00e1\u0161 toho n\u011bkdy pln\u00e9 zuby a ne\u0159\u00edk\u00e1\u0161 si, \u017ee by ti bylo l\u00e9pe n\u011bkdy v tepl\u00e9 kancel\u00e1\u0159i?<\/b><br \/>\nTo, co dnes d\u011bl\u00e1m, vn\u00edm\u00e1m jako d\u00e1rek nebo odm\u011bnu za pr\u00e1ci, kter\u00e9 jsem v\u011bnoval cel\u00e9 dosp\u00edv\u00e1n\u00ed. A nikdy jsem toho nelitoval. Televizn\u00ed nat\u00e1\u010den\u00ed je vy\u010derp\u00e1vaj\u00edc\u00ed jen n\u00e1razov\u011b. Kdy\u017e jsem doma a sleduji to s odstupem \u010dasu, v\u0161e bych ud\u011blal jinak, ale na placu, kde n\u011bkdy nem\u00e1\u0161 \u010das se za cel\u00fd den ani po\u0159\u00e1dn\u011b naj\u00edst, prost\u011b p\u0159epne\u0161 do jin\u00e9ho re\u017eimu. Proto d\u011bl\u00e1m jen jeden projekt za rok. Na konci se v\u017edy c\u00edt\u00edm psychicky vy\u010derpan\u00fd a nat\u00e1\u010det dv\u011b sez\u00f3ny za sebou jsem se odhodlal za posledn\u00edch deset let jen dvakr\u00e1t.<\/p>\n<p><b>Moderoval jsi hromadu zaj\u00edmav\u00fdch po\u0159ad\u016f, ale p\u0159esto se zept\u00e1m, m\u00e1\u0161 n\u011bjak\u00fd moder\u00e1torsk\u00fd sen, Olymp, kter\u00fd bys cht\u011bl zdolat?<\/b><br \/>\nIroni\u00ed osudu je, \u017ee jsem vlastn\u011b necht\u011bl b\u00fdt moder\u00e1torem. I v r\u00e1diu jsem pracoval jako redaktor, kter\u00fd psal hudebn\u00ed zpr\u00e1vy, recenze, analyzoval \u017eeb\u0159\u00ed\u010dky a podobn\u011b. Ale k mikrofonu m\u011b dotla\u010dili a\u017e jako moderuj\u00edc\u00edho redaktora s autorsk\u00fdmi po\u0159ady. Nem\u00e1m tak \u017e\u00e1dn\u00fd sen ani dnes, pokud se bav\u00edme o moderov\u00e1n\u00ed. Po velk\u00fdch projektech by mi ale ud\u011blala radost nab\u00eddka n\u011b\u010deho z\u00e1\u017eitkov\u00e9ho, kde se kombinuje nap\u011bt\u00ed, hra a adrenalin. Sv\u00e9ho \u010dasu jsem jednal o slovensk\u00e9 verzi form\u00e1tu The Phone, nakonec z toho ale kv\u016fli tak\u0159ka filmov\u00e9mu rozpo\u010dtu, kter\u00fd je nutn\u00fd s ohledem na velk\u00e9 ak\u010dn\u00ed sc\u00e9ny, se\u0161lo. Ale nap\u0159\u00edklad se r\u00e1d pod\u00edv\u00e1m na Pevnost Boyard, to je n\u011bco, co by m\u011b bavilo moderovat. M\u00e1m r\u00e1d spole\u010densk\u00e9 a kolektivn\u00ed hry s prvkem nap\u011bt\u00ed.<\/p>\n<p><b>Tv\u00ed fanou\u0161ci by byli jist\u011b r\u00e1di, kdybys moderoval do d\u016fchodov\u00e9ho v\u011bku, ale pokud by to n\u00e1hodou nevy\u0161lo, na co by ses vrhnul, co by ti vyhovovalo?<\/b><br \/>\nJ\u00e1 posledn\u00ed roky vstupuji do ka\u017ed\u00e9ho projektu s t\u00edm, \u017ee by mohl b\u00fdt m\u016fj posledn\u00ed. U\u017e b\u011bhem moderov\u00e1n\u00ed v r\u00e1diu, kter\u00e9 u\u017e pro m\u011b dnes ztratilo sv\u00e9 kouzlo a dokonce i informativn\u00ed smysl, jsem se cht\u011bl v\u011bnovat studiu ciz\u00edch jazyk\u016f, turismu a gastronomii. Tomu v\u011bnuji v\u0161ech voln\u00fd \u010das, i kdy\u017e m\u011b to ne\u017eiv\u00ed. Zat\u00edm.<\/p>\n<p><b>V sou\u010dasn\u00e9 dob\u011b se \u0159ad\u00ed\u0161 k moder\u00e1torsk\u00e9 \u0161pi\u010dce, tak\u017ee kdyby se t\u011b n\u011bkdo zeptal, co je pot\u0159eba pro to, aby byl \u010dlov\u011bk dobr\u00fdm moder\u00e1torem, co odpov\u00ed\u0161?<\/b><br \/>\nJ\u00e1 nev\u00edm, proto\u017ee s\u00e1m sebe nepova\u017euji za v\u00fdjime\u010dn\u00fd talent. A ne\u0159\u00edk\u00e1m to proto, abych p\u016fsobil skromn\u011b. Na sest\u0159ihy po\u0159ad\u016f se v\u017edy pod\u00edv\u00e1m a poka\u017ed\u00e9 vid\u00edm slab\u00e1 m\u00edsta a chyby, kter\u00e9 se postupn\u011b sna\u017e\u00edm odstra\u0148ovat. Proto beru nab\u00eddky, kde p\u016fsob\u00ed moder\u00e1tor na pozici pr\u016fvodce a dod\u00e1v\u00e1 po\u0159adu dynamiku. Vlastn\u00ed show bych nezvl\u00e1dl, neprofiluji se ani jako humorista, ani jako ten, kdo \u010dte texty, tak\u017ee pokud chci b\u00fdt, co nejv\u00edce p\u0159irozen\u00fd a pohotov\u00fd, tak mi vyhovuje poloha, kterou jsem p\u0159edvedl v dosavadn\u00edch po\u0159adech.<\/p>\n<p>A vyhovuje ti sp\u00ed\u0161e moderovat s\u00e1m nebo ve dvojici? S Adelou Ban\u00e1\u0161ovou nebo s Jakubem Pracha\u0159em v\u00e1m to fungovalo skv\u011ble, ale stejn\u011b tak ses do\u010dkal chv\u00e1ly za po\u0159ady, kter\u00e9 si moderoval s\u00e1m. Co je pro tebe lep\u0161\u00ed?<br \/>\nZvl\u00e1dnu se p\u0159izp\u016fsobit situaci. Ve dvojici se c\u00edt\u00edm sp\u00ed\u0161e jako \u201enahr\u00e1va\u010d\u201c, ale pokud moderuji s\u00e1m, nap\u0159\u00edklad te\u010f X Factor, vn\u00edm\u00e1m to jako respondent. Tedy, ka\u017ed\u00fdch p\u011bt minut jin\u00e1 emoce. S\u00f3lov\u00e1 j\u00edzda je pro m\u011b stru\u010dn\u011bj\u0161\u00ed a dynami\u010dt\u011bj\u0161\u00ed. Ale s Jakubem bych je\u0161t\u011b velmi r\u00e1d spolupracoval, proto\u017ee p\u0159esto\u017ee n\u00e1s sezn\u00e1mili a\u017e p\u0159ed t\u00edm, ne\u017e padla prvn\u00ed klapka, v\u011b\u0159\u00edm, \u017ee se n\u00e1m poda\u0159ilo naj\u00edt a zformovat kamar\u00e1dskou chemii a bylo by mi l\u00edto, kdybychom v tom nemohli pokra\u010dovat.<\/p>\n<p><b>Te\u010f tro\u0161ku z jin\u00e9ho soudku. Objevuje\u0161 se \u010dasto p\u0159ed kamerou, tak\u017ee je jasn\u00e9, \u017ee \u010dlov\u011bk nem\u016f\u017ee vypadat jako Quasimodo. V\u00edm, \u017ee jsi vegetari\u00e1n, ale udr\u017euje\u0161 se ve form\u011b je\u0161t\u011b jin\u00fdm zp\u016fsobem?<\/b><br \/>\nV r\u00e1mci mo\u017enost\u00ed dob\u0159e j\u00edm, sp\u00edm a sna\u017e\u00edm se prost\u011b dob\u0159e \u017e\u00edt. Ale co to p\u0159esn\u011b znamen\u00e1, zjist\u00edme v\u0161ichni snad a\u017e b\u011bhem soudn\u00e9ho dne.<\/p>\n<p><b>I kdy\u017e jsem se sna\u017eil, tak se mi nepovedlo naj\u00edt nikoho, kdo by o tob\u011b \u0159ekl \u0161patn\u00e9ho slova. V\u011bt\u0161inou t\u011b hodnot\u00ed jako mil\u00e9ho, p\u0159\u00e1telsk\u00e9ho a skromn\u00e9ho \u010dlov\u011bka. Vysv\u011btli mi pros\u00edm t\u011b, jak je mo\u017en\u00e9, \u017ee jsi neust\u00e1le v tak dobr\u00e9 n\u00e1lad\u011b.<\/b><br \/>\nTo asi bude televizn\u00ed dojem. J\u00e1 jsem pom\u011brn\u011b dumav\u00e1, pomal\u00e1 a melancholick\u00e1 povaha, ale to nen\u00ed zrovna vhodn\u00e9 pro z\u00e1bavn\u00e9 po\u0159ady. Nap\u0159\u00edklad b\u011bhem nat\u00e1\u010den\u00ed X Factoru jsem m\u011bl po jeden\u00e1cti hodin\u00e1ch na placu k\u0159e\u010de v noh\u00e1ch nebo m\u011b zradila z\u00e1da, jen\u017ee je to nutn\u00e9 potla\u010dit a vytvo\u0159it dobrou atmosf\u00e9ru pro vystresovan\u00e9 a unaven\u00e9 zp\u011bv\u00e1ky. Je to moje pr\u00e1ce. A potom se doma dva t\u00fddny l\u00e9\u010d\u00edm a douf\u00e1m, \u017ee jsem nezkomplikoval pr\u00e1ci st\u0159iha\u010d\u016fm. Tak\u017ee ti nechci br\u00e1t iluze, ale klidn\u011b d\u00e1l \u0161i\u0159, \u017ee m\u00e1m st\u00e1le dobrou n\u00e1ladu (sm\u00edch).<\/p>\n<p><b>Za p\u00e1r dn\u016f se na tebe m\u016f\u017eeme t\u011b\u0161it v X Factoru, sledoval si zahrani\u010dn\u00ed verze po\u0159adu?<\/b><br \/>\nZhl\u00e9dl jsem n\u011bkolik epizod z americk\u00e9 verze a tak\u00e9 po\u010d\u00e1te\u010dn\u00ed epizodu z britsk\u00e9 mutace. V zahrani\u010d\u00ed ale maj\u00ed moder\u00e1to\u0159i v sest\u0159iz\u00edch minim\u00e1ln\u00ed prostor a v \u017eiv\u00e9m vys\u00edl\u00e1n\u00ed t\u00e9m\u011b\u0159 v\u017edy p\u0159ed\u010d\u00edtaj\u00ed text ze \u010dte\u010dky, co\u017e je u n\u00e1s nep\u0159ijateln\u00e9.<\/p>\n<p><b>Co se ti v\u016fbec na form\u00e1tu X Factoru l\u00edb\u00ed nejv\u00edce?<\/b><br \/>\nJe to nejsofistikovan\u011bj\u0161\u00ed z dosavadn\u00edch verz\u00ed p\u011bveck\u00fdch sout\u011b\u017e\u00ed. L\u00edb\u00ed se mi kostra programu, \u010dty\u0159i porotci a t\u00fdmy dle v\u011bku nebo pohlav\u00ed, za kter\u00e9 pozd\u011bji p\u0159eb\u00edr\u00e1 zodpov\u011bdnost mentor. P\u0159itom do poloviny po\u0159adu v\u0161ichni \u010dty\u0159i hodnot\u00ed bez toho, ani\u017e by tu\u0161ili, za kter\u00fd t\u00fdm budou m\u00edt zodpov\u011bdnost. Velk\u00fdm zpest\u0159en\u00edm jsou nap\u0159\u00edklad skupiny. A na na\u0161\u00ed verzi mi velmi imponuje porota, kter\u00e1 je po n\u011bkolika letech podobn\u00fdch form\u00e1t\u016f celkem nov\u00e1 a \u010derstv\u00e1. Jsem opravdu nad\u0161en\u00fd z toho, jak fungovala b\u011bhem casting\u016f. Co m\u011b docela bav\u00ed, je pseudohodnocen\u00ed lid\u00ed, kte\u0159\u00ed teoretizuj\u00ed podle jmen v porot\u011b a vlastn\u00edch p\u0159edsudk\u016f. Jsem zv\u011bdav\u00fd, jak\u00e9 budou prvn\u00ed reakce, proto\u017ee i kdy\u017e si je po dvou d\u00edlech za\u010dnete \u0161katulkovat, vz\u00e1p\u011bt\u00ed ka\u017ed\u00fd porotce p\u0159ekvap\u00ed, ve chv\u00edli, kdy to budete nejm\u00e9n\u011b \u010dekat. Tak si to pamatuji j\u00e1. A v neposledn\u00ed \u0159ad\u011b je to zna\u010dka. Bez ohledu na to, \u017ee mnoz\u00ed velk\u00fdm form\u00e1t\u016fm p\u0159edpov\u00eddaj\u00ed \u00fanavu, nic nem\u00e1 v na\u0161ich kon\u010din\u00e1ch takov\u00fd lesk jako X Factor.<\/p>\n<p><b>Sleduje\u0161 pravideln\u011b n\u011bjak\u00e9 jin\u00e9 televizn\u00ed po\u0159ady? U\u017e si nazna\u010dil, \u017ee t\u011b bav\u00ed Pevnost Boyard, co dal\u0161\u00ed show?<\/b><br \/>\nNeozna\u010dil bych se za pravideln\u00e9ho div\u00e1ka zahrani\u010dn\u00edch sout\u011b\u017en\u00edch form\u00e1t\u016f. Ale ze seri\u00e1l\u016f m\u00e1m r\u00e1d star\u0161\u00ed Heroes\/Hrdinov\u00e9, aktu\u00e1ln\u011b American Horror Story a nejrad\u011bji m\u00e1m The Walking Dead\/\u017div\u00ed mrtv\u00ed (Pyco m\u00e1 vkus, to se mu mus\u00ed nechat, pozn. redakce).<\/p>\n<p><b>A co filmy? Kter\u00e9 jsou tv\u00e9 obl\u00edben\u00e9?<\/b><br \/>\nJ\u00e1 se obvykle sna\u017e\u00edm neuv\u00e1d\u011bt nejobl\u00edben\u011bj\u0161\u00ed film nebo album, proto\u017ee p\u016fl hodiny pot\u00e9, co odpov\u00edm, m\u011b napadne n\u011bco mnohem lep\u0161\u00edho. Tak zkus\u00edm n\u011bco aktu\u00e1ln\u00edho, oscarov\u00e9ho, l\u00edbily se mi Blue Jasmin\/Jasm\u00edniny slzy hlavn\u011b kv\u016fli v\u00fdkonu Cate Blanchett.<\/p>\n<p><b>A co hudba? Dle tv\u00fdch str\u00e1nek (www.facebook.com\/MRPYCO), kde ka\u017ed\u00e9 pond\u011bl\u00ed uve\u0159ej\u0148uje\u0161 \u201eSONG OF THE WEEK\u201c je jasn\u00e9, \u017ee m\u00e1\u0161 o aktu\u00e1ln\u00ed hudb\u011b p\u0159ehled, ale co je tv\u00e9mu srdci (nebo sp\u00ed\u0161e u\u0161\u00edm) nejbli\u017e\u0161\u00ed?<\/b><br \/>\nTo by bylo nadlouho. M\u00e1m r\u00e1d v\u0161e od reggae, p\u0159es electro, jazz, soul, ska, punk, rock a\u017e po world music.<\/p>\n<p><b>U\u017e jsme nakousli tv\u00e9 kon\u00ed\u010dky, jde p\u0159edev\u0161\u00edm o ciz\u00ed jazyky a va\u0159en\u00ed, \u010demu se d\u00e1l ve voln\u00e9m \u010dase v\u011bnuje\u0161?<\/b><br \/>\nP\u00ed\u0161\u00ed knihu. Jednu s recepty u\u017e jsem vydal v roce 2012 a moment\u00e1ln\u011b va\u0159\u00edm, p\u00ed\u0161i a fot\u00edm jej\u00ed pokra\u010dov\u00e1n\u00ed. \u201eMOJE JEDLO 2\u201c vyjde na konci tohoto roku. To je nejlep\u0161\u00ed \u201ed\u017eob\u201c, kter\u00fd jsem v \u017eivot\u011b dostal. S\u00e1m od sebe.<\/p>\n<p><b>Te\u010f jedna tro\u0161ku nep\u0159\u00edjemn\u00e1 ot\u00e1zka. V posledn\u00edch letech jsi extr\u00e9mn\u011b popul\u00e1rn\u00ed, co\u017e se sebou nese zv\u00fd\u0161en\u00fd z\u00e1jem m\u00e9di\u00ed a tak\u00e9 bulv\u00e1ru. U\u017e sis na to zvyknul nebo ti to ob\u010das leze na nervy?<\/b><br \/>\nVyjma moderov\u00e1n\u00ed se na ve\u010d\u00edrc\u00edch skoro nevyskytuji, ale jeliko\u017e jsem s\u00e1m l\u00e9ta pracoval jako hudebn\u00ed novin\u00e1\u0159, m\u00e1m pro to ur\u010dit\u00e9 pochopen\u00ed. \u00da\u010delov\u011b nikoho \u201enekrm\u00edm\u201c a jestli\u017ee n\u011bkdo nap\u00ed\u0161e n\u011bjak\u00fd blud, tak je lep\u0161\u00ed ho nechat to vy\u0161um\u011bt.<\/p>\n","protected":false},"excerpt":{"rendered":"<p>U\u017e v ned\u011bli se div\u00e1ci do\u010dkaj\u00ed prvn\u00edho d\u00edlu p\u011bveck\u00e9 show X Factor, kter\u00e1 pob\u011b\u017e\u00ed na Prim\u011b a na TV JOJ a proto\u017ee jsme hodn\u00ed chlapci a hlavn\u011b, proto\u017ee je hodn\u00fd chlapec moder\u00e1tor Martin \u201ePyco\u201c Rausch, kter\u00fd si na n\u00e1s ud\u011blal \u010das, p\u0159in\u00e1\u0161\u00edme v\u00e1m s n\u00edm rozhovor. Pokud se nem\u00fdl\u00edm (a \u017ee se mi to ob\u010das [&hellip;]<\/p>\n","protected":false},"author":1,"featured_media":1547,"parent":0,"menu_order":0,"comment_status":"open","ping_status":"open","template":"","meta":{"footnotes":""},"class_list":["post-174","page","type-page","status-publish","has-post-thumbnail","hentry"],"_links":{"self":[{"href":"http:\/\/martin-pyco-rausch-fans.sk\/index.php?rest_route=\/wp\/v2\/pages\/174","targetHints":{"allow":["GET"]}}],"collection":[{"href":"http:\/\/martin-pyco-rausch-fans.sk\/index.php?rest_route=\/wp\/v2\/pages"}],"about":[{"href":"http:\/\/martin-pyco-rausch-fans.sk\/index.php?rest_route=\/wp\/v2\/types\/page"}],"author":[{"embeddable":true,"href":"http:\/\/martin-pyco-rausch-fans.sk\/index.php?rest_route=\/wp\/v2\/users\/1"}],"replies":[{"embeddable":true,"href":"http:\/\/martin-pyco-rausch-fans.sk\/index.php?rest_route=%2Fwp%2Fv2%2Fcomments&post=174"}],"version-history":[{"count":6,"href":"http:\/\/martin-pyco-rausch-fans.sk\/index.php?rest_route=\/wp\/v2\/pages\/174\/revisions"}],"predecessor-version":[{"id":1966,"href":"http:\/\/martin-pyco-rausch-fans.sk\/index.php?rest_route=\/wp\/v2\/pages\/174\/revisions\/1966"}],"wp:featuredmedia":[{"embeddable":true,"href":"http:\/\/martin-pyco-rausch-fans.sk\/index.php?rest_route=\/wp\/v2\/media\/1547"}],"wp:attachment":[{"href":"http:\/\/martin-pyco-rausch-fans.sk\/index.php?rest_route=%2Fwp%2Fv2%2Fmedia&parent=174"}],"curies":[{"name":"wp","href":"https:\/\/api.w.org\/{rel}","templated":true}]}}