{"id":2029,"date":"2015-04-20T16:40:31","date_gmt":"2015-04-20T15:40:31","guid":{"rendered":"http:\/\/www.martin-pyco-rausch-fans.sk\/?page_id=2029"},"modified":"2016-10-29T23:27:16","modified_gmt":"2016-10-29T22:27:16","slug":"rozhovor-z-casopisu-lekaren","status":"publish","type":"page","link":"http:\/\/martin-pyco-rausch-fans.sk\/?page_id=2029","title":{"rendered":"Rozhovor z \u010dasopisu Lek\u00e1re\u0148"},"content":{"rendered":"<p><div class = \"alert alert-info \">Zdroj: naturprodukt.sk<br \/>\nD\u00e1tum: janu\u00e1r<time class=\"entry-date published\" datetime=\"2014-11-04T22:46:58+00:00\">\u00a02015<\/div><\/time><\/p>\n<p><strong>\u010c\u00edm ste chceli by\u0165, ke\u010f ste boli mal\u00fdm chlapcom\u00a0a ako ste sa dostali do sveta \u0161oubiznisu?<\/strong><br \/>\nAko die\u0165a som naj\u010dastej\u0161ie na t\u00fato ot\u00e1zku odpovedal: raz\u00a0budem u\u010dite\u013eom. V puberte nesk\u00f4r pri\u0161la t\u00fa\u017eba \u0161tudova\u0165\u00a0cudzie re\u010di a sta\u0165 sa prekladate\u013eom a nakoniec som si splnil\u00a0sen pr\u00e1cou hudobn\u00e9ho redaktora v \u010dasoch, ke\u010f sme\u00a0bez r\u00e1dia nov\u00fa hudbu takmer nemohli po\u010d\u00fava\u0165. Nikdy som\u00a0vedome do \u201esveta \u0161oubiznisu\u201c nevst\u00fapil. Je to vec mysle.<\/p>\n<p><strong>Ak\u00e1 charakteristick\u00e1 \u010drta v\u00e1s vystihuje\u00a0najlep\u0161ie?<\/strong><br \/>\nOzna\u010di\u0165 sa za zodpovedn\u00e9ho \u010di trpezliv\u00e9ho, by bolo asi nezodpovedn\u00e9\u00a0a un\u00e1hlen\u00e9.<\/p>\n<p><strong>Je o v\u00e1s zn\u00e1me, \u017ee preferujete zdrav\u00fd \u017eivotn\u00fd\u00a0\u0161t\u00fdl. Ako sa v\u00e1m dar\u00ed udr\u017eiava\u0165 v dobrej kond\u00edcii?<\/strong><br \/>\nPr\u00e1ve pojem dobr\u00e1 kond\u00edcia je neraz ve\u013ek\u00e1 nezn\u00e1ma. M\u00f4\u017eete\u00a0sa uk\u00e1\u017ekovo stravova\u0165 a zlom\u00edte si nohu s trval\u00fdmi\u00a0n\u00e1sledkami alebo v\u00e1m vysko\u010d\u00ed platni\u010dka. M\u00f4\u017eete pravidelne\u00a0\u0161portova\u0165 a zrad\u00ed v\u00e1s zdravie kv\u00f4li genetick\u00fdm predpokladom.\u00a0Ka\u017ed\u00fd m\u00e1me namie\u0161an\u00e9 ist\u00e9 karty a je z\u00e1hadou\u00a0aj trikom z\u00e1rove\u0148, vedie\u0165 s nimi hra\u0165 dobre a \u010do najdlh\u0161ie.\u00a0Pr\u00e1ve o to sa sna\u017e\u00edm.<\/p>\n<p><strong>\u010co sa zmenilo vo va\u0161om \u017eivote po vyl\u00fa\u010den\u00ed m\u00e4sa\u00a0z jed\u00e1lni\u010dka?<\/strong><br \/>\nUr\u00fdchlil sa mi metabolizmus, za\u010dal som sa c\u00edti\u0165 lep\u0161ie.\u00a0Av\u0161ak mne m\u00e4so ani v prvej polovici \u017eivota obzvl\u00e1\u0161\u0165 ne\u0161makovalo a po pokusoch o jeho pr\u00edpravu\u00a0sa mi v\u010faka mnoh\u00fdm procesom\u00a0dokonca znechutilo. Tak\u017ee som\u00a0si ho nikdy neodopieral ani mi za n\u00edm\u00a0nebolo smutno.<\/p>\n<p><strong>Ako vyzer\u00e1 v\u00e1\u0161 be\u017en\u00fd de\u0148?<\/strong><br \/>\nBe\u017en\u00fd de\u0148 vlastne nepozn\u00e1m. Som\u00a0v pracovnej alebo oddychovej f\u00e1ze,\u00a0alebo niekde medzit\u00fdm. Raz pracujem\u00a0pre telev\u00edziu, inokedy som zatvoren\u00fd\u00a0v kuchyni s fotoapar\u00e1tom\u00a0na krku, potom sa venujem besed\u00e1m\u00a0\u010di workshopom o varen\u00ed. Niektor\u00e9\u00a0aktivity s\u00fa spojen\u00e9 s cestovan\u00edm\u00a0a pres\u00favan\u00edm, \u010fal\u0161ie zas znamenaj\u00fa\u00a0sk\u00f4r psychick\u00fa z\u00e1\u0165a\u017e, tak\u017ee v\u017edy vyva\u017eujem\u00a0to, \u010doho je aktu\u00e1lne prive\u013ea.\u00a0Ka\u017ed\u00fd mesiac rob\u00edm nie\u010do celkom in\u00e9,\u00a0ne\u017e ten predo\u0161l\u00fd.<\/p>\n<p><strong>\u010co v\u00e1s viedlo k nap\u00edsaniu\u00a0<\/strong><strong>v porad\u00ed u\u017e druhej knihy?<\/strong><br \/>\nZ\u00e1\u013euba vo varen\u00ed, ktorej som sa tentokr\u00e1t\u00a0u\u017e naplno oddal, po prejavenej\u00a0d\u00f4vere \u010ditate\u013eov mojej debutovej knihy.\u00a0Zatia\u013e \u010do prv\u00fd diel bol pre m\u0148a\u00a0sondou, a\u017e jeho pokra\u010dovanie je priamou\u00a0uk\u00e1\u017ekou toho, \u010do chcem prinies\u0165\u00a0do slovensk\u00fdch dom\u00e1cnost\u00ed, bez presvied\u010dania\u00a0\u010di jes\u0165 alebo nejes\u0165 m\u00e4so.\u00a0To, \u010do var\u00edm ja s\u00e1m, je vhodn\u00e9 do akejko\u013evek\u00a0kuchyne, treb\u00e1rs aj k m\u00e4sov\u00fdm\u00a0pokrmom.<\/p>\n<p><strong>Na obrazovke p\u00f4sob\u00edte v\u017edy\u00a0<\/strong><strong>svie\u017eo a energicky. Ako vyzer\u00e1\u00a0<\/strong><strong>va\u0161a be\u017en\u00e1 starostlivos\u0165\u00a0<\/strong><strong>o poko\u017eku a ple\u0165?<\/strong><br \/>\nTelev\u00edzne l\u00ed\u010denie aj z m\u0155tvoly urob\u00ed\u00a0svie\u017ei zjav, musel som si v\u0161ak dlho\u00a0zvyka\u0165 na n\u00e1nosy mask\u00e9rskych pr\u00edpravkov\u00a0na tv\u00e1ri. Roky telev\u00edznej\u00a0pr\u00e1ce ma nau\u010dili pou\u017e\u00edva\u0165 kvalitn\u00fd\u00a0p\u00e1nsky kr\u00e9m a vhodn\u00e9 mydlo. Ak sa\u00a0to teda d\u00e1 poveda\u0165, pleti venujem\u00a0pozornos\u0165 najm\u00e4 po\u010das telev\u00edznych\u00a0projektov.<\/p>\n<p><strong>Predpoklad\u00e1me, \u017ee aj vy\u00a0bojujete v zimnom obdob\u00eds nachladnut\u00edm a chr\u00edpkou.\u00a0<\/strong><strong>Odporu\u010dili by ste na\u0161im \u010ditate\u013eom\u00a0<\/strong><strong>nejak\u00fd vlastn\u00fd osved\u010den\u00fd\u00a0<\/strong><strong>recept?<\/strong><br \/>\nOby\u010dajne sa v chr\u00edpkovom obdob\u00ed\u00a0nadopujem cesnakom, z\u00e1zvorom,\u00a0medom a \u010dili. Najlep\u0161ie je v\u0161etko\u00a0zmie\u0161a\u0165, alternat\u00edvne prida\u0165 \u0161koricu,\u00a0orechy a \u010do najviac \u010derstvej\u00a0dom\u00e1cej zeleniny, ktorej je v zimnom\u00a0obdob\u00ed samozrejme najmenej.\u00a0Kysl\u00e1 kapusta a cibu\u013ea tie\u017e robia\u00a0z\u00e1zraky.<\/p>\n<p><strong>Ak\u00e9 projekty moment\u00e1lne\u00a0<\/strong><strong>pl\u00e1nujete?<\/strong><br \/>\nJedin\u00e9, \u010do po nesmierne vy\u010derp\u00e1vaj\u00facom\u00a0roku 2014 pl\u00e1nujem, je oddych.\u00a0Za\u010diatok roka chcem ma\u0165 pokojn\u00fd.\u00a0Bezstarostn\u00fa pauzu, dlh\u0161iu ako mesiac,\u00a0som nemal u\u017e dva roky.<\/p>\n<p style=\"padding-left: 30px;\">\n","protected":false},"excerpt":{"rendered":"<p>\u010c\u00edm ste chceli by\u0165, ke\u010f ste boli mal\u00fdm chlapcom\u00a0a ako ste sa dostali do sveta \u0161oubiznisu? Ako die\u0165a som naj\u010dastej\u0161ie na t\u00fato ot\u00e1zku odpovedal: raz\u00a0budem u\u010dite\u013eom. V puberte nesk\u00f4r pri\u0161la t\u00fa\u017eba \u0161tudova\u0165\u00a0cudzie re\u010di a sta\u0165 sa prekladate\u013eom a nakoniec som si splnil\u00a0sen pr\u00e1cou hudobn\u00e9ho redaktora v \u010dasoch, ke\u010f sme\u00a0bez r\u00e1dia nov\u00fa hudbu takmer nemohli po\u010d\u00fava\u0165. [&hellip;]<\/p>\n","protected":false},"author":1,"featured_media":2428,"parent":0,"menu_order":0,"comment_status":"open","ping_status":"closed","template":"","meta":{"footnotes":""},"class_list":["post-2029","page","type-page","status-publish","has-post-thumbnail","hentry"],"_links":{"self":[{"href":"http:\/\/martin-pyco-rausch-fans.sk\/index.php?rest_route=\/wp\/v2\/pages\/2029","targetHints":{"allow":["GET"]}}],"collection":[{"href":"http:\/\/martin-pyco-rausch-fans.sk\/index.php?rest_route=\/wp\/v2\/pages"}],"about":[{"href":"http:\/\/martin-pyco-rausch-fans.sk\/index.php?rest_route=\/wp\/v2\/types\/page"}],"author":[{"embeddable":true,"href":"http:\/\/martin-pyco-rausch-fans.sk\/index.php?rest_route=\/wp\/v2\/users\/1"}],"replies":[{"embeddable":true,"href":"http:\/\/martin-pyco-rausch-fans.sk\/index.php?rest_route=%2Fwp%2Fv2%2Fcomments&post=2029"}],"version-history":[{"count":12,"href":"http:\/\/martin-pyco-rausch-fans.sk\/index.php?rest_route=\/wp\/v2\/pages\/2029\/revisions"}],"predecessor-version":[{"id":6287,"href":"http:\/\/martin-pyco-rausch-fans.sk\/index.php?rest_route=\/wp\/v2\/pages\/2029\/revisions\/6287"}],"wp:featuredmedia":[{"embeddable":true,"href":"http:\/\/martin-pyco-rausch-fans.sk\/index.php?rest_route=\/wp\/v2\/media\/2428"}],"wp:attachment":[{"href":"http:\/\/martin-pyco-rausch-fans.sk\/index.php?rest_route=%2Fwp%2Fv2%2Fmedia&parent=2029"}],"curies":[{"name":"wp","href":"https:\/\/api.w.org\/{rel}","templated":true}]}}