{"id":225,"date":"2014-10-18T01:50:21","date_gmt":"2014-10-17T23:50:21","guid":{"rendered":"http:\/\/www.martin-pyco-rausch-fans.sk\/wordpress\/?page_id=225"},"modified":"2016-10-29T23:33:05","modified_gmt":"2016-10-29T22:33:05","slug":"moderovani-nebylo-mym-snem","status":"publish","type":"page","link":"http:\/\/martin-pyco-rausch-fans.sk\/?page_id=225","title":{"rendered":"&#8222;Moderov\u00e1n\u00ed nebylo m\u00fdm snem&#8220;"},"content":{"rendered":"<div class = \"alert alert-info \">Zdroj:\u00a0spy.cz<br \/>\nD\u00e1tum: 30. okt\u00f3ber 2011<\/div>\n<p>Od puberty tou\u017eil po tom, st\u00e1t se hudebn\u00edm redaktorem v r\u00e1diu. Stal se j\u00edm, ale je i nejpopul\u00e1rn\u011bj\u0161\u00edm moder\u00e1torem Slovenska. Upozornil na sebe moderov\u00e1n\u00edm t\u0159\u00ed s\u00e9ri\u00ed projektu Slovensko h\u013ead\u00e1 SuperStar spole\u010dn\u011b s Adelou Ban\u00e1\u0161ovou. Kdo by si myslel, \u017ee hotov\u00e9 medi\u00e1ln\u00ed peklo, ten by se hodn\u011b zm\u00fdlil. Martin \u201aPyco\u2018 Rausch (34) si toti\u017e sv\u00e9 soukrom\u00ed pe\u010dliv\u011b st\u0159e\u017e\u00ed a nep\u0159eh\u00e1n\u00ed to ani s prac\u00ed. Moment\u00e1ln\u011b u n\u00e1s moderuje prim\u00e1ckou show \u010cesko Slovensko m\u00e1 talent a mezi t\u00edm se sna\u017e\u00ed odpo\u010d\u00edvat, va\u0159it a d\u011blat hudebn\u00ed dramaturgii. Jak vid\u00ed s\u00e1m sebea co m\u00e1 v pl\u00e1nu po skon\u010den\u00ed show?<\/p>\n<p><b>Sly\u0161\u00edte je\u0161t\u011b v\u016fbec na jm\u00e9no Martin, nebo v\u00e1m v\u0161ichni \u0159\u00edkaj\u00ed Pyco?<\/b><br \/>\nReaguju na v\u0161echna jm\u00e9na. Akor\u00e1t si nem\u016f\u017eu zvyknout na \u010deskou verzi jm\u00e9na Martin. Va\u0161e m\u011bkk\u00e9 \u201aTI\u2018 ve jm\u00e9n\u011b Martin m\u011b v\u017edycky tak trochu postav\u00ed do pozoru. P\u0159\u00edjemn\u011bj\u00ad\u0161\u00ed je mi slovensk\u00e1 verze, na kter\u00e9 jsem vyrostl a p\u0159ece jenom m\u00e1 bl\u00ed\u017e k francouzsk\u00e9, n\u011bmeck\u00e9 nebo anglick\u00e9 v\u00fdslovnosti.<\/p>\n<p><b>Pr\u00fd si libujete v z\u00e1\u017eitkov\u00fdch dovolen\u00fdch, stanete se t\u0159eba na t\u0159i t\u00fddny st\u0159iha\u010dem ovc\u00ed na Nov\u00e9m Z\u00e9landu. Takov\u00e9 dovolen\u00e9 si organizujete s\u00e1m?<\/b><br \/>\nAno, m\u00e1m to v pl\u00e1nu. Na\u0161el jsem si mezin\u00e1rodn\u00ed \u0161kolu va\u0159en\u00ed, archeologick\u00fd t\u00e1bor nebo \u0161kolu surfov\u00e1n\u00ed. Na takovou dovolenou v\u0161ak mus\u00edm vyrazit v pln\u00e9 s\u00edle a ne unaven\u00fd. V\u0161echno si organizuju s\u00e1m, na internetu dnes existuje spousta mo\u017enost\u00ed. S cestovn\u00ed kancel\u00e1\u0159\u00ed jsem byl naposled na dovolen\u00e9 snad p\u0159ed dvan\u00e1cti lety. C\u00edtil jsem se jako ve st\u00e1d\u011b ovc\u00ed.<\/p>\n<p><b>Podruh\u00e9 letos moderujete show \u010cesko Slovensko m\u00e1 talent. Po\u0159\u00e1d je to motivace? Pro\u010d jste tu nab\u00eddku vlastn\u011b p\u0159ijal?<\/b><br \/>\nDo prvn\u00edho d\u00edlu jsem se moc nehrnul. Znamenal pro m\u011b po t\u0159ech letech zm\u011bnu televizn\u00ed stanice i cel\u00e9ho t\u00fdmu, a t\u00edm p\u00e1dem v\u011bt\u0161\u00ed riziko. Z\u00e1rove\u0148 jsem v\u0161ak c\u00edtil, \u017ee je to nab\u00eddka, kter\u00e1 mi pom\u016f\u017ee chytit druh\u00fd dech a m\u016f\u017ee mi p\u0159in\u00e9st zaj\u00edmavou motivaci. P\u0159ed p\u00e1r lety by m\u011b nenapadlo, \u017ee v roce 2011 budu je\u0161t\u011b v televizi a nav\u00edc poskytovat rozhovor nap\u0159\u00edklad \u010desk\u00e9mu novin\u00e1\u0159i. Moderov\u00e1n\u00edm druh\u00e9 s\u00e9rie d\u00e1v\u00e1m jasn\u011b najevo, \u017ee se mi prvn\u00ed \u0159ada moderovala dob\u0159e a chci si to zopakovat.<\/p>\n<p><b>Kdybyste ji nemoderoval, bavila by v\u00e1s?<\/b><br \/>\nTelevizi sleduju \u010d\u00edm d\u00e1l m\u00e9n\u011b, to je pravda, ale toto je po\u0159\u00e1d typ po\u0159adu, kter\u00fd m\u011b dok\u00e1\u017ee p\u0159ipoutat k obrazovce, tedy je-li dob\u0159e zpracovan\u00fd.<\/p>\n<p><b>Co vlastn\u011b jinak d\u011bl\u00e1te?<\/b><br \/>\nPracoval jsem patn\u00e1ct let v r\u00e1diu, a kdy\u017e k tomu pak p\u0159ibyla televize, bylo u\u017e toho na m\u011b opravdu dost. Nem\u011bl jsem na nic \u010das. M\u00edsto soukrom\u00e9ho \u017eivota jsem m\u011bl di\u00e1\u0159 pln\u00fd term\u00edn\u016f a povinnost\u00ed. P\u0159ed p\u011bti lety jsem s r\u00e1diem skon\u010dil a v televizi d\u011bl\u00e1m jen n\u011bkolik projekt\u016f do roka. D\u00edky tomu v\u00edc odpo\u010d\u00edv\u00e1m, \u017eiju \u017eivot v relativn\u011b poklidn\u00e9m tempu. Kdy\u017e m\u00e1m \u010das, d\u011bl\u00e1m hudebn\u00ed dramaturgii, va\u0159\u00edm, sna\u017e\u00edm se nau\u010dit hr\u00e1t na kytaru a v\u011bnuju se n\u011bkolika charitativn\u00edm aktivit\u00e1m. Mysl\u00edm si, \u017ee m\u016fj \u017eivot je hez\u010d\u00ed a m\u00e1 v\u011bt\u0161\u00ed hodnotu, ne\u017e kdy\u017e jsem byl t\u00fddny v kuse v pr\u00e1ci.<\/p>\n<p><b>U\u017e v\u00edte, co budete d\u011blat, a\u017e skon\u010d\u00ed \u010cesko Slovensko m\u00e1 talent?<\/b><br \/>\nAsi p\u016fjdu hledat do obchodu v\u00e1no\u010dn\u00ed d\u00e1rky. (sm\u00edch)<\/p>\n<p><b>Mnoz\u00ed v\u00e1s pova\u017euj\u00ed za nejlep\u0161\u00edho moder\u00e1tora na Slovensku. M\u00e1te je\u0161t\u011b v\u016fbec n\u011bjak\u00e9 mety?<\/b><br \/>\nNec\u00edt\u00edm se jako nejlep\u0161\u00ed moder\u00e1tor&#8230; Vlastn\u011b ani s\u00e1m pro sebe neum\u00edm definovat, co to slovo ,nejlep\u0161\u00ed\u2018 vlastn\u011b znamen\u00e1. Moder\u00e1torsk\u00e9 mety nem\u00e1m. J\u00e1 jsem nikdy necht\u011bl moderovat. Od puberty jsem tou\u017eil jenom po jednom: st\u00e1t se hudebn\u00edm redaktorem v r\u00e1diu. To se mi poda\u0159ilo na\u0161t\u011bst\u00ed d\u0159\u00edv, ne\u017e se v\u0161echna komer\u010dn\u00ed r\u00e1dia zm\u011bnila na jednolit\u00fd jukebox, chrl\u00edc\u00ed koloto\u010d\u00e1\u0159skou vatu. V\u0161echno dal\u0161\u00ed byly n\u00e1hody.<\/p>\n<p><b>P\u0159esto va\u0161e kari\u00e9ra se povede jednomu \u010dlov\u011bku z p\u011bti milion\u016f. Jak\u00e9 vlastnosti v\u00e1s k n\u00ed p\u0159edur\u010dily?<\/b><br \/>\nNechci si hr\u00e1t na skromn\u00e9ho ani s v\u00e1mi polemizovat, ale mysl\u00edm, \u017ee zbyte\u010dn\u011b nadhodnocujete moji pr\u00e1ci i postaven\u00ed. V\u017edy\u0165 j\u00e1 vlastn\u011b jenom moderuju esem\u00adeskov\u00e9 sout\u011b\u017ee. V t\u00e9hle bran\u017ei se to m\u00e1 tak, \u017ee kdy\u017e se osv\u011bd\u010d\u00edte, televize v\u00e1s chce znovu a znovu, dokud se div\u00e1k\u016fm vylo\u017een\u011b nezhnus\u00edte. Zat\u00edm je to p\u0159irozen\u00fd proces. A mn\u011b hraje do karet, \u017ee m\u011b neodstavila konkurence. Tedy zat\u00edm.<\/p>\n<p><b>P\u0159ehr\u00e1v\u00e1te si zp\u011btn\u011b p\u0159enosy z \u010cSMT?<\/b><br \/>\nNe opakovan\u011b. Ale b\u011bhem t\u00fddne se na z\u00e1znam pod\u00edv\u00e1m, to ano, proto\u017ee t\u00edm se moder\u00e1tor nejv\u00edc nau\u010d\u00ed o sv\u00e9m projevu, gestikulaci i schopnosti reagovat na to, co div\u00e1k doma sice sleduje, ale p\u0159ed kamerou v\u00e1m to m\u016f\u017ee celkem snadno uniknout. V r\u00e1diu m\u011b rozhlasov\u00e1 pedago\u017eka na za\u010d\u00e1tku u\u010dila poslouchat nahr\u00e1vky vlastn\u00edch po\u0159ad\u016f a pom\u00e1hala mi analyzovat chyby. Tot\u00e9\u017e se sna\u017e\u00edm d\u011blat p\u0159i moderov\u00e1n\u00ed v televizi. A kdo tvrd\u00ed, \u017ee je to narcismus, nikdy se nezlep\u0161\u00ed. Nebo se narodil jako dokonal\u00fd.<\/p>\n<p><b>B\u00fdv\u00e1te n\u011bkdy rozpa\u010dit\u00fd z toho, co jste \u0159ekl? Jestli jste t\u0159eba nep\u0159est\u0159elil?<\/b><br \/>\nTo se stane jen m\u00e1lokdy. Ale jestli jsem spr\u00e1vn\u011b reagoval anebo v\u010das improvizoval, o tom pochybuju v\u017edycky.<\/p>\n<p><b>Je v\u00e1m ob\u010das za n\u011bkter\u00e9 lidi na p\u00f3diu trapn\u011b?<\/b><br \/>\nOb\u010das ano&#8230; Ale zrovna tak je pot\u0159eba p\u0159iznat, \u017ee moderuju pro publikum, kter\u00e9mu m\u016f\u017ee b\u00fdt zase trapn\u011b za m\u011b.<\/p>\n<p><b>A stane se v\u00e1m n\u011bkdy p\u0159i rozhovorech se sout\u011b\u017e\u00edc\u00edmi, \u017ee nev\u00edte, jak d\u00e1l?<\/b><br \/>\nTo je velmi individu\u00e1ln\u00ed, z\u00e1le\u017e\u00ed na \u010dlov\u011bku. Ka\u017edop\u00e1dn\u011b v tomto typu show moder\u00e1tor nem\u00e1 extra velk\u00fd prostor na obs\u00e1hlej\u0161\u00ed rozhovory. Talkshow bych ur\u010dit\u011b m\u00edt nemohl. Nejsem typ moder\u00e1tora, kter\u00fd je schopn\u00fd b\u00fdt st\u011b\u017eejn\u00edm bodem programu. Nev\u00edm sice, v \u010dem jsem dobr\u00fd, ale stoprocentn\u011b v\u00edm, v \u010dem dobr\u00fd nejsem. A proto\u017ee je mi jasn\u00e9, \u017ee takov\u00e9 po\u0159ady se daj\u00ed moderovat velmi dob\u0159e, ale i velmi \u0161patn\u011b, sna\u017e\u00edm se jim vyh\u00fdbat.<\/p>\n<p><b>M\u00e1te za sebou nat\u00e1\u010den\u00ed divadeln\u00edch kol \u010cSMT. To\u010dila se v Brn\u011b, kde jste s kolegou Jakubem Pracha\u0159em sd\u00edleli jednu miniaturn\u00ed \u0161atnu pro \u017eeny. Vypr\u00e1v\u00edte si navz\u00e1jem o sv\u00e9m soukrom\u00ed, nebo jste dva profesion\u00e1lov\u00e9?<\/b><br \/>\nMezi n\u00e1mi d\u011bv\u010daty padaj\u00ed za dve\u0159mi vlastn\u00ed \u0161atny v\u0161echna tajemstv\u00ed.<\/p>\n<p><b>Z jak\u00fdch d\u016fvod\u016f jste vegetari\u00e1n? Maso v\u00e1m p\u0159estalo chutnat? Nebo to souvis\u00ed se zab\u00edjen\u00edm zv\u00ed\u0159at?<\/b><br \/>\nJe to kombinace n\u011bkolika d\u016fvod\u016f, mezi nimi i t\u011bchto dvou. Nejsem v\u0161ak ortodoxn\u00ed vegetari\u00e1n, kter\u00fd nen\u00e1vid\u00ed maso. Jenom mi na j\u00eddeln\u00ed\u010dku nechyb\u00ed, tak\u017ee ho nej\u00edm. Nepot\u0159ebuju ho. A t\u00edm, \u017ee ho nej\u00edm, zlep\u0161il se mi i metabolismus.<\/p>\n<p><b>Nikde se o v\u00e1s ned\u00e1 do\u010d\u00edst nic osobn\u00edho. Pro\u010d v\u00e1m vad\u00ed mluvit o soukrom\u00ed?<\/b><br \/>\nMn\u011b to nevad\u00ed. Jen se odm\u00edt\u00e1m v m\u00e9di\u00edch radovat \u010di vyplak\u00e1vat z rodinn\u00fdch nebo milostn\u00fdch pocit\u016f, radost\u00ed a zklam\u00e1n\u00ed. S odstupem \u010dasu se to v\u017edycky uk\u00e1\u017ee jako chyba.<\/p>\n<p><b>Kde se vid\u00edte za deset let?<\/b><br \/>\nV ide\u00e1ln\u00edm sv\u011bt\u011b by to byla horizont\u00e1ln\u00ed poloha s drinkem v ruce ve st\u00ednu palmy na b\u011blostn\u00e9 pl\u00e1\u017ei, kde m\u011b stres a starosti nenajdou ani prost\u0159ednictv\u00edm GPS.<\/p>\n<p><i>,Televizi sice sleduju \u010d\u00edm d\u00e1l m\u00ed\u0148, ale \u010cesko Slovensko m\u00e1 talent je po\u0159ad, kter\u00fd by m\u011b dostal.\u2018<\/i><\/p>\n","protected":false},"excerpt":{"rendered":"<p>Od puberty tou\u017eil po tom, st\u00e1t se hudebn\u00edm redaktorem v r\u00e1diu. Stal se j\u00edm, ale je i nejpopul\u00e1rn\u011bj\u0161\u00edm moder\u00e1torem Slovenska. Upozornil na sebe moderov\u00e1n\u00edm t\u0159\u00ed s\u00e9ri\u00ed projektu Slovensko h\u013ead\u00e1 SuperStar spole\u010dn\u011b s Adelou Ban\u00e1\u0161ovou. Kdo by si myslel, \u017ee hotov\u00e9 medi\u00e1ln\u00ed peklo, ten by se hodn\u011b zm\u00fdlil. Martin \u201aPyco\u2018 Rausch (34) si toti\u017e sv\u00e9 soukrom\u00ed [&hellip;]<\/p>\n","protected":false},"author":1,"featured_media":1631,"parent":0,"menu_order":0,"comment_status":"open","ping_status":"open","template":"","meta":{"footnotes":""},"class_list":["post-225","page","type-page","status-publish","has-post-thumbnail","hentry"],"_links":{"self":[{"href":"http:\/\/martin-pyco-rausch-fans.sk\/index.php?rest_route=\/wp\/v2\/pages\/225","targetHints":{"allow":["GET"]}}],"collection":[{"href":"http:\/\/martin-pyco-rausch-fans.sk\/index.php?rest_route=\/wp\/v2\/pages"}],"about":[{"href":"http:\/\/martin-pyco-rausch-fans.sk\/index.php?rest_route=\/wp\/v2\/types\/page"}],"author":[{"embeddable":true,"href":"http:\/\/martin-pyco-rausch-fans.sk\/index.php?rest_route=\/wp\/v2\/users\/1"}],"replies":[{"embeddable":true,"href":"http:\/\/martin-pyco-rausch-fans.sk\/index.php?rest_route=%2Fwp%2Fv2%2Fcomments&post=225"}],"version-history":[{"count":6,"href":"http:\/\/martin-pyco-rausch-fans.sk\/index.php?rest_route=\/wp\/v2\/pages\/225\/revisions"}],"predecessor-version":[{"id":6291,"href":"http:\/\/martin-pyco-rausch-fans.sk\/index.php?rest_route=\/wp\/v2\/pages\/225\/revisions\/6291"}],"wp:featuredmedia":[{"embeddable":true,"href":"http:\/\/martin-pyco-rausch-fans.sk\/index.php?rest_route=\/wp\/v2\/media\/1631"}],"wp:attachment":[{"href":"http:\/\/martin-pyco-rausch-fans.sk\/index.php?rest_route=%2Fwp%2Fv2%2Fmedia&parent=225"}],"curies":[{"name":"wp","href":"https:\/\/api.w.org\/{rel}","templated":true}]}}