{"id":233,"date":"2014-10-18T01:54:41","date_gmt":"2014-10-17T23:54:41","guid":{"rendered":"http:\/\/www.martin-pyco-rausch-fans.sk\/wordpress\/?page_id=233"},"modified":"2016-10-29T23:46:47","modified_gmt":"2016-10-29T22:46:47","slug":"pyco-sa-stal-novym-vyslancom-dobrej-vole-unicef","status":"publish","type":"page","link":"http:\/\/martin-pyco-rausch-fans.sk\/?page_id=233","title":{"rendered":"Pyco sa stal nov\u00fdm vyslancom dobrej v\u00f4le UNICEF"},"content":{"rendered":"<div class = \"alert alert-info \">Zdroj:\u00a0<a href=\"http:\/\/zena.sme.sk\/c\/5993055\/planuje-si-moderator-pyco-adoptovat-dieta-z-afriky.html\">zena.sme.sk<\/a><br \/>\nD\u00e1tum: 26. j\u00fal\u00a02011<\/div>\n<p>Moder\u00e1tor a dramaturg Martin &#8222;Pyco&#8220; Rausch sa vo \u0161tvrtok stal nov\u00fdm vyslancom dobrej v\u00f4le UNICEF. Pri tejto pr\u00edle\u017eitosti sme ho vyspovedali, aby sme sa dozvedeli, ak\u00e9 s\u00fa jeho pl\u00e1ny.<\/p>\n<p><b>\u010co pre v\u00e1s znamen\u00e1 by\u0165 vyslancom dobrej v\u00f4le UNICEF?<\/b><br \/>\n\u0160\u00edri\u0165 to, o \u010dom som presved\u010den\u00fd a s\u00edce, \u017ee ke\u010f si my, \u010do \u017eijeme v podstate v blahobyte v porovnan\u00ed s de\u0165mi v Afrike, odtrhneme od \u00fast, dve, \u0161tyri, sedem alebo desa\u0165 eur mesa\u010dne, zachr\u00e1nime t\u00fdm nieko\u013eko \u017eivotov africk\u00fdch det\u00ed, ktor\u00e9 zomieraj\u00fa naozaj v \u00fatlom veku. A pritom im sta\u010d\u00ed p\u00e1r centov, aby mali nejak\u00fd z\u00e1kladn\u00fd bal\u00ed\u010dek zdravotnej starostlivosti. To m\u00f4\u017ee urobi\u0165 prakticky ka\u017ed\u00fd z n\u00e1s.<\/p>\n<p><b>V \u010dom bude spo\u010d\u00edva\u0165 va\u0161a spolupr\u00e1ca?<\/b><br \/>\nVo \u0161tvrtok som mal \u00eds\u0165 spolu s rekrut\u00e9rkami do ul\u00edc Bratislavy v r\u00e1mci projektu Priatelia det\u00ed UNICEF a h\u013eada\u0165 pravideln\u00fdch prispievate\u013eov, ale bohu\u017eia\u013e pre nepriazniv\u00e9 po\u010dasie som nemohol. Absolvujem to v lep\u0161om po\u010das\u00ed na jese\u0148. Okrem toho m\u00e1me s UNICEF rozpracovan\u00fdch nieko\u013eko spolo\u010dn\u00fdch pl\u00e1nov. Neviem, ktor\u00e9 z nich m\u00f4\u017eem zverej\u0148ova\u0165, ale ur\u010dite by som mal nesk\u00f4r vycestova\u0165 aj do ter\u00e9nu, \u010do znamen\u00e1 \u00eds\u0165 do najpostihnutej\u0161\u00edch oblast\u00ed. V podstate zn\u00e1ma tv\u00e1r je aj na to pou\u017e\u00edvan\u00e1, aby doru\u010dila z\u00e1chrann\u00e9 bal\u00ed\u010dky a vakc\u00edny, skontrolovala a na vlastn\u00e9 o\u010di uvidela, ako tieto veci dok\u00e1\u017eu pom\u00f4c\u0165. Mojou \u00falohou je potom o tom rozpr\u00e1va\u0165 a informova\u0165 \u013eud\u00ed.<\/p>\n<p><b>Adoptovali by ste si tak\u00e9to die\u0165a z Afriky?<\/b><br \/>\nNeviem, \u010di s adopciou jedn\u00e9ho die\u0165a\u0165a sa tento probl\u00e9m vyrie\u0161i. Nemal by som probl\u00e9m si adoptova\u0165, ale nem\u00e1m pocit, \u017ee sa d\u00e1 jedn\u00fdm krokom pom\u00f4c\u0165 a okrem toho nie som moment\u00e1lne ani nato\u013eko v z\u00e1v\u00e4zkoch, ani nato\u013eko pracovne prisp\u00f4sobiv\u00fd, aby som vedel adoptova\u0165 die\u0165a. Na to treba dvoch&#8230;<\/p>\n<p><b>Va\u0161\u00edm kon\u00ed\u010dkom je okrem in\u00e9ho aj cestovanie. UNICEF v\u00e1m d\u00e1 pr\u00edle\u017eitos\u0165 dosta\u0165 sa aj do rozvojov\u00fdch kraj\u00edn. Uv\u00edtate t\u00fato nov\u00fa sk\u00fasenos\u0165?<\/b><br \/>\nV tak\u00fdchto destin\u00e1ci\u00e1ch som nikdy nebol a neviem, \u010di ma to dok\u00e1\u017ee naplni\u0165 v pravom zmysle slova. Pod\u013ea m\u0148a ma to dok\u00e1\u017ee psychicky polo\u017ei\u0165, \u010do je na jednej strane dobre, lebo \u010dlovek si uvedom\u00ed, \u010do m\u00e1 a ako m\u00f4\u017ee pom\u00f4c\u0165. S\u00e1m som zvedav\u00fd, \u010do to so mnou sprav\u00ed. Rozhodne je to nie\u010do, na \u010do m\u00e1m tak\u00fa kombin\u00e1ciu pocitov, \u017ee sa neviem vyjadri\u0165, \u010di sa na to te\u0161\u00edm, alebo sa toho boj\u00edm, ale s\u013e\u00fabil som, \u017ee to urob\u00edm a za t\u00fdm si stoj\u00edm. Porozpr\u00e1vajme sa, ke\u010f sa odtia\u013e vr\u00e1tim. Bu\u010f budem ma\u0165 pretlak slov, alebo budem bez koment\u00e1ra.<\/p>\n<p><b>\u010co moment\u00e1lne pl\u00e1nujete v pracovnej oblasti okrem dobro\u010dinnosti?<\/b><br \/>\nMoment\u00e1lne z\u00fari \u010ceskoslovensko m\u00e1 talent 2. Myslel som si, \u017ee ke\u010f som minul\u00fd rok stihol tri projekty, tak tento rok jeden bude malina, len\u017ee som zabudol, \u017ee minul\u00fd rok som nemal moder\u00e1torsk\u00e9ho partnera po\u010das kastingov, tak\u017ee sme za\u010d\u00ednali nesk\u00f4r. Tento rok akt\u00edvne fungujeme u\u017e od jari a d\u00e1 sa poveda\u0165, \u017ee na ka\u017edom kastingu sme boli nieko\u013eko dn\u00ed. To\u010dili sme tie\u017e t\u00fd\u017ede\u0148 v Las Vegas a dva t\u00fd\u017edne v Brne. Pred p\u00e1r d\u0148ami som sa vr\u00e1til \u00faplne prepracovan\u00fd, nevyspat\u00fd a e\u0161te sa st\u00e1le d\u00e1vam dokopy. V r\u00e1mci PR s\u00fa\u0165a\u017ee idem e\u0161te na nejak\u00e9 festivaly, nakr\u00facame jingle a up\u00fatavky pre telev\u00edzie.<\/p>\n<p><b>Ako na v\u00e1s zap\u00f4sobilo Las Vegas?<\/b><br \/>\nAby som to zostru\u010dnil, Las Vegas na m\u0148a nezap\u00f4sobilo. (smiech)<\/p>\n<p><b>Pre\u010do?<\/b><br \/>\nNemysl\u00edm, si \u017ee som \u010dlovek, ktor\u00fd sa narodil preto, aby \u010dasto nav\u0161tevoval alebo dokonca \u017eil v Las Vegas. Skr\u00e1tka som Eur\u00f3pan, sem patr\u00edm a \u010doraz viac to c\u00edtim s prib\u00fadaj\u00facim vekom. Dokonca si mysl\u00edm, \u017ee patr\u00edm ak nie do stredoeur\u00f3pskych, tak do v\u00fdchodoeur\u00f3pskych miest. Prizn\u00e1m sa, \u017ee v Bulharsku, Gr\u00e9cku, \u010di Chorv\u00e1tsku sa c\u00edtim \u010faleko lep\u0161ie ako v Amerike. V Las Vegas m\u00e1 nem\u00e1 \u010do nadchn\u00fa\u0165, aj ke\u010f vidie\u0165 ho raz je \u00fa\u017easn\u00e9.<\/p>\n<p><b>Za\u017eili ste tam aj nie\u010do netradi\u010dn\u00e9, \u010do v\u00e1s naozaj prekvapilo?<\/b><br \/>\nPo\u0161t\u00edpala ma osa. Teda neviem, \u010di to bola osa alebo sk\u00f4r nejak\u00fd nevadsk\u00fd sr\u0161e\u0148. To\u010dili sme v noci, potom sme si sadli do auta a ja som sa chytil hlavy, no nevedel som, \u017ee m\u00e1m vo vlasoch hmyz. Nechtiac som si jeho \u017eihadlo vtla\u010dil do dlane a n\u00e1sledne mi opuchla ruka a s tromi prstami som nemohol h\u00fdba\u0165 asi hodinu. Aj som sa b\u00e1l, lebo naposledy ma po\u0161t\u00edpal hmyz, ke\u010f som mal \u0161es\u0165 rokov. Nevedel som, \u010do je to za reakcia, \u010di n\u00e1hodou nem\u00e1m \u00eds\u0165 na pohotovos\u0165. Ale inak sa mi ni\u010d netradi\u010dn\u00e9 nestalo.<\/p>\n<p><b>A \u010do dovolenka? Ste u\u017e po alebo e\u0161te pred?<\/b><br \/>\nKe\u010f\u017ee som cel\u00fd \u010das robil, tak ma e\u0161te len \u010dak\u00e1. Uvedomujem si, \u017ee aj napriek po\u010dasiu vonku je leto, tak\u017ee chyst\u00e1m sa posurfova\u0165 po internete a zisti\u0165, ak\u00e9 s\u00fa mo\u017enosti na dovolenku v auguste.<\/p>\n<p><b>A kam sa chyst\u00e1te? Bude to va\u0161e ob\u013e\u00faben\u00e9 Gr\u00e9cko?<\/b><br \/>\nUr\u010dite chcem \u00eds\u0165 k moru. Neviem, \u010di mi tento rok vyjde Gr\u00e9cko kv\u00f4li probl\u00e9mom, ktor\u00e9 tam s\u00fa. Pre m\u0148a by bol ide\u00e1lny nejak\u00fd gr\u00e9cky ostrov, najlep\u0161ie tak\u00fd, na ktorom som e\u0161te nebol. A ke\u010f nie, v\u017edy sa to d\u00e1 vyrie\u0161i\u0165 Chorv\u00e1tskom.<\/p>\n","protected":false},"excerpt":{"rendered":"<p>Moder\u00e1tor a dramaturg Martin &#8222;Pyco&#8220; Rausch sa vo \u0161tvrtok stal nov\u00fdm vyslancom dobrej v\u00f4le UNICEF. Pri tejto pr\u00edle\u017eitosti sme ho vyspovedali, aby sme sa dozvedeli, ak\u00e9 s\u00fa jeho pl\u00e1ny. \u010co pre v\u00e1s znamen\u00e1 by\u0165 vyslancom dobrej v\u00f4le UNICEF? \u0160\u00edri\u0165 to, o \u010dom som presved\u010den\u00fd a s\u00edce, \u017ee ke\u010f si my, \u010do \u017eijeme v podstate v [&hellip;]<\/p>\n","protected":false},"author":1,"featured_media":1628,"parent":0,"menu_order":0,"comment_status":"open","ping_status":"open","template":"","meta":{"footnotes":""},"class_list":["post-233","page","type-page","status-publish","has-post-thumbnail","hentry"],"_links":{"self":[{"href":"http:\/\/martin-pyco-rausch-fans.sk\/index.php?rest_route=\/wp\/v2\/pages\/233","targetHints":{"allow":["GET"]}}],"collection":[{"href":"http:\/\/martin-pyco-rausch-fans.sk\/index.php?rest_route=\/wp\/v2\/pages"}],"about":[{"href":"http:\/\/martin-pyco-rausch-fans.sk\/index.php?rest_route=\/wp\/v2\/types\/page"}],"author":[{"embeddable":true,"href":"http:\/\/martin-pyco-rausch-fans.sk\/index.php?rest_route=\/wp\/v2\/users\/1"}],"replies":[{"embeddable":true,"href":"http:\/\/martin-pyco-rausch-fans.sk\/index.php?rest_route=%2Fwp%2Fv2%2Fcomments&post=233"}],"version-history":[{"count":6,"href":"http:\/\/martin-pyco-rausch-fans.sk\/index.php?rest_route=\/wp\/v2\/pages\/233\/revisions"}],"predecessor-version":[{"id":6301,"href":"http:\/\/martin-pyco-rausch-fans.sk\/index.php?rest_route=\/wp\/v2\/pages\/233\/revisions\/6301"}],"wp:featuredmedia":[{"embeddable":true,"href":"http:\/\/martin-pyco-rausch-fans.sk\/index.php?rest_route=\/wp\/v2\/media\/1628"}],"wp:attachment":[{"href":"http:\/\/martin-pyco-rausch-fans.sk\/index.php?rest_route=%2Fwp%2Fv2%2Fmedia&parent=233"}],"curies":[{"name":"wp","href":"https:\/\/api.w.org\/{rel}","templated":true}]}}