{"id":241,"date":"2014-10-18T01:59:08","date_gmt":"2014-10-17T23:59:08","guid":{"rendered":"http:\/\/www.martin-pyco-rausch-fans.sk\/wordpress\/?page_id=241"},"modified":"2015-02-09T00:34:49","modified_gmt":"2015-02-08T22:34:49","slug":"rozhovor-s-moderatory-originalni-show-cs-ma-talent","status":"publish","type":"page","link":"http:\/\/martin-pyco-rausch-fans.sk\/?page_id=241","title":{"rendered":"Rozhovor s moder\u00e1tory origin\u00e1ln\u00ed show \u010cS m\u00e1 talent"},"content":{"rendered":"<div class = \"alert alert-info \">Zdroj: idnes.cz<br \/>\nD\u00e1tum: 2010<\/div>\n<p>Sout\u011b\u017e \u010cesko Slovensko m\u00e1 talent budou moderovat Jakub Pracha\u0159 (26) a Martin Pyco Rausch (32). Prvn\u00ed je herec, muzikant a \u010dlen kapely NightWork, druh\u00fd jeden z nejlep\u0161\u00edch slovensk\u00fdch moder\u00e1tor\u016f.<\/p>\n<p><span style=\"text-decoration: underline;\">Jakub Pracha\u0159<\/span>: V Las Vegas bych neum\u011bl \u017e\u00edt<\/p>\n<p><b>Jakube, nab\u00eddku moderovat po\u0159ad \u010cesko Slovensko m\u00e1 talent jste p\u0159ijal okam\u017eit\u011b, nebo jste ji zva\u017eoval?<\/b><br \/>\nHodn\u011b jsem o n\u00ed p\u0159em\u00fd\u0161lel a zva\u017eoval, jestli bude mo\u017en\u00e9 skloubit moderov\u00e1n\u00ed sout\u011b\u017ee s divadlem a koncerty na\u0161\u00ed kapely NightWork. Ze za\u010d\u00e1tku jsem si v\u016fbec neum\u011bl p\u0159edstavit, \u017ee se to povede d\u00e1t \u010dasov\u011b dohromady. Ale nakonec se to poda\u0159ilo, proto\u017ee mi spousta lid\u00ed vy\u0161la vst\u0159\u00edc, a za to jim moc d\u011bkuju, d\u00edky nim jsem mohl souhlasit.<\/p>\n<p><b>Co v\u00e1s na moderov\u00e1n\u00ed t\u00e9to sout\u011b\u017ee nejv\u00edc l\u00e1k\u00e1?<\/b><br \/>\nAsi ten adrenalin, kter\u00fd s sebou moderov\u00e1n\u00ed tak velk\u00e9ho projektu p\u0159in\u00e1\u0161\u00ed. Jsem dost bojavej, co se t\u00fd\u010de podobn\u00fdch z\u00e1le\u017eitost\u00ed, ale je to takovej dobrej strach, vnit\u0159n\u00ed chv\u011bn\u00ed, kter\u00e9 \u010dlov\u011bka nut\u00ed po\u0159\u00e1dn\u011b makat a vybud\u00ed ten adrenalin. V\u017edycky jsem si \u0159\u00edkal, \u017ee se jednou pust\u00edm do n\u011b\u010deho, z \u010deho m\u00e1m trochu strach. T\u0159eba mi to proti n\u011bmu pom\u016f\u017ee a t\u0159eba m\u011b to n\u011bkam posune. A nebo taky ne.<\/p>\n<p><b>Bojavej znamen\u00e1, \u017ee m\u00e1te strach z p\u0159\u00edm\u00fdch p\u0159enos\u016f?<\/b><br \/>\nNe p\u0159\u00edmo z p\u0159\u00edm\u00fdch p\u0159enos\u016f, ale obecn\u011b z tak velk\u00fdch projekt\u016f. U\u017e jsem sice moderoval n\u011bjak\u00e9 po\u0159ady, ale ne takov\u00e9ho rozsahu. Je to zkr\u00e1tka v\u00fdzva.<\/p>\n<p><b>Na co jste nejv\u00edc zv\u011bdav\u00fd, na co se v sout\u011b\u017ei t\u011b\u0161\u00edte?<\/b><br \/>\nM\u011b bav\u00ed lidi, kte\u0159\u00ed n\u011bco um\u00ed, a t\u011b\u0161\u00ed m\u011b, kdy\u017e jsem takov\u00fdmi lidmi obklopen\u00fd. Sna\u017e\u00edm se s nimi spolupracovat v divadle i jinde. Tak\u017ee jsem zv\u011bdav\u00fd, kdo vyjde z castingu, a t\u011b\u0161\u00edm se na to, \u017ee se objev\u00ed n\u011bkdo, kdo m\u011b uchv\u00e1t\u00ed.<\/p>\n<p><b>Va\u0161\u00edm par\u0165\u00e1kem bude slovensk\u00fd moder\u00e1tor Martin Pyco Rausch. Potk\u00e1v\u00e1te se poprv\u00e9?<\/b><br \/>\nZat\u00edm se teprve pozn\u00e1v\u00e1me, na pra\u017esk\u00e9m castingu, kde jsme u\u017e d\u011blali rozhovory s n\u011bkter\u00fdmi sout\u011b\u017e\u00edc\u00edmi, jsme se vid\u011bli teprve podruh\u00e9 v \u017eivot\u011b, tak\u017ee jsme nebyli nijak sehran\u00ed. Ale \u0159ekli jsme si, \u017ee se toho nelekneme, \u017ee se to \u010dasem usad\u00ed a bude to v pohod\u011b.<\/p>\n<p><b>U\u017e v\u00edte, jak si rozd\u00e1te role, kdo bude za zlobila a kdo za seri\u00f3zn\u011bj\u0161\u00edho moder\u00e1tora?<\/b><br \/>\nTo v\u016fbec nedok\u00e1\u017eu \u0159\u00edct, zat\u00edm je toho na m\u011b dost najednou, sna\u017e\u00edm se hlavn\u011b zorientovat. Sice jsem vid\u011bl n\u011bkter\u00e1 kola sv\u011btov\u00fdch s\u00e9ri\u00ed na internetu a nakoukal i n\u011bjak\u00e1 DVD, ale na\u017eivo je to n\u011bco jin\u00e9ho. Martin je v moderov\u00e1n\u00ed takov\u00fdch projekt\u016f zku\u0161en\u011bj\u0161\u00ed ne\u017e j\u00e1, tak\u017ee mi zat\u00edm trochu rad\u00ed.<\/p>\n<p><b>Jakou v\u00e1m sta\u010dil d\u00e1t radu?<\/b><br \/>\nNa\u0161e prvn\u00ed domluva byla, kdo bude st\u00e1t nalevo a kdo napravo. (sm\u00edch)<\/p>\n<p><b>B\u00fdt v pozici um\u011blce, kter\u00fd se tou\u017e\u00ed prosadit, \u0161el byste do takov\u00e9 sout\u011b\u017ee?<\/b><br \/>\nNe\u0161el. Nikdy. Vzpom\u00edn\u00e1m si, jak jsem d\u011blal p\u0159ij\u00edmac\u00ed zkou\u0161ky na DAMU. Bylo to pro m\u011b takov\u00e9 trauma, \u017ee neud\u011blat je napoprv\u00e9, u\u017e bych se podruh\u00e9 neodv\u00e1\u017eil. Tak\u017ee si neum\u00edm p\u0159edstavit, \u017ee bych se hl\u00e1sil do n\u011bjak\u00e9 sout\u011b\u017ee.<\/p>\n<p><b>Nel\u00e1kala by v\u00e1s ani mo\u017enost z\u00edskat anga\u017em\u00e1 v Las Vegas?<\/b><br \/>\nNe, j\u00e1 m\u00e1m r\u00e1d Prahu a r\u00e1d tu \u017eiju, v Las Vegas bych asi neum\u011bl \u017eit. A sto tis\u00edc eur? Ty se daj\u00ed vyd\u011blat kdekoliv. (sm\u00edch).<\/p>\n<p><b>Co v\u00e1s \u010dek\u00e1, ne\u017e se sout\u011b\u017e rozb\u011bhne naplno?<\/b><br \/>\nP\u00e1r p\u0159edstaven\u00ed s projektem La Putyka a jinak budeme jezdit s kapelou po koncertech a festivalech. Jedeme hr\u00e1t i do \u0158ecka na Rhodos, tak\u017ee koncert spoj\u00edm tak trochu i s dovolenou.<\/p>\n<p><span style=\"text-decoration: underline;\">Martin Pyco Rausch<\/span>: Cht\u011bl jsem b\u00fdt hudebn\u00ed redaktor, ne moder\u00e1tor<\/p>\n<p>Na Slovensku pat\u0159\u00ed Martin Pyco Rausch (32) mezi nejobl\u00edben\u011bj\u0161\u00ed a nejpopul\u00e1rn\u011bj\u0161\u00ed moder\u00e1tory. \u010ce\u0161t\u00ed televizn\u00ed div\u00e1ci se s n\u00edm budou moci sezn\u00e1mit a\u017e d\u00edky po\u0159adu \u010cesko Slovensko m\u00e1 talent, kter\u00fd bude Martin moderovat s \u010desk\u00fdm hercem a muzikantem Jakubem Pracha\u0159em (26).<\/p>\n<p><b>Martine, p\u0159ijal jste nab\u00eddku moderovat sout\u011b\u017e \u010cesko Slovensko m\u00e1 talent hned, nebo jste ji zva\u017eoval?<\/b><br \/>\nMus\u00edm \u0159\u00edct, \u017ee jsem v\u00e1hal. Ne proto, \u017ee bych o moderov\u00e1n\u00ed tohoto po\u0159adu nest\u00e1l, ale je to u\u017e t\u0159et\u00ed velk\u00fd projekt tento rok, v lednu a \u00fanoru jsem moderoval dev\u011bt kol Eurovize, od b\u0159ezna do \u010dervna tane\u010dn\u00ed sout\u011b\u017e Let\u00b4s dance. A j\u00e1 se sna\u017e\u00edm moderovat ka\u017ed\u00fd rok maxim\u00e1ln\u011b dva velk\u00e9 projekty, proto\u017ee je to hodn\u011b n\u00e1ro\u010dn\u00e9. Ale pak jsem si \u0159ekl, \u017ee pokud tento t\u0159et\u00ed p\u0159e\u017eiju, odpo\u010d\u00edvat budu v lednu. (sm\u00edch)<\/p>\n<p><b>Je pro v\u00e1s tento nejsledovan\u011bj\u0161\u00ed a nejvys\u00edlan\u011bj\u0161\u00ed projekt spln\u011bn\u00fdm moder\u00e1torsk\u00fdm snem?<\/b><br \/>\nT\u011b\u017eko \u0159\u00edct, ale asi ne. J\u00e1 jsem vlastn\u011b nikdy ani moderovat necht\u011bl, do t\u00e9hle pr\u00e1ce m\u011b tak n\u011bjak natla\u010dili kolegov\u00e9 v r\u00e1diu. Cht\u011bl jsem b\u00fdt hudebn\u00edm redaktorem v r\u00e1diu, vyb\u00edrat hudbu, objevovat nov\u00e9 singly a alba. Moderovat jsem za\u010dal n\u00e1hodou, tak\u017ee nem\u016f\u017eu mluvit o n\u011bjak\u00e9m spln\u011bn\u00e9m moder\u00e1torsk\u00e9m snu, j\u00e1 \u017e\u00e1dn\u00fd nem\u00e1m. Ale v\u00fdzva to je, proto\u017ee tenhle po\u0159ad je jin\u00fd ne\u017e p\u011bveck\u00e9 a tane\u010dn\u00ed sout\u011b\u017ee a r\u016fzn\u00e9 ceremoni\u00e1ly, se kter\u00fdmi m\u00e1m zku\u0161enosti, je to kombinace v\u0161eho plus n\u011bco nav\u00edc.<\/p>\n<p><b>P\u0159ihl\u00e1sil byste se do podobn\u00e9 sout\u011b\u017ee?<\/b><br \/>\nNedisponuju \u017e\u00e1dn\u00fdm talentem, kter\u00fd by bylo vhodn\u00e9 v podobn\u00e9m po\u0159adu p\u0159edv\u00e9st, tak\u017ee bych se nep\u0159ihl\u00e1sil. Kdybych n\u011bjak\u00fd m\u011bl, mo\u017en\u00e1 bych to zva\u017eoval, ale sp\u00ed\u0161 bych je\u0161t\u011b zkusil jin\u00e9 cesty.<\/p>\n<p><b>Kde jste p\u0159i\u0161el k p\u0159ezd\u00edvce Pyco?<\/b><br \/>\nV\u017edycky jsem byl a budu Martin. Kdy\u017e jsem ale po revoluci v roce 1992 nastoupil do jednoho z prvn\u00edch soukrom\u00fdch r\u00e1di\u00ed u n\u00e1s, panoval tam zvyk, \u017ee moder\u00e1to\u0159i se p\u0159edstavuj\u00ed jen k\u0159estn\u00edm jm\u00e9nem, p\u0159\u00edjmen\u00ed se nepou\u017e\u00edvala. A proto\u017ee u\u017e tam jeden Martin byl, bylo pot\u0159eba n\u00e1s odli\u0161it. Poslucha\u010di mi vymysleli p\u0159ezd\u00edvku Pyco a ta mi u\u017e z\u016fstala. Je to u\u017e spousta let, tenkr\u00e1t mi bylo patn\u00e1ct.<\/p>\n<p><b>Vy jste moderoval v r\u00e1diu u\u017e v patn\u00e1cti letech?<\/b><br \/>\nNe, nejd\u0159\u00edv jsem tam pracoval jako redaktor a moderovat jsem za\u010dal asi o t\u0159i roky pozd\u011bji.<\/p>\n<p><b>Na Slovensku jste velice popul\u00e1rn\u00ed, ale \u010desk\u00e9 publikum v\u00e1s zat\u00edm je\u0161t\u011b nezn\u00e1. Je to pro v\u00e1s zvl\u00e1\u0161tn\u00ed pocit, nebo p\u0159\u00edjemn\u00e1 zm\u011bna?<\/b><br \/>\nNarodil jsem se v \u010ceskoslovensku, a proto budu do smrti \u0159\u00edkat, \u017ee jsem \u010cechoslov\u00e1k, ale je to fakt, pro \u010desk\u00e9 publikum nejsem zn\u00e1m\u00e1 tv\u00e1\u0159. Mus\u00edm si to je\u0161t\u011b u\u017e\u00edt, do Prahy jsem v\u017edycky moc r\u00e1d jezdil na dovolenou a na v\u00fdlety, proto\u017ee tady se m\u011b popularita moc net\u00fdkala, pokud jsem nepotkal n\u011bjak\u00e9 Slov\u00e1ky. Mus\u00edm se p\u0159ipravit na to, \u017ee to za n\u011bjak\u00fd \u010das mo\u017en\u00e1 bude jinak. Je to pro m\u011b trochu v\u00fdzva, mo\u017en\u00e1 trochu minus. Kdy\u017e jsou na v\u00e1s lid\u00e9 jako na moder\u00e1tora zvykl\u00ed, u\u017e v\u00e1s znaj\u00ed, v\u011bd\u00ed, co od v\u00e1s mohou \u010dekat, a i vy v\u00edte, jak na publikum zap\u016fsobit. Tady to bude jin\u00e9. Ale s t\u00edm sam\u00fdm se bude pot\u00fdkat i Jakub u slovensk\u00fdch div\u00e1k\u016f. Mus\u00edme dohromady fungovat tak, abychom byli dostate\u010dn\u011b atraktivn\u00ed pro ty, kdo n\u00e1s u\u017e znaj\u00ed, a z\u00e1rove\u0148 zaujali nov\u00e9 div\u00e1ky. Je to pro n\u00e1s v\u00fdzva.<\/p>\n<p><b>M\u00e1te z podobn\u00fdch v\u00fdzev z\u00e1rove\u0148 trochu strach?<\/b><br \/>\nSna\u017e\u00edm se slova strach a tr\u00e9ma nepou\u017e\u00edvat, proto\u017ee jsou pro m\u011b hodn\u011b negativn\u00ed a negativn\u00ed v\u011bci m\u011b vyru\u0161uj\u00ed. Chci b\u00fdt p\u0159ipraven\u00fd do t\u00e9 nejvy\u0161\u0161\u00ed m\u00edry, do jak\u00e9 lze improvizaci p\u0159ipravit, m\u00edt pocit, \u017ee jsem ud\u011blal maximum. Ty pocity strachu a tr\u00e9my shrnuju do v\u00fdrazu pocit zodpov\u011bdnosti, kter\u00fd v\u016f\u010di ka\u017ed\u00e9 takov\u00e9 pr\u00e1ci m\u00e1m.<\/p>\n<p><b>Co v\u00e1s \u010dek\u00e1 v \u010dervenci?<\/b><br \/>\nR\u00e1d bych stihl n\u011bjakou kr\u00e1tkou dovolenou, nejl\u00e9pe \u010dtrn\u00e1ctidenn\u00ed a nejl\u00e9pe u mo\u0159e, tam v\u017edycky na\u010derp\u00e1m s\u00edlu. Proto\u017ee v srpnu u\u017e budeme m\u00edt dost pr\u00e1ce, od z\u00e1\u0159\u00ed pob\u011b\u017e\u00ed p\u0159\u00edm\u00e9 p\u0159enosy. U\u017e jsem dost unaven\u00fd, od ledna jsem pouze dva v\u00edkendy nebyl v p\u0159\u00edm\u00e9m p\u0159enosu, moderoval jsem na dvou televiz\u00edch, tohle bude t\u0159et\u00ed, m\u00e1m pocit, \u017ee u\u017e si moje t\u011blo i mozek \u017e\u00e1daj\u00ed oddych.<\/p>\n","protected":false},"excerpt":{"rendered":"<p>Sout\u011b\u017e \u010cesko Slovensko m\u00e1 talent budou moderovat Jakub Pracha\u0159 (26) a Martin Pyco Rausch (32). Prvn\u00ed je herec, muzikant a \u010dlen kapely NightWork, druh\u00fd jeden z nejlep\u0161\u00edch slovensk\u00fdch moder\u00e1tor\u016f. Jakub Pracha\u0159: V Las Vegas bych neum\u011bl \u017e\u00edt Jakube, nab\u00eddku moderovat po\u0159ad \u010cesko Slovensko m\u00e1 talent jste p\u0159ijal okam\u017eit\u011b, nebo jste ji zva\u017eoval? Hodn\u011b jsem o [&hellip;]<\/p>\n","protected":false},"author":1,"featured_media":1647,"parent":0,"menu_order":0,"comment_status":"open","ping_status":"open","template":"","meta":{"footnotes":""},"class_list":["post-241","page","type-page","status-publish","has-post-thumbnail","hentry"],"_links":{"self":[{"href":"http:\/\/martin-pyco-rausch-fans.sk\/index.php?rest_route=\/wp\/v2\/pages\/241","targetHints":{"allow":["GET"]}}],"collection":[{"href":"http:\/\/martin-pyco-rausch-fans.sk\/index.php?rest_route=\/wp\/v2\/pages"}],"about":[{"href":"http:\/\/martin-pyco-rausch-fans.sk\/index.php?rest_route=\/wp\/v2\/types\/page"}],"author":[{"embeddable":true,"href":"http:\/\/martin-pyco-rausch-fans.sk\/index.php?rest_route=\/wp\/v2\/users\/1"}],"replies":[{"embeddable":true,"href":"http:\/\/martin-pyco-rausch-fans.sk\/index.php?rest_route=%2Fwp%2Fv2%2Fcomments&post=241"}],"version-history":[{"count":5,"href":"http:\/\/martin-pyco-rausch-fans.sk\/index.php?rest_route=\/wp\/v2\/pages\/241\/revisions"}],"predecessor-version":[{"id":1994,"href":"http:\/\/martin-pyco-rausch-fans.sk\/index.php?rest_route=\/wp\/v2\/pages\/241\/revisions\/1994"}],"wp:featuredmedia":[{"embeddable":true,"href":"http:\/\/martin-pyco-rausch-fans.sk\/index.php?rest_route=\/wp\/v2\/media\/1647"}],"wp:attachment":[{"href":"http:\/\/martin-pyco-rausch-fans.sk\/index.php?rest_route=%2Fwp%2Fv2%2Fmedia&parent=241"}],"curies":[{"name":"wp","href":"https:\/\/api.w.org\/{rel}","templated":true}]}}