{"id":248,"date":"2014-10-18T02:01:56","date_gmt":"2014-10-18T00:01:56","guid":{"rendered":"http:\/\/www.martin-pyco-rausch-fans.sk\/wordpress\/?page_id=248"},"modified":"2015-02-09T00:37:35","modified_gmt":"2015-02-08T22:37:35","slug":"kratky-rozhovor-z-oficialnej-stranky-eurovizie","status":"publish","type":"page","link":"http:\/\/martin-pyco-rausch-fans.sk\/?page_id=248","title":{"rendered":"Kr\u00e1tky rozhovor z ofici\u00e1lnej str\u00e1nky Eurov\u00edzie"},"content":{"rendered":"<div class = \"alert alert-info \">Zdroj: ofici\u00e1lna\u00a0slovenska str\u00e1nka Eurov\u00edzie<br \/>\nD\u00e1tum: 2010<\/div>\n<p><b>Pre\u010do si sa rozhodol moderova\u0165 Eurosong 2010?<\/b><br \/>\nPreto\u017ee ver\u00edm v zopakovanie pr\u00edjemnej atmosf\u00e9ry, ktor\u00fa \u0161t\u00e1b pred rokom v Mlynskej doline vytvoril a ver\u00edm, \u017ee Slovensko m\u00e1 na medzin\u00e1rodnom Eurosongu svoje miesto. Chcem by\u0165 teda pri vyberan\u00ed \u010fal\u0161ieho reprezentanta. A okrem toho sa te\u0161\u00edm do prace :)<\/p>\n<p><b>Z ktorej Eurov\u00edznej pesni\u010dky si minul\u00fd rok &#8222;padol na zadok&#8220;?<\/b><br \/>\nM\u00e1m ve\u013emi r\u00e1d prvky world music, navy\u0161e pokia\u013e ich niekto zakomponuje do veselej popovej skladby, spievanej siln\u00fdm hlasom, v\u00e4\u010d\u0161inou sa v tom n\u00e1jdem. Na Eurovision Song Contest 2009 sa mi najviac p\u00e1\u010dili dve legend\u00e1rne arm\u00e9nske spev\u00e1\u010dky, ktor\u00e9 s\u00fa v ich rodnej krajine \u017eij\u00facimi legendami u\u017e v tak mladom veku: INGA and ANUSH. Za ich skladbu &#8222;JAN JAN&#8220; som dokonca hlasoval. Pripom\u00ednalo mi to popov\u00fa verziu spev\u00e1\u010dky Ofra Haza.<\/p>\n<p><b>Z ktor\u00e9ho Eurov\u00edzneho videoklipu si mal podobn\u00e9 pocity?<\/b><br \/>\ndetto INGA AND ANUSH.<\/p>\n","protected":false},"excerpt":{"rendered":"<p>Pre\u010do si sa rozhodol moderova\u0165 Eurosong 2010? Preto\u017ee ver\u00edm v zopakovanie pr\u00edjemnej atmosf\u00e9ry, ktor\u00fa \u0161t\u00e1b pred rokom v Mlynskej doline vytvoril a ver\u00edm, \u017ee Slovensko m\u00e1 na medzin\u00e1rodnom Eurosongu svoje miesto. Chcem by\u0165 teda pri vyberan\u00ed \u010fal\u0161ieho reprezentanta. A okrem toho sa te\u0161\u00edm do prace :) Z ktorej Eurov\u00edznej pesni\u010dky si minul\u00fd rok &#8222;padol na [&hellip;]<\/p>\n","protected":false},"author":1,"featured_media":0,"parent":0,"menu_order":0,"comment_status":"open","ping_status":"open","template":"","meta":{"footnotes":""},"class_list":["post-248","page","type-page","status-publish","hentry"],"_links":{"self":[{"href":"http:\/\/martin-pyco-rausch-fans.sk\/index.php?rest_route=\/wp\/v2\/pages\/248","targetHints":{"allow":["GET"]}}],"collection":[{"href":"http:\/\/martin-pyco-rausch-fans.sk\/index.php?rest_route=\/wp\/v2\/pages"}],"about":[{"href":"http:\/\/martin-pyco-rausch-fans.sk\/index.php?rest_route=\/wp\/v2\/types\/page"}],"author":[{"embeddable":true,"href":"http:\/\/martin-pyco-rausch-fans.sk\/index.php?rest_route=\/wp\/v2\/users\/1"}],"replies":[{"embeddable":true,"href":"http:\/\/martin-pyco-rausch-fans.sk\/index.php?rest_route=%2Fwp%2Fv2%2Fcomments&post=248"}],"version-history":[{"count":5,"href":"http:\/\/martin-pyco-rausch-fans.sk\/index.php?rest_route=\/wp\/v2\/pages\/248\/revisions"}],"predecessor-version":[{"id":1997,"href":"http:\/\/martin-pyco-rausch-fans.sk\/index.php?rest_route=\/wp\/v2\/pages\/248\/revisions\/1997"}],"wp:attachment":[{"href":"http:\/\/martin-pyco-rausch-fans.sk\/index.php?rest_route=%2Fwp%2Fv2%2Fmedia&parent=248"}],"curies":[{"name":"wp","href":"https:\/\/api.w.org\/{rel}","templated":true}]}}