{"id":252,"date":"2014-10-18T02:03:48","date_gmt":"2014-10-18T00:03:48","guid":{"rendered":"http:\/\/www.martin-pyco-rausch-fans.sk\/wordpress\/?page_id=252"},"modified":"2015-02-09T00:39:39","modified_gmt":"2015-02-08T22:39:39","slug":"televizia-je-cirkus","status":"publish","type":"page","link":"http:\/\/martin-pyco-rausch-fans.sk\/?page_id=252","title":{"rendered":"&#8222;Telev\u00edzia je cirkus&#8220;"},"content":{"rendered":"<div class = \"alert alert-info \">Zdroj: Eurotelev\u00edzia<br \/>\nD\u00e1tum: 23. marec 2009<\/div>\n<p>Slovensk\u00fd \u0161oubiznis ok\u00fasil e\u0161te ako \u0161kolopovinn\u00fd mlad\u00edk. V\u010faka programu Slovensko h\u013ead\u00e1 SuperStar sa stal idolom diev\u010dat. Tie dnes v \u010dase Eurosongu u\u017e maj\u00fa d\u00e1vno po maturite.<\/p>\n<p><b>Ako sa vy\u0161tudovan\u00fd hoteli\u00e9r dostane do \u0161oubiznisu?<\/b><br \/>\na som e\u0161te ani nebol do\u0161tudovan\u00fd a u\u017e som si kv\u00f4li pr\u00e1ci v r\u00e1diu vybavoval individu\u00e1lne \u0161t\u00fadium. Redaktorskou pr\u00e1cou sa to asi za\u010dalo, tak\u017ee cesta by bola rovnak\u00e1 bez oh\u013eadu na to, \u010do som chcel \u0161tudova\u0165. Spolo\u010dn\u00fdm menovate\u013eom bola sk\u00f4r z\u00e1\u013euba v \u0161t\u00fadiu jazykov, ke\u010f\u017ee to bol d\u00f4vod, pre\u010do som si vybral Hotelov\u00fa akad\u00e9miu a v r\u00e1diu som, okrem z\u00e1ujmu o hudbu, za\u010dal pracova\u0165 ako prekladate\u013e.<\/p>\n<p><b>Dosta\u0165 sa do r\u00e1dia nebolo nikdy celkom jednoduch\u00e9 a do Funradia u\u017e v\u00f4bec nie. Kde sa zrodila prv\u00e1 my\u0161lienka sk\u00fasi\u0165 \u0161\u0165astie pr\u00e1ve v rozhlase?<\/b><br \/>\nOd detstva som sa zauj\u00edmal o s\u00fa\u0165a\u017ee v popmusic, mapoval som hitpar\u00e1dy, chcel som pozna\u0165 ka\u017ed\u00e9ho interpreta, hist\u00f3riu aj nov\u00e9 trendy. Zrodenie prv\u00fdch s\u00fakromn\u00fdch r\u00e1di\u00ed po p\u00e1de komunizmu mi otvorilo mo\u017enosti a ve\u013emi som chcel pracova\u0165 ako redaktor. Vtedy n\u00e1s bolo m\u00e1lo, a\u017e tak\u00e9 \u0165a\u017ek\u00e9 to nebolo. Ak nie\u010do \u010dlovek ve\u013emi chce, vie pracova\u0165 aj zadarmo.<\/p>\n<p><b>ETV: Nechyst\u00e1te n\u00e1vrat do r\u00e1dia? Alebo je to u\u017e pre v\u00e1s uzavret\u00e1 \u017eivotn\u00e1 kapitola?<\/b><br \/>\nPo\u010das trin\u00e1stich rokov, ktor\u00e9 som si v r\u00e1di\u00e1ch odpracoval, som vysielal v\u017edy len rel\u00e1cie, ktor\u00e9 boli informat\u00edvneho charakteru, vyberali a predstavovali posluch\u00e1\u010dom najhor\u00facej\u0161ie novinky alebo re\u0161er\u0161ovali. Doba sa zmenila a inform\u00e1cie tohto typu n\u00e1jdu dnes \u013eudia omnoho r\u00fdchlej\u0161ie na internete, navy\u0161e komer\u010dn\u00e9 r\u00e1di\u00e1 t\u00fato zlo\u017eku celkom vyhodili zo svojich programov\u00fdch \u0161trukt\u00far. Kapitolu teda zatvorili r\u00e1di\u00e1, nie ja. A odkedy nie som pred mikrof\u00f3nom, prestal som sledova\u0165 v\u0161etky pr\u00fady, s\u00fastredil som sa sk\u00f4r na okrajovej\u0161ie \u017e\u00e1nre.<\/p>\n<p><b>Boli ste u\u017e na \u0161kole trochu exhibicionista? Chodili ste napr\u00edklad recitova\u0165?<\/b><br \/>\nRecitova\u0165 som nikde nebol, ani mi to ne\u0161lo a nedok\u00e1zal som sa nie\u010do namemorova\u0165. V\u017edy som v\u0161etko \u201eobkec\u00e1val\u201c.<\/p>\n<p><b>Bol prechod z r\u00e1dia do telev\u00edzie \u0165a\u017ek\u00fd?<\/b><br \/>\nPr\u00e1ve naopak. R\u00e1dio je ve\u013ek\u00e1 \u0161kola, je dokonca na ment\u00e1lnu pr\u00e1cu n\u00e1ro\u010dnej\u0161ie. Telev\u00edzia m\u00e1 \u010fal\u0161\u00ed rozmer a mimika m\u00f4\u017ee nahradi\u0165 ve\u013ea slov \u010di pr\u00e1zdnych miest, ktor\u00e9 v r\u00e1diu treba vyplni\u0165 slovom. Telev\u00edzne moderovanie je preto jednoduch\u0161ie.<\/p>\n<p><b>Ktor\u00e9 z m\u00e9di\u00ed je v\u00e1m moment\u00e1lne bli\u017e\u0161ie?<\/b><br \/>\nR\u00e1dio ma nau\u010dilo, vychovalo a rel\u00e1cie, ktor\u00e9 som robil, ma neraz aj vzdel\u00e1vali. Telev\u00edzia je ve\u013ek\u00fd cirkus. Ale bl\u00edzke aj vzdialen\u00e9 s\u00fa mi z r\u00f4znych poh\u013eadov obe m\u00e9di\u00e1.<\/p>\n<p><b>Viete si dnes e\u0161te predstavi\u0165, \u017ee sa niekedy vr\u00e1tite k tomu, \u010do ste vy\u0161tudovali?<\/b><br \/>\nM.R.: Predstavi\u0165 si to viem, ale sk\u00f4r vo vy\u0161\u0161om veku, ke\u010f budem ma\u0165 chu\u0165 uskuto\u010dni\u0165 v\u0161etky sk\u00fasenosti a v m\u00e9di\u00e1ch nebudem ma\u0165 to\u013eko mo\u017enost\u00ed ako doteraz. Nebude to pre peniaze, ale pre rados\u0165. V gastron\u00f3mii napredujem na vlastn\u00fa p\u00e4s\u0165 a \u00farove\u0148 hotelov\u00fdch \u010di stravovac\u00edch slu\u017eieb akt\u00edvne sledujem.<\/p>\n<p><b>Nechceli by ste si e\u0161te zopakova\u0165 rel\u00e1ciu o varen\u00ed?<\/b><br \/>\nUr\u010dite by som re\u00e1lne zva\u017eoval tak\u00fato ponuku, lebo varenie a gastron\u00f3mia je moje hobby. U n\u00e1s v\u0161ak telev\u00edzne<\/p>\n<p><b>Ak\u00fa muziku moment\u00e1lne najrad\u0161ej po\u010d\u00favate?<\/b><br \/>\nZ toho, \u010do va\u0161im \u010ditate\u013eom vari viac povie, ma naposledy zaujali nov\u00e9 albumy od The Killers, Lily Allen, zo slovensk\u00fdch e\u0161te st\u00e1le fi\u010d\u00edm na albume M\u00fcller spieva Lasicu, Lasica spieva&#8230;, \u010dasto po\u010d\u00favam s\u00f3lov\u00fd debut Katky Knechtovej a ve\u013emi sa mi p\u00e1\u010di, ako je laden\u00fd tret\u00ed album Katky Ko\u0161\u010dovej.<\/p>\n<p><b>Ako vn\u00edmate slovensk\u00fa hudobn\u00fa sc\u00e9nu?<\/b><br \/>\nMohol by som kritizova\u0165, \u017ee stredn\u00fd pr\u00fad nie je dostato\u010dne pestr\u00fd a progres\u00edvny a v\u010faka tomu \u017eivoria v\u0161etky bo\u010dn\u00e9 \u010di alternat\u00edvne \u017e\u00e1nre. Uvedomujem si v\u0161ak na\u0161u \u201emalos\u0165\u201c, nedostatok publika pre \u0161pecifick\u00e9 smerovania a n\u00edzku k\u00fapyschopnos\u0165 Slov\u00e1ka. Tak\u017ee to je asi prirodzen\u00e9 prostredie a kvalita.<\/p>\n<p><b>Kto formoval v\u00e1\u0161 hudobn\u00fd vkus?<\/b><br \/>\n\u017divot s\u00e1m, knihy, sk\u00fasenosti, \u013eudia, ktor\u00fdch som stretol, miesta, ktor\u00e9 som nav\u0161t\u00edvil, situ\u00e1cie, \u010do som pre\u017e\u00edval.<\/p>\n<p><b>Ste sk\u00f4r t\u00edmov\u00fd, alebo s\u00f3lov\u00fd hr\u00e1\u010d \u2013 pokia\u013e ide o moderovanie?<\/b> To je sk\u00f4r dan\u00e9 projektom. Ke\u010f som s\u00e1m, ch\u00fdba mi partner, s ktor\u00fdm si m\u00f4\u017eeme nadhadzova\u0165 na sme\u010d, a ke\u010f sme dvaja, tak zase nie je \u010das niekedy poveda\u0165 v\u0161etko, \u010do chcem. Najlep\u0161ie je zdrav\u00e9 striedanie. Vo dvojici sa v\u0161ak lep\u0161ie improvizuje. S Adelou obzvl\u00e1\u0161\u0165.<\/p>\n<p><b>\u010co bolo pr\u00ed\u010dinou, \u017ee ste s Adelou p\u00f4sobili na obrazovke ako dokonal\u00fd moder\u00e1torsk\u00fd p\u00e1r?<\/b><br \/>\nNeviem, my sme si nikdy nepripadali ako dokonal\u00fd moder\u00e1torsk\u00fd p\u00e1r. Fungova\u0165 s Adelou v\u0161ak nie je tak\u00fd probl\u00e9m, m\u00e1 ve\u013ek\u00fd talent a schopnos\u0165 v kr\u00e1tkom \u00faseku vtipne zareagova\u0165 na ak\u00fako\u013evek situ\u00e1ciu. To sa \u010dlovek nedok\u00e1\u017ee nau\u010di\u0165.<\/p>\n<p><b>Mark\u00edza vraj chyst\u00e1 \u010fal\u0161\u00ed Let\u2018s Dance, \u010do tak da\u0165 to \u201edokopy\u201c op\u00e4\u0165 s Adelou?<\/b><br \/>\nVo chv\u00edli, ke\u010f odpoved\u00e1m na t\u00fato ot\u00e1zku, m\u00f4\u017eem poveda\u0165 len, \u017ee to je vo hviezdach.<\/p>\n<p><b>\u010co teraz bude nasledova\u0165 po Eurosongu?<\/b><br \/>\nPo\u0161leme v\u00ed\u0165aza do Moskvy. (smiech) Ja si na chv\u00ed\u013eu, d\u00fafam, odd\u00fdchnem, preto\u017ee \u010doraz viac \u010dasu tr\u00e1vim v stri\u017eni ako hudobn\u00fd dramaturg pre seri\u00e1l R\u00e1dio.<\/p>\n<p><b>V \u010dase, ke\u010f sa vysielala SuperStar, ste za\u017e\u00edvali ve\u013ek\u00fd n\u00e1por fan\u00fa\u0161i\u010diek. Bolo to otravn\u00e9? Nerozbehlo sa v\u010faka Eurosongu op\u00e4\u0165 vyvol\u00e1vanie nezn\u00e1mych diev\u010dat, pr\u00edpadne zvonia pri dver\u00e1ch?<\/b><br \/>\nFan\u00fa\u0161i\u010dky z \u010dias prvej SuperStar u\u017e d\u00e1vno zmaturovali. Tie nov\u0161ie mi za\u010dali vyka\u0165 a som pre nich \u201eujo Pyco\u201c. \u010castej\u0161ie so mnou sympatizuj\u00fa ich matky.<\/p>\n<p><b>Po\u010das SuperStar v\u00e1s ozna\u010dovali za sexsymbol. C\u00edtili ste sa aj vy tak?<\/b><br \/>\nViac by ma tr\u00e1pilo, keby \u013eudia prep\u00ednali len preto, \u017ee sa na m\u0148a nevydr\u017eia pozera\u0165. Ale ako sexsymbol som sa nec\u00edtil. Ako sa c\u00edti sexsymbol?<\/p>\n<p><b>Pred kamerou ste sa objavili nielen ako moder\u00e1tor, ale aj ako herec. Ak\u00e9 je to by\u0165 hercom?<\/b><br \/>\nNemysl\u00edm si, \u017ee som herec, aj ke\u010f niektor\u00e9 up\u00fatavky, videoklip \u010di minirola v sei\u00e1li si vy\u017eadovali ist\u00e9 odosobnenie. Vtedy som sa len s\u00fastredil na to, \u010do treba urobi\u0165, a sna\u017eil som sa zabudn\u00fa\u0165 na to, \u017ee kamera je ur\u010den\u00e1 na priamy poh\u013ead a moderovanie.<\/p>\n<p><b>Ktor\u00e1 krajina v\u00e1m najviac prir\u00e1stla k srdcu?<\/b><br \/>\nM\u00e9di\u00e1 ma pasovali za gr\u00e9kofila, tak\u017ee to je asi odpove\u010f, ak\u00fa \u010dak\u00e1te. V\u0161eobecne ma zaujal \u017eivot stredomorsk\u00fdch n\u00e1rodov. Je pokojnej\u0161\u00ed, menej hektick\u00fd a n\u00e1m m\u00f4\u017ee uk\u00e1za\u0165, \u017ee ani najhor\u0161ie veci v \u017eivote netreba pre\u017e\u00edva\u0165 tak tragicky. Z kraj\u00edn a n\u00e1rodov ma najviac zaujalo Portugalsko, \u0160panielsko a spom\u00ednan\u00e9 Gr\u00e9cko, najm\u00e4 jeho ostrovy.<\/p>\n<p><b>Kam chodievate, pr\u00edpadne \u010do rob\u00edte, ke\u010f si chcete poriadne odd\u00fdchnu\u0165?<\/b><br \/>\nSp\u00e1nok, kniha, dobr\u00e9 jedlo a trochu \u0161portu je kombin\u00e1cia, ktor\u00e1 u m\u0148a funguje po cel\u00fd rok. V lete alebo po\u010das dlhodobej\u0161ieho vo\u013ena r\u00e1d cestujem, treb\u00e1rs aj na v\u00edkend do niektor\u00e9ho z eur\u00f3pskych miest. V lete to je u\u017e tradi\u010dne niektor\u00fd z gr\u00e9ckych ostrovov.<\/p>\n<p><b>Ako ste sa dostali k divadlu?<\/b><br \/>\nDivadlo Meteorit ma pred tromi rokmi oslovilo, \u010di by som nechcel sk\u00fasi\u0165 spolupr\u00e1cu a vy\u0161lo to. Moment\u00e1lne sa podie\u013eam na pr\u00edprave u\u017e \u0161tvrtej divadelnej hry s medzin\u00e1rodn\u00fdm obsaden\u00edm.<\/p>\n<p><b>\u010co tam vlastne rob\u00edte?<\/b><br \/>\nOfici\u00e1lne to naz\u00fdvam poz\u00edciou hudobn\u00e9ho dramaturga, t. j. lov\u00edm a objavujem hudby \u010di nezn\u00e1me kompoz\u00edcie, ktor\u00e9 dotv\u00e1raj\u00fa atmosf\u00e9ru alebo pos\u00favaj\u00fa dej. Pre posledn\u00e9 dve hry som nieko\u013eko zvukov a atmosf\u00e9r vyrobil aj s\u00e1m na notebooku.<\/p>\n<p><b>\u010co v\u00e1s fascinuje na divadle a pr\u00e1ci, ktor\u00fa tam rob\u00edte?<\/b><br \/>\nJe to pre m\u0148a ako terapia, vpl\u00fdva\u0165 na vnem a zmysly \u013eud\u00ed prostredn\u00edctvom hudby, ktor\u00e1 je siln\u00e1, pri\u010dom pre div\u00e1ka je len jedn\u00fdm zo sprievodn\u00fdch javov celkov\u00e9ho vn\u00edmania predstavenia. Preto neraz r\u00e1d sledujem, ako sa div\u00e1ci po\u010das predstavenia tv\u00e1ria.<\/p>\n","protected":false},"excerpt":{"rendered":"<p>Slovensk\u00fd \u0161oubiznis ok\u00fasil e\u0161te ako \u0161kolopovinn\u00fd mlad\u00edk. V\u010faka programu Slovensko h\u013ead\u00e1 SuperStar sa stal idolom diev\u010dat. Tie dnes v \u010dase Eurosongu u\u017e maj\u00fa d\u00e1vno po maturite. Ako sa vy\u0161tudovan\u00fd hoteli\u00e9r dostane do \u0161oubiznisu? a som e\u0161te ani nebol do\u0161tudovan\u00fd a u\u017e som si kv\u00f4li pr\u00e1ci v r\u00e1diu vybavoval individu\u00e1lne \u0161t\u00fadium. Redaktorskou pr\u00e1cou sa to asi [&hellip;]<\/p>\n","protected":false},"author":1,"featured_media":1631,"parent":0,"menu_order":0,"comment_status":"open","ping_status":"open","template":"","meta":{"footnotes":""},"class_list":["post-252","page","type-page","status-publish","has-post-thumbnail","hentry"],"_links":{"self":[{"href":"http:\/\/martin-pyco-rausch-fans.sk\/index.php?rest_route=\/wp\/v2\/pages\/252","targetHints":{"allow":["GET"]}}],"collection":[{"href":"http:\/\/martin-pyco-rausch-fans.sk\/index.php?rest_route=\/wp\/v2\/pages"}],"about":[{"href":"http:\/\/martin-pyco-rausch-fans.sk\/index.php?rest_route=\/wp\/v2\/types\/page"}],"author":[{"embeddable":true,"href":"http:\/\/martin-pyco-rausch-fans.sk\/index.php?rest_route=\/wp\/v2\/users\/1"}],"replies":[{"embeddable":true,"href":"http:\/\/martin-pyco-rausch-fans.sk\/index.php?rest_route=%2Fwp%2Fv2%2Fcomments&post=252"}],"version-history":[{"count":5,"href":"http:\/\/martin-pyco-rausch-fans.sk\/index.php?rest_route=\/wp\/v2\/pages\/252\/revisions"}],"predecessor-version":[{"id":1999,"href":"http:\/\/martin-pyco-rausch-fans.sk\/index.php?rest_route=\/wp\/v2\/pages\/252\/revisions\/1999"}],"wp:featuredmedia":[{"embeddable":true,"href":"http:\/\/martin-pyco-rausch-fans.sk\/index.php?rest_route=\/wp\/v2\/media\/1631"}],"wp:attachment":[{"href":"http:\/\/martin-pyco-rausch-fans.sk\/index.php?rest_route=%2Fwp%2Fv2%2Fmedia&parent=252"}],"curies":[{"name":"wp","href":"https:\/\/api.w.org\/{rel}","templated":true}]}}