{"id":254,"date":"2014-10-18T02:05:06","date_gmt":"2014-10-18T00:05:06","guid":{"rendered":"http:\/\/www.martin-pyco-rausch-fans.sk\/wordpress\/?page_id=254"},"modified":"2015-02-09T00:40:22","modified_gmt":"2015-02-08T22:40:22","slug":"hladam-recept-na-pokoj","status":"publish","type":"page","link":"http:\/\/martin-pyco-rausch-fans.sk\/?page_id=254","title":{"rendered":"&#8222;H\u013ead\u00e1m recept na pokoj&#8220;"},"content":{"rendered":"<div class = \"alert alert-info \">Zdroj: Eurotelev\u00edzia<br \/>\nD\u00e1tum: 2009<\/div>\n<p>R\u00e1diu dal zbohom, nie v\u0161ak tomu seri\u00e1lov\u00e9mu. Aj ke\u010f tvrd\u00ed, \u017ee v\u00f4\u0148a ozna\u010denia sexsymbol vyprchala po prvej s\u00e9rii SuperStar, sta\u010d\u00ed len chv\u00ed\u013eu pozorova\u0165 diev\u010densk\u00e9 poh\u013eady v jeho pr\u00edtomnosti a m\u00e1te jasno. Pyco je sk\u00f4r pre telev\u00edziu, pseudonym pou\u017e\u00edvam v pr\u00e1ci. Niekedy mi Martin pom\u00e1ha odosobni\u0165 sa od Pyca, ktor\u00e9ho \u013eudia poznaj\u00fa z obrazovky. V pr\u00e1ci je Pyco, v s\u00fakrom\u00ed Martin. Hudba sa stala podstatnou \u010das\u0165ou jeho \u017eivota a d\u00e1 sa poveda\u0165 ve\u010dnou v\u00e1\u0161\u0148ou. N\u00e1m porozpr\u00e1val o \u010fal\u0161\u00edch srdcovk\u00e1ch, zimomriavkach, za koho by hlasoval v ankete OTO 2009 aj o tom, pre\u010do si dal urobi\u0165 odtla\u010dok hrude.<\/p>\n<p><b>Viac ako moder\u00e1tor ste v poslednom obdob\u00ed p\u00f4sobili ako hudobn\u00fd dramaturg. Na\u010falej sa venujete hudobnej dramaturgii?<\/b><br \/>\nMoment\u00e1lne participujem na \u0161tvrtej hre v divadle Meteorit, som hudobn\u00fdm dramaturgom seri\u00e1lu R\u00e1dio a pom\u00e1ham pripravova\u0165 jeden nov\u00fd festival. V\u0161etko to vn\u00edmam ako logick\u00e9 vy\u00fastenie doteraj\u0161ej pr\u00e1ce, ktor\u00e1 sa za\u010dala desa\u0165 rokov pred SuperStar.<\/p>\n<p><b>Moderovanie pesni\u010dkovej s\u00fa\u0165a\u017ee v\u00e1m sadlo ako uliate. No predsa, na p\u00f3diu ste boli s\u00e1m. Nech\u00fdbala v\u00e1m Adela, s ktorou v\u00e1s u\u017e div\u00e1ci maj\u00fa sp\u00e4t\u00e9ho?<\/b><br \/>\nJe nere\u00e1lne, aby Eurosong moderovala dvojica. Pri to\u013ek\u00fdch presunoch, \u00fa\u010dinkuj\u00facich a n\u00e1vale inform\u00e1ci\u00ed by si moder\u00e1tori vz\u00e1jomn\u00e9 fungovanie len komplikovali. A naopak, s\u00fa situ\u00e1cie, ke\u010f by som r\u00e1d st\u00e1l na p\u00f3diu s Adelou, preto\u017ee moderovanie vo dvojici je pestrej\u0161ie a komfortnej\u0161ie.<\/p>\n<p><b>Ke\u010f sa pozriete do minulosti, ke\u010f ste e\u0161te len za\u010d\u00ednali ako telev\u00edzny moder\u00e1tor, v \u010dom vid\u00edte najv\u00e4\u010d\u0161ie zmeny?<\/b><br \/>\nNazbieral som ve\u013ea sk\u00fasenost\u00ed, v\u00e4\u010d\u0161inu \u010dlenov \u0161t\u00e1bu pri ktoromko\u013evek projekte nevid\u00edm po prv\u00fd raz, oslovujeme sa krstn\u00fdmi menami a publikum je \u010doraz spont\u00e1nnej\u0161ie, ale neraz aj n\u00e1ro\u010dnej\u0161ie.<\/p>\n<p><b>D\u00e1 sa e\u0161te nie\u010do zlep\u0161ova\u0165?<\/b><br \/>\nAjaj, dalo, d\u00e1 a v\u017edy bude da\u0165. Ka\u017ed\u00fd projekt ma formuje ako plastel\u00ednu.<\/p>\n<p><b>M\u00e1vate pred priamym prenosom tr\u00e9mu?<\/b><br \/>\nNeviem, \u010di je to pr\u00e1ve tr\u00e9ma. Nerv\u00f3zny som v\u017edy, lebo sa sna\u017e\u00edm str\u00e1\u017ei\u0165 my\u0161lienky a s\u00fastredi\u0165 sa. Je u\u017e takmer pravidlom, \u017ee vo chv\u00edli, ke\u010f by som mal by\u0165 najviac nerv\u00f3zny, hlavou mi prebehne, \u010do treba zajtra nak\u00fapi\u0165 alebo \u010di som vyniesol smeti.<\/p>\n<p><b>Sledovali ste ako milovn\u00edk modernej hudby aj uplynul\u00e9 ro\u010dn\u00edky tejto pesni\u010dkovej s\u00fa\u0165a\u017ee?<\/b><br \/>\nOd polovice dev\u00e4\u0165desiatych rokov som videl takmer v\u0161etky prenosy alebo z\u00e1znamy z fin\u00e1le Eurovision Song Contest. Nie v\u0161ak preto, \u017ee by som sa c\u00edtil milovn\u00edkom modernej hudby.<\/p>\n<p><b>Div\u00e1ci do fin\u00e1le posielali svojich favoritov SMS hlasovan\u00edm. Zvyknete aj vy niekomu posiela\u0165 hlasy?<\/b><br \/>\nPo\u010das SuperStar som nejak\u00e9 hlasy posielal zo sympati\u00ed, ktor\u00e9 som si vybudoval sk\u00f4r na \u013eudskej rovine s niektor\u00fdmi s\u00fa\u0165a\u017eiacimi a dodnes sme zostali priate\u013emi. Po\u010das Eurosongu som nestihol \u00eds\u0165 ani na z\u00e1chod, zapnutie telef\u00f3nu a esemeskovanie neprich\u00e1dzali do \u00favahy.<\/p>\n<p><b>Vyhl\u00e1senie ankety OTO 2009 je za nami, boli ste jedn\u00fdm z nominovan\u00fdch. \u010co je pre v\u00e1s najv\u00e4\u010d\u0161\u00edm ocenen\u00edm va\u0161ej pr\u00e1ce?<\/b><br \/>\nVn\u00edmam to v nieko\u013ek\u00fdch rovin\u00e1ch. Profesijne m\u00e1m najlep\u0161\u00ed pocit, ak \u0161t\u00e1b funguje a podar\u00ed sa mi sta\u0165 jeho plnohodnotnou zlo\u017ekou, ke\u010f v\u0161etci pracuj\u00fa s rados\u0165ou. Div\u00e1kom som nesmierne v\u010fa\u010dn\u00fd, \u017ee ma u\u017e tret\u00ed rok vyniesli medzi trojicu najob\u013e\u00fabenej\u0161\u00edch moder\u00e1torov, je to siln\u00e1 motiv\u00e1cia. A ke\u010f v\u00e1m povie mama, \u017ee je na v\u00e1s hrd\u00e1, tak tomu sa asi ni\u010d nevyrovn\u00e1.<\/p>\n<p><b>Za koho by ste hlasovali vy?<\/b><br \/>\nMysl\u00edm, \u017ee div\u00e1ci nehodnotia ani tak posledn\u00fd telev\u00edzny rok, sk\u00f4r prejavuj\u00fa dlhodob\u00e9 sympatie. Z hercov by som ur\u010dite vyzdvihol t\u00fdch, ktor\u00ed s\u00fa na obrazovke mo\u017eno menej ako v divadle, ale v hereckej kateg\u00f3rii si zasl\u00fa\u017eia tie\u017e zasvieti\u0165, napr\u00edklad T\u00e1\u0148a Pauhofov\u00e1 \u010di \u013dubo\u0161 Kosteln\u00fd alebo Robo Roth. Aj v\u010faka nim chod\u00edm r\u00e1d do divadla. Hlasoval by som za Mesto tie\u0148ov aj za Adelu.<\/p>\n<p><b>Adela si ned\u00e1vno vysk\u00fa\u0161ala, ak\u00e9 je to sedie\u0165 v porotcovskom kresle. Sadli by ste si do\u0148 aj vy? Napr\u00edklad v r\u00e1mci nejakej hudobnej \u0161ou?<\/b><br \/>\nTo by musela by\u0165 pr\u00edle\u017eitos\u0165, kde mi bude sta\u010di\u0165 sk\u00fasenos\u0165 z r\u00e1dia \u010di z pr\u00e1ce hudobn\u00e9ho redaktora. Sk\u00f4r si v\u0161ak mysl\u00edm, \u017ee na nie\u010do tak\u00e9 je v mojom veku a vzh\u013eadom na v\u0161eobecn\u00e9 sk\u00fasenosti priskoro.<\/p>\n<p><b>Chyst\u00e1 sa tretia s\u00e9ria tane\u010dnej s\u00fa\u0165a\u017ee Let\u2019s Dance. Hovor\u00ed sa \u2013 do tretice v\u0161etko dobr\u00e9&#8230; Viete si s\u00e1m seba predstavi\u0165 znova ako moder\u00e1tora?<\/b><br \/>\nPredstavi\u0165 si viem aj to, ako raz polet\u00edm na Mesiac. Ale odpoveda\u0165 na va\u0161u ot\u00e1zku je asi priskoro.<\/p>\n<p><b>Ak teda nie ako moder\u00e1tora, mo\u017eno ako tane\u010dn\u00edka. Ako je to s vami a tancom? Zanechali \u010dosi na v\u00e1s uplynul\u00e9 dve s\u00e9rie tane\u010dnej \u0161ou?<\/b><br \/>\nMo\u017eno nejak\u00e9 tri z\u00e1kladn\u00e9 kroky niektor\u00e9ho z tancov. Nem\u00e1m pohybov\u00e9 predpoklady na \u017eiadny zo spolo\u010densk\u00fdch tancov.<\/p>\n<p><b>Davy \u013eud\u00ed v\u00e1s poznaj\u00fa pod menom Pyco. Oslovuj\u00fa v\u00e1s e\u0161te \u013eudia vlastn\u00fdm menom?<\/b><br \/>\nRodina, priatelia a \u010doraz viac kolegov ma oslovuj\u00fa len moj\u00edm skuto\u010dn\u00fdm menom. Pyco je sk\u00f4r pre telev\u00edziu, pseudonym pou\u017e\u00edvam v pr\u00e1ci. Niekedy mi Martin pom\u00e1ha odosobni\u0165 sa od Pyca, ktor\u00e9ho \u013eudia poznaj\u00fa z obrazovky.<\/p>\n<p><b>Ste die\u0165a\u0165om bratislavskej Petr\u017ealky. Viete si predstavi\u0165 \u017eivot niekde mimo mestsk\u00e9ho ruchu?<\/b><br \/>\nNesk\u00fasil som, ale predstavujem si ho \u010doraz \u010dastej\u0161ie.<\/p>\n<p><b>M\u00e1te svoje ob\u013e\u00faben\u00e9 \u00fato\u010disko, kam utek\u00e1te pred realitou?<\/b><br \/>\nSna\u017e\u00edm sa \u017ei\u0165 tak, aby som realitu akceptoval. Zab\u00fadam na \u0148u sn\u00e1\u010f len po\u010das letnej dovolenky, ke\u010f naozaj ni\u010d nerob\u00edm a prestanem registrova\u0165 hodiny a kalend\u00e1r.<\/p>\n<p><b>\u010casto sa p\u00ed\u0161e o va\u0161ej l\u00e1ske ku Gr\u00e9cku a jeho kult\u00fare. Kde budete tr\u00e1vi\u0165 tohtoro\u010dn\u00fa dovolenku?<\/b><br \/>\nE\u0161te neviem. Gr\u00e9cke ostrovy s\u00fa pre m\u0148a najide\u00e1lnej\u0161ia destin\u00e1cia.<\/p>\n<p><b>V\u010faka superstarovsk\u00e9mu obdobiu ste sa stali sexsymbolom azda pre v\u0161etky \u017eensk\u00e9 vekov\u00e9 kateg\u00f3rie. Ut\u00edchol v poslednom \u010dase diev\u010densk\u00fd krik okolo v\u00e1s?<\/b><br \/>\nJa som ho okrem prvej SuperStar nejako v\u00fdraznej\u0161ie nepoci\u0165oval a vtedy sa pripisoval v\u0161etk\u00fdm, ktor\u00ed sa na projekte z\u00fa\u010dastnili. Dnes mi viac fandia mami\u010dky ako ich deti.<\/p>\n<p><b>\u010co e\u0161te m\u00f4\u017eeme ozna\u010di\u0165 slovami v\u00e1\u0161e\u0148 Martina Rauscha?<\/b><br \/>\nSna\u017e\u00edm sa n\u00e1js\u0165 recept na pokojn\u00fd a vyrovnan\u00fd \u017eivot. Strava, odpo\u010dinok, \u0161port a vzdel\u00e1vanie tvoria spolo\u010dn\u00fa cestu, ako sa k nemu dopracova\u0165.<\/p>\n<p><b>Medzi vymenovan\u00fdmi vecami mi ch\u00fdba l\u00e1ska&#8230; Azda ju nepotrebujete k pokojn\u00e9mu a vyrovnan\u00e9mu \u017eivotu?<\/b><br \/>\nSamozrejme \u00e1no, ale sk\u00f4r by som povedal, \u017ee l\u00e1ska potrebuje k \u017eivotu spom\u00ednan\u00fd vn\u00fatorn\u00fd pokoj, potom m\u00e1 aj trv\u00e1cnos\u0165 a nejde len o flirt.<\/p>\n<p><b>Re\u017eis\u00e9r Gejza Dezorz si v\u00e1s vybral do pripravovan\u00e9ho hororu Fabrika smrti. Ako pokra\u010duje nakr\u00facanie?<\/b><br \/>\nDo troch t\u00fd\u017ed\u0148ov by som mal st\u00e1\u0165 pred kamerou, za\u010dneme nakr\u00faca\u0165 prv\u00e9 sc\u00e9ny. Doposia\u013e som bol pre n\u00e1ro\u010dnej\u0161ie masky na dvoch odliatkoch tv\u00e1re a hrudn\u00edka. Vo filme budem s\u00fa\u010das\u0165ou skupiny mlad\u00fdch \u013eud\u00ed, ale \u010di budem vrahom alebo obe\u0165ou e\u0161te prezradi\u0165 nesmiem.<\/p>\n<p><b>Je film\u00e1r\u010dina to, \u010domu by ste sa eventu\u00e1lne chceli venova\u0165?<\/b><br \/>\nAsi nie, je to len \u010fal\u0161ia v\u00fdzva a \u0161anca, ku ktorej pristupujem zodpovedne a chcem ju vyu\u017ei\u0165. Viem, \u017ee keby som nemoderoval v telev\u00edzii, podobn\u00fa \u0161ancu nedostanem. Oslovil ma \u017e\u00e1ner a presved\u010dil kolekt\u00edv, ktor\u00fd za filmom stoj\u00ed, prinajmen\u0161om sa z toho \u010drt\u00e1 pekn\u00fd z\u00e1\u017eitok.<\/p>\n<p><b>Ke\u010f sa povie horor, mnoh\u00fdm \u013eu\u010fom nasko\u010d\u00ed husia ko\u017ea. Z \u010doho m\u00e1te zimomriavky vy?<\/b><br \/>\nNeviem. Mo\u017eno z dobr\u00e9ho filmu, ktor\u00fd vydes\u00ed. Ja hovor\u00edm \u201epostaven\u00e9 chlpy na ruke\u201c a zvy\u010dajne t\u00fdm testujem kvalitu spevu na koncertoch. Ak som mal \u201echlpovstanie\u201c, interpret st\u00e1l za to.<\/p>\n<p><b>M\u00e1te za sebou \u0161t\u00fadium na hotelovej akad\u00e9mii, zrejme viete vari\u0165. Sk\u00faste si predstavi\u0165 menu v r\u00e1mci romantickej ve\u010dere. Ak\u00e9 by to bolo jedlo?<br \/>\n<\/b>Ja som si \u0161kolu vybral aj preto, aby som vari\u0165 za\u010dal. Aj ke\u010f dnes vyu\u017e\u00edvam celkom in\u00e9 postupy a o zlo\u017eenie svojej stravy sa akt\u00edvne zauj\u00edmam, vyu\u017e\u00edvam tie\u017e gastronomick\u00e9 pravidl\u00e1 \u010di technol\u00f3giu pr\u00edpravy pokrmov, ktor\u00fa mi v\u0161tepili priamo v \u0161kole. Pri romantickej ve\u010deri je v\u0161ak jedlo prinajmen\u0161om druhorad\u00e9.<b><\/b><\/p>\n<p>\u010co v\u00e1s \u010dak\u00e1 teraz po Eurov\u00edzii?<br \/>\nV divadle Meteorit premi\u00e9rujeme 28. marca nov\u00e9 spracovanie hry Richard III. od Shakespeara. Okrem toho spolupracujem s TV Mark\u00edza na novom seri\u00e1li R\u00e1dio, nap\u00edsal som nejak\u00e9 texty a namo\u010den\u00fd som do dvoch netelev\u00edznych hudobn\u00fdch projektov, o ktor\u00fdch e\u0161te nechcem ve\u013ea hovori\u0165. Roboty m\u00e1m viac ako dos\u0165.<\/p>\n","protected":false},"excerpt":{"rendered":"<p>R\u00e1diu dal zbohom, nie v\u0161ak tomu seri\u00e1lov\u00e9mu. Aj ke\u010f tvrd\u00ed, \u017ee v\u00f4\u0148a ozna\u010denia sexsymbol vyprchala po prvej s\u00e9rii SuperStar, sta\u010d\u00ed len chv\u00ed\u013eu pozorova\u0165 diev\u010densk\u00e9 poh\u013eady v jeho pr\u00edtomnosti a m\u00e1te jasno. Pyco je sk\u00f4r pre telev\u00edziu, pseudonym pou\u017e\u00edvam v pr\u00e1ci. Niekedy mi Martin pom\u00e1ha odosobni\u0165 sa od Pyca, ktor\u00e9ho \u013eudia poznaj\u00fa z obrazovky. V pr\u00e1ci [&hellip;]<\/p>\n","protected":false},"author":1,"featured_media":0,"parent":0,"menu_order":0,"comment_status":"open","ping_status":"open","template":"","meta":{"footnotes":""},"class_list":["post-254","page","type-page","status-publish","hentry"],"_links":{"self":[{"href":"http:\/\/martin-pyco-rausch-fans.sk\/index.php?rest_route=\/wp\/v2\/pages\/254","targetHints":{"allow":["GET"]}}],"collection":[{"href":"http:\/\/martin-pyco-rausch-fans.sk\/index.php?rest_route=\/wp\/v2\/pages"}],"about":[{"href":"http:\/\/martin-pyco-rausch-fans.sk\/index.php?rest_route=\/wp\/v2\/types\/page"}],"author":[{"embeddable":true,"href":"http:\/\/martin-pyco-rausch-fans.sk\/index.php?rest_route=\/wp\/v2\/users\/1"}],"replies":[{"embeddable":true,"href":"http:\/\/martin-pyco-rausch-fans.sk\/index.php?rest_route=%2Fwp%2Fv2%2Fcomments&post=254"}],"version-history":[{"count":4,"href":"http:\/\/martin-pyco-rausch-fans.sk\/index.php?rest_route=\/wp\/v2\/pages\/254\/revisions"}],"predecessor-version":[{"id":2000,"href":"http:\/\/martin-pyco-rausch-fans.sk\/index.php?rest_route=\/wp\/v2\/pages\/254\/revisions\/2000"}],"wp:attachment":[{"href":"http:\/\/martin-pyco-rausch-fans.sk\/index.php?rest_route=%2Fwp%2Fv2%2Fmedia&parent=254"}],"curies":[{"name":"wp","href":"https:\/\/api.w.org\/{rel}","templated":true}]}}