{"id":258,"date":"2014-10-18T02:06:33","date_gmt":"2014-10-18T00:06:33","guid":{"rendered":"http:\/\/www.martin-pyco-rausch-fans.sk\/wordpress\/?page_id=258"},"modified":"2016-10-29T23:35:27","modified_gmt":"2016-10-29T22:35:27","slug":"pyco-je-na-vaznu-hudbu","status":"publish","type":"page","link":"http:\/\/martin-pyco-rausch-fans.sk\/?page_id=258","title":{"rendered":"Pyco je na v\u00e1\u017enu hudbu!"},"content":{"rendered":"<div class = \"alert alert-info \">Zdroj:\u00a0aktualne.atlas.sk<br \/>\nD\u00e1tum: 24. j\u00fal\u00a02009<\/div>\n<p>&#8222;V\u00e1\u017enu hudbu po\u010d\u00favam aj po\u010das varenia. M\u00e1m na sebe trenky \u010di tepl\u00e1ky a pijem pivo,&#8220; prezr\u00e1dza neodlu\u010dite\u013en\u00e1 s\u00fa\u010das\u0165 festival Viva Musica!, ob\u013e\u00faben\u00fd moder\u00e1tor, milovn\u00edk hudby a gr\u00e9ckej kult\u00fary, Pyco.<\/p>\n<p><b>N\u00e1pad zavola\u0165 gr\u00e9cku hviezdu Elly Paspalu na tohtoro\u010dn\u00fd Viva Musica! festival sa zrodil v tvojej hlave. O\u010darila milovn\u00edkov hudby v Gr\u00e9cku, Japonsku, v Spojen\u00fdch \u0161t\u00e1toch. Pam\u00e4t\u00e1\u0161 si na to, ako si ju po prv\u00fdkr\u00e1t po\u010dul ty?<\/b><br \/>\nSom r\u00e1d, \u017ee tvorba tejto d\u00e1my zaujala aj riadite\u013ea festivalu Mateja Drli\u010dku, preto\u017ee jej meno mi pri\u0161lo na um, ke\u010f som st\u00e1l v dave jedn\u00e9ho z koncertov VIVA MUSICA! pred rokom a s otvoren\u00fdmi \u00fastami som sledoval koncert spev\u00e1\u010dky Kelly Gray. V ka\u017edej krajine sa sna\u017e\u00edm n\u00e1js\u0165 pre svoj arch\u00edv lok\u00e1lnej\u0161ieho interpreta, ktor\u00fd uchov\u00e1va tradi\u010dn\u00e9 mot\u00edvy a obohacuje ich vlastnou pridanou hodnotou. Z Gr\u00e9cka som si odniesol diskografiu d\u00e1my menom Elly Paspala a zd\u00e1 sa mi a\u017e neuverite\u013en\u00e9, \u017ee bude tento rok st\u00e1\u0165 na p\u00f3diu v centre m\u00f4jho rodn\u00e9ho mesta. Bude to pre m\u0148a hudobn\u00fd sviatok!<\/p>\n<p><b>Pozn\u00e1te sa osobne?<\/b><br \/>\nS Elly sa osobne spozn\u00e1me a\u017e v Bratislave a fan\u00fa\u0161ikovsky jej prinesiem kv\u00f4li autogramu v\u0161etky nak\u00fapen\u00e9 CD\u010dka. Ja som ju po\u010das \u0161tudijn\u00e9ho pobytu v At\u00e9nach za\u017eil na dvoch komorn\u00fdch koncertoch a vtedy ma dostala nielen reperto\u00e1rom a hlasom, ale aj \u010distou \u010dlove\u010dinou a pr\u00edstupom k posluch\u00e1\u010dovi. Hudba je naozaj pre v\u0161etk\u00fdch.<\/p>\n<p><b>\u010co pre teba znamen\u00e1 moderova\u0165 u\u017e piaty ro\u010dn\u00edk festivalu Viva Musica!?<\/b><br \/>\nCelkom \u00faprimne sa te\u0161\u00edm z toho, \u010do sa deje, z toho, \u017ee niekto m\u00e1 energiu, sk\u00fasenosti a schopnos\u0165 vybra\u0165 to najkvalitnej\u0161ie a pon\u00faknu\u0165 to n\u00e1rodu celkom zdarma pod letnou oblohou po\u010das prech\u00e1dzky historick\u00fdm centrom Bratislavy. Pre m\u0148a bola hudba kedysi motiv\u00e1ciou pre pr\u00e1cu v r\u00e1diu. Stoto\u017e\u0148ujem si ju s ist\u00fdm druhom slobody a in\u0161pir\u00e1cie. Z ka\u017ed\u00e9ho koncertu VIVA MUSICA! som odch\u00e1dzal s ve\u013ek\u00fdm \u00fasmevom a naplnen\u00fdm pocitom.<\/p>\n<p><b>Na ktor\u00e9 koncerty sa tento rok najviac te\u0161\u00ed\u0161?<\/b><br \/>\n\u00daplne na v\u0161etky, nech to znie akoko\u013evek. Kv\u00f4li osobn\u00e9mu prepojeniu je pre m\u0148a siln\u00fdm z\u00e1\u017eitkom samotn\u00e1 ELLY PASPALA, ve\u013emi sa te\u0161\u00edm na Janu Kirschner so symfonick\u00fdm orchestrom, Sax Machine sa javia ako ve\u013ek\u00e1 z\u00e1bava a najv\u00e4\u010d\u0161ou bombou bude bez poch\u00fdb \u00favodn\u00fd skvost v podobe umeleck\u00e9ho diela a otv\u00e1racieho koncertu z\u00e1rove\u0148: UNDER MY SPELL!.<\/p>\n<p><b>Festival dokazuje, \u017ee klasick\u00e1 hudba nie je len pre star\u0161ie gener\u00e1cie. Na svoje si pr\u00eddu takisto mlad\u00ed. Klasika tak str\u00e1ca n\u00e1lepku nudn\u00e9ho stra\u0161iaka. \u010co je pod\u013ea teba toho d\u00f4vodom?<\/b><br \/>\nChce to e\u0161te nieko\u013eko gener\u00e1ci\u00ed, aby sa aj u n\u00e1s vybral d\u00f4chodca v rifliach na modern\u00fd koncert a mlad\u00ed h\u00fafne utekali za filharm\u00f3niou. \u010caro dne\u0161nej doby je v tom, \u017ee netreba u\u017e ni\u010d \u0161katu\u013ekova\u0165, a hudba je pre v\u0161etk\u00fdch. Ja tie\u017e doma pri varen\u00ed alebo \u010d\u00edtan\u00ed po\u010d\u00favam v\u00e1\u017enu hudbu, m\u00e1m na sebe trenky \u010di tepl\u00e1ky a pijem pivo, preto\u017ee tak mi to najviac vyhovuje. Mysl\u00edm, \u017ee ani seri\u00f3znej\u0161ia hudba nestr\u00e1ca svoje \u010daro, ak sa ob\u010das presunie z kr\u00e1snych a majest\u00e1tnych priestorov napr\u00edklad na ulicu. Pr\u00e1ve naopak, m\u00f4\u017ee tak z\u00edska\u0165 nov\u00fd rozmer.<\/p>\n<p><b>Tvoje meno sa s t\u00fdmto klasick\u00fdm, no nekonven\u010dn\u00fdm podujat\u00edm sp\u00e1ja u\u017e roky. Ak by si mal festival pop\u00edsa\u0165 ako kamar\u00e1ta, ak\u00fd v tvojich o\u010diach je?<\/b><br \/>\nBol by to dobr\u00fd kamar\u00e1t s e\u0161te lep\u0161\u00edm vkusom, ktor\u00e9mu sa chcem trochu podoba\u0165. S\u00e1m sa pova\u017eujem za absol\u00fatnu cie\u013eov\u00fa skupinu festivalu VIVA MUSICA!, tak\u017ee je mi c\u0165ou m\u00f4c\u0165 moderova\u0165 aj tento rok nieko\u013eko jeho koncertov.<\/p>\n","protected":false},"excerpt":{"rendered":"<p>&#8222;V\u00e1\u017enu hudbu po\u010d\u00favam aj po\u010das varenia. M\u00e1m na sebe trenky \u010di tepl\u00e1ky a pijem pivo,&#8220; prezr\u00e1dza neodlu\u010dite\u013en\u00e1 s\u00fa\u010das\u0165 festival Viva Musica!, ob\u013e\u00faben\u00fd moder\u00e1tor, milovn\u00edk hudby a gr\u00e9ckej kult\u00fary, Pyco. N\u00e1pad zavola\u0165 gr\u00e9cku hviezdu Elly Paspalu na tohtoro\u010dn\u00fd Viva Musica! festival sa zrodil v tvojej hlave. O\u010darila milovn\u00edkov hudby v Gr\u00e9cku, Japonsku, v Spojen\u00fdch \u0161t\u00e1toch. Pam\u00e4t\u00e1\u0161 [&hellip;]<\/p>\n","protected":false},"author":1,"featured_media":1680,"parent":0,"menu_order":0,"comment_status":"open","ping_status":"open","template":"","meta":{"footnotes":""},"class_list":["post-258","page","type-page","status-publish","has-post-thumbnail","hentry"],"_links":{"self":[{"href":"http:\/\/martin-pyco-rausch-fans.sk\/index.php?rest_route=\/wp\/v2\/pages\/258","targetHints":{"allow":["GET"]}}],"collection":[{"href":"http:\/\/martin-pyco-rausch-fans.sk\/index.php?rest_route=\/wp\/v2\/pages"}],"about":[{"href":"http:\/\/martin-pyco-rausch-fans.sk\/index.php?rest_route=\/wp\/v2\/types\/page"}],"author":[{"embeddable":true,"href":"http:\/\/martin-pyco-rausch-fans.sk\/index.php?rest_route=\/wp\/v2\/users\/1"}],"replies":[{"embeddable":true,"href":"http:\/\/martin-pyco-rausch-fans.sk\/index.php?rest_route=%2Fwp%2Fv2%2Fcomments&post=258"}],"version-history":[{"count":6,"href":"http:\/\/martin-pyco-rausch-fans.sk\/index.php?rest_route=\/wp\/v2\/pages\/258\/revisions"}],"predecessor-version":[{"id":6293,"href":"http:\/\/martin-pyco-rausch-fans.sk\/index.php?rest_route=\/wp\/v2\/pages\/258\/revisions\/6293"}],"wp:featuredmedia":[{"embeddable":true,"href":"http:\/\/martin-pyco-rausch-fans.sk\/index.php?rest_route=\/wp\/v2\/media\/1680"}],"wp:attachment":[{"href":"http:\/\/martin-pyco-rausch-fans.sk\/index.php?rest_route=%2Fwp%2Fv2%2Fmedia&parent=258"}],"curies":[{"name":"wp","href":"https:\/\/api.w.org\/{rel}","templated":true}]}}