{"id":261,"date":"2014-10-18T02:08:18","date_gmt":"2014-10-18T00:08:18","guid":{"rendered":"http:\/\/www.martin-pyco-rausch-fans.sk\/wordpress\/?page_id=261"},"modified":"2015-02-09T00:42:33","modified_gmt":"2015-02-08T22:42:33","slug":"radio-vnimam-ako-docasne-uzatvorenu-kapitolu","status":"publish","type":"page","link":"http:\/\/martin-pyco-rausch-fans.sk\/?page_id=261","title":{"rendered":"&#8222;R\u00e1dio vn\u00edmam ako do\u010dasne uzatvoren\u00fa kapitolu&#8220;"},"content":{"rendered":"<div class = \"alert alert-info \">Zdroj:\u00a0<a href=\"http:\/\/slinska.blog.sme.sk\/c\/211373\/Martin-Pyco-Rausch-Radio-vnimam-ako-docasne-uzatvorenu-kapitolu.html\">slinska.blog.sme.sk<\/a><br \/>\nD\u00e1tum: 26. november\u00a02009<\/div>\n<p>Kto nepozn\u00e1 Pyca, ten zrejme ne\u017eije v tejto krajine. Pr\u00edbeh o tom, ako ho O\u013ega Z\u00e1black\u00e1 dotiahla vo Fun r\u00e1diu pred mikrof\u00f3n je tie\u017e notoricky zn\u00e1my. Pyca vlastne netreba v\u00f4bec predstavova\u0165. Rozhovor o tom, \u010do robil po Superstar, o tom, \u010di ho l\u00e1ka herectvo a \u010di by sa vr\u00e1til do r\u00e1dia. Martin Pyco Rausch.<\/p>\n<p><b>Po \u00faspe\u0161n\u00fdch programoch Superstar, Let&#8217;s Dance, Eurovision a Sl\u00e1vik, ktor\u00e9 si moderoval, si sa stiahol do menej komer\u010dnej sf\u00e9ry. Hlavn\u00fd d\u00f4vod?<\/b><br \/>\nNem\u00e1m pocit, \u017ee som sa utiahol do nekomer\u010dnej sf\u00e9ry. Pol doteraj\u0161ieho \u017eivota som odpracoval na poste hudobn\u00e9ho redaktora v komer\u010dnom m\u00e9diu a ke\u010f som moderoval prv\u00fa Superstar v \u0161t\u00e1tnej telev\u00edzii, p\u00fdtali sa ma \u010di som presedlal na komerciu. Ka\u017ed\u00fd so slovom komercia nar\u00e1ba trochu inak.<\/p>\n<p><b>Nemal si pocit, \u017ee \u0165a je u\u017e na tej obrazovke ve\u013ea?<\/b><br \/>\nV\u017edy, ke\u010f tento pocit za\u010dnem ma\u0165, u\u017e tam nie som. Ale m\u00f4j vn\u00fatorn\u00fd meter m\u00f4\u017ee by\u0165 celkom in\u00fd ako ten verejn\u00fd. A tu\u0161\u00edm druh\u00fd rok \u017eijem v presved\u010den\u00ed, \u017ee sa sna\u017e\u00edm \u010do najdlh\u0161ie \u017ei\u0165 bez pr\u00e1ce a tento vegetat\u00edvny stav naplnen\u00fd samovzdel\u00e1van\u00edm raz za \u010das naru\u0161\u00ed moderovanie, nie naopak v zmysle: mus\u00edm si da\u0165 pauzu, lebo som prepracovan\u00fd. Pomaly z\u00e1pas\u00edm s obavou, \u010di som si na to pr\u00edli\u0161 nezvykol.<\/p>\n<p><b>Ako vn\u00edma\u0161 s odstupom \u010dasu Superstar? Umelo vytvoren\u00e9 hviezdy, telev\u00edzna z\u00e1bava- m\u00e1 to nejak\u00fd zmysel?<\/b><br \/>\nJe to \u0161ou pre telev\u00edzneho div\u00e1ka a \u010d\u00edsla s\u00fa jasn\u00fdm d\u00f4kazom \u00faspechu. Spev\u00e1cke s\u00fa\u0165a\u017ee tu boli odjak\u017eiva- aj v \u010dasoch, ke\u010f telev\u00edzia nebola. A v\u0161etci, ktor\u00ed dnes \u0161tartuj\u00fa kari\u00e9ru bud\u00fa z poh\u013eadu niektor\u00e9ho jednotlivca \u201eumelo vytvoren\u00ed&#8220;, to je paranoja. Dnes je jednoduch\u0161ie dosta\u0165 sa do povedomia masovo zo d\u0148a na de\u0148, nielen prostredn\u00edctvom telev\u00edzie. Ako sa kto chop\u00ed pr\u00edle\u017eitosti, je individu\u00e1lne. Superstar nie je na to aby niekoho vypravila do \u017eivota. Kto sa vie obraca\u0165, vie tento typ programu geni\u00e1lne pou\u017ei\u0165 v prospech svojej spev\u00e1ckej bud\u00facnosti.<\/p>\n<p><b>Sleduje\u0161 teraj\u0161iu Superstar?<\/b><br \/>\nOkrajovo. Ale udr\u017eujem si preh\u013ead.<\/p>\n<p><b>M\u00e1\u0161 za sebou epiz\u00f3dnu \u00falohu barmana v seri\u00e1li Mesto tie\u0148ov, zahr\u00e1\u0161 si v pripravovanom slovenskom horore Fabrika smrti&#8230;<\/b><br \/>\nJe to dielo z dielne dvojice Agda Bavi Pain a Gejza Dezorz a z m\u00f4jho poh\u013eadu ide o film, ktor\u00fd zodpoved\u00e1 krit\u00e9ri\u00e1m b\u00e9\u010dkov\u00e9ho hororu s jasnou \u0161trukt\u00farou. V na\u0161ich pomeroch je to v\u0161ak asi prv\u00fd exempl\u00e1r, ktor\u00fd bude dom\u00e1ci a zasaden\u00fd aj do n\u00e1\u0161ho, tunaj\u0161ieho, re\u00e1lneho prostredia: partia mlad\u00fdch \u013eud\u00ed sa vyberie \u017e\u00farova\u0165 do Tatier a tam sa film za\u010dne. Je to horor, tak\u017ee sa bude vra\u017edi\u0165 a nemali by ch\u00fdba\u0165 v\u0161etky prvopl\u00e1nov\u00e9 prepojenia tohto \u017e\u00e1nru.<\/p>\n<p><b>O Fabrike smrti sa hovor\u00ed ako o prvom slovenskom horore na americk\u00fd sp\u00f4sob, je to nie\u010do, \u010do tu e\u0161te nikto nenato\u010dil. \u010co \u0165a presved\u010dilo?<\/b><br \/>\nM\u0148a presved\u010dil scen\u00e1r. Dobre sa to \u010d\u00edtalo, tento \u017e\u00e1ner m\u00e1m r\u00e1d, tak\u017ee je to uvo\u013e\u0148ova\u010dka. Ke\u010f v americkom filme parti\u010dka sympatick\u00fdch stredo\u0161kol\u00e1kov skon\u010d\u00ed v kalu\u017ei krvi v kabinete, u\u017e to nie je tak\u00e9 prekvapenie. Ale ako kon\u010dia osudy Slov\u00e1kov po \u017e\u00fare v Tatr\u00e1ch, za pr\u00edtomnosti turistov a divn\u00fdch post\u00e1v z \u010dudn\u00fdch miest, to sme e\u0161te v kine zatia\u013e vidie\u0165 nemohli. Ak v\u00e1s nedes\u00ed umel\u00e1 krv, mne sa to zd\u00e1 sk\u00f4r cel\u00e9 viac vtipn\u00e9 ako stra\u0161ideln\u00e9.<\/p>\n<p><b>Nat\u00e1\u010da\u0165 sa bude t\u00fato zimu v Tatr\u00e1ch. \u010coho sa ty ako \u201eneherec&#8220; najviac ob\u00e1va\u0161 a na \u010do sa te\u0161\u00ed\u0161?<\/b><br \/>\nStrach m\u00e1m zo sc\u00e9n, ktor\u00e9 s\u00fa na obraze hr\u00f4zostra\u0161n\u00e9, ale pri ich v\u00fdrobe ide najm\u00e4 o v\u00fdraz. Fakt, \u017ee ti na tele nie\u010do odre\u017e\u00fa, sa udeje a\u017e o p\u00e1r mesiacov nesk\u00f4r v postprodukcii, ale pre\u017e\u00edva\u0165 to treba vo v\u00fdraze, to si doteraz neviem celkom presne predstavi\u0165. A paradoxne sa pr\u00e1ve na to te\u0161\u00edm. U\u017e len v\u00fdroba odliatku mojej hlavy a hrudn\u00edka bola zvl\u00e1\u0161tna sk\u00fasenos\u0165, ktor\u00fa by som za in\u00fdch okolnost\u00ed asi \u0165a\u017eko mohol absolvova\u0165 pri moder\u00e1torskej pr\u00e1ci.<\/p>\n<p><b>L\u00e1ka \u0165a herectvo alebo je to len t\u00fa\u017eba sk\u00fasi\u0165 nie\u010do nov\u00e9, pr\u00edpadne odp\u00fata\u0165 sa na chv\u00ed\u013eu od reality?<\/b><br \/>\nPrvotn\u00e9 pohn\u00fatky boli ur\u010dite vo vidine sk\u00fasi\u0165 nie\u010do nov\u00e9, navy\u0161e so skvel\u00fdm kolekt\u00edvom- to je siln\u00e1 motiv\u00e1cia. Ale filmy ma ve\u013emi zauj\u00edmaj\u00fa, herectvo \u010di divadlo m\u00e1 pre m\u0148a ve\u013ek\u00e9 \u010daro. Teraz m\u00e1m \u0161ancu vysk\u00fa\u0161a\u0165 si by\u0165 na chv\u00ed\u013eu ochotn\u00edk, ale sk\u00fasenos\u0165 to je z m\u00f4jho poh\u013eadu v\u00fdznamn\u00e1. \u00dactu si sp\u00e1jam v tomto pr\u00edpade s re\u0161pektom, tak\u017ee z mojej strany ide o ak\u00fdsi pokus. Sk\u00faste sa niekedy postavi\u0165 pred kameru a zist\u00edte, \u017ee stv\u00e1rni\u0165 \u010doko\u013evek a kohoko\u013evek nie je v\u00f4bec jednoduch\u00e9. Herectvo je \u0165a\u017ek\u00e1 robota.<\/p>\n<p><b>Ist\u00fd \u010das si robil aj hudobn\u00e9ho dramaturga v divadle Meteorit&#8230;<\/b><br \/>\nNaposledy tomu tak bolo v marci 2009, ke\u010f som dovyberal hudbu pre predstavenie Richard III. Bola to moja \u0161tvrt\u00e1 spolupr\u00e1ca tohto druhu a odvtedy som hudobn\u00fa dramaturgiu pre divadlo nerobil.<\/p>\n<p><b>Pre\u010do?<\/b><br \/>\n\u010eal\u0161ia ponuka nepri\u0161la, resp. odvtedy ani nebola v pr\u00edprave hra, do ktorej by som vedel prispie\u0165.<\/p>\n<p><b>Mnoh\u00ed spom\u00ednaj\u00fa na rel\u00e1ciu Music Files, ktor\u00fa si vysielal na Fun r\u00e1diu. Nel\u00e1ka \u0165a vr\u00e1ti\u0165 sa do r\u00e1dia?<\/b><br \/>\nV\u017edy, ke\u010f si chcem spomen\u00fa\u0165 na \u010dasy v r\u00e1diu, vybav\u00ed sa mi aj t\u00e1to srdcovka. Bola to nede\u013en\u00e1 trojhodinovka o najnov\u0161\u00edch albumoch, singloch a singlov\u00fdch rebr\u00ed\u010dkoch, recenzi\u00e1ch. Sna\u017eil som sa ju robi\u0165 tak, ako som si predstavoval rel\u00e1ciu, ktor\u00fa som v\u017edy chcel po\u010d\u00fava\u0165 v \u010dasoch, ke\u010f neboli r\u00e1di\u00e1 v inform\u00e1ci\u00e1ch pomal\u0161ie ne\u017e internet \u010di \u010dasopisy, ako je tomu dnes. S v\u00fdnimkou R\u00e1dia_FM, dnes u\u017e hraj\u00fa v\u0161etky r\u00e1dia ten ist\u00fd \u010di podobn\u00fd bal\u00edk nieko\u013ek\u00fdch pesni\u010diek a v\u0161etku argument\u00e1ciu rie\u0161ia \u010d\u00edsla, prieskumy a po\u010d\u00edta\u010de. Ke\u010f\u017ee som v r\u00e1diu pre\u017eil tak dlh\u00fd \u010das ako redaktor, odmietam ponuky \u00eds\u0165 robi\u0165 moder\u00e1tora alebo nadriaden\u00e9ho, preto\u017ee sa s t\u00fdm neviem stoto\u017eni\u0165 nato\u013eko, aby sa mi opr\u00e1\u0161il pocit \u0161\u0165astia a radosti z faktu, \u017ee pracujem v r\u00e1diu. Vyrastal som a r\u00e1diu som sa venoval v trochu inej dobe ako je t\u00e1 dne\u0161n\u00e1.<\/p>\n<p><b>Ak\u00e1 ponuka by musela pr\u00eds\u0165, aby si do toho \u0161iel?<\/b><br \/>\nAni s\u00e1m neviem, ja r\u00e1dio v mojom \u017eivote vn\u00edmam ako do\u010dasne uzatvoren\u00fa kapitolu.<\/p>\n<p><b>Sleduje\u0161 s\u00fa\u010dasn\u00fa hudobn\u00fa sc\u00e9nu? \u010co po\u010d\u00fava\u0161?<\/b><br \/>\nSledujem, ale u\u017e len po svojej linke, tak\u017ee hitpar\u00e1dy u\u017e nem\u00e1m d\u00f4vod analyzova\u0165. Za posledn\u00fdch p\u00e4\u0165 rokov som naj\u010dastej\u0161ie i\u0161iel smerom world music od Balk\u00e1nu cez Klezmer a\u017e po juhoamerick\u00e9 vody. St\u00e1le som vern\u00fd t\u00fdm, ktor\u00ed ma nikdy nesklamali, ako Muse \u010di Radiohead. Hip Hop \u010di r&#8217;n&#8217;b ma v\u00f4bec neberie a nie\u010do medzi melodickou alternat\u00edvou, depk\u00e1rmi a g\u00fd\u010dom pov\u00fd\u0161en\u00fdm na umenie so siln\u00fdm talentom a z\u00e1zem\u00edm-ako sa jav\u00ed Lady Gaga- ma v\u017edy aspo\u0148 na \u010das up\u00fata.<\/p>\n<p><b>Sleduje\u0161 \u201esvoju linku&#8220;-nie je pre hudobn\u00e9ho dramaturga najd\u00f4le\u017eitej\u0161\u00ed celkov\u00fd preh\u013ead toho, \u010do sa deje na sc\u00e9ne?<\/b><br \/>\nCelkov\u00fd preh\u013ead m\u00e1m. V\u0161eobecn\u00fd. K\u00fdm som ho mal profesion\u00e1lny, ovl\u00e1dal som aj to, ktor\u00fd singel sa dostal na ktor\u00e9 miesto, v ktorej hitpar\u00e1de a kto, kde a kedy koncertuje, kto s k\u00fdm nahr\u00e1va album, kto \u010do potvrdil a dementoval v r\u00e1mci hudobn\u00e9ho priemyslu. A to u\u017e neovl\u00e1dam.<\/p>\n<p><b>Na \u010dom, okrem pripravovan\u00e9ho filmu Fabrika smrti, moment\u00e1lne pracuje\u0161? Si \u010dlovek, ktor\u00fd pl\u00e1nuje alebo \u010dak\u00e1 na ponuky a \u201enerie\u0161i&#8220;?<\/b><br \/>\n\u017div\u00edm sa moderovan\u00edm a to je ob\u010dasn\u00e1 \u010dinnos\u0165. Mal som mimoriadne preplnen\u00fd prv\u00fd polrok, stihol som s\u00e9riu Let&#8217;s Dance, Eurov\u00edziu, festival Viva Musica ako moder\u00e1tor. Spolupracoval som ako dramaturg na jazzovom festivale, venoval som sa p\u00e1r neziskov\u00fdm aktivit\u00e1m, popritom som moderoval \u00edventy. Prakticky od janu\u00e1ra do konca j\u00fala som fr\u010dal bez prest\u00e1vky. Tak\u017ee teraz s pokojom Indi\u00e1na hovor\u00edm, \u017ee nerob\u00edm ni\u010d. Pred Vianocami ma e\u0161te \u010dak\u00e1 zop\u00e1r charitat\u00edvnych podujat\u00ed a k moderovaniu sa vr\u00e1tim zase v janu\u00e1ri.<\/p>\n","protected":false},"excerpt":{"rendered":"<p>Kto nepozn\u00e1 Pyca, ten zrejme ne\u017eije v tejto krajine. Pr\u00edbeh o tom, ako ho O\u013ega Z\u00e1black\u00e1 dotiahla vo Fun r\u00e1diu pred mikrof\u00f3n je tie\u017e notoricky zn\u00e1my. Pyca vlastne netreba v\u00f4bec predstavova\u0165. Rozhovor o tom, \u010do robil po Superstar, o tom, \u010di ho l\u00e1ka herectvo a \u010di by sa vr\u00e1til do r\u00e1dia. Martin Pyco Rausch. Po [&hellip;]<\/p>\n","protected":false},"author":1,"featured_media":1684,"parent":0,"menu_order":0,"comment_status":"open","ping_status":"open","template":"","meta":{"footnotes":""},"class_list":["post-261","page","type-page","status-publish","has-post-thumbnail","hentry"],"_links":{"self":[{"href":"http:\/\/martin-pyco-rausch-fans.sk\/index.php?rest_route=\/wp\/v2\/pages\/261","targetHints":{"allow":["GET"]}}],"collection":[{"href":"http:\/\/martin-pyco-rausch-fans.sk\/index.php?rest_route=\/wp\/v2\/pages"}],"about":[{"href":"http:\/\/martin-pyco-rausch-fans.sk\/index.php?rest_route=\/wp\/v2\/types\/page"}],"author":[{"embeddable":true,"href":"http:\/\/martin-pyco-rausch-fans.sk\/index.php?rest_route=\/wp\/v2\/users\/1"}],"replies":[{"embeddable":true,"href":"http:\/\/martin-pyco-rausch-fans.sk\/index.php?rest_route=%2Fwp%2Fv2%2Fcomments&post=261"}],"version-history":[{"count":5,"href":"http:\/\/martin-pyco-rausch-fans.sk\/index.php?rest_route=\/wp\/v2\/pages\/261\/revisions"}],"predecessor-version":[{"id":2003,"href":"http:\/\/martin-pyco-rausch-fans.sk\/index.php?rest_route=\/wp\/v2\/pages\/261\/revisions\/2003"}],"wp:featuredmedia":[{"embeddable":true,"href":"http:\/\/martin-pyco-rausch-fans.sk\/index.php?rest_route=\/wp\/v2\/media\/1684"}],"wp:attachment":[{"href":"http:\/\/martin-pyco-rausch-fans.sk\/index.php?rest_route=%2Fwp%2Fv2%2Fmedia&parent=261"}],"curies":[{"name":"wp","href":"https:\/\/api.w.org\/{rel}","templated":true}]}}