{"id":269,"date":"2014-10-18T02:11:37","date_gmt":"2014-10-18T00:11:37","guid":{"rendered":"http:\/\/www.martin-pyco-rausch-fans.sk\/wordpress\/?page_id=269"},"modified":"2016-10-29T23:36:22","modified_gmt":"2016-10-29T22:36:22","slug":"v-stredomori-som-doma","status":"publish","type":"page","link":"http:\/\/martin-pyco-rausch-fans.sk\/?page_id=269","title":{"rendered":"&#8222;V Stredomor\u00ed som doma&#8220;"},"content":{"rendered":"<div class = \"alert alert-info \">Zdroj:\u00a0plus1den.sk\/bajecna-zena<br \/>\nD\u00e1tum:\u00a028. febru\u00e1r 2008<\/div>\n<p>Ner\u00e1d hovor\u00ed o rodine, nec\u00edti sa dobre medzi cudz\u00edmi \u013eu\u010fmi a ne\u013eutuje, \u017ee sa nedostal na vysok\u00fa \u0161kolu. Martin Pyco Rausch (30) si v\u017edy mysl\u00ed, \u017ee projekt, ktor\u00fd pr\u00e1ve rob\u00ed, je ten posledn\u00fd. \u010co bude robi\u0165 potom?<\/p>\n<p><b>Budete \u00fa\u010dinkova\u0165 v novom seri\u00e1li. Ako ste sa k tomu dostali?<\/b><br \/>\nRe\u017eis\u00e9r ma dlho, dlho prehov\u00e1ral.<\/p>\n<p><b>A prehovoril?<\/b><br \/>\nPrehovoril. Nie je to \u017eiadna ve\u013ek\u00e1 rola, len epiz\u00f3dna postava barmana v desiatom diele Mesta tie\u0148ov.<\/p>\n<p><b>Na nie\u010do v\u00e4\u010d\u0161ie si netr\u00fafate?<\/b><br \/>\nS t\u00fdmto re\u017eis\u00e9rom mo\u017eno aj \u00e1no. Robili sme spolu dve kampane pre mobiln\u00e9ho oper\u00e1tora. Gejza Dizorz, to je jeho umeleck\u00fd pseudonym, mi d\u00f4veruje a ubezpe\u010duje ma, \u017ee tak\u00e9to \u201eherectvo\u201c zvl\u00e1dnem \u013eavou zadnou. Pre m\u0148a je najd\u00f4le\u017eitej\u0161ie, s k\u00fdm rob\u00edm. Ani SuperStar by nebola \u00faspe\u0161n\u00e1, keby na nej nepracovali dobr\u00ed \u013eudia.<\/p>\n<p><b>Bolo herectvo v\u017edy va\u0161\u00edm tajn\u00fdm snom?<\/b><br \/>\nNemal som prirodzen\u00e9 hereck\u00e9 amb\u00edcie. Keby ma nepresved\u010dili, \u017ee to vyjde, ani mi to nenapadne. Treba to sk\u00fasi\u0165. Teraz \u00fa\u010dinkujem prv\u00fdkr\u00e1t v klipe, hoci len na chv\u00ed\u013eu.<\/p>\n<p><b>Aj na to v\u00e1s museli prehov\u00e1ra\u0165?<\/b><br \/>\nRob\u00edm to zase kv\u00f4li \u013eu\u010fom. Pre\u010do nevyu\u017ei\u0165 to, \u017ee sa \u010dastej\u0161ie p\u00ed\u0161e o tom, \u010do rob\u00ed Pyco, ako o novom klipe nejakej nezn\u00e1mej kapely? \u013dudia mi dali dev\u00edzu, \u017ee ma maj\u00fa radi, a ja t\u00fdm r\u00e1d niekomu pom\u00f4\u017eem.<\/p>\n<p><b>Preto ste sa z\u00fa\u010dastnili aj na kampani proti rakovine prsn\u00edka?<\/b><br \/>\n\u00c1no. A rob\u00edm r\u00e1d aj divadlo.<\/p>\n<p><b>Ako herec?<\/b><br \/>\nAko hudobn\u00fd dramaturg. M\u00f4\u017eem za to \u010fakova\u0165 SuperStar. Pred dvomi rokmi ma oslovil re\u017eis\u00e9r R\u00f3bert Csontos, ktor\u00fd v\u00f4bec netu\u0161il, ak\u00e1 je moja skuto\u010dn\u00e1 pr\u00e1ca. Dostal len referencie, \u017ee som robil hudobn\u00e9ho dramaturga telev\u00edznych rel\u00e1ci\u00ed. Stretli sme sa, jeho v\u00edzia realiz\u00e1cie hry sa mi p\u00e1\u010dila a teraz u\u017e chyst\u00e1me \u010fal\u0161iu \u2013 Bakchantky od Euripida bud\u00fa ma\u0165 onedlho premi\u00e9ru.<\/p>\n<p><b>\u010co v\u00e1m vyhovuje viac \u2013 by\u0165 na obrazovke alebo v pozad\u00ed?<\/b><br \/>\nV pozad\u00ed som to vlastne ja. Aj v r\u00e1diu som bol v\u017edy viac redaktorom ako moder\u00e1torom. Vyh\u013ead\u00e1val som, zbieral, p\u00edsal, nikdy som nemoderoval norm\u00e1lnu rel\u00e1ciu, okrem koncertu na \u017eelanie. V\u0161etky ostatn\u00e9 boli zameran\u00e9 na konkr\u00e9tny hudobn\u00fd \u0161t\u00fdl, ktor\u00fd som len odprezentoval.<\/p>\n<p><b>Ako moder\u00e1tora v\u00e1s nechceli?<\/b><br \/>\nPon\u00fakali mi primetimy, ale v klasickom moderovan\u00ed som nevidel ni\u010d, v \u010dom sa viem realizova\u0165. Keby SuperStar bola o \u201elav\u00f3rkach\u201c, takisto ju nerob\u00edm. Bola o speve, a ten s hudbou s\u00favis\u00ed.<\/p>\n<p><b>Nech\u00fdba v\u00e1m pr\u00e1ca v r\u00e1diu?<\/b><br \/>\nPri tom, ak\u00e1 je \u017ealostn\u00e1 situ\u00e1cia v slovensk\u00fdch r\u00e1di\u00e1ch, nie. Jedin\u00e9, ktor\u00e9 sa d\u00e1 po\u010d\u00fava\u0165 a ktor\u00e9 m\u00e1 aj posluch\u00e1\u010da, je R\u00e1dio FM. Dr\u017e\u00edm mu palce.<\/p>\n<p><b>A \u010do FUN Radio, kde ste za\u010d\u00ednali?<\/b><br \/>\nFUN R\u00e1dio sa ni\u010d\u00edm nel\u00ed\u0161i. Hr\u00e1 to, \u010do v\u0161etci, a moder\u00e1torov tam spo\u010d\u00edtam aj s n\u00e1hradn\u00edkmi na jednej ruke.<\/p>\n<p><b>Ke\u010f ste tam za\u010d\u00ednali, mali ste len \u0161estn\u00e1s\u0165. Pri\u0161li ste a skr\u00e1tka povedali, \u017ee tam chcete robi\u0165?<\/b><br \/>\nVtedy bolo FUN Radio lok\u00e1lna stanica, ktor\u00e1 sa cez de\u0148 nap\u00e1jala na slovensk\u00e9 vysielanie. Pracovali tam vysoko\u0161kol\u00e1ci a ja som pri\u0161iel s t\u00fdm, \u017ee m\u00e1m odmali\u010dka napo\u010d\u00favan\u00e9 rak\u00faske stanice, ktor\u00e9 do Petr\u017ealky dosiahli, preh\u013ead o tom, \u010do sa deje, viem preklada\u0165 spr\u00e1vy z nem\u010diny a angli\u010dtiny a za\u010dal som si uvedomova\u0165 vlastn\u00fd hudobn\u00fd vkus. Bez n\u00e1roku na honor\u00e1r som nieko\u013eko rokov pre r\u00e1dio pracoval. Len z \u010distej pasie, popri \u0161kole.<\/p>\n<p><b>A potom v\u00e1s O\u013ega Z\u00e1black\u00e1 dotla\u010dila do moderovania?<\/b><br \/>\nDoslova.<\/p>\n<p><b>T\u00fdm v\u00e1m pomohla aj do telky.<\/b><br \/>\nTri roky som robil rel\u00e1cie o varen\u00ed a cestovan\u00ed, potom pri\u0161la SuperStar. Bolo tam akur\u00e1t viac kamier a \u013eud\u00ed. Otvorilo mi to ve\u013ea mo\u017enost\u00ed, dostal som mnoho pon\u00fak, z ktor\u00fdch som 90 percent odmietol, lebo sa mi zdali nevhodn\u00e9. Moderovanie mi \u201evysv\u00e4tilo\u201c prostriedky na to, \u010do rob\u00edm r\u00e1d, hudobn\u00fa dramaturgiu a veci v z\u00e1kulis\u00ed, o ktor\u00fdch \u013eudia nevedia.<\/p>\n<p><b>K hudbe ste mali v\u017edy bl\u00edzko. Ako ste sa ocitli na hotelovej akad\u00e9mii?<\/b><br \/>\nVe\u013emi jednoducho. Spomedzi \u0161tyroch s\u00farodencov som bol \u201edobr\u00fd \u017eiak\u201c, mal som st\u00e1le sam\u00e9 jednotky. Mohol som si vybera\u0165, ale v \u00f4smej triede mi pripadalo nespravodliv\u00e9, \u017ee sa mus\u00edm rozhodn\u00fa\u0165 pre \u0161kolu, ktor\u00e1 ovplyvn\u00ed cel\u00fd m\u00f4j \u010fal\u0161\u00ed \u017eivot. Stredn\u00e1 \u0161kola pod\u013ea mojich predst\u00e1v musela trva\u0165 \u010do najdlh\u0161ie, aby som oddialil vojen\u010dinu. Hotelov\u00e1 akad\u00e9mia mala p\u00e4\u0165 rokov, boli tam navy\u0161e tri cudzie jazyky a po tre\u0165om roku odpadla matematika a fyzika a vymenila ich ekonomika, turizmus a gastron\u00f3mia, \u010do bolo pre m\u0148a najzauj\u00edmavej\u0161ie.<\/p>\n<p><b>Boli ste jednotk\u00e1r, na vysok\u00fa ste \u00eds\u0165 nechceli?<\/b><br \/>\nChcel som, aj som si vysk\u00fa\u0161al prij\u00edma\u010dky. Bez pr\u00edpravy som i\u0161iel na odbor prekladate\u013e \u2013 tlmo\u010dn\u00edk. V tom \u010dase ma v\u0161ak r\u00e1dio u\u017e tak bavilo, \u017ee na vysok\u00fa nebol \u010das.<\/p>\n<p><b>Nezat\u00fa\u017eili ste to dohna\u0165?<\/b><br \/>\nNie, lebo spolu\u017eiaci, ktor\u00ed sa na \u0161kolu dostali, ma ubezpe\u010dovali, \u017ee je to presne to, \u010do by ma nebavilo. Rad\u0161ej sa nau\u010d\u00edm jazyk v danej krajine.<\/p>\n<p><b>Aj angli\u010dtinu ste sa tak u\u010dili?<\/b><br \/>\nU\u010dil som sa ju foneticky, gramatick\u00e9 chyby som postupne odstra\u0148oval, ako som vstupoval hlb\u0161ie do jazyka. Vysok\u00fa \u0161kolu som si spravil zo \u017eivota, budem sa vzdel\u00e1va\u0165 st\u00e1le a r\u00e1d. Po dvadsiatke pri\u0161li jazyky, teraz m\u00e1m chu\u0165 vzdel\u00e1va\u0165 sa v hist\u00f3rii a umen\u00ed a v p\u00e4\u0165desiatke budem ma\u0165 mo\u017eno to\u013eko u\u010diva v hlave ako po vysokej.<\/p>\n<p><b>Nemrz\u00ed v\u00e1s, \u017ee nem\u00e1te titul?<\/b><br \/>\nNikdy mi ne\u0161lo ani o titul, ani aby som mal vysok\u00fa \u0161kolu, ale nie\u010do sa nau\u010di\u0165. Moment\u00e1lne sa u\u010d\u00edm ka\u017ed\u00fd de\u0148 nie\u010do nov\u00e9. Akur\u00e1t ma to stoj\u00ed viac \u010dasu a pe\u0148az\u00ed.<\/p>\n<p><b>Sk\u00fasili ste si niekedy to, \u010do ste vy\u0161tudovali na hotelovej akad\u00e9mii?<\/b> Odpraxoval som si p\u00e1r mesiacov v lete niekde v re\u0161taur\u00e1cii, nesk\u00f4r na recepcii v hoteloch a ich z\u00e1kulis\u00ed.<\/p>\n<p><b>Nezalo\u017e\u00edte si re\u0161taur\u00e1ciu?<\/b><br \/>\nZatia\u013e nem\u00e1m pocit, \u017ee by som mal. Podnikanie je pr\u00e1ca na cel\u00fd de\u0148, t\u00fd\u017ede\u0148 a \u017eivot a k\u00fdm rob\u00edm to, \u010do rob\u00edm, nem\u00e1 zmysel za\u010d\u00edna\u0165 nie\u010do nov\u00e9. Nem\u00e1m chu\u0165 skon\u010di\u0165 v nemocnici na inf\u00fazi\u00e1ch.<\/p>\n<p><b>Tak\u017ee sa \u0161etr\u00edte a nerob\u00edte viac vec\u00ed naraz?<\/b><br \/>\nK\u00fdm funguje projekt v telev\u00edzii, venujem sa mu naplno, potom sa sna\u017e\u00edm vypn\u00fa\u0165 a znova sa na\u0161tartova\u0165. Akur\u00e1t teraz som to trochu prehnal \u2013 po SuperStar pri\u0161lo divadlo, skuto\u010dne som oddychoval len \u0161tyri dni. Teraz pr\u00edde Let\u2019s Dance a ja u\u017e som unaven\u00fd. A to je len marec.<\/p>\n<p><b>\u010co budete robi\u0165, a\u017e v telke skon\u010d\u00edte?<\/b><br \/>\nZaka\u017ed\u00fdm hovor\u00edm, \u017ee po tomto projekte u\u017e ni\u010d \u010fal\u0161ie nepr\u00edde, tak\u017ee koniec sa len od\u010fa\u013euje. Ale e\u0161te nepri\u0161iel, tak\u017ee neviem.<\/p>\n<p><b>V SuperStar ste sa v priamom prenose pom\u00fdlili. Mali ste vtedy pocit, \u017ee koniec pri\u0161iel?<\/b><br \/>\nE\u0161te som nemal tak\u00fd radik\u00e1lny pocit. Bol som tak\u00fd unaven\u00fd, \u017ee som odk\u00e1zal Ivane Kov\u00e1\u010dovej od Zdenky Prednej to, \u010do odkazovala Dominike Mirgovej. Ve\u013emi ma to mrzelo.<\/p>\n<p><b>Boli ste odmali\u010dka tak\u00fd komunikat\u00edvny?<\/b><br \/>\nKe\u010f moderujete, neznamen\u00e1 to, \u017ee sa t\u00fa\u017eite s ka\u017ed\u00fdm rozpr\u00e1va\u0165. Ke\u010f pr\u00eddem do miestnosti plnej \u013eud\u00ed, ktor\u00fdch nepozn\u00e1m, nenadv\u00e4zujem r\u00e1d kontakty. Rad\u0161ej sa rozpr\u00e1vam s t\u00fdmi, ktor\u00fdch pozn\u00e1m. To mi zostalo odmali\u010dka a tie\u017e aj to, \u017ee rozpr\u00e1vam ve\u013emi r\u00fdchlo.<\/p>\n<p><b>Je v\u00e1m teda lep\u0161ie s jedn\u00fdm \u010dlovekom ako s partiou?<\/b><br \/>\nZ\u00e1le\u017e\u00ed na tom, ko\u013ek\u00fdch z nich pozn\u00e1m.<\/p>\n<p><b>Na dovolenky v\u0161ak nechod\u00edte s\u00e1m&#8230;<\/b><br \/>\nNa norm\u00e1lnej dovolenke \u2013 desa\u0165 dn\u00ed s cestovnou kancel\u00e1riou \u2013 som nebol u\u017e \u0161es\u0165 \u010di sedem rokov. Tak\u00e9 z\u00e1jazdy mi pripadaj\u00fa ako organizovan\u00e9 vylodenie tule\u0148ov. Ke\u010f som niekam \u0161iel, tak v\u017edy za \u0161t\u00fadiom a potom som tam ostal so spolu\u017eiakmi aj na dovolenke.<\/p>\n<p><b>Kde budete dovolenkova\u0165 toto leto?<\/b><br \/>\nLet\u2019s Dance sa skon\u010d\u00ed na konci j\u00fana a u\u017e na jese\u0148 by sme mali ma\u0165 \u010fal\u0161iu hru v divadle, ktor\u00e1 sa bude sk\u00fa\u0161a\u0165 pr\u00e1ve v lete. Budem ma\u0165 dva-tri t\u00fd\u017edne na to, aby som sa zregeneroval. Mal som v pl\u00e1ne \u00eds\u0165 do \u0160panielska, u\u010di\u0165 sa \u0161paniel\u010dinu. Nem\u00e1m v\u0161ak ani z\u00e1klad, a tak by som tam musel str\u00e1vi\u0165 podstatne viac \u010dasu.<\/p>\n<p><b>P\u00e1\u010dia sa v\u00e1m \u0160panielky?<\/b><br \/>\nP\u00e1\u010dia sa mi \u017eeny s tmav\u00fdmi vlasmi a o\u010dami, zemito-ohniv\u00e9 typy. Zbo\u017e\u0148ujem v\u0161ak piesne v \u0161paniel\u010dine. V minulom \u017eivote som musel ma\u0165 stredomorsk\u00e9 prepojenie \u2013 c\u00edtim sa doma v Gr\u00e9cku a k \u0160panielsku inklinujem.<\/p>\n","protected":false},"excerpt":{"rendered":"<p>Ner\u00e1d hovor\u00ed o rodine, nec\u00edti sa dobre medzi cudz\u00edmi \u013eu\u010fmi a ne\u013eutuje, \u017ee sa nedostal na vysok\u00fa \u0161kolu. Martin Pyco Rausch (30) si v\u017edy mysl\u00ed, \u017ee projekt, ktor\u00fd pr\u00e1ve rob\u00ed, je ten posledn\u00fd. \u010co bude robi\u0165 potom? Budete \u00fa\u010dinkova\u0165 v novom seri\u00e1li. Ako ste sa k tomu dostali? Re\u017eis\u00e9r ma dlho, dlho prehov\u00e1ral. A prehovoril? [&hellip;]<\/p>\n","protected":false},"author":1,"featured_media":1724,"parent":0,"menu_order":0,"comment_status":"open","ping_status":"open","template":"","meta":{"footnotes":""},"class_list":["post-269","page","type-page","status-publish","has-post-thumbnail","hentry"],"_links":{"self":[{"href":"http:\/\/martin-pyco-rausch-fans.sk\/index.php?rest_route=\/wp\/v2\/pages\/269","targetHints":{"allow":["GET"]}}],"collection":[{"href":"http:\/\/martin-pyco-rausch-fans.sk\/index.php?rest_route=\/wp\/v2\/pages"}],"about":[{"href":"http:\/\/martin-pyco-rausch-fans.sk\/index.php?rest_route=\/wp\/v2\/types\/page"}],"author":[{"embeddable":true,"href":"http:\/\/martin-pyco-rausch-fans.sk\/index.php?rest_route=\/wp\/v2\/users\/1"}],"replies":[{"embeddable":true,"href":"http:\/\/martin-pyco-rausch-fans.sk\/index.php?rest_route=%2Fwp%2Fv2%2Fcomments&post=269"}],"version-history":[{"count":5,"href":"http:\/\/martin-pyco-rausch-fans.sk\/index.php?rest_route=\/wp\/v2\/pages\/269\/revisions"}],"predecessor-version":[{"id":6294,"href":"http:\/\/martin-pyco-rausch-fans.sk\/index.php?rest_route=\/wp\/v2\/pages\/269\/revisions\/6294"}],"wp:featuredmedia":[{"embeddable":true,"href":"http:\/\/martin-pyco-rausch-fans.sk\/index.php?rest_route=\/wp\/v2\/media\/1724"}],"wp:attachment":[{"href":"http:\/\/martin-pyco-rausch-fans.sk\/index.php?rest_route=%2Fwp%2Fv2%2Fmedia&parent=269"}],"curies":[{"name":"wp","href":"https:\/\/api.w.org\/{rel}","templated":true}]}}