{"id":273,"date":"2014-10-18T02:13:32","date_gmt":"2014-10-18T00:13:32","guid":{"rendered":"http:\/\/www.martin-pyco-rausch-fans.sk\/wordpress\/?page_id=273"},"modified":"2015-02-09T00:46:14","modified_gmt":"2015-02-08T22:46:14","slug":"nie-som-rumburak","status":"publish","type":"page","link":"http:\/\/martin-pyco-rausch-fans.sk\/?page_id=273","title":{"rendered":"&#8222;Nie som Rumburak&#8220;"},"content":{"rendered":"<div class = \"alert alert-info \">Zdroj: Maxisuper<br \/>\nD\u00e1tum: 2008<\/div>\n<p>Nie je be\u017en\u00e9, aby sa ob\u013e\u00faben\u00e9 telev\u00edzne tv\u00e1re nechali spoveda\u0165 svojimi fan\u00fa\u0161ikmi. Jeden z naj\u017eiadanej\u0161\u00edch slovensk\u00fdch star\u00fdch ml\u00e1dencov Pyco, dokonca aj s novin\u00e1rmi komunikuje ve\u013emi v\u00fdnimo\u010dne. Stretnutie a pa\u013ebu ot\u00e1zok, ktor\u00fdmi ho pre www.maxiSuper.sk zasypal 16 ro\u010dn\u00fd \u0160tevo z Popradu v\u0161ak neodmietol.<\/p>\n<p><b>Ako p\u00e4tn\u00e1s\u0165ro\u010dn\u00fd si vo Fun r\u00e1diu za\u010dal pracova\u0165 ako moder\u00e1tor. \u017divil si sa niekedy aj manu\u00e1lne?<\/b><br \/>\nSamozrejme. Chodil som na Hotelov\u00fa \u0161kolu, kde sme mali ka\u017ed\u00fd t\u00fd\u017ede\u0148 povinn\u00fa prax. Dokonca som praxoval aj v nieko\u013ek\u00fdch hoteloch a re\u0161taur\u00e1ci\u00e1ch, inak by som nedo\u0161tudoval. Dodnes si doma var\u00edm a mysl\u00edm, \u017ee celkom dobre. Niektor\u00e9 manu\u00e1lne pr\u00e1ce s\u00fa v\u0161ak rovnako kr\u00e1sne ako intelektu\u00e1lne. Ja medzi nimi nerob\u00edm \u017eiaden rozdiel.<\/p>\n<p><b>V \u0161kole n\u00e1m hovoria, \u017ee na to, aby sme mali tak\u00fa slovn\u00fa z\u00e1sobu ako ty, treba \u010d\u00edta\u0165 ve\u013ea kn\u00edh. Ko\u013eko kn\u00edh si u\u017e pre\u010d\u00edtal?<\/b><br \/>\nAko die\u0165a som knihy odmietal, preto\u017ee n\u00e1s v \u0161kole n\u00fatili \u010d\u00edta\u0165 a t\u00fdm sa mi sprotivili. Ku knih\u00e1m som sa dostal op\u00e4\u0165 ako 22 \u2013 23 ro\u010dn\u00fd a odvtedy som na nich z\u00e1visl\u00fd. Odmietal som autoritu, ktor\u00e1 mi nak\u00e1\u017ee \u010do m\u00e1m robi\u0165, tak\u017ee ma knihy za\u010dali bavi\u0165, a\u017e ke\u010f som si ich na\u0161iel s\u00e1m.<\/p>\n<p><b>Pre mnoh\u00fdch \u013eud\u00ed si idol, pre niekoho aj sexidol. Je to pr\u00edjemn\u00fd pocit, alebo ti to prek\u00e1\u017ea?<\/b><br \/>\nNeviem, komu by prek\u00e1\u017ealo by\u0165 sexidol. Nie je to s\u00edce nie\u010do, po \u010dom by som t\u00fa\u017eil, ale ke\u010f ma tak niekto vol\u00e1, tak mi to len lichot\u00ed. Lep\u0161ie ako by mi hovorili,promo_m.jpg \u017ee vyzer\u00e1m ako Rumburak.<\/p>\n<p><b>St\u00e1va sa ti, \u017ee \u013eudia na teba na ulici pokrikuj\u00fa?<\/b><br \/>\nOb\u010das nejak\u00ed teenegeri, ktor\u00ed to asi pova\u017euj\u00fa za ist\u00fd sp\u00f4sob prejavu a to re\u0161pektujem. Slov\u00e1ci s\u00fa inak slu\u0161n\u00ed, nepokrikuj\u00fa.<\/p>\n<p><b>V\u010faka SuperStar si sa stal r\u00fdchlo ve\u013emi popul\u00e1rny. Ako ti chut\u00ed sl\u00e1va?<\/b><br \/>\nMysl\u00edm, \u017ee to, \u010do sa stalo mne, nie je sl\u00e1va. \u013dudia ma spozn\u00e1vaj\u00fa rovnako ako niekoho, kto rob\u00ed reklamu na konzervy, lebo je \u010dasto v telev\u00edzii. A ak to u\u017e niekto vol\u00e1 sl\u00e1va, rozhodne nebola r\u00fdchla. Trin\u00e1s\u0165 rokov som str\u00e1vil v r\u00e1diu a potom sa objavili telev\u00edzne ponuky. V r\u00e1diu som roky pracoval nielen ako moder\u00e1tor, ale aj scen\u00e1rista a dramaturg. Potom som odrazu pri\u0161iel do telev\u00edzie poveda\u0165 \u0161es\u0165 viet a to si teraz ty nazval sl\u00e1va.<\/p>\n<p><b>To znamen\u00e1, \u017ee SuperStar nebola tvoja najlep\u0161ia pracovn\u00e1 pr\u00edle\u017eitos\u0165?<\/b><br \/>\nNie. Ist\u00e9ho \u010dasu som mal ve\u013emi r\u00e1d r\u00e1dio. A\u017e tak, \u017ee som nadobudol pocit, \u017ee kv\u00f4li tejto pr\u00e1ci som sa narodil. Maxim\u00e1lne ma nap\u013a\u0148ala. Ale komplexne po v\u0161etk\u00fdch str\u00e1nkach pova\u017eujem za svoju najlep\u0161iu pr\u00edle\u017eitos\u0165 rel\u00e1ciu Cestuj s nami, ktor\u00fa som robil rok pre Slovensk\u00fa telev\u00edziu. Po\u010das nat\u00e1\u010dania sme pre\u0161li cel\u00fa Eur\u00f3pu. Ja som re\u017e\u00edroval, p\u00edsal scen\u00e1re, moderoval, strihal, aj vyberal hudbu na podmaz. V s\u00fa\u010dasnosti rob\u00edm hudobn\u00e9ho dramaturga pre medzin\u00e1rodn\u00fd divadeln\u00fd projekt v piatich jazykoch. Vybera\u0165 hudbu pre tieto predstavenia pova\u017eujem za obrovsk\u00fa v\u00fdzvu. T\u00e1to pr\u00e1ca si vy\u017eaduje niekoho so sk\u00fasenos\u0165ami, na rozdiel od SuperStar, kde sta\u010dilo by\u0165 pr\u00edjemn\u00fd.<\/p>\n<p><b>Kto \u0165a v SuperStar najviac zaujal? Komu si dr\u017eal palce?<\/b><br \/>\nZ fin\u00e1lovej desiatky boli v\u0161etci fajn. Bol to ve\u013emi dobr\u00fd v\u00fdber spev\u00e1kov. To, \u017ee teraz niekoho nespomeniem e\u0161te neznamen\u00e1, \u017ee som mu nefandil. Najviac som sa ale te\u0161il, ke\u010f som na p\u00f3diu videl Dominiku Mirgov\u00fa a Martina Konr\u00e1da. Ale aj Mambu. Je \u0161koda, \u017ee vypadla u\u017e v prvom semifin\u00e1lovom kole. Keby dostala \u0161ancu \u00eds\u0165 \u010falej, mo\u017eno by si \u013eudia uvedomili, \u017ee vie spieva\u0165 a aj profesne je u\u017e vytvarovan\u00e1. Bohu\u017eia\u013e nedostala od Slov\u00e1kov \u0161ancu. U Martina sa mi paradoxne p\u00e1\u010dil jeho spev\u00e1cky prejav, za ktor\u00fd bol \u010dasto kritizovan\u00fd. Mne sa p\u00e1\u010dia alternat\u00edvne britsk\u00e9 kapely, ktor\u00e9 maj\u00fa na h\u00e1ku, \u017ee ob\u010das spievaj\u00fa falo\u0161ne. Nem\u00e1m r\u00e1d, \u0161kolen\u00e9 princezn\u00e9 vo ve\u010dern\u00fdch \u0161at\u00e1ch, tak\u017ee kto chce hlasova\u0165 za Celine Dion, nech hlasuje za tak\u00e9 sle\u010dny, ja po\u010d\u00favam RadioHead.<\/p>\n<p><b>Ko\u013eko jazykov ovl\u00e1da\u0161? Po skon\u010den\u00ed prvej s\u00e9rie SuperStar si odcestoval do Gr\u00e9cka u\u010di\u0165 sa gr\u00e9\u010dtinu. Bavilo \u0165a to?<\/b><br \/>\nBavilo ma to ve\u013emi. Po prvej SuperStar som bol na trojmesa\u010dnom \u0161tudijnom pobyte novogr\u00e9\u010dtiny a pred za\u010diatkom druhej SuperStar som bol na dvojmesa\u010dnom \u0161tudijnom pobyte. Ale to u\u017e bolo cez prij\u00edma\u010dky na dvoch univerzit\u00e1ch. M\u0148a jazyky v\u0161eobecne bavia. Nem\u010dinu som sa za\u010dal u\u010di\u0165 u\u017e ako osemro\u010dn\u00fd, hoci to za socializmu nebolo \u013eahk\u00e9. V\u00f4bec nebolo be\u017en\u00e9, aby u n\u00e1s \u013eudia rozpr\u00e1vali nemecky. Roz\u0161\u00edren\u00e1 bola iba ru\u0161tina. Ke\u010f som sa ju v \u0161kole za\u010dal u\u010di\u0165, po nemecky som u\u017e vedel perfektne. Po anglicky som sa viac menej nau\u010dil s\u00e1m. Ke\u010f\u017ee som od p\u00e4tn\u00e1stich pracoval, nebol \u010das na jazykov\u00e9 kurzy. Dne\u0161n\u00ed mlad\u00ed \u013eudia maj\u00fa luxus, \u017ee sa na z\u00e1kladnej \u0161kole m\u00f4\u017eu u\u010di\u0165 jazyky a frfl\u00fa na to. Popritom je to to najlep\u0161ie, \u010do mohla t\u00e1to gener\u00e1cia dosta\u0165. Ja sa sna\u017e\u00edm \u010falej vzdel\u00e1va\u0165. O gr\u00e9\u010dtinu som u\u017e zakopol a tento rok m\u00e1m z\u00e1v\u00e4zok, \u017ee chcem za\u010da\u0165 so \u0161paniel\u010dinou.<\/p>\n<p><b>Ja som dnes kv\u00f4li stretnutiu s tebou vst\u00e1val o piatej r\u00e1no a precestoval 500 kilometrov. M\u00e1\u0161 aj ty nejak\u00fd idol, kv\u00f4li ktor\u00e9mu by si to urobil?<\/b><br \/>\nSamozrejme. Keby som sa mohol stretn\u00fa\u0165 s niek\u00fdm zo skupiny Muse, alebo Radiohead, bol by som ochotn\u00fd nespa\u0165 aj t\u00fd\u017ede\u0148. Potom je tu e\u0161te p\u00e1r stredn\u00fdch a hlavn\u00fdch hviezd. Napr\u00edklad by som si r\u00e1d pokecal aj s Madonnou. T\u00e1 by ale ur\u010dite mala predsudky z novin\u00e1ra. Z hercov je to Nicole Kidman, alebo Meryl Streep. Ale aj hociktor\u00ed autori kn\u00edh, ktor\u00e9 \u010d\u00edtam. Nie je to o tom, kto \u010do dosiahol, ale hlavne, kto \u010do v sebe m\u00e1.<\/p>\n","protected":false},"excerpt":{"rendered":"<p>Nie je be\u017en\u00e9, aby sa ob\u013e\u00faben\u00e9 telev\u00edzne tv\u00e1re nechali spoveda\u0165 svojimi fan\u00fa\u0161ikmi. Jeden z naj\u017eiadanej\u0161\u00edch slovensk\u00fdch star\u00fdch ml\u00e1dencov Pyco, dokonca aj s novin\u00e1rmi komunikuje ve\u013emi v\u00fdnimo\u010dne. Stretnutie a pa\u013ebu ot\u00e1zok, ktor\u00fdmi ho pre www.maxiSuper.sk zasypal 16 ro\u010dn\u00fd \u0160tevo z Popradu v\u0161ak neodmietol. Ako p\u00e4tn\u00e1s\u0165ro\u010dn\u00fd si vo Fun r\u00e1diu za\u010dal pracova\u0165 ako moder\u00e1tor. \u017divil si sa [&hellip;]<\/p>\n","protected":false},"author":1,"featured_media":0,"parent":0,"menu_order":0,"comment_status":"open","ping_status":"open","template":"","meta":{"footnotes":""},"class_list":["post-273","page","type-page","status-publish","hentry"],"_links":{"self":[{"href":"http:\/\/martin-pyco-rausch-fans.sk\/index.php?rest_route=\/wp\/v2\/pages\/273","targetHints":{"allow":["GET"]}}],"collection":[{"href":"http:\/\/martin-pyco-rausch-fans.sk\/index.php?rest_route=\/wp\/v2\/pages"}],"about":[{"href":"http:\/\/martin-pyco-rausch-fans.sk\/index.php?rest_route=\/wp\/v2\/types\/page"}],"author":[{"embeddable":true,"href":"http:\/\/martin-pyco-rausch-fans.sk\/index.php?rest_route=\/wp\/v2\/users\/1"}],"replies":[{"embeddable":true,"href":"http:\/\/martin-pyco-rausch-fans.sk\/index.php?rest_route=%2Fwp%2Fv2%2Fcomments&post=273"}],"version-history":[{"count":4,"href":"http:\/\/martin-pyco-rausch-fans.sk\/index.php?rest_route=\/wp\/v2\/pages\/273\/revisions"}],"predecessor-version":[{"id":2008,"href":"http:\/\/martin-pyco-rausch-fans.sk\/index.php?rest_route=\/wp\/v2\/pages\/273\/revisions\/2008"}],"wp:attachment":[{"href":"http:\/\/martin-pyco-rausch-fans.sk\/index.php?rest_route=%2Fwp%2Fv2%2Fmedia&parent=273"}],"curies":[{"name":"wp","href":"https:\/\/api.w.org\/{rel}","templated":true}]}}