{"id":279,"date":"2014-10-18T02:16:07","date_gmt":"2014-10-18T00:16:07","guid":{"rendered":"http:\/\/www.martin-pyco-rausch-fans.sk\/wordpress\/?page_id=279"},"modified":"2015-02-09T00:47:55","modified_gmt":"2015-02-08T22:47:55","slug":"ak-moze-moja-popularita-prospiet-aj-niekomu-inemu-nie-je-co-riesit","status":"publish","type":"page","link":"http:\/\/martin-pyco-rausch-fans.sk\/?page_id=279","title":{"rendered":"&#8222;Ak m\u00f4\u017ee moja popularita prospie\u0165 aj niekomu in\u00e9mu, nie je \u010do rie\u0161i\u0165&#8220;"},"content":{"rendered":"<div class = \"alert alert-info \">Zdroj:\u00a0superstar.markiza.sk<br \/>\nD\u00e1tum: 2007<\/div>\n<p>Pyco je u\u017e tret\u00edm rokom moder\u00e1torom popul\u00e1rnej spev\u00e1ckej s\u00fa\u0165a\u017ee Slovensko h\u013ead\u00e1 superstar. Popularitu, ktor\u00e1 sa mu aj v\u010faka Superstar dostane chce v\u0161ak vyu\u017ei\u0165 aj tro\u0161ku inak. Napr\u00edklad, zapojen\u00edm sa do kampane Avon proti rakovine prsn\u00edka&#8230;<\/p>\n<p><b>Ako dlho spolupracujete s Avonom?<\/b><br \/>\nTipujem, \u017ee s\u00fa to tu\u0161\u00edm tri roky, ani si nespom\u00ednam, ku ktor\u00e9mu d\u0148u sa datuje prv\u00e1 spolupr\u00e1ca.<\/p>\n<p><b>\u010co pre v\u00e1s t\u00e1to pr\u00e1ca znamen\u00e1? Pre\u010do ste sa pre \u0148u rozhodli?<\/b><br \/>\nPr\u00e1ca v telev\u00edzii je spojen\u00e1 s istou publicitou a t\u00e1 sa d\u00e1 vyu\u017e\u00edva\u0165 r\u00f4zne. Pre m\u0148a m\u00e1 najlogickej\u0161\u00ed zmysel pritiahnu\u0165 medializovanou tv\u00e1rou pozornos\u0165 na nie\u010do d\u00f4le\u017eit\u00e9, ako s\u00fa napr\u00edklad prevent\u00edvne vy\u0161etrenia pred rakovinou prsn\u00edka. \u017diadam svoje ctite\u013eky len o to, aby si na\u0161li \u010das na n\u00e1v\u0161tevu lek\u00e1ra. V kone\u010dnom d\u00f4sledku si tak m\u00f4\u017eu v niektor\u00fdch pr\u00edpadoch zachr\u00e1ni\u0165 \u017eivot. A pokia\u013e si aj zdrav\u00fd \u010dlovek k\u00fapi praktick\u00fd predmet z charitat\u00edvnej kampane, pom\u00f4\u017ee zase t\u00fdm, ktor\u00fdm u\u017e rakovina do \u017eivota zasiahla.<\/p>\n<p><b>Ako tv\u00e1r kampane Avon proti rakovine prsn\u00edka ur\u010dite dobre pozn\u00e1te aj ich kozmetiku. Ktor\u00fd v\u00fdrobok je v\u00e1\u0161 najob\u013e\u00fabenej\u0161\u00ed a pre\u010do?<\/b><br \/>\nCelkovo som si ob\u013e\u00fabil kozmetiku p\u00e1nskej l\u00ednie, g\u00e9l na holenie, balzam po holen\u00ed, \u010di p\u00e1nske kr\u00e9my. Mask\u00e9rky ma dokonca nau\u010dili ako sa stara\u0165 o chronick\u00e9 kruhy pod o\u010dami.<\/p>\n<p><b>\u010co je pre v\u00e1s d\u00f4le\u017eit\u00e9 pri v\u00fdbere kozmetiky?<\/b><br \/>\nRe\u00e1lny dlhodob\u00fd v\u00fdsledok. Prim\u00e1rne rie\u0161im aj v\u00f4\u0148u, ale t\u00e1 je z poh\u013eadu dlhodob\u00e9ho pou\u017e\u00edvania menej d\u00f4le\u017eit\u00e1 ako to, \u010di kr\u00e9m \u010di balzam mojej pleti prospieva.<\/p>\n<p><b>Ovplyv\u0148uje v\u00e1s pri v\u00fdbere a pou\u017e\u00edvan\u00ed kozmetiky aj ro\u010dn\u00e9 obdobie?<\/b><br \/>\n\u00c1no. V lete nem\u00e1m r\u00e1d na hlave vlasy, tak pri kr\u00e1tkom zostrihu nepou\u017e\u00edvam okrem \u0161amp\u00f3nu \u017eiadny in\u00fd vlasov\u00fd pr\u00edpravok. Inak to ve\u013emi nerozli\u0161ujem.<\/p>\n<p><b>\u010co rob\u00edte pre svoj vzh\u013ead, ako sa pestujete?<\/b><br \/>\n\u0160portujem a sna\u017e\u00edm sa jes\u0165 zdravo, r\u00e1no a ve\u010der pou\u017eijem kr\u00e9m na tv\u00e1r.<\/p>\n<p><b>\u010co je pod\u013ea v\u00e1s na \u017een\u00e1ch najpr\u00ed\u0165a\u017elivej\u0161ie?<\/b><br \/>\nFyzicky o\u010di, inak du\u0161a v kombin\u00e1cii s intelektom.<\/p>\n<p><b>Vstupujete do tretej s\u00e9rie Superstar. Kam ste sa po prv\u00fdch dvoch s\u00e9ri\u00e1ch moder\u00e1torsky posunuli? \u010c\u00edm bude pre v\u00e1s t\u00e1to tretia zauj\u00edmav\u00e1 \u2013 in\u00e1?<\/b><br \/>\nIn\u00e1 je v tom \u017ee sa s Adelou aj re\u017eis\u00e9rom sna\u017e\u00edme aby bola in\u00e1 v porovnan\u00ed s predo\u0161l\u00fdmi s\u00e9riami. Neviem \u010di sa mne osobne podarilo niekam posun\u00fa\u0165, nie som si ist\u00fd \u010di toto je program, v ktorom sa moder\u00e1tor m\u00f4\u017ee ve\u013emi pos\u00fava\u0165. Je to o posune spev\u00e1kov.<\/p>\n<p><b>Pokra\u010dovania nikdy nie s\u00fa tak dobr\u00e9 ako jednotka. Neob\u00e1vate sa, \u017ee podobn\u00fd osud postihne aj Superstar?<\/b><br \/>\nMne sa Superstar 3 naozaj ve\u013emi p\u00e1\u010di, mali sme \u0161\u0165astie na talenty. A ako mi napadaj\u00fa nevydaren\u00e9 pokra\u010dovania filmov \u010di s\u00fa\u0165a\u017e\u00ed, tak mi napadaj\u00fa aj nasledovn\u00edci, ktor\u00ed prekonali predchodcov, tak\u017ee v tomto smere je skoro hodnoti\u0165.<\/p>\n<p><b>Kto je pre v\u00e1s skuto\u010dn\u00e1 hudobn\u00e1 superstar?<\/b><br \/>\nV popmusic? Pre trv\u00e1cnos\u0165 a schopnos\u0165 kumulova\u0165 marketing, \u00eds\u0165 s dobou, kalkulova\u0165 vizu\u00e1lne aj obsahovo a z\u00e1rove\u0148 da\u0165 v\u00fdsledku vlastn\u00fa pe\u010da\u0165 a poda\u0165 uverite\u013en\u00fa obhajobu najhrub\u0161ej komercie: Madonna. Samozrejme \u017ee s\u00fa lep\u0161\u00ed spev\u00e1ci a pred \u0148ou zomreli mili\u00f3ny lep\u0161\u00edch umelcov, ale to je ako porovn\u00e1va\u0165 gramof\u00f3n s najnov\u0161\u00edm MP3 prehr\u00e1va\u010dom.<\/p>\n","protected":false},"excerpt":{"rendered":"<p>Pyco je u\u017e tret\u00edm rokom moder\u00e1torom popul\u00e1rnej spev\u00e1ckej s\u00fa\u0165a\u017ee Slovensko h\u013ead\u00e1 superstar. Popularitu, ktor\u00e1 sa mu aj v\u010faka Superstar dostane chce v\u0161ak vyu\u017ei\u0165 aj tro\u0161ku inak. Napr\u00edklad, zapojen\u00edm sa do kampane Avon proti rakovine prsn\u00edka&#8230; Ako dlho spolupracujete s Avonom? Tipujem, \u017ee s\u00fa to tu\u0161\u00edm tri roky, ani si nespom\u00ednam, ku ktor\u00e9mu d\u0148u sa datuje [&hellip;]<\/p>\n","protected":false},"author":1,"featured_media":0,"parent":0,"menu_order":0,"comment_status":"open","ping_status":"open","template":"","meta":{"footnotes":""},"class_list":["post-279","page","type-page","status-publish","hentry"],"_links":{"self":[{"href":"http:\/\/martin-pyco-rausch-fans.sk\/index.php?rest_route=\/wp\/v2\/pages\/279","targetHints":{"allow":["GET"]}}],"collection":[{"href":"http:\/\/martin-pyco-rausch-fans.sk\/index.php?rest_route=\/wp\/v2\/pages"}],"about":[{"href":"http:\/\/martin-pyco-rausch-fans.sk\/index.php?rest_route=\/wp\/v2\/types\/page"}],"author":[{"embeddable":true,"href":"http:\/\/martin-pyco-rausch-fans.sk\/index.php?rest_route=\/wp\/v2\/users\/1"}],"replies":[{"embeddable":true,"href":"http:\/\/martin-pyco-rausch-fans.sk\/index.php?rest_route=%2Fwp%2Fv2%2Fcomments&post=279"}],"version-history":[{"count":4,"href":"http:\/\/martin-pyco-rausch-fans.sk\/index.php?rest_route=\/wp\/v2\/pages\/279\/revisions"}],"predecessor-version":[{"id":2010,"href":"http:\/\/martin-pyco-rausch-fans.sk\/index.php?rest_route=\/wp\/v2\/pages\/279\/revisions\/2010"}],"wp:attachment":[{"href":"http:\/\/martin-pyco-rausch-fans.sk\/index.php?rest_route=%2Fwp%2Fv2%2Fmedia&parent=279"}],"curies":[{"name":"wp","href":"https:\/\/api.w.org\/{rel}","templated":true}]}}