{"id":281,"date":"2014-10-18T02:17:53","date_gmt":"2014-10-18T00:17:53","guid":{"rendered":"http:\/\/www.martin-pyco-rausch-fans.sk\/wordpress\/?page_id=281"},"modified":"2016-10-29T23:38:21","modified_gmt":"2016-10-29T22:38:21","slug":"dostaval-som-sexualne-ponuky","status":"publish","type":"page","link":"http:\/\/martin-pyco-rausch-fans.sk\/?page_id=281","title":{"rendered":"&#8222;Dost\u00e1val som sexu\u00e1lne ponuky&#8220;"},"content":{"rendered":"<div class = \"alert alert-info \">Zdroj:\u00a0aktualne.atlas.sk<br \/>\nD\u00e1tum:\u00a031.\u00a0marec\u00a02007<\/div>\n<p>Spev\u00e1cka \u0161ou Slovensko h\u013ead\u00e1 SuperStar ho r\u00fdchlos\u0165ou blesku katapultovala medzi slovensk\u00fa moder\u00e1torsk\u00fa \u0161pi\u010dku. Ako si na obdobie \u0161ialenstva okolo svojej osoby spom\u00edna s odstupom \u010dasu dnes? Uvid\u00edme ho aj v tohtoro\u010dnej tretej s\u00e9rii SuperStar? Toto v\u0161etko a e\u0161te ove\u013ea viac v\u00e1m v nasleduj\u00facom rozhovore prezrad\u00ed ob\u013e\u00faben\u00fd moder\u00e1tor Martin \u201ePyco&#8220; Rausch.<\/p>\n<p><b>Ak\u00e9 s\u00fa va\u0161e prv\u00e9 sk\u00fasenosti s pr\u00e1cou v \u00e9teri?<\/b><br \/>\nJa som bol die\u0165a Petr\u017ealky a ke\u010f\u017ee sme boli bl\u00edzko k rak\u00faskym hraniciam, \u201echytali&#8220; sme r\u00f4zne rak\u00faske r\u00e1di\u00e1 a ja som ich po\u010d\u00faval. Tak\u00ed interpreti ako Madonna alebo Michael Jackson sa u n\u00e1s v takom rozsahu nevyskytovali a ja som ich mal odpo\u010d\u00favan\u00fdch pr\u00e1ve z t\u00fdchto stan\u00edc. Ako 15-ro\u010dn\u00fd som sa osmelil \u00eds\u0165 do prv\u00e9ho s\u00fakromn\u00e9ho r\u00e1dia a uch\u00e1dzal som sa o pr\u00e1cu hudobn\u00e9ho redaktora.<\/p>\n<p><b>Tak\u017ee to bola l\u00e1ska k hudbe?<\/b><br \/>\nI\u0161lo hlavne o to, \u017ee vtedy e\u0161te internet prakticky nefungoval. Na cel\u00fa redakciu sme mali jeden po\u010d\u00edta\u010d a spracov\u00e1vanie hitpar\u00e1dy st\u00e1lo a padalo naozaj na tom, kto m\u00e1 \u010do odpo\u010d\u00favan\u00e9. Boli to za\u010diatky (smiech).<\/p>\n<p><b>A ako sa z pubertiaka, ktor\u00fd zostavuje hitpar\u00e1du pesni\u010diek, stane \u00faspe\u0161n\u00fd moder\u00e1tor?<\/b><br \/>\nNahovorili ma na to. Povedali mi, \u017ee ke\u010f to zostavujem, pre\u010do by som si to nemohol aj moderova\u0165. Hitpar\u00e1du som v\u0161ak nechcel, a tak sa to v\u0161etko za\u010dalo. Odvtedy som vlastne zostal vern\u00fd Fun radiu i ke\u010f posledn\u00e9 roky u\u017e na moderovanie v rozhlase nem\u00e1m \u010das. Do toho naj\u0161ir\u0161ieho povedomia div\u00e1kov ste sa jednozna\u010dne dostali v\u010faka prv\u00e9mu ro\u010dn\u00edku Slovensko h\u013ead\u00e1 SuperStar. Ako si spom\u00ednate na tieto chv\u00edle? Pozvali ma na casting. Mal som odohra\u0165 vymodelovan\u00fa sc\u00e9nu z fin\u00e1le SuperStar. V tom obdob\u00ed sa u\u017e p\u00edsalo v denn\u00edkoch o jasn\u00fdch moder\u00e1torsk\u00fdch dvojiciach ako Dara Rolins a Jopo \u010di \u0160arkan a Andrea Chabro\u0148ov\u00e1. Bol som preto prekvapen\u00fd, \u017ee ma volali aj na druh\u00e9 kolo, kde mi mali vybra\u0165 partnerku.<\/p>\n<p><b>Nebolo teda jasn\u00e9 od za\u010diatku, \u017ee partnerkou bude Adela?<\/b><br \/>\nAdela s Brunom mali robi\u0165 back stage dvojicu. A nakoniec sa to vyjasnilo tak, \u017ee p\u00e1r urobili z n\u00e1s dvoch. My sme s\u00edce s Adelou pracovali v jednom r\u00e1diu, ale nikdy sme spolu nemoderovali. To, \u017ee si sadneme a vieme sa dop\u013a\u0148a\u0165, to vzniklo naozaj a\u017e na SuperStar.<\/p>\n<p><b>Tak\u017ee naj\u017eiadanej\u0161iu dvojicu moder\u00e1torov vlastne \u201evyrobila&#8220; \u0161ou Slovensko h\u013ead\u00e1 Superstar&#8230;<\/b><br \/>\nPrv\u00e9 \u017eiv\u00e9 prenosy, \u010di sk\u00f4r castingy uch\u00e1dza\u010dov o spievanie, boli tak\u00fdm miernym o\u0165uk\u00e1van\u00edm, ale ve\u013emi r\u00fdchlo sme si na seba zvykli, a potom to u\u017e v\u0161etko i\u0161lo hladko.<\/p>\n<p><b>O\u0161ia\u013e okolo \u0161ou bol v tom obdob\u00ed obrovsk\u00fd. Ako ste zn\u00e1\u0161ali medializ\u00e1ciu a aj z\u00e1ujem fan\u00fa\u0161i\u010diek?<\/b><br \/>\nVedel som, do ak\u00e9ho ve\u013ek\u00e9ho projektu idem a po\u010d\u00edtal som s t\u00fdm, \u017ee toto k tomu bude pravdepodobne patri\u0165. Preto ma to neprekvapilo.<\/p>\n<p><b>Tak\u017ee neust\u00e1le vyzv\u00e1\u0148anie telef\u00f3nu ste rie\u0161ili ako?<\/b><br \/>\nMus\u00edm sa prizna\u0165, \u017ee netu\u0161\u00edm, kde si \u013eudia zohnali \u010d\u00edslo m\u00f4jho telef\u00f3nu, ale vtedy bol ten o\u0161ia\u013e naozaj ve\u013ek\u00fd. Rie\u0161il som to jednoducho &#8211; vyp\u00ednal som mobil. Telef\u00f3n dok\u00e1\u017ee by\u0165 dos\u0165 nepr\u00edjemn\u00fd.<\/p>\n<p><b>M\u00e1te aj nejak\u00fa kuriozitu spojen\u00fa s fun klubom?<\/b><br \/>\n(Smiech.) \u010co som pova\u017eoval u\u017e za naozaj strelen\u00fd pr\u00edpad bolo, ke\u010f mi p\u00edsal chlapec, ktor\u00fd chcel so mnou dohodn\u00fa\u0165 stretnutie so svojou priate\u013ekou. Povedal mi, \u017ee jeho diev\u010da ma \u201ezbo\u017e\u0148uje&#8220; a chcel mu urobi\u0165 tak\u00fdmto sp\u00f4sobom rados\u0165. Tak to u\u017e poklad\u00e1m naozaj za \u201euleten\u00e9&#8220;.<\/p>\n<p><b>Toto bol teda ten najkuri\u00f3znej\u0161\u00ed pr\u00edpad?<\/b><br \/>\nBoli tam r\u00f4zne ponuky sexu\u00e1lneho charakteru od 13-ro\u010dn\u00fdch diev\u010din, \u010do u\u017e hrani\u010d\u00ed s trestn\u00fdm \u010dinom. Ale beriem to tak, \u017ee ke\u010f sme boli mal\u00ed my, tak sme sa obhadzovali desiatov\u00fdmi mliekami v \u0161kole a \u0165ahali sme diev\u010dat\u00e1 za vrko\u010de, no a teraz sa telefonuje na \u010d\u00edslo, ktor\u00e9 sa nap\u00ed\u0161e na tabu\u013eu (smiech). Proste, je to nov\u00e1 gener\u00e1cia.<\/p>\n<p><b>Do druh\u00e9ho ro\u010dn\u00edka SuperStar sa u\u017e automaticky po\u010d\u00edtalo so starou dobrou zabehnutou dvojicou Adela &#8211; Pyco. Ako v\u0161ak vn\u00edmate rozdiely medzi prv\u00fdm a druh\u00fdm ro\u010dn\u00edkom vy?<\/b><br \/>\nNeviem, pre\u010do vznikla dogma, \u017ee druh\u00fd ro\u010dn\u00edk bol vla\u017enej\u0161\u00ed. Asi preto, \u017ee okolo prv\u00e9ho bol naozaj obrovsk\u00fd o\u0161ia\u013e. Z m\u00f4jho poh\u013eadu bol druh\u00fd ro\u010dn\u00edk jednozna\u010dne lep\u0161\u00ed. Teraz v\u0161ak neposudzujem spev\u00e1kov. Moderovalo sa mi lep\u0161ie, u\u017e sme vedeli, ako vysoko sme si polo\u017eili latku, poznali sme sa so \u0161t\u00e1bom, v\u0161etko u\u017e i\u0161lo \u013eah\u0161ie. Prv\u00fd ro\u010dn\u00edk bola senz\u00e1cia, no druh\u00fd bol u\u017e kvalitnej\u0161\u00ed. Ka\u017ed\u00fd vedel, do \u010doho ide, a tak sa k tomu aj staval.<\/p>\n<p><b>A ako ste na tom so vz\u0165ahmi so spev\u00e1kmi, ktor\u00ed sa zrodili po \u0161ou?<\/b><br \/>\nJe pravda, \u017ee viac kontaktov m\u00e1m s \u013eu\u010fmi z prvej s\u00e9rie SuperStar. Z m\u00f4jho poh\u013eadu tam bolo ak\u00e9si \u0161\u0165astie na povahy. Napr\u00edklad so Zdenkou Prednou sa be\u017ene stret\u00e1vam, ob\u010das stretnem Pe\u0165u Hume\u0148ansk\u00fa a Tom\u00e1\u0161a Bezdedu stret\u00e1vam pomerne \u010dasto, ke\u010f\u017ee tvor\u00ed s Adelou p\u00e1r. Ale najlep\u0161\u00ed kamar\u00e1ti sme asi so Zdenkou a s Katkou Ko\u0161\u010dovou.<\/p>\n<p><b>Apropo, ako ste reagovali na fakt, \u017ee Adela sa dala dokopy s Tom\u00e1\u0161om?<\/b><br \/>\n(Smiech.) Tak to si pam\u00e4t\u00e1m \u00faplne presne. S Adelou sme i\u0161li akur\u00e1t v aute, ona \u0161of\u00e9rovala a zazvonil telef\u00f3n. Bolo to niekedy v druhej polovici prvej SuperStar. My sme sa sna\u017eili vyh\u00fdba\u0165 civiln\u00e9mu kontaktu so s\u00fa\u0165a\u017eiacimi, tak\u017ee mi pri\u0161lo trochu divn\u00e9, \u017ee vol\u00e1 Tom\u00e1\u0161 Bezdeda. A vtedy to Adela vyklopila, \u017ee oni asi s\u00fa, alebo asi bud\u00fa p\u00e1r (smiech). Ja som si spo\u010diatku myslel, \u017ee je to nejak\u00fd f\u00f3r. Neveril som jej. Adela mi u\u017e predt\u00fdm povedala, \u017ee mi chce zveri\u0165 nejak\u00e9 tajomstvo, na ktor\u00e9 by som aj tak mohol pr\u00eds\u0165, ale mne to nezap\u00ednalo (smiech). Tret\u00ed ro\u010dn\u00edk ob\u013e\u00fabenej \u0161ou sa u\u017e pripravuje. Vymenili sa s\u00edce telev\u00edzie a namiesto STV bude prebieha\u0165 na obrazovk\u00e1ch Mark\u00edzy, ale m\u00f4\u017eeme d\u00fafa\u0165, \u017ee moder\u00e1tori zostan\u00fa rovnak\u00ed?<\/p>\n<p><b>V\u0161etko je e\u0161te v \u0161t\u00e1diu pred podp\u00edsan\u00edm zmluvy, tak\u017ee e\u0161te nie je v\u0161etko vyrie\u0161en\u00e9.<\/b><br \/>\nNa Mark\u00edze ste sa ako moder\u00e1torsk\u00e1 dvojica s Adelou objavili vo ve\u013emi \u00faspe\u0161nej \u0161ou Let\u00b4s Dance, tak\u017ee s touto telev\u00edziou u\u017e sk\u00fasenosti m\u00e1te&#8230; Let\u00b4s Dance bol ve\u013emi pr\u00edjemn\u00fd \u201ebo\u010d\u00e1k&#8220; (smiech). Sna\u017eili sme sa ho moderova\u0165 v inom duchu ako SuperStar. Aj ke\u010f n\u00e1s verejnos\u0165 u\u017e vn\u00edma ako ak\u00fdsi tandem zo SuperStar, do ka\u017ed\u00e9ho nov\u00e9ho projektu sa sna\u017e\u00edme vst\u00fapi\u0165 s odli\u0161n\u00fdm \u0161t\u00fdlom moderovania.<\/p>\n<p><b>So vzrastaj\u00facou popularitou vzrast\u00e1 aj dopyt po va\u0161ich slu\u017eb\u00e1ch. Moment\u00e1lne ste v obdob\u00ed, ke\u010f si m\u00f4\u017eete z pon\u00fak vybera\u0165. S\u00fa akcie, ktor\u00e9 by ste a priori odmietli?<\/b><br \/>\nZatia\u013e som odmietal politick\u00e9 akcie. Nem\u00e1m toti\u017e vyhranen\u00fd politick\u00fd n\u00e1zor. A m\u00e1lokedy rob\u00edm aj \u0161portovo zameran\u00e9 akcie. Hoci mo\u017eno p\u00f4sob\u00edm \u0161portovo, ale nie som \u0161portov\u00fd typ (smiech). Odmietol som aj p\u00e1r rekl\u00e1m, ale i\u0161lo o produkty, ktor\u00e9 by som nechcel prezentova\u0165.<\/p>\n<p><b>Tak\u017ee nikdy ste sa neocitli v situ\u00e1cii, \u017ee by ste zobrali \u010doko\u013evek?<\/b><br \/>\nAle \u00e1no. Ke\u010f som musel spl\u00e1ca\u0165 hypot\u00e9ku, bral som na moderovanie v\u0161etky akcie. Ale nevyskytla sa tam \u017eiadna, ktor\u00e1 by hrani\u010dila s moj\u00edm vkusom. Na\u0161\u0165astie (smiech).<\/p>\n<p><b>Ste neust\u00e1le vy\u0165a\u017een\u00fd. M\u00e1te aj nejak\u00fd s\u00fakromn\u00fd \u017eivot? \u010co na to va\u0161a rodina?<\/b><br \/>\nMoj\u00edm najv\u00e4\u010d\u0161\u00edm motiva\u010dn\u00fdm prvkom je moja mamina. V\u017edy sa ve\u013emi te\u0161\u00ed zo v\u0161etk\u00fdch mojich \u00faspechov, napr\u00edklad z prvej nomin\u00e1cie na ocenenie OTO. Ke\u010f vid\u00edm, ako ju to te\u0161\u00ed, d\u00e1va to aj mne ak\u00fdsi nov\u00fd zmysel<\/p>\n","protected":false},"excerpt":{"rendered":"<p>Spev\u00e1cka \u0161ou Slovensko h\u013ead\u00e1 SuperStar ho r\u00fdchlos\u0165ou blesku katapultovala medzi slovensk\u00fa moder\u00e1torsk\u00fa \u0161pi\u010dku. Ako si na obdobie \u0161ialenstva okolo svojej osoby spom\u00edna s odstupom \u010dasu dnes? Uvid\u00edme ho aj v tohtoro\u010dnej tretej s\u00e9rii SuperStar? Toto v\u0161etko a e\u0161te ove\u013ea viac v\u00e1m v nasleduj\u00facom rozhovore prezrad\u00ed ob\u013e\u00faben\u00fd moder\u00e1tor Martin \u201ePyco&#8220; Rausch. Ak\u00e9 s\u00fa va\u0161e prv\u00e9 sk\u00fasenosti [&hellip;]<\/p>\n","protected":false},"author":1,"featured_media":1739,"parent":0,"menu_order":0,"comment_status":"open","ping_status":"open","template":"","meta":{"footnotes":""},"class_list":["post-281","page","type-page","status-publish","has-post-thumbnail","hentry"],"_links":{"self":[{"href":"http:\/\/martin-pyco-rausch-fans.sk\/index.php?rest_route=\/wp\/v2\/pages\/281","targetHints":{"allow":["GET"]}}],"collection":[{"href":"http:\/\/martin-pyco-rausch-fans.sk\/index.php?rest_route=\/wp\/v2\/pages"}],"about":[{"href":"http:\/\/martin-pyco-rausch-fans.sk\/index.php?rest_route=\/wp\/v2\/types\/page"}],"author":[{"embeddable":true,"href":"http:\/\/martin-pyco-rausch-fans.sk\/index.php?rest_route=\/wp\/v2\/users\/1"}],"replies":[{"embeddable":true,"href":"http:\/\/martin-pyco-rausch-fans.sk\/index.php?rest_route=%2Fwp%2Fv2%2Fcomments&post=281"}],"version-history":[{"count":6,"href":"http:\/\/martin-pyco-rausch-fans.sk\/index.php?rest_route=\/wp\/v2\/pages\/281\/revisions"}],"predecessor-version":[{"id":6297,"href":"http:\/\/martin-pyco-rausch-fans.sk\/index.php?rest_route=\/wp\/v2\/pages\/281\/revisions\/6297"}],"wp:featuredmedia":[{"embeddable":true,"href":"http:\/\/martin-pyco-rausch-fans.sk\/index.php?rest_route=\/wp\/v2\/media\/1739"}],"wp:attachment":[{"href":"http:\/\/martin-pyco-rausch-fans.sk\/index.php?rest_route=%2Fwp%2Fv2%2Fmedia&parent=281"}],"curies":[{"name":"wp","href":"https:\/\/api.w.org\/{rel}","templated":true}]}}