{"id":283,"date":"2014-10-18T02:19:24","date_gmt":"2014-10-18T00:19:24","guid":{"rendered":"http:\/\/www.martin-pyco-rausch-fans.sk\/wordpress\/?page_id=283"},"modified":"2015-02-09T00:49:44","modified_gmt":"2015-02-08T22:49:44","slug":"do-tretice-vsetko-dobre","status":"publish","type":"page","link":"http:\/\/martin-pyco-rausch-fans.sk\/?page_id=283","title":{"rendered":"&#8222;Do tretice v\u0161etko dobr\u00e9.&#8220;"},"content":{"rendered":"<div class = \"alert alert-info \">Zdroj: topky.sk<br \/>\nD\u00e1tum: 2007<\/div>\n<p>Najsledovanej\u0161ia, najob\u013e\u00fabenej\u0161ia a najlep\u0161ia &#8211; to s\u00fa z\u00e1kladn\u00e9 a naj\u010dastej\u0161ie pr\u00edvlastky, ktor\u00fdmi ozna\u010duj\u00fa \u0161ou o h\u013eadan\u00ed spev\u00e1ckych supertalentov. Prv\u00fd ro\u010dn\u00edk prekonal v\u0161etky o\u010dak\u00e1vania, druh\u00fd bol v tieni dominantn\u00e9ho Petra Cmorika. \u010ci m\u00e1 toto \u0161ialenstvo zmysel, nech\u00e1me na \u00fasudku ka\u017ed\u00e9ho z v\u00e1s. Ist\u00e9 v\u0161ak je, \u017ee Slovensko h\u013ead\u00e1 SuperStar 3 pril\u00e1ka k telev\u00edznym obrazovk\u00e1m op\u00e4\u0165 rekordn\u00fd po\u010det div\u00e1kov, vytvor\u00ed nieko\u013eko idolov a zmen\u00ed nieko\u013eko \u017eivotov.<\/p>\n<p>S Adelou a Pycom na ve\u010dn\u00e9 \u010dasy&#8230; &#8230; alebo ak\u00e9 to je, moderova\u0165 u\u017e tret\u00edkr\u00e1t najsledovanej\u0161iu \u0161ou.<\/p>\n<p><b>\u010co sa v\u00e1m vybav\u00ed, ke\u010f sa povie SuperStar? Te\u0161\u00edte sa na tretiu s\u00e9riu?<\/b><br \/>\nAdela: Te\u0161\u00edm sa, ako to zvl\u00e1dnem a urob\u00edm tret\u00edkr\u00e1t inak, svie\u017eej\u0161ie, preto\u017ee sa to od n\u00e1s aj o\u010dak\u00e1va a o\u010dak\u00e1vame to aj my. Te\u0161\u00edm sa na to, \u010do si s Pycom zasa vymysl\u00edme.<\/p>\n<p><b>Zmena m\u00f4jho \u017eivotn\u00e9ho \u0161t\u00fdlu, preto\u017ee telev\u00edznou pr\u00e1cou sa za\u010dala in\u00e1 etapa vmojom \u017eivote. Te\u0161\u00edm sa na to, \u017ee ma \u013eudia na kastingoch presved\u010dia o tom, \u017ee tretia SuperStar m\u00e1 zmysel, a to u\u017e len t\u00fdm, ako bud\u00fa alebo nebud\u00fa spieva\u0165. K\u00fdm v \u010cesku menili moder\u00e1torsk\u00e9 zostavy v ka\u017edej s\u00e9rii, vy zost\u00e1vate aj tret\u00edkr\u00e1t. Lichot\u00ed v\u00e1m to?<\/b><br \/>\nAdela: Neviem, \u010di mi to pr\u00e1ve lichot\u00ed. M\u00e1m pocit, \u017ee sa berie ako samozrejmos\u0165, \u017ee by sme to mali robi\u0165, a tej samozrejmosti sa tak tro\u0161ku boj\u00edm. Ale ur\u010dite m\u00e1m rados\u0165 z toho, \u017ee istej v\u00e4\u010d\u0161ej skupine sa p\u00e1\u010dilo, ako sme moderovali. Som rada, \u017ee to budeme robi\u0165 aj tret\u00edkr\u00e1t, aj ke\u010f som u\u017e mala in\u00e9 predstavy o tom, ako budem fungova\u0165.<br \/>\nPyco: Lichot\u00ed mi to svoj\u00edm sp\u00f4sobom. Ur\u010dite je to pr\u00edjemn\u00fd pocit, ke\u010f n\u00e1s telev\u00edzia alebo niekto in\u00fd berie tak, \u017ee ako moder\u00e1torsk\u00e1 dvojica sme vhodn\u00ed u\u017e po tret\u00ed raz. Je to, samozrejme, pr\u00edjemnej\u0161ie, ako keby n\u00e1s vymenili hne\u010f po prvej s\u00e9rii. Na druhej strane je to v\u00e4\u010d\u0161\u00ed stres a z\u00e1v\u00e4zok neurobi\u0165 to rovnako, podobne, ale \u00faplne inak. D\u00fafam, \u017ee aj dramaturgicky bude \u0161ou upraven\u00e1 tak, aby p\u00f4sobila novo a \u010derstvo, predsa len p\u00f4jde tret\u00edkr\u00e1t o t\u00fa ist\u00fa s\u00fa\u0165a\u017e.<\/p>\n<p><b>Je mo\u017en\u00e9, \u017ee by ste SuperStar moderovali e\u0161te v \u0161tyridsiatke?<\/b><br \/>\nAdela: Pr\u00e1ve toho sa boj\u00edm. Ale do tretice v\u0161etko dobr\u00e9. H\u00e1dam to tak bude.<br \/>\nPyco: To neviem. T\u00fato ot\u00e1zku by som polo\u017eil nielen sebe &#8211; Ko\u013eko k\u00f4l SuperStar je Slovensk\u00e1 republika schopn\u00e1 znies\u0165 vzh\u013eadom na p\u00e4\u0165 mili\u00f3nov obyvate\u013eov a v ak\u00fdch \u010dasov\u00fdch intervaloch sa obnov\u00ed genetick\u00fd materi\u00e1l? Hovoril som si, \u017ee druh\u00fa s\u00e9riu robi\u0165 nebudem, ale robil som, pri tretej som u\u017e mal ove\u013ea men\u0161\u00ed probl\u00e9m rozhodn\u00fa\u0165 sa. Povedal som si toti\u017e, \u017ee ke\u010f som u\u017e druh\u00fdkr\u00e1t vst\u00fapil do tej istej rieky, tak tret\u00edkr\u00e1t sa m\u00f4\u017eem maxim\u00e1lne utopi\u0165, preto\u017ee dostanem k\u0155\u010d.<\/p>\n","protected":false},"excerpt":{"rendered":"<p>Najsledovanej\u0161ia, najob\u013e\u00fabenej\u0161ia a najlep\u0161ia &#8211; to s\u00fa z\u00e1kladn\u00e9 a naj\u010dastej\u0161ie pr\u00edvlastky, ktor\u00fdmi ozna\u010duj\u00fa \u0161ou o h\u013eadan\u00ed spev\u00e1ckych supertalentov. Prv\u00fd ro\u010dn\u00edk prekonal v\u0161etky o\u010dak\u00e1vania, druh\u00fd bol v tieni dominantn\u00e9ho Petra Cmorika. \u010ci m\u00e1 toto \u0161ialenstvo zmysel, nech\u00e1me na \u00fasudku ka\u017ed\u00e9ho z v\u00e1s. Ist\u00e9 v\u0161ak je, \u017ee Slovensko h\u013ead\u00e1 SuperStar 3 pril\u00e1ka k telev\u00edznym obrazovk\u00e1m op\u00e4\u0165 rekordn\u00fd [&hellip;]<\/p>\n","protected":false},"author":1,"featured_media":0,"parent":0,"menu_order":0,"comment_status":"open","ping_status":"open","template":"","meta":{"footnotes":""},"class_list":["post-283","page","type-page","status-publish","hentry"],"_links":{"self":[{"href":"http:\/\/martin-pyco-rausch-fans.sk\/index.php?rest_route=\/wp\/v2\/pages\/283","targetHints":{"allow":["GET"]}}],"collection":[{"href":"http:\/\/martin-pyco-rausch-fans.sk\/index.php?rest_route=\/wp\/v2\/pages"}],"about":[{"href":"http:\/\/martin-pyco-rausch-fans.sk\/index.php?rest_route=\/wp\/v2\/types\/page"}],"author":[{"embeddable":true,"href":"http:\/\/martin-pyco-rausch-fans.sk\/index.php?rest_route=\/wp\/v2\/users\/1"}],"replies":[{"embeddable":true,"href":"http:\/\/martin-pyco-rausch-fans.sk\/index.php?rest_route=%2Fwp%2Fv2%2Fcomments&post=283"}],"version-history":[{"count":5,"href":"http:\/\/martin-pyco-rausch-fans.sk\/index.php?rest_route=\/wp\/v2\/pages\/283\/revisions"}],"predecessor-version":[{"id":2012,"href":"http:\/\/martin-pyco-rausch-fans.sk\/index.php?rest_route=\/wp\/v2\/pages\/283\/revisions\/2012"}],"wp:attachment":[{"href":"http:\/\/martin-pyco-rausch-fans.sk\/index.php?rest_route=%2Fwp%2Fv2%2Fmedia&parent=283"}],"curies":[{"name":"wp","href":"https:\/\/api.w.org\/{rel}","templated":true}]}}