{"id":291,"date":"2014-10-18T02:22:58","date_gmt":"2014-10-18T00:22:58","guid":{"rendered":"http:\/\/www.martin-pyco-rausch-fans.sk\/wordpress\/?page_id=291"},"modified":"2015-02-09T00:51:37","modified_gmt":"2015-02-08T22:51:37","slug":"slovenske-radia-som-vyhodil-zo-zivota","status":"publish","type":"page","link":"http:\/\/martin-pyco-rausch-fans.sk\/?page_id=291","title":{"rendered":"&#8222;Slovensk\u00e9 r\u00e1dia som vyhodil zo \u017eivota&#8220;"},"content":{"rendered":"<div class = \"alert alert-info \">Zdroj:\u00a0<a href=\"http:\/\/kultura.pravda.sk\/hudba\/clanok\/35653-pyco-slovenske-radia-som-vyhodil-zo-zivota\/\">kultura.pravda.sk<\/a><br \/>\nD\u00e1tum: 12. janu\u00e1r\u00a02007<\/div>\n<p><b>Je Pyco superstar?<\/b><br \/>\nNeviem. Pyco je postava, ktor\u00fa aktu\u00e1lne hr\u00e1m pri moderovan\u00ed ve\u013ekolep\u00fdch vysokorozpo\u010dtov\u00fdch projektov. Pyco si \u017eije v telev\u00edzii svoj \u017eivot a doma je to Martin Rausch. Pyca doma nerie\u0161im.<\/p>\n<p><b>Vn\u00edmaj\u00fa v\u010faka tomu \u013eudia Pyca skreslene?<\/b><br \/>\nNie. \u013dudia poznaj\u00fa Pyca, ktor\u00fd im bol od za\u010diatku predstaven\u00fd, ten pre nich st\u00e1le funguje. A skuto\u010dn\u00fd Martin Rausch nem\u00e1 d\u00f4vod by\u0165 doma t\u00fdm ist\u00fdm, \u010d\u00edm je pred kamerou. V civile sa ove\u013ea menej usmievam, menej rozpr\u00e1vam, ve\u013ea vec\u00ed ma hnev\u00e1, ale pred kameru to nenos\u00edm. To nikoho nezauj\u00edma. Tak\u017ee m\u00e1m pocit, \u017ee Pyco nie je skreslen\u00fd. Vznikol pre r\u00e1dio a telev\u00edziu a je tak\u00fd, ak\u00fd v nich je.<\/p>\n<p><b>V rozhovoroch st\u00e1le zd\u00f4raz\u0148ujete, \u017ee sa nec\u00edtite by\u0165 moder\u00e1torom. Kedy sa tak za\u010dnete c\u00edti\u0165?<\/b><br \/>\nPracujem ako moder\u00e1tor, ale nec\u00edtim sa n\u00edm by\u0165. Viac ma oslovuje pr\u00e1ca redaktora. Nem\u00e1m pocit, \u017ee by som ako moder\u00e1tor mohol alebo chcel nie\u010do uk\u00e1za\u0165. Sk\u00f4r sa pova\u017eujem za sprievodcu, v\u00fdpravcu, ako to raz povedali in\u00ed na adresu in\u00e9ho. Robil som mno\u017estvo programov, v ktor\u00fdch som bol naozaj v\u00fdpravca. Ni\u010d viac. Jedin\u00e9, v \u010dom som sa naozaj c\u00edtil dobre, bol Sl\u00e1vik. To bol kone\u010dne program, kde som nerie\u0161il, \u017ee tam je kdekto a hovor\u00edm kde\u010do. Hudbu m\u00e1m ove\u013ea rad\u0161ej ako spolo\u010densk\u00fd tanec. A neprek\u00e1\u017ealo mi, \u017ee ide o anketu popularity. Hudba sa m\u00e1 robi\u0165 pre \u013eud\u00ed. Ke\u010f v div\u00e1ckom hlasovan\u00ed vyhr\u00e1 nech aj Jo\u017eko Mrkva z Dolnej Hornej, re\u0161pektujem vox populi.<\/p>\n<p><b>Katol\u00edcke noviny v\u00e1s citovali: &#8222;\u010co chc\u00fa div\u00e1ci, to je sv\u00e4t\u00e9.&#8220; Mysl\u00edte si to?<\/b><br \/>\nTo som asi povedal v telev\u00edzii. Plat\u00ed to aj na norm\u00e1lnom trhu v supermarketoch &#8211; \u010do chce z\u00e1kazn\u00edk, to je pred\u00e1van\u00e9 a \u017eiadan\u00e9, \u010di\u017ee metaforicky povedan\u00e9, sv\u00e4t\u00e9.<\/p>\n<p><b>Mala by telev\u00edzia pon\u00faka\u0165 div\u00e1kom to, \u010do chc\u00fa?<\/b><br \/>\nDo istej miery \u00e1no. Samozrejme, div\u00e1ci si vyberaj\u00fa z toho, \u010do sa im pon\u00faka. Keby teraz bola \u0161ou o bungee jumpingu, tancovan\u00ed a krasokor\u010du\u013eovan\u00ed a naj\u00faspe\u0161nej\u0161\u00ed je bungee jumping, tak bude trend, \u017ee div\u00e1ci chc\u00fa vidie\u0165 celebrity sk\u00e1ka\u0165 bungee jumping.<\/p>\n<p><b>Nie je nebezpe\u010dn\u00e9 d\u00e1va\u0165 div\u00e1kom to, \u010do chc\u00fa?<\/b><br \/>\nTo je ot\u00e1zka pre telev\u00edzie. Ke\u010f v\u00e1s neoslovuje to, \u010do sa masovo pon\u00faka alebo je masovo \u00faspe\u0161n\u00e9, tak si viete n\u00e1js\u0165 cestu, aby ste boli spokojn\u00fd. Nelipnem na telev\u00edzii a nepozer\u00e1m ju ka\u017ed\u00fd de\u0148. Ke\u010f si nie\u010do pozriem, tak \u010disto aby som bol v obraze. Nekonzumujem v\u0161etko, \u010do mi pon\u00fakaj\u00fa. Ke\u010f m\u00e1m pocit, \u017ee si chcem pre\u010d\u00edta\u0165 knihu, ktor\u00fa u n\u00e1s nedostanem, tak si ju p\u00f4jdem k\u00fapi\u0165 do Viedne alebo si ju objedn\u00e1m cez internet. Film aj telev\u00edziu si takisto m\u00f4\u017eem pozrie\u0165 na internete. \u013dudia, ktor\u00ed sedia doma a \u017ealostne pla\u010d\u00fa nad t\u00fdm, \u017ee telev\u00edzia im neposkytuje, \u010do chc\u00fa, \u010dasto len obhajuj\u00fa vlastn\u00fa lenivos\u0165 \u00eds\u0165 za t\u00fdm, \u010do chc\u00fa.<\/p>\n<p><b>Pochybujete o sebe niekedy?<\/b><br \/>\nAko moder\u00e1tor o sebe pochybujem zaka\u017ed\u00fdm, ke\u010f sa nie\u010do za\u010d\u00edna a kon\u010d\u00ed. V\u017edy si potrebujem v\u0161etko, \u010do som odmoderoval, sp\u00e4tne pozrie\u0165, lebo sa potrebujem vidie\u0165, ako to vyzeralo &#8211; tu si never\u00edm takmer v ni\u010dom. Potrebujem sp\u00e4tn\u00fa v\u00e4zbu. Ke\u010f som e\u0161te robil v r\u00e1diu, tak som si prv\u00fd rok, dva, pravidelne nahr\u00e1val rel\u00e1cie, aby som vedel, kedy som u\u017e prekro\u010dil hranicu, ktor\u00e1 nie je vhodn\u00e1. To je pre m\u0148a alfa a omega moderovania &#8211; kontrolova\u0165 s\u00e1m seba.<\/p>\n<p><b>Potrebuje sa moder\u00e1tor vedie\u0165 preda\u0165?<\/b><br \/>\nModer\u00e1tor sa nemus\u00ed pred\u00e1va\u0165, ak nem\u00e1 \u00famysel sa inak spe\u0148a\u017ei\u0165. Pr\u00edde projekt a ja ho m\u00f4\u017eem prija\u0165 alebo odmietnu\u0165. A ke\u010f ho prijmem, tak s\u00fa\u010das\u0165ou prijatia je podpora projektu. Ale \u017ee by som sa k tomu musel \u0161peci\u00e1lne pred\u00e1va\u0165, to nie. Ani to pravdepodobne nebudem robi\u0165, ak napr\u00edklad nebudem chcie\u0165 uvies\u0165 na trh vlastn\u00fd parfum. Vtedy sa za\u010dnem medializova\u0165: K\u00fapte si m\u00f4j parfum, lebo kr\u00e1sne vonia a budete vo\u0148a\u0165 ako ja. A zarob\u00edm na tom ve\u013ek\u00e9 peniaze.<\/p>\n<p><b>Chcete uvies\u0165 svoj vlastn\u00fd parfum?<\/b><br \/>\nNie, to bol len pr\u00edklad. Nie som v tej sf\u00e9re, aby som mal vlastn\u00fd parfum.<\/p>\n<p><b>M\u00e1te moder\u00e1torsk\u00fd sen? Napr\u00edklad vlastn\u00fa talkshow?<\/b><br \/>\nSom m\u00e1lo komunikat\u00edvny. S \u013eu\u010fmi, s ktor\u00fdmi sa pozn\u00e1m, komunikujem viac, ale ner\u00e1d exhibujem pred kamerami. Talkshow asi nie je form\u00e1t pre m\u0148a. Neviem dobre vies\u0165 diskusiu a niekedy m\u00e1m pocit, \u017ee ani neviem, \u010do sa chcem sp\u00fdta\u0165, alebo sa nem\u00e1m \u010do sp\u00fdta\u0165. Sk\u00f4r si viem predstavi\u0165, \u017ee by som na nie\u010dom spolupracoval redaktorsky, produk\u010dne \u010di dramaturgicky. Mnoh\u00fdm sa to zd\u00e1 smie\u0161ne, ale m\u0148a za posledn\u00e9 dva roky najviac bavila pr\u00e1ca na Neveste pre milion\u00e1ra, kde som robil hudobn\u00e9ho dramaturga.<\/p>\n<p><b>\u010co je pre v\u00e1s pr\u00ed\u0165a\u017eliv\u00e9 na telev\u00edzii?<\/b><br \/>\nPeniaze.<\/p>\n<p><b>Pre mnoh\u00fdch moder\u00e1torov je telev\u00edzia drogou. Pre v\u00e1s?<\/b><br \/>\nNie. Najsk\u00f4r som nechcel robi\u0165 ani SuperStar, preto\u017ee som mal probl\u00e9m so samotn\u00fdm form\u00e1tom. Potom som po\u010d\u00edtal. Pracoval som trin\u00e1s\u0165 \u010di \u0161trn\u00e1s\u0165 rokov v r\u00e1diu, tridsa\u0165 dn\u00ed do mesiaca a mal som z toho peniaze, ktor\u00e9 mi sta\u010dili ledva na hypot\u00e9ku a benz\u00edn. Vypo\u010d\u00edtal som si, \u017ee sa oplat\u00ed robi\u0165 \u0161tyri mesiace projekt, pri ktorom sa moja tv\u00e1r dostane medzi \u013eud\u00ed, tak\u017ee pr\u00eddem o ak\u00e9ko\u013evek s\u00fakromie a depres\u00edvny n\u00e1kup v supermarkete sa bude sp\u00e1ja\u0165 s t\u00fdm, \u017ee podpisujem autogramy, ale z\u00e1rove\u0148 sa mi podar\u00ed zarobi\u0165 to\u013eko, \u010do v r\u00e1diu za rok. A potom si m\u00f4\u017eem urobi\u0165 vo\u013eno, cestova\u0165 a u\u017e\u00edva\u0165 si \u00faplne norm\u00e1lny \u017eivot. R\u00e1d pracujem sez\u00f3nne a telev\u00edzia mi to umo\u017e\u0148uje.<\/p>\n<p><b>Zahrajme sa na asoci\u00e1cie. \u010co sa v\u00e1m vybav\u00ed, ke\u010f sa povie Laurel a Hardy?<\/b> Detstvo. A telev\u00edzia, ktor\u00fa som sledoval. Ve\u013ea som pozeral ORF, lebo to bol jedin\u00fd zahrani\u010dn\u00fd kan\u00e1l, ktor\u00fd sme chytali po\u010das totality. \u010casto tam chodil animovan\u00fd seri\u00e1l Die Maus, Tom a Jerry aj Laurel a Hardy. Ob\u013e\u00fabil som si ich asi rovnako.<\/p>\n<p><b>Ke\u010f sa povie Ji\u0159ina Bohdalov\u00e1 a Vladim\u00edr Dvo\u0159\u00e1k?<\/b><br \/>\nTie\u017e detstvo. V\u017edy ke\u010f chodilo Televariet\u00e9, sedel som pred obrazovkou. Ji\u0159inu som zbo\u017e\u0148oval preto, \u017ee mala st\u00e1le v ruke vreckovku a p\u00e1\u010dilo sa mi, ako sa s Dvo\u0159\u00e1kom doberali. Aj ke\u010f som bol iba die\u0165a, oslovovalo ma to. V\u017edy, ke\u010f sme s Adelou potom i\u0161li na p\u00f3dium, hovoril som jej, \u017ee by som pre mal\u00e9 deti chcel by\u0165 t\u00fdm, \u010d\u00edm bola pre m\u0148a Bohdalov\u00e1 s Dvo\u0159\u00e1kom.<\/p>\n<p><b>Ke\u010f sa povie Pyco a Adela, \u010do sa v\u00e1m vybav\u00ed ako prv\u00e9?<\/b><br \/>\nPr\u00e1ca.<\/p>\n<p><b>Nech\u00fdbala v\u00e1m Adela na Sl\u00e1vikovi?<\/b><br \/>\nKeby Sl\u00e1vika moderovala Adela, ani ja jej nech\u00fdbam. Po\u010das ve\u010dera sa tam premelie kopa \u013eud\u00ed, tak\u017ee dvaja moder\u00e1tori by boli na \u0165archu.<\/p>\n<p><b>Vedeli ste v\u00fdsledky dopredu alebo ste sa ich dozvedali a\u017e na p\u00f3diu?<\/b><br \/>\nVedel som v\u00fdsledky kateg\u00f3ri\u00ed, ktor\u00e9 boli na gener\u00e1lke v\u0161eobecne zn\u00e1me, ako R\u00e1diosl\u00e1vik, ktor\u00fd je \u0161tatisticky jasn\u00fd a prizn\u00e1m sa, \u017ee som vedel aj metlu roka. Inak som nepoznal nijak\u00fd v\u00fdsledok. Ani ma ve\u013emi nezauj\u00edmali. Napr\u00edklad to, \u017ee Kuly plakal, som si uvedomil, a\u017e ke\u010f som to videl na DVD o dva dni nesk\u00f4r. Preto\u017ee ke\u010f v\u00ed\u0165azi preberali ceny, tak som v\u017edy c\u00favol mimo obraz a vzadu som u\u017e rie\u0161il, \u010do m\u00e1 by\u0165 \u010falej. Tak\u017ee som ve\u013emi slabo vn\u00edmal, kto vyhral. Mal som dokonca probl\u00e9m spo\u010d\u00edta\u0165, ko\u013eko mal Cmorik cien vo chv\u00edli, ke\u010f som to chcel poveda\u0165.<\/p>\n<p><b>Prekvapil v\u00e1s niekto pr\u00edjemne na Sl\u00e1vikovi?<\/b><br \/>\nPr\u00edjemne ma prekvapil Desmod. Nie som ich typick\u00fd posluch\u00e1\u010d. Slovensk\u00e9 r\u00e1di\u00e1 som vyhodil zo svojho \u017eivota, za posledn\u00fd rok som nijak\u00e9 nepo\u010d\u00faval, tak\u017ee som ani nepoznal pesni\u010dku, ktor\u00e1 vyhrala R\u00e1diosl\u00e1vika. Ale m\u00e1m ve\u013emi r\u00e1d hutn\u00fd siln\u00fd chlapsk\u00fd Kulyho hlas, ktor\u00fd vyu\u017e\u00edva najspr\u00e1vnej\u0161ie, ako vie. Tak\u017ee aj ke\u010f nie som fan\u00fa\u0161ik, uzn\u00e1vam, \u017ee Desmod si zasl\u00fa\u017eili vyhra\u0165, plus ke\u010f to bol symbolick\u00fd zlom v danej kateg\u00f3rii. A prekvapilo ma, aj ke\u010f si hovor\u00edm, \u017ee kone\u010dne, \u017ee Katka Knechtov\u00e1 st\u00fapla ako spev\u00e1\u010dka. Pova\u017eujem ju za jeden z najlep\u0161\u00edch hlasov, interpreta\u010dne aj farbou, za posledn\u00e9 tri roky ma dostala takmer v\u0161etk\u00fdm, \u010do naspievala a ve\u013emi sa mi p\u00e1\u010di aj jej ne\u0161oubiznisov\u00e1 povaha.<\/p>\n<p><b>Skon\u010dilo sa Let s Dance, m\u00e1te za sebou aj silvestrovsk\u00fd program. \u010co \u010falej?<\/b><br \/>\nM\u00e1m definit\u00edvne novoro\u010dno-jarn\u00e9 vo\u013eno a \u010do bude \u010falej, neviem. Moment\u00e1lne e\u0161te nem\u00e1m nijak\u00e9 rozhovory o tom, \u010do by som mal moderova\u0165 tento rok. Nejak\u00e9 projekty sa pl\u00e1nuj\u00fa aj mimo telev\u00edzie, ale o tom je e\u0161te zav\u010dasu rozpr\u00e1va\u0165. Po koloto\u010di povinnost\u00ed sa op\u00e4\u0165 m\u00f4\u017eem venova\u0165 sebe a vies\u0165 norm\u00e1lny \u017eivot &#8211; vstanem, d\u00e1m si k\u00e1vu, nak\u00fapim si, pre\u010d\u00edtam si knihu.<\/p>\n<p><b>\u010co SuperStar 3?<\/b><br \/>\nNeviem.<\/p>\n<p><b>Tak\u017ee ste otvoren\u00fd tejto mo\u017enosti?<\/b><br \/>\nSom otvoren\u00fd ak\u00e9muko\u013evek stretnutiu. Z\u00e1vis\u00ed od toho, \u010di je telev\u00edzia schopn\u00e1 prija\u0165 form\u00e1t, ktor\u00fd sa od jednotky a dvojky niekam pos\u00fava. Dvojka sa mi moderovala ove\u013ea lep\u0161ie v\u010faka tomu, \u017ee \u0161t\u00e1b vedel, do \u010doho ideme. R\u00e1d by som v bud\u00facnosti pracoval s Adelou. Keby bola trojka SuperStar dramaturgicky alebo koncep\u010dne postaven\u00e1 tak, \u017ee je to oproti prv\u00fdm dvom ro\u010dn\u00edkom moder\u00e1torsk\u00e1 v\u00fdzva, tak by som to mo\u017eno aj prijal. Ke\u010f som u\u017e dva razy vst\u00fapil do tej istej rieky, tret\u00ed raz ma to nezabije.<\/p>\n<p><b>Na SuperStar do v\u00e1s vraj s Adelou triafali ply\u0161\u00e1kmi, m\u00e1te in\u00fd nepr\u00edjemn\u00fd z\u00e1\u017eitok v s\u00favislosti so SuperStar alebo v\u0161eobecne s popularitou?<\/b><br \/>\nNechcem sa tv\u00e1ri\u0165, \u017ee popularita mi ubli\u017euje alebo t\u00fdm trp\u00edm. Ka\u017ed\u00fd, kto t\u00fato pr\u00e1cu rob\u00ed, tak do istej miery predpoklad\u00e1, \u017ee ak nejak\u00fd projekt vyjde, tak bude ve\u013emi nen\u00e1viden\u00fd alebo ve\u013emi popul\u00e1rny. Oboje m\u00f4\u017ee trva\u0165 ve\u013emi kr\u00e1tky \u010das. Beriem to ako protip\u00f3l toho, \u017ee m\u00f4\u017eem robi\u0165 sez\u00f3nne a potom oddychova\u0165. Nepr\u00edjemn\u00e9 v\u0161ak je, ke\u010f niekedy deti, ktor\u00e9 pod\u013eahn\u00fa celej tej m\u00e1nii, nepoznaj\u00fa hranicu a nielen\u017ee mi vyvol\u00e1vaj\u00fa, ale dost\u00e1vam aj naozaj nemiestne n\u00e1vrhy od dvan\u00e1s\u0165ro\u010dn\u00fdch diev\u010datiek. Keby som bol ich rodi\u010d, tak ich ve\u013emi &#8222;spucujem&#8220;, za to, ako sa dok\u00e1\u017eu h\u00e1dza\u0165 k noh\u00e1m niekomu, koho si zidealizovali v\u010faka trom t\u00fd\u017ed\u0148om na obrazovke.<\/p>\n<p><b>Tvrd\u00edte, \u017ee nem\u00e1te moder\u00e1torsk\u00fd vzor, m\u00e1te n\u00e1zor na slovensk\u00fdch telev\u00edznych moder\u00e1torov?<\/b><br \/>\nNem\u00e1m pocit, \u017ee sa na\u0161a &#8222;sc\u00e9na&#8220; odli\u0161uje od okolit\u00fdch kraj\u00edn. V\u017edy je to o tom, do akej miery re\u017eis\u00e9r pochop\u00ed, \u010do chce od moder\u00e1tora. Mal som obrovsk\u00e9 \u0161\u0165astie, \u017ee som natrafil na Petra Nuneza, ktor\u00fd po mesiaci pochopil, \u017ee prest\u00e1vam by\u0165 v strese, len \u010do viem, \u017ee m\u00e1m za sebou \u013eud\u00ed, ktor\u00ed mi d\u00f4veruj\u00fa. \u010coraz viac sa uprednost\u0148uje prirodzen\u00e1 reakcia moder\u00e1torov, \u010do je mo\u017eno to, na \u010dom s Adelou stoj\u00edme. Nem\u00e1me ni\u010d viac, ne\u017e ktoko\u013evek in\u00fd, aj ke\u010f si to mnoh\u00ed \u010dasto mylne myslia. Len skr\u00e1tka nie sme umel\u00ed, ne\u010d\u00edtame texty, a teda sme bli\u017e\u0161ie k norm\u00e1lnemu \u010dloveku. T\u00fdm sme zrazu in\u00ed, preto\u017ee dosia\u013e nebol v telev\u00edzii priestor pre t\u00fdch, ktor\u00ed sa vyjadruj\u00fa \u00faplne norm\u00e1lne, bez toho, aby mali nie\u010do vopred pripraven\u00e9. Nie sme ani humoristi, ktor\u00ed maj\u00fa nacvi\u010den\u00e9 vtipy vr\u00e1tane reakcie.<\/p>\n<p><b>Nie je to niekedy stresuj\u00face, \u017ee neviete, ako to vyp\u00e1li?<\/b><br \/>\nSk\u00f4r by som bol v strese, keby som vedel, \u017ee m\u00e1m poveda\u0165 nie\u010do, \u010do sa m\u00e1 nejako vyvrbi\u0165, mus\u00ed to vyznie\u0165 vtipne. Bol by som ve\u013emi stresovan\u00fd, keby som musel dodr\u017ea\u0165 ve\u013ek\u00fd scen\u00e1r.<\/p>\n<p><b>Neuva\u017eujete o n\u00e1vrate do r\u00e1dia?<\/b><br \/>\nStr\u00e1vil som tam cel\u00fa mlados\u0165, sedem dn\u00ed v t\u00fd\u017edni, pomaly dvan\u00e1s\u0165 hod\u00edn denne. Po desiatich rokoch som zistil, \u017ee m\u00e1m v mobile sam\u00fdch kolegov a nijak\u00fdch kamar\u00e1tov. R\u00e1dio som stopol, a ke\u010f sa skon\u010d\u00ed telev\u00edzny projekt, ktor\u00fd ma vy\u0165a\u017eoval, zrazu m\u00f4\u017eem vies\u0165 norm\u00e1lny \u017eivot &#8211; \u00eds\u0165 do kina, stretn\u00fa\u0165 sa s kamar\u00e1tmi&#8230; Preto sa nehrniem nasp\u00e4\u0165 do r\u00e1dia. Navy\u0161e slovensk\u00fd r\u00e1diov\u00fd trh ma u\u017e ve\u013emi neoslovuje. Posledn\u00e9 dva tri-roky prich\u00e1dzam o il\u00fazie. R\u00e1dio ako m\u00e9dium m\u00e1 spr\u00edjemni\u0165 de\u0148, neubl\u00ed\u017ei\u0165, nevzdel\u00e1va\u0165, a najm\u00e4 ne\u0161\u00edri\u0165 ni\u010d okrem dobrej n\u00e1lady. V r\u00e1diu som mal v\u017edy redaktorsk\u00e9 rel\u00e1cie, kde bolo moj\u00edm z\u00e1merom pon\u00faknu\u0165 \u013eu\u010fom nov\u00fa hudbu, aby nie\u010do spoznali. Vysielal som vo ve\u010dern\u00fdch \u010dasoch a v off time a m\u00e1m pocit, \u017ee to u\u017e \u00faplne vymizlo. Nem\u00e1m amb\u00edciu \u00eds\u0165 moderova\u0165 denn\u00e9 bloky, kde sa ozvem dva razy za hodinu, za\u017eel\u00e1m pekn\u00fd de\u0148, poviem po\u010dasie a k tomu d\u00e1m jeden lacn\u00fd vtip, len aby som bol v r\u00e1diu. Komer\u010dn\u00e9 r\u00e1di\u00e1 musia by\u0165 masovo zameran\u00e9. Ale pr\u00e1ve preto, \u017ee s\u00fa masovo zauj\u00edmav\u00e9, tak v \u010dase off time by mali posluch\u00e1\u010dom pon\u00faka\u0165 aj nie\u010do in\u00e9 ako zvy\u0161n\u00fdch dvadsa\u0165 hod\u00edn po\u010das d\u0148a. A to v slovensk\u00fdch komer\u010dn\u00fdch r\u00e1di\u00e1ch ch\u00fdba<\/p>\n","protected":false},"excerpt":{"rendered":"<p>Je Pyco superstar? Neviem. Pyco je postava, ktor\u00fa aktu\u00e1lne hr\u00e1m pri moderovan\u00ed ve\u013ekolep\u00fdch vysokorozpo\u010dtov\u00fdch projektov. Pyco si \u017eije v telev\u00edzii svoj \u017eivot a doma je to Martin Rausch. Pyca doma nerie\u0161im. Vn\u00edmaj\u00fa v\u010faka tomu \u013eudia Pyca skreslene? Nie. \u013dudia poznaj\u00fa Pyca, ktor\u00fd im bol od za\u010diatku predstaven\u00fd, ten pre nich st\u00e1le funguje. A skuto\u010dn\u00fd Martin [&hellip;]<\/p>\n","protected":false},"author":1,"featured_media":0,"parent":0,"menu_order":0,"comment_status":"open","ping_status":"open","template":"","meta":{"footnotes":""},"class_list":["post-291","page","type-page","status-publish","hentry"],"_links":{"self":[{"href":"http:\/\/martin-pyco-rausch-fans.sk\/index.php?rest_route=\/wp\/v2\/pages\/291","targetHints":{"allow":["GET"]}}],"collection":[{"href":"http:\/\/martin-pyco-rausch-fans.sk\/index.php?rest_route=\/wp\/v2\/pages"}],"about":[{"href":"http:\/\/martin-pyco-rausch-fans.sk\/index.php?rest_route=\/wp\/v2\/types\/page"}],"author":[{"embeddable":true,"href":"http:\/\/martin-pyco-rausch-fans.sk\/index.php?rest_route=\/wp\/v2\/users\/1"}],"replies":[{"embeddable":true,"href":"http:\/\/martin-pyco-rausch-fans.sk\/index.php?rest_route=%2Fwp%2Fv2%2Fcomments&post=291"}],"version-history":[{"count":4,"href":"http:\/\/martin-pyco-rausch-fans.sk\/index.php?rest_route=\/wp\/v2\/pages\/291\/revisions"}],"predecessor-version":[{"id":2015,"href":"http:\/\/martin-pyco-rausch-fans.sk\/index.php?rest_route=\/wp\/v2\/pages\/291\/revisions\/2015"}],"wp:attachment":[{"href":"http:\/\/martin-pyco-rausch-fans.sk\/index.php?rest_route=%2Fwp%2Fv2%2Fmedia&parent=291"}],"curies":[{"name":"wp","href":"https:\/\/api.w.org\/{rel}","templated":true}]}}