{"id":301,"date":"2014-10-18T02:26:56","date_gmt":"2014-10-18T00:26:56","guid":{"rendered":"http:\/\/www.martin-pyco-rausch-fans.sk\/wordpress\/?page_id=301"},"modified":"2016-10-29T23:41:49","modified_gmt":"2016-10-29T22:41:49","slug":"adela-a-pyco-s-r-o","status":"publish","type":"page","link":"http:\/\/martin-pyco-rausch-fans.sk\/?page_id=301","title":{"rendered":"Adela a Pyco, s.r.o."},"content":{"rendered":"<div class = \"alert alert-info \">Zdroj:\u00a0profit.etrend.sk<br \/>\nD\u00e1tum: 5. apr\u00edl 2006<\/div>\n<p>Hoci s\u00fa dnes telev\u00edzne hviezdy, atmosf\u00e9ra rozhlasov\u00e9ho vysielania im je bli\u017e\u0161ia<\/p>\n<p>Vlastn\u00e9 obchodn\u00e9 spolo\u010dnosti si Adela Ban\u00e1\u0161ov\u00e1 a Martin Rausch alias Pyco zalo\u017eili len na radu svojej spolo\u010dnej da\u0148ovn\u00ed\u010dky. Obaja v\u0161ak investuj\u00fa najm\u00e4 do seba \u2013 cestuj\u00fa, vzdel\u00e1vaj\u00fa sa a \u0161portuj\u00fa. A, samozrejme, do b\u00fdvania. Aj ke\u010f Adela sa na to iba chyst\u00e1.<\/p>\n<p>Kari\u00e9ra<br \/>\n<b>V m\u00e9di\u00e1ch ste za\u010d\u00ednali v t\u00edned\u017eerskom veku. Ako sa d\u00e1 \u0161tudova\u0165 na strednej \u0161kole a z\u00e1rove\u0148 pracova\u0165 v r\u00e1diu? v ktor\u00fdch m\u00e9di\u00e1ch ste p\u00f4sobili? <\/b><br \/>\nAdela: Za\u010d\u00ednala som v \u0161estn\u00e1stich v Mark\u00edze, kde som robila ankety do Teler\u00e1na. V \u0161kole som mala individu\u00e1lny \u0161tudijn\u00fd pl\u00e1n. Po troch rokoch som pre\u0161la do Fun r\u00e1dia, nesk\u00f4r som za\u010dala v rel\u00e1cii Fun o piatej spolupracova\u0165 s STV a v Sedem s.r.o. s Mark\u00edzou.<br \/>\nPyco: U\u017e od jeden\u00e1stich som si robil rebr\u00ed\u010dky kapiel. V p\u00e4tn\u00e1stich som sa dostal do Fun r\u00e1dia a \u010dasom som z\u00edskal individu\u00e1lny \u0161tudijn\u00fd pl\u00e1n. V r\u00e1diu ma brali ako benjam\u00ednka a robili si zo m\u0148a z\u00e1bavu, \u017ee ke\u010f za\u010dne\u0161 zarasta\u0165, tak pr\u00ed\u010f. Dobiedzal som, \u017ee m\u00e1m kompletn\u00e9 \u0161tatistiky, ktor\u00e9 im poskytnem.<br \/>\nO\u013ega Z\u00e1black\u00e1 pochopila, \u017ee naozaj m\u00e1m chu\u0165 robi\u0165, a tak som robil dva roky zadarmo podklady pre hudobn\u00e9 spr\u00e1vy. Te\u0161ilo ma to. Bol som v\u00e4\u010d\u0161mi redaktor ako moder\u00e1tor. Tak\u00e9 amb\u00edcie som ani nemal, lebo som ve\u013emi r\u00fdchlo rozpr\u00e1val a zle artikuloval.<br \/>\nP\u00edsal som spr\u00e1vy, oni mi to opravovali, a tak som sa u\u010dil \u0161tylizova\u0165 za jazdy. Sledoval som in\u00fdch moder\u00e1torov a u\u010dil som sa od nich. Postupne som sa dostal aj k moderovaniu. Stalo sa, \u017ee mi aj vynadali a vraveli, \u017ee zo m\u0148a ni\u010d nebude. Napr\u00edklad za to, \u017ee som povedal posluch\u00e1\u010dke p\u00e1p\u00e1. Dnes to po\u010dujem v ka\u017edom druhom vstupe.<\/p>\n<p><b>\u010co ste si priniesli z r\u00e1dia do teraj\u0161ej pr\u00e1ce? <\/b><br \/>\nA: Prirodzenos\u0165, ale nie v\u017edy plat\u00ed, \u017ee rozhlasov\u00ed moder\u00e1tori s\u00fa dobr\u00ed aj na obrazovke.<br \/>\nP: Prisp\u00f4sobujem sa rel\u00e1cii, ale vo Fun r\u00e1diu som bol asi najprirodzenej\u0161\u00ed.<\/p>\n<p><b>St\u00edhate teraz pr\u00e1cu v r\u00e1diu aj superstar?<\/b><br \/>\nA: M\u00f4\u017eem si poveda\u0165, kedy chcem pracova\u0165. S\u00fa to pribli\u017ene dve-tri popoludnia do t\u00fd\u017ed\u0148a.<\/p>\n<p><b>\u010co je v\u00e1m bli\u017e\u0161ie \u2013 r\u00e1dio alebo telev\u00edzia?<\/b><br \/>\nP: R\u00e1dio.<br \/>\nA: Mne je tie\u017e bli\u017e\u0161ia n\u00e1lada v r\u00e1diu. Ke\u010f vysielam s niek\u00fdm, kto mi vyhovuje, tak je to fajn.<\/p>\n<p><b>Teraz ste na vrchole sl\u00e1vy. \u010co chcete robi\u0165, aby ste si popularitu udr\u017eali?<\/b><br \/>\nP: \u00c1no, sme na vrchole popularity \u2013 doteraj\u0161ej. Ale nem\u00e1m pocit, \u017ee sme na vrchole aj profesion\u00e1lne. Nemysl\u00edm si, \u017ee sme pre moderovanie SuperStar museli nie\u010do extr\u00e9mne dok\u00e1za\u0165. Adela mala mnoho lep\u0161\u00edch vysielan\u00ed v r\u00e1diu a aj ja som podal, pokia\u013e ide o moderovanie, ove\u013ea lep\u0161ie v\u00fdkony.<br \/>\nA: Toto moderovanie si v\u00e1\u017eime a spopularizovanie je dobr\u00e9 na to, aby sme niekedy mohli robi\u0165 veci, ktor\u00e9 n\u00e1s viac nap\u013a\u0148aj\u00fa. Mo\u017eno na smrte\u013enej posteli budem m\u00f4c\u0165 zhodnoti\u0165, kedy bol m\u00f4j vrchol, ale nie teraz.<\/p>\n<p><b>\u010co teda chcete robi\u0165 \u010falej?<\/b><br \/>\nA: Chcem robi\u0165 nie\u010do, kde vyu\u017eijem v\u0161etko, \u010do som sa doteraz nau\u010dila a robila. Nie\u010do, \u010do ma do istej mieri nap\u013a\u0148a. Nem\u00e1m konkr\u00e9tnu predstavu, \u017ee v tej a tej telev\u00edzii v rel\u00e1cii s takou a takou n\u00e1pl\u0148ou. Podstatn\u00e9 je, aby ma to bavilo. Rozm\u00fd\u0161\u013eam tie\u017e, \u017ee by som si v bud\u00facnosti urobila doktor\u00e1t.<\/p>\n<p><b>\u0160tudovali ste kulturol\u00f3giu. Dala v\u00e1m t\u00e1to \u0161kola nie\u010do k dne\u0161n\u00e9mu zamestnaniu?<\/b><br \/>\nA: S odstupom \u010dasu zis\u0165ujem, \u017ee vzh\u013eadom na to, \u010do rob\u00edm, bola pre m\u0148a ide\u00e1lnou \u0161kolou. Dala mi dobr\u00fd preh\u013ead a backround vedomost\u00ed z ka\u017edej oblasti.<br \/>\n<b>Sk\u00fa\u0161ali ste \u0161tudova\u0165 prekladate\u013estvo a tlmo\u010dn\u00edctvo?<\/b><br \/>\nP: \u00c1no, na strednej som mal angli\u010dtinu, nem\u010dinu a ru\u0161tinu. Na prij\u00edma\u010dky som sa v\u0161ak v\u00f4bec nepripravil, nepre\u010d\u00edtal som si odpor\u00fa\u010dan\u00e9 knihy. Pri testoch som preto tipoval. Na prijatie to v\u0161ak nesta\u010dilo, ke\u010f\u017ee som skon\u010dil tesne pod \u010diarou. Bolo mi to trocha \u013e\u00fato. Ale nesk\u00f4r som sa dozvedel, \u017ee na tom odbore je ve\u013ea gramatiky a to by ma asi nebavilo. Mo\u017eno aj preto, \u017ee som na t\u00fa \u0161kolu ne\u0161iel, m\u00e1m teraz intenz\u00edvnej\u0161\u00ed pocit, \u017ee sa mus\u00edm dovzdel\u00e1va\u0165. Na vzdel\u00e1vanie nikdy nie je neskoro.<\/p>\n<p><b>Adela Ban\u00e1\u0161ov\u00e1<\/b> (1980, Bratislava). Patr\u00ed k mladej gener\u00e1cii slovensk\u00fdch moder\u00e1torov, ktor\u00ed posunuli hranice moderovania k prirodzenosti a bezprostrednosti. Zaujala najm\u00e4 svoj\u00edm such\u00fdm zmyslom pre humor a sarkazmom. Absolventka odboru kulturol\u00f3gia na Filozofickej fakulte Univerzity Komensk\u00e9ho v Bratislave. Za\u010d\u00ednala svoju medi\u00e1lnu kari\u00e9ru v telev\u00edzii Mark\u00edza. Od roku 1999 p\u00f4sob\u00ed vo Fun r\u00e1diu, kde pracuje dodnes (zn\u00e1my je najm\u00e4 jej takmer kultov\u00fd program Fun Fatal). Na telev\u00edznych obrazovk\u00e1ch sa po prv\u00fd raz objavila v humoristickom programe telev\u00edzie Mark\u00edza Sedem s.r.o., ale \u0161irok\u00fa popularitu \u2013 najm\u00e4 medzi mlad\u00fdmi \u013eu\u010fmi \u2013 jej prinieslo a\u017e moderovanie programu Slovensko h\u013ead\u00e1 SuperStar. Moder\u00e1tora Petra Ko\u010di\u0161a vystriedala aj v \u010fal\u0161ej rel\u00e1cii STV Bumerang.<\/p>\n<p><b>Martin Rausch<\/b> (1977, Bratislava). Vy\u0161tudoval hotelov\u00fa akad\u00e9miu a od p\u00e4tn\u00e1stich rokov p\u00f4sob\u00ed v r\u00e1diu. Tri roky sa v Slovenskej telev\u00edzii spolu so Zdenou Studenkovou a Mari\u00e1nom Slov\u00e1kom striedal pri moderovan\u00ed rel\u00e1cie Menu. V roku 2003 v STV pripravoval rel\u00e1ciu Cestuj s nami. V s\u00fa\u010dasnosti moderuje \u0161ou Slovensko h\u013ead\u00e1 SuperStar. Okrem toho rob\u00ed denne trojmin\u00fatovku Hudobn\u00e9 spr\u00e1vy.<\/p>\n<p>Biznis<\/p>\n<p><b>Pre\u010do ste si zalo\u017eili vlastn\u00e9 spolo\u010dnosti s ru\u010den\u00edm obmedzen\u00fdm? <\/b><br \/>\nA: Stra\u0161ne ve\u013ek\u00e9 z\u00e1robky (smeje sa). Na\u0161a spolo\u010dn\u00e1 da\u0148ovn\u00ed\u010dka zhodnotila, \u017ee to bude pre n\u00e1s v\u00fdhodnej\u0161ie prejs\u0165 na t\u00fato formu. Nevyzn\u00e1m sa v tom a rob\u00edm, \u010do mi povie.<br \/>\nP: Predt\u00fdm sme robili na \u017eivnos\u0165, \u010do je v r\u00e1diu be\u017en\u00e9. V\u00e4\u010d\u0161inou je to tak, \u017ee si zaplat\u00edte niekoho, kto sa financi\u00e1m rozumie, a ten v\u00e1m porad\u00ed. Fungujem tak st\u00e1le.<\/p>\n<p><b>V obchodnom registri je pri va\u0161ich \u017eivnostiach uveden\u00fdch ve\u013emi ve\u013ea aktiv\u00edt. Rob\u00edte ich?<\/b><br \/>\nP: Viem, \u017ee ka\u017ed\u00e1 zmena v t\u00fdchto tla\u010div\u00e1ch stoj\u00ed ve\u013emi ve\u013ea pe\u0148az\u00ed a vybeh\u00e1va\u010diek. Tak\u017ee som tam dal toho \u010do najviac. Mo\u017eno raz budem aj pred\u00e1va\u0165 aut\u00e1.<\/p>\n<p><b>Zaujalo n\u00e1s, \u017ee tam m\u00e1te aj \u010dinnosti s\u00favisiace s \u00fapravou jed\u00e1l, zmrzliny. Chcete ma\u0165 raz vlastn\u00fa re\u0161taur\u00e1ciu? <\/b><br \/>\nP: M\u00e1m papiere na prev\u00e1dzkara, kuch\u00e1ra a \u010da\u0161n\u00edka, ke\u010f\u017ee som \u0161tudoval na hotelovej akad\u00e9mii. M\u00f4\u017eem si teda otvori\u0165 bez probl\u00e9mov re\u0161taur\u00e1ciu.<\/p>\n<p><b>V \u017eivnosti m\u00e1te aj tlmo\u010denie a preklady. Venujete sa tomu?<\/b><br \/>\nA: Nevenujem sa tomu v\u00f4bec. Ale pri zakladan\u00ed \u017eivnost\u00ed som h\u013eadala, \u010do v\u0161etko by som si tam mohla da\u0165. Trikr\u00e1t v \u017eivote som nie\u010do prekladala pre zn\u00e1mych.<br \/>\n<b>Vraj viete trocha po gr\u00e9cky. Ako ste sa k tomuto jazyku dostali?<\/b><br \/>\nP: Prizn\u00e1m sa, \u017ee SuperStar som chcel robi\u0165 aj pre peniaze. V tom z\u00e1robku som videl mo\u017enos\u0165 zbavi\u0165 sa \u010dasti hypot\u00e9k a \u00eds\u0165 sa niekam von na dlh\u0161ie vyvetra\u0165. V Gr\u00e9cku som mal ve\u013ea kamar\u00e1tov, a preto som si tam zaplatil \u0161kolu, kde som sa za\u010dal u\u010di\u0165 aj po gr\u00e9cky \u2013 a chytilo ma to. Pokra\u010dujem v tom aj na Slovensku t\u00fdm, \u017ee beriem s\u00fakromn\u00e9 hodiny. Martin investoval peniaze, ktor\u00e9 zarobili za prv\u00e9 kolo superstar do cestovania, b\u00fdvania a vzdel\u00e1vania.<\/p>\n<p><b>Ako ste ich investovali vy? <\/b>A: Tie\u017e ich pl\u00e1nujem vyu\u017ei\u0165 na zabezpe\u010denie b\u00fdvania. Napriek nad\u0161tandardn\u00fdm z\u00e1robkom som zistila, \u017ee by som bola schopn\u00e1 si zatia\u013e k\u00fapi\u0165 iba polovicu bytu.<br \/>\nInvestovali by ste aj do cenn\u00fdch papierov?<br \/>\nP: Nem\u00e1m na to peniaze. Som r\u00e1d, \u017ee spl\u00e1cam hypotek\u00e1rny \u00faver. Ale keby som vyhral desa\u0165 mili\u00f3nov, najmem si finan\u010dn\u00e9ho poradcu a nechal by som si poradi\u0165, kde sa tie peniaze najlep\u0161ie zhodnotia.<br \/>\nA: M\u0148a tak\u00e9 investovanie v \u017eivote nenapadlo. Sk\u00f4r sme obaja typy na investovanie do seba. Plat\u00edme si jazykov\u00e9 kurzy, \u0161port a \u201esebazdokona\u013eovanie\u201c.<\/p>\n<p>Relax<\/p>\n<p><b>Ako relaxujte? <\/b><br \/>\nA: Neviem, \u010di sa d\u00e1 \u0161port pova\u017eova\u0165 za relax, mus\u00edm sa do neho trocha n\u00fati\u0165, ale m\u00e1m potom dobr\u00fd pocit. \u00dapln\u00fd relax je sedie\u0165 pri v\u00ednku, rozpr\u00e1va\u0165 sa. Rada chod\u00edm do dobr\u00fdch re\u0161taur\u00e1ci\u00ed na ve\u010dere. Rada m\u00e1m prech\u00e1dzky, divadlo a kino. Relaxovala som aj ka\u017ed\u00fa nede\u013eu pri rel\u00e1cii Fan Fatal.<br \/>\nP: M\u00f4j relax je aj varenie. Ke\u010f nenavar\u00edm aspo\u0148 raz do t\u00fd\u017ed\u0148a nie\u010do chutn\u00e9, tak mi to ve\u013emi ch\u00fdba. Ve\u013emi ner\u00e1d sa chod\u00edm stravova\u0165 do re\u0161taur\u00e1ci\u00ed. Mne tam nechut\u00ed. M\u00e1m v\u017edy pocit, \u017ee by som to vedel vylep\u0161i\u0165. Relax je aj sp\u00e1nok, na \u010d\u00edtanie nem\u00e1m ve\u013ea \u010dasu, aj ke\u010f sa sna\u017e\u00edm. Zo \u0161portov rob\u00edm karate a pl\u00e1vanie.<\/p>\n<p><b>Ako ste dostali prez\u00fdvku Pyco? <\/b><br \/>\nP: Jednoducho, nedostatok kreativity. Nemohol som by\u0165 Martin, lebo vo Fun r\u00e1diu pracoval Martin Nikod\u00fdm. Posluch\u00e1\u010di mi vybrali t\u00fato prez\u00fdvku.<br \/>\nZ \u010doho m\u00e1te najv\u00e4\u010d\u0161ie profesion\u00e1lne pote\u0161enie?<br \/>\nA: Ke\u010f sa mi vydar\u00ed vysielanie v r\u00e1diu.<\/p>\n<p>Superstar<\/p>\n<p><b>Ke\u010f ste sa pripravovali na superstar, sledovali ste aj in\u00e9 reality \u0161ou v zahrani\u010d\u00ed, napr\u00edklad American Idol? <\/b><br \/>\nP: Videl som dve ma\u010farsk\u00e9, dve \u010desk\u00e9 a nejak\u00e9 anglick\u00e9 a gr\u00e9cke kol\u00e1.<br \/>\nA: Sledovala som aj nemeck\u00fa SuperStar a bavilo ma to.<br \/>\nAko vyzer\u00e1 v\u00e1\u0161 de\u0148, ke\u010f je superstar?<br \/>\nP: Cel\u00fd de\u0148 s v\u00fdnimkou obedovej prest\u00e1vky tr\u00e1vime v Inchebe. Je tam rann\u00e1 striha\u010dka, potom gener\u00e1lka a ve\u010der prenos. R\u00e1no je to sk\u00f4r pozi\u010dn\u00e9 pre spev\u00e1kov, kapelu a \u0161t\u00e1b. Na gener\u00e1lke u\u017e to naber\u00e1 viac obraz a my si utrasieme, \u010do a kedy by sme mohli poveda\u0165. Je to dobr\u00e9, \u017ee je to zhusten\u00e9 na ten jeden de\u0148. Preto\u017ee cez t\u00fd\u017ede\u0148 m\u00e1me pocit, \u017ee sme mimo toho, a potom sa s\u00fastred\u00edme iba na t\u00fa jednu vec.<\/p>\n<p><b>Odnesiete si nie\u010do zo superstar? <\/b><br \/>\nP: Ur\u010dite si odnesiem dobr\u00e9 kolegi\u00e1lne vz\u0165ahy. Na\u0161iel som v t\u00edme p\u00e1r \u013eud\u00ed, s ktor\u00fdmi sme si naozaj sadli.<br \/>\nA: Z\u00edskali sme ve\u013ea nov\u00fdch kontaktov aj medzi externistami, nielen medzi zamestnancami STV. To n\u00e1m pom\u00f4\u017ee, ak v bud\u00facnosti budeme nie\u010do robi\u0165 v m\u00e9di\u00e1ch.<\/p>\n<p><b>Vid\u00edte rozdiel medzi prv\u00fdm a druh\u00fdm kolom superstar? Mysl\u00edte si, \u017ee sa oplat\u00ed robi\u0165 e\u0161te aj tretie kolo? <\/b><br \/>\nP: Pre telev\u00edziu sa pod\u013ea m\u0148a oplat\u00ed robi\u0165 aj \u0161estn\u00e1s\u0165 k\u00f4l, lebo sledovanos\u0165 je dobr\u00e1, ale asi by to nemali robi\u0165 hne\u010f. Mne sa dvojka moderuje pohodlnej\u0161ie, viac si to u\u017e\u00edvam a viac mi je pr\u00e1ca z\u00e1bavou, preto\u017ee aj so \u0161t\u00e1bom sme dobre zohrat\u00ed.<br \/>\nA: U m\u0148a je to podobn\u00e9, iba tu prv\u00fa som pre\u017e\u00edvala s v\u00e4\u010d\u0161\u00edmi em\u00f3ciami.<\/p>\n<p><b>Kedy v\u00e1m ide popularita na nervy. M\u00e1te nejak\u00fa hranicu?<\/b><br \/>\nP: Ke\u010f sa \u013eudia nevedia spr\u00e1va\u0165, ale to je v\u0161eobecn\u00e9. Napr\u00edklad, ke\u010f sa mi \u013eudia v obchode nevedia slu\u0161ne prihovori\u0165 a vyp\u00fdta\u0165 si autogram, ale na m\u0148a pokrikuj\u00fa. Ten nedostatok etiky mi prek\u00e1\u017ea.<br \/>\nA: Jedin\u00e9, \u010do mi prek\u00e1\u017ea, je, ke\u010f novin\u00e1ri z\u00e1jdu za ist\u00fa hranicu \u2013 napr\u00edklad uverej\u0148ovanie s\u00fakromn\u00fdch adries. Alebo ke\u010f sa bulv\u00e1rni novin\u00e1ri sna\u017eia vym\u00e1mi\u0165 z n\u00e1s inform\u00e1cie v\u00fdhra\u017en\u00fdm \u0161t\u00fdlom.<\/p>\n<p><b>Ak\u00fa m\u00e1te hodinov\u00fa mzdu za superstar?<\/b><br \/>\nP: M\u00e1m si zobra\u0165 kalkula\u010dku? V\u0161eobecne ner\u00e1d hovor\u00edm o peniazoch. Ale z bulv\u00e1ru som sa o sebe dozvedel, \u017ee beriem za akciu 40-tis\u00edc a Adela vraj 30-tis\u00edc. Vysvet\u013eova\u0165 celej rodine, \u017ee nezar\u00e1bam ka\u017ed\u00fd ve\u010der 40-tis\u00edc, je potom probl\u00e9m.<br \/>\nA: Hovor\u00ed sa o politikoch, \u017ee ako ohromne zar\u00e1baj\u00fa. Pokia\u013e si nenakradn\u00fa, tak to nie je tak. Ja som dlho zar\u00e1bala viac ne\u017e m\u00f4j otec v parlamente (s\u00fa\u010dasn\u00fd mesa\u010dn\u00fd pr\u00edjem poslanca NR SR je zhruba 90-tis\u00edc kor\u00fan \u2013 pozn. redakcie).<br \/>\nSuperstar potrebuje prest\u00e1vku<\/p>\n<p>U\u017e po druh\u00fd raz maj\u00fa div\u00e1ci Slovenskej telev\u00edzie mo\u017enos\u0165 pozrie\u0165 si \u0161ou Slovensko h\u013ead\u00e1 SuperStar. Program je vytvoren\u00fd pod\u013ea form\u00e1tu Idol, licencovan\u00e9ho FremantleMedia Licensing Worldwide.<br \/>\n\u201eSuma za vysielacie pr\u00e1va je predmetom obchodn\u00e9ho tajomstva a STV ju nem\u00f4\u017ee zverejni\u0165. N\u00e1klady na licenciu tvoria len nieko\u013eko percent celkov\u00fdch n\u00e1kladov na v\u00fdrobu programu,\u201c vrav\u00ed \u010dlen vedenia STV Branislav Z\u00e1hradn\u00edk. Hoci m\u00e1 telev\u00edzia opciu aj na \u010fal\u0161iu s\u00e9riu SuperStar, pod\u013ea neho by tretie kolo mohlo by\u0165 najsk\u00f4r o rok a pol a\u017e dva, preto\u017ee projekt potrebuje prest\u00e1vku.<br \/>\nPod\u013ea prieskumov m\u00e1 SuperStar II. podstatne ni\u017e\u0161iu sledovanos\u0165 ako pilotn\u00fd projekt. Ako hovor\u00ed B. Z\u00e1hradn\u00edk, dopl\u00e1ca sa na takzvan\u00fd syndr\u00f3m druh\u00fdch s\u00e9ri\u00ed, \u010do sa stalo takmer vo v\u0161etk\u00fdch krajin\u00e1ch na svete. Napriek tomu je pod\u013ea neho SuperStar najsledovanej\u0161\u00edm programom STV a jedn\u00fdm z najsledovanej\u0161\u00edch vo v\u0161etk\u00fdch slovensk\u00fdch telev\u00edzi\u00e1ch.<br \/>\nMarketingov\u00fd projekt druhej s\u00e9rie poklad\u00e1 B. Z\u00e1hradn\u00edk za efekt\u00edvnej\u0161\u00ed ako v prvej s\u00e9rii: \u201eNajsilnej\u0161ou str\u00e1nkou marketingu SuperStar je public relations. Tu STV dok\u00e1zala z\u00edska\u0165 najv\u00e4\u010d\u0161\u00ed medi\u00e1lny priestor v takmer v\u0161etk\u00fdch printov\u00fdch m\u00e9di\u00e1ch v podstate zadarmo.\u201c<br \/>\nDiv\u00e1ka v\u0161ak zauj\u00edma aj ot\u00e1zka, \u010di z vlastn\u00e9ho vrecka, teda z koncesion\u00e1rskych poplatkov nezaplat\u00ed pokuty, ktor\u00e9 za vysielanie reklamy po\u010das SuperStar STV dostala. B. Z\u00e1hradn\u00edk to kategoricky popiera: \u201ePods\u00fava\u0165 t\u00e9zu, \u017ee pokuty plat\u00ed koncesion\u00e1r, je demag\u00f3gia. V\u0161etky pokuty plat\u00ed STV z komer\u010dn\u00fdch pr\u00edjmov, ani korunu z koncesion\u00e1rskych poplatkov \u2013 to je dokonca z\u00e1konom stanoven\u00e9.\u201c<br \/>\nZa vysielanie reklamy po\u010das priamych prenosov v prvej s\u00e9rii SuperStar dostala STV pokuty vo v\u00fd\u0161ke 8,5 mili\u00f3na kor\u00fan. \u201eSlovensk\u00e1 telev\u00edzia zarobila na komer\u010dn\u00fdch pr\u00edjmoch zo SuperStar I. 104,5 mili\u00f3na kor\u00fan, \u010do je suver\u00e9nne najvy\u0161\u0161\u00ed v\u00fdnos, ak\u00fd mal ktor\u00fdko\u013evek program STV v jej hist\u00f3rii. Samozrejme, v prostred\u00ed komer\u010dnej stanice by v\u00fdnosy mohli by\u0165 vy\u0161\u0161ie, lebo reklamn\u00fd priestor je p\u00e4\u0165n\u00e1sobn\u00fd,\u201c hovor\u00ed B. Z\u00e1hradn\u00edk.<br \/>\nNar\u00e1\u017ea t\u00fdm na pomer medzi povolen\u00fdm podielom reklamy v STV a komer\u010dn\u00fdch telev\u00edzi\u00e1ch. Pr\u00e1ve pre pokuty, ktor\u00e9 STV licen\u010dn\u00e1 rada udelila, zru\u0161il jej riadite\u013e Richard Rybn\u00ed\u010dek vysielanie reklamy po\u010das fin\u00e1lov\u00fdch k\u00f4l SuperStar II. Takto sp\u00f4soben\u00e9 straty odhaduje na 20 mili\u00f3nov kor\u00fan. \u201eDruh\u00e1 s\u00e9ria preto zarob\u00ed o \u010dosi menej, ale st\u00e1le to bude nielen komer\u010dne ve\u013emi \u00faspe\u0161n\u00e1 rel\u00e1cia,\u201c tvrd\u00ed B. Z\u00e1hradn\u00edk.<\/p>\n","protected":false},"excerpt":{"rendered":"<p>Hoci s\u00fa dnes telev\u00edzne hviezdy, atmosf\u00e9ra rozhlasov\u00e9ho vysielania im je bli\u017e\u0161ia Vlastn\u00e9 obchodn\u00e9 spolo\u010dnosti si Adela Ban\u00e1\u0161ov\u00e1 a Martin Rausch alias Pyco zalo\u017eili len na radu svojej spolo\u010dnej da\u0148ovn\u00ed\u010dky. Obaja v\u0161ak investuj\u00fa najm\u00e4 do seba \u2013 cestuj\u00fa, vzdel\u00e1vaj\u00fa sa a \u0161portuj\u00fa. A, samozrejme, do b\u00fdvania. Aj ke\u010f Adela sa na to iba chyst\u00e1. Kari\u00e9ra V [&hellip;]<\/p>\n","protected":false},"author":1,"featured_media":1760,"parent":0,"menu_order":0,"comment_status":"open","ping_status":"open","template":"","meta":{"footnotes":""},"class_list":["post-301","page","type-page","status-publish","has-post-thumbnail","hentry"],"_links":{"self":[{"href":"http:\/\/martin-pyco-rausch-fans.sk\/index.php?rest_route=\/wp\/v2\/pages\/301","targetHints":{"allow":["GET"]}}],"collection":[{"href":"http:\/\/martin-pyco-rausch-fans.sk\/index.php?rest_route=\/wp\/v2\/pages"}],"about":[{"href":"http:\/\/martin-pyco-rausch-fans.sk\/index.php?rest_route=\/wp\/v2\/types\/page"}],"author":[{"embeddable":true,"href":"http:\/\/martin-pyco-rausch-fans.sk\/index.php?rest_route=\/wp\/v2\/users\/1"}],"replies":[{"embeddable":true,"href":"http:\/\/martin-pyco-rausch-fans.sk\/index.php?rest_route=%2Fwp%2Fv2%2Fcomments&post=301"}],"version-history":[{"count":5,"href":"http:\/\/martin-pyco-rausch-fans.sk\/index.php?rest_route=\/wp\/v2\/pages\/301\/revisions"}],"predecessor-version":[{"id":6299,"href":"http:\/\/martin-pyco-rausch-fans.sk\/index.php?rest_route=\/wp\/v2\/pages\/301\/revisions\/6299"}],"wp:featuredmedia":[{"embeddable":true,"href":"http:\/\/martin-pyco-rausch-fans.sk\/index.php?rest_route=\/wp\/v2\/media\/1760"}],"wp:attachment":[{"href":"http:\/\/martin-pyco-rausch-fans.sk\/index.php?rest_route=%2Fwp%2Fv2%2Fmedia&parent=301"}],"curies":[{"name":"wp","href":"https:\/\/api.w.org\/{rel}","templated":true}]}}