{"id":307,"date":"2014-10-18T02:29:13","date_gmt":"2014-10-18T00:29:13","guid":{"rendered":"http:\/\/www.martin-pyco-rausch-fans.sk\/wordpress\/?page_id=307"},"modified":"2015-02-09T00:56:48","modified_gmt":"2015-02-08T22:56:48","slug":"svadby-nemam-rad","status":"publish","type":"page","link":"http:\/\/martin-pyco-rausch-fans.sk\/?page_id=307","title":{"rendered":"&#8222;Svadby nem\u00e1m r\u00e1d&#8220;"},"content":{"rendered":"<div class = \"alert alert-info \">Zdroj:\u00a0<a href=\"http:\/\/casprezeny.azet.sk\/clanok\/72805\/martin-pyco-rausch-svadby-nemam-rad.html\">casprezeny.sk<\/a><br \/>\nD\u00e1tum: 3. apr\u00edl\u00a02005<\/div>\n<p>Moder\u00e1tor Martin Rausch (27) neob\u013eubuje, ke\u010f mu ktosi v sobotu r\u00e1no zazvon\u00ed pod domom, sp\u00fdta sa: ,,Je to Pyco?&#8220; a ute\u010die. A nepote\u0161\u00ed ho, ke\u010f mu vol\u00e1 niekto, koho nepozn\u00e1. Nu\u017e, aj to je da\u0148 za n\u00e1hly n\u00e1rast popularity. Ale \u010do bude potom, ke\u010f sa najsledovanej\u0161ia s\u00fa\u0165a\u017e Slovensko h\u013ead\u00e1 SuperStar skon\u010d\u00ed a popularita Martina, ktor\u00e9ho v\u0161etci poznaj\u00fa ako Pyca, sa za\u010dne g\u00fa\u013ea\u0165 z kopca? Najob\u013e\u00fabenej\u0161ie mu\u017esk\u00e9ho superstarov\u00e9ho moder\u00e1tora t\u00e1to predstava nedes\u00ed.<\/p>\n<p><b>Pobavilo ma, ke\u010f som si niekde pre\u010d\u00edtala, \u017ee si nepripad\u00e1te nejako zvl\u00e1\u0161\u0165 pr\u00ed\u0165a\u017eliv\u00fd. Bol to preklep, alebo provokujete tie ch\u00fa\u010fatk\u00e1 diev\u010dat\u00e1, ktor\u00e9 pri poh\u013eade na v\u00e1s vymie\u0148aj\u00fa slov\u00e1 za vzdychy?<\/b> Moderujem program v\u00fdrazne ob\u013e\u00faben\u00fd aj mlad\u0161\u00edm a najmlad\u0161\u00edm publikom. Ke\u010f\u017ee priamo nes\u00fa\u0165a\u017e\u00edm ako ostatn\u00ed chalani, som o \u010dosi kladnej\u0161ia postava, som \u201enastajlovan\u00fd\u201c, mal by som by\u0165 spolu s Adelou pr\u00edjemn\u00fdm sprievodom s\u00fa\u0165a\u017ee. A teraz si predstavte v tejto poz\u00edcii ktor\u00e9hoko\u013evek slovensk\u00e9ho moder\u00e1tora vo veku od 20 do 40 rokov. Mysl\u00edm, \u017ee by po \u0148om diev\u010dat\u00e1 p\u00e1sli rovnako. \u010coko\u013evek si nam\u00fd\u0161\u013ea\u0165 je zbyto\u010dn\u00e9, rovnako ako zaobera\u0165 sa my\u0161lienkou, \u010di by som bol pre nich atrakt\u00edvny aj v sobotu r\u00e1no, v rifliach, starom tri\u010dku a kruhmi pod o\u010dami.<\/p>\n<p><b>Ako vn\u00edmate fakt, \u017ee ste sa vlastne z noci do r\u00e1na stali nov\u00fdm sexidolom?<\/b>Tento fakt nevn\u00edmam. Rad\u0161ej sa ma sp\u00fdtajte, ako r\u00fdchlo budem vn\u00edma\u0165 po skon\u010den\u00ed SuperStar pokles popularity a zabudnutie. To u\u017e v\u0161ak nebude a\u017e tak\u00e9 zauj\u00edmav\u00e9 pre in\u00fdch ako pre m\u0148a.<\/p>\n<p>Tak r\u00fdchlo, ako pr\u00edde. \u00daprimne by ma pote\u0161ilo, keby mi prestali vola\u0165 \u013eudia, ktor\u00fdch nepozn\u00e1m, len preto, aby zlo\u017eili telef\u00f3n. Takisto nie je pr\u00edjemn\u00e9, ak v\u00e1m niekto zvon\u00ed pod domom, len aby sa sp\u00fdtal: ,,Je to Pyco?&#8220; a potom utek\u00e1 pre\u010d. V prvom rade v\u0161ak chcem po\u010fakova\u0165 v\u0161etk\u00fdm, ktor\u00fdch som osobne stretol, za prejav sympatie.<\/p>\n<p><b>Nel\u00e1ka v\u00e1s da\u0165 si s nejakou zvl\u00e1\u0161\u0165 pr\u00ed\u0165a\u017elivou obdivovate\u013ekou rande? Ste v\u00f4bec moment\u00e1lne v takom \u017eivotnom \u0161t\u00e1diu, \u017ee si m\u00f4\u017eete d\u00e1va\u0165 s niek\u00fdm rande?<\/b><br \/>\nJa naozaj nest\u00edham z\u00e1kladn\u00e9 veci, som r\u00e1d, ak sa vysp\u00edm. Zosta\u0165 v r\u00e1diu a da\u0165 sa na moderovanie SuperStar bola ve\u013ek\u00e1 v\u00fdzva, ale zatia\u013e to zvl\u00e1dam. Nezvl\u00e1dam v\u0161ak ni\u010d in\u00e9. O rande s fan\u00fa\u0161i\u010dkou nesn\u00edvam. Fan\u00fa\u0161i\u010dka a priate\u013eka s\u00fa dva ve\u013emi r\u00f4zne pojmy. Prirodzenej\u0161ie je, ak sa z priate\u013eky stane fan\u00fa\u0161i\u010dka zdravej dimenzie, nie naopak.<\/p>\n<p><b>O\u010dak\u00e1vali ste, \u017ee SuperStar bude ma\u0165 tak\u00fd \u00faspech, \u017ee do v\u00e1\u0161ho \u017eivota prinesie tot\u00e1lny zvrat&#8230; Alebo to je len dojem a v\u00e1\u0161 \u017eivot sa vlastne v\u00f4bec nezmenil?<\/b><br \/>\nM\u00f4j \u017eivot sa v\u00f4bec nezmenil. Aj telev\u00edziu vn\u00edmam rovnako zodpovedne ako dlhoro\u010dn\u00fa pr\u00e1cu v r\u00e1diu \u010di telev\u00edzii. Jedinou v\u00fdraznou zmenou je absol\u00fatna strata anonymity, zvykal som si a dodnes si zvyk\u00e1m na to, \u017ee ma \u013eudia spozn\u00e1vaj\u00fa v obchode na ulici.<\/p>\n<p><b>Rob\u00edte si dlhodob\u00e9 pl\u00e1ny? \u010co \u010falej, SuperStar sa skon\u010d\u00ed a&#8230; Nebude \u0165a\u017ek\u00e9 zaradi\u0165 sa z takej v\u00fd\u0161ky do norm\u00e1lu?<\/b><br \/>\nV\u00f4bec nie, ja sa na to dokonca te\u0161\u00edm. Myslel som, \u017ee budem ma\u0165 probl\u00e9m vystreli\u0165 z norm\u00e1lu do v\u00fd\u0161ky, nie naopak. SuperStar sa skon\u010d\u00ed a bude na \u010das pokoj. R\u00e1dio je m\u00f4j \u017eivot, okrem toho budem m\u00f4c\u0165 kone\u010dne op\u00e4\u0165 cestova\u0165. Mysl\u00edm, \u017ee v r\u00e1diu som lep\u0161\u00ed ako v telev\u00edzii.<\/p>\n<p><b>Znamen\u00e1 to, \u017ee telev\u00edzia v\u00e1m nebude ch\u00fdba\u0165, a ak u\u017e nepr\u00edde nijak\u00e1 ,,obrazov\u00e1&#8220; ponuka, nebude v\u00e1s to mrzie\u0165?<\/b><br \/>\nVzal som SuperStar ako sk\u00fasenos\u0165 a spestrenie, nie ako \u0161tart novej kari\u00e9ry. Mysl\u00edm, \u017ee v r\u00e1diu som musel z moder\u00e1torskej str\u00e1nky zvl\u00e1da\u0165 ove\u013ea nam\u00e1havej\u0161ie poz\u00edcie ne\u017e v SuperStar. Pochopite\u013ene, ak by sa mi dostal pod nos projekt, ktor\u00fd ma oslov\u00ed, zareagujem pod\u013ea okolnost\u00ed, ale v podstate r\u00e1d zostanem tam, kde som bol.<\/p>\n<p><b>Pr\u00e1ca v r\u00e1diu v\u00e1m zrejme nikdy neprinesie tak\u00fd rozmer popularity ani v\u00fd\u0161ku honor\u00e1ru. Vy t\u00fdmto aspektom nepriklad\u00e1te v\u00fdznam?<\/b><br \/>\nNie pre ka\u017ed\u00e9ho je moderovanie ot\u00e1zkou popularity. Nechcel som by\u0165 moder\u00e1torom, a ke\u010f sa zo m\u0148a stal moderuj\u00faci redaktor, v\u017edy mi ve\u013emi z\u00e1le\u017ealo na tom, aby som robil autorsk\u00e9 rel\u00e1cie o hudbe, teda ani v tom ,,menej popul\u00e1rnom rozhlasovom moderovan\u00ed&#8220; som nevyh\u013ead\u00e1val najpo\u010d\u00favanej\u0161ie \u010dasy. V\u017edy som vysielal ve\u010der, ke\u010f po\u010d\u00favanos\u0165 r\u00e1di\u00ed kles\u00e1 pod \u00farove\u0148 denn\u00e9ho priemeru. A honor\u00e1rom som v\u017edy prikladal v\u00fdznam, tak ako ostatn\u00ed. Z popularity sa \u010dlovek nenaje.<\/p>\n<p>Ste ten typ s\u00fa\u010dasn\u00e9ho mu\u017ea, ktor\u00fd sa chyst\u00e1 u\u017e\u00edva\u0165 si zhruba do \u0161tyridsiatky, spozna\u0165 (kr\u00e1tkodobo a bez n\u00e1sledkov) \u010do najv\u00e4\u010d\u0161\u00ed po\u010det \u010do najkraj\u0161\u00edch \u017eien a potom sa mo\u017eno usadi\u0165. A to e\u0161te v\u00f4bec nemus\u00ed znamena\u0165, \u017ee sa o\u017een\u00ed.<br \/>\nSvoj s\u00fakromn\u00fd \u017eivot zo z\u00e1sady nepl\u00e1nujem, to sa ani ned\u00e1, osud zohr\u00e1va podstatn\u00fa rolu. Pova\u017eujem sa za modern\u00e9ho mu\u017ea, svadba pre m\u0148a ve\u013ea neznamen\u00e1, l\u00e1ska a d\u00f4vera s\u00fa v mojom hodnotovom rebr\u00ed\u010dku podstatne vy\u0161\u0161ie. Svadby v\u0161eobecne nem\u00e1m r\u00e1d.<\/p>\n<p><b>P\u00f4sob\u00edte (pod\u013ea \u017eien z m\u00f4jho okolia) v\u00e1\u0161nivo, \u00faprimne, uvo\u013enene, romanticky. \u010co z toho je pravda, \u010do by ste opravili a \u010do dodali?<\/b><br \/>\nPozdravujem \u017eeny z okolia. Asi ma poznaj\u00fa z obrazovky, d\u00fafam teda, \u017ee nebud\u00fa sklaman\u00e9, ak ma niekedy stretn\u00fa. Mal\u00e9 diev\u010datk\u00e1, ktor\u00e9 ma tyranizovali s\u00fastavn\u00fdmi telefon\u00e1tmi, v ktor\u00fdch sa nechceli ani ozva\u0165, stratili il\u00fazie ve\u013emi r\u00fdchlo. Po \u010dase som za\u010dal reagova\u0165 podr\u00e1\u017edene, preto\u017ee mi znemo\u017e\u0148ovali telefonick\u00fa komunik\u00e1ciu s okol\u00edm, a potom sa na internete roz\u010darovan\u00e9 rozpisovali o tom, ak\u00fd som arogantn\u00fd a zl\u00fd.<\/p>\n<p><b>Tak\u017ee ak\u00fd ste?<\/b><br \/>\nNeviem, zo z\u00e1sady sa nehodnot\u00edm pred in\u00fdmi a u\u017e v\u00f4bec nie verejne. Sna\u017e\u00edm sa by\u0165 \u00faprimn\u00fd, to je pravda. Ako vyzer\u00e1 v\u00e1\u0161nivos\u0165, to s\u00e1m neviem op\u00edsa\u0165 a pred kamerou sa aj s\u00e1m u\u017e teraz c\u00edtim uvo\u013enen\u00fd. Za romantika sa nepova\u017eujem. A \u010do by som dodal? Kombinuje sa vo mene trpezlivos\u0165 s nedo\u010dkavos\u0165ou a nerozhodnos\u0165ou, vlastn\u00e1 v\u0161etk\u00fdm naroden\u00fdm v znamen\u00ed v\u00e1h.<\/p>\n<p><b>Ste dlhoro\u010dn\u00fd vegetari\u00e1n. Vegetari\u00e1nstvo zvy\u010dajne predstavuje \u017eivotn\u00fd \u0161t\u00fdl. Vegetari\u00e1ni maj\u00fa dobr\u00fd vz\u0165ah k \u017eivotn\u00e9mu prostrediu, nefaj\u010dia, pij\u00fa len symbolicky&#8230; Ste ten typ?<\/b><br \/>\nNie. Preto vegetari\u00e1nom hovor\u00edm, \u017ee ja len \u201enejem m\u00e4so\u201c. Sna\u017e\u00edm sa stravova\u0165 zdravo. Pr\u00edle\u017eitostn\u00fd poh\u00e1rik neodmietam, chut\u00ed mi v\u00edno aj pivo, nejak\u00e1 t\u00e1 \u201e\u017e\u00farka\u201c je takisto v\u00edtan\u00e1, ale opit\u00e9ho ma asi neuvid\u00edte. Aspo\u0148 nie na verejnosti. By\u0165 vegetari\u00e1nom zah\u0155\u0148a aj ist\u00fd \u017eivotn\u00fd \u0161t\u00fdl, ja t\u00fdmto triezvo zm\u00fd\u0161\u013eaj\u00facim a cie\u013eavedom\u00fdm \u013eu\u010fom nechcem robi\u0165 hanbu.<\/p>\n<p><b>Viete si predstavi\u0165 \u017eivot so \u017eenou, ktor\u00e1 zbo\u017e\u0148uje m\u00e4so?<\/b><br \/>\n&#8222;&gt;M\u00e4so odmietam pripravova\u0165, m\u00e1m s t\u00fdm trochu probl\u00e9m. To je asi jedin\u00fd probl\u00e9m, inak re\u0161pektujem ka\u017ed\u00e9ho chute. Ka\u017ed\u00fd vegetari\u00e1n sa asi zh\u00e1\u010di, ke\u010f m\u00e1 pobozka\u0165 \u017eenu, ktor\u00e1 pr\u00e1ve dojedla tat\u00e1rsky biftek. Nie som v\u00fdnimkou.<\/p>\n","protected":false},"excerpt":{"rendered":"<p>Moder\u00e1tor Martin Rausch (27) neob\u013eubuje, ke\u010f mu ktosi v sobotu r\u00e1no zazvon\u00ed pod domom, sp\u00fdta sa: ,,Je to Pyco?&#8220; a ute\u010die. A nepote\u0161\u00ed ho, ke\u010f mu vol\u00e1 niekto, koho nepozn\u00e1. Nu\u017e, aj to je da\u0148 za n\u00e1hly n\u00e1rast popularity. Ale \u010do bude potom, ke\u010f sa najsledovanej\u0161ia s\u00fa\u0165a\u017e Slovensko h\u013ead\u00e1 SuperStar skon\u010d\u00ed a popularita Martina, ktor\u00e9ho [&hellip;]<\/p>\n","protected":false},"author":1,"featured_media":0,"parent":0,"menu_order":0,"comment_status":"open","ping_status":"open","template":"","meta":{"footnotes":""},"class_list":["post-307","page","type-page","status-publish","hentry"],"_links":{"self":[{"href":"http:\/\/martin-pyco-rausch-fans.sk\/index.php?rest_route=\/wp\/v2\/pages\/307","targetHints":{"allow":["GET"]}}],"collection":[{"href":"http:\/\/martin-pyco-rausch-fans.sk\/index.php?rest_route=\/wp\/v2\/pages"}],"about":[{"href":"http:\/\/martin-pyco-rausch-fans.sk\/index.php?rest_route=\/wp\/v2\/types\/page"}],"author":[{"embeddable":true,"href":"http:\/\/martin-pyco-rausch-fans.sk\/index.php?rest_route=\/wp\/v2\/users\/1"}],"replies":[{"embeddable":true,"href":"http:\/\/martin-pyco-rausch-fans.sk\/index.php?rest_route=%2Fwp%2Fv2%2Fcomments&post=307"}],"version-history":[{"count":5,"href":"http:\/\/martin-pyco-rausch-fans.sk\/index.php?rest_route=\/wp\/v2\/pages\/307\/revisions"}],"predecessor-version":[{"id":2022,"href":"http:\/\/martin-pyco-rausch-fans.sk\/index.php?rest_route=\/wp\/v2\/pages\/307\/revisions\/2022"}],"wp:attachment":[{"href":"http:\/\/martin-pyco-rausch-fans.sk\/index.php?rest_route=%2Fwp%2Fv2%2Fmedia&parent=307"}],"curies":[{"name":"wp","href":"https:\/\/api.w.org\/{rel}","templated":true}]}}