{"id":313,"date":"2014-10-18T02:31:14","date_gmt":"2014-10-18T00:31:14","guid":{"rendered":"http:\/\/www.martin-pyco-rausch-fans.sk\/wordpress\/?page_id=313"},"modified":"2015-02-09T00:59:08","modified_gmt":"2015-02-08T22:59:08","slug":"aj-ja-by-som-poslal-hlas-tomasovi","status":"publish","type":"page","link":"http:\/\/martin-pyco-rausch-fans.sk\/?page_id=313","title":{"rendered":"&#8222;Aj ja by som poslal hlas Tom\u00e1\u0161ovi.&#8220;"},"content":{"rendered":"<div class = \"alert alert-info \">Zdroj:\u00a0<a href=\"http:\/\/www.sme.sk\/c\/1977488\/pyco-aj-ja-by-som-poslal-hlas-tomasovi.html\">sme.sk<\/a><br \/>\nD\u00e1tum: 19. marec 2005<\/div>\n<p>Martin Rausch &#8222;Pyco&#8220;Martin Rausch &#8222;Pyco&#8220; sa narodil 9. okt\u00f3bra 1977 v Bratislave. Vy\u0161tudoval hotelov\u00fa akad\u00e9miu, preto\u017ee ho nel\u00e1kalo gymn\u00e1zium a lep\u0161iu \u0161kolu nena\u0161iel. Tu sa u\u010dil tri cudzie jazyky a navy\u0161e bolo na nej minimum matematiky a fyziky. Od p\u00e4tn\u00e1stich rokov pracuje vo Fun Radiu, ale by\u0165 moder\u00e1torom ho nel\u00e1kalo, spo\u010diatku chcel by\u0165 hudobn\u00fdm redaktorom a vysiela\u0165 hudbu, ktor\u00e1 mu v r\u00e1diu ch\u00fdba. K moderovaniu ho dotla\u010dila O\u013ega Z\u00e1black\u00e1, aj ke\u010f to vraj spo\u010diatku n\u00e1dejne nevyzeralo. Po piatich rokoch z Fun Radia odi\u0161iel a o tri roky sa zase vr\u00e1til. Na konte m\u00e1 ve\u013ea hudobn\u00fdch rel\u00e1ci\u00ed, pripravuje medziin\u00fdm nede\u013en\u00fa trojhodinovku Music Files. V STV moderoval rel\u00e1ciu Menu a Cestuj s nami &#8211; t\u00fa pripravoval aj ako scen\u00e1rista a re\u017eis\u00e9r. Jeho z\u00e1\u013eubami s\u00fa cestovanie a hudba. Je slobodn\u00fd, m\u00e1 dvoch bratov a sestru. R\u00e1d var\u00ed a je vegetari\u00e1n. Prez\u00fdvku Pyco mu dali rozhlasov\u00ed posluch\u00e1\u010di. &#8222;\u010eakujem pekne za inform\u00e1ciu, prekvapilo a pote\u0161ilo. Akur\u00e1t tento t\u00fd\u017ede\u0148 m\u00e1m viac-menej dovolenku, telef\u00f3n skoro nezap\u00ednam a maily som si pozrel n\u00e1hodou, tak\u017ee dnes ani zajtra sa s vami ur\u010dite stretn\u00fa\u0165 nem\u00f4\u017eem,&#8220; pri\u0161iel do redakcie e-mail od Martina Rauscha-Pyca. \u010co sa d\u00e1 robi\u0165. O tom, \u017ee moder\u00e1tor s\u00fa\u0165a\u017ee SuperStar je druh\u00fdm naj\u0161armantnej\u0161\u00edm mu\u017eom Slovenska, sme sa s n\u00edm teda bavili virtu\u00e1lne, v\u010faka po\u010d\u00edta\u010dovej sieti.<\/p>\n<p><b>Do poslednej chv\u00edle ste bojovali o hlasy s finalistom s\u00fa\u0165a\u017ee, ktor\u00fa moderujete, Tom\u00e1\u0161om Bezdedom. Pre\u010do asi vyhral?<\/b><br \/>\nTie\u017e by som mu poslal hlas, keby som bol prispievate\u013eom do ankiet. Ja som sk\u00f4r pr\u00edjemne prekvapen\u00fd svoj\u00edm umiestnen\u00edm, ne\u017e by som sa mal \u010dudova\u0165, \u017ee Tom\u00e1\u0161ko vyhral. Je to mil\u00fd, ve\u010dne usmiaty chlapec so silnou charizmou, po\u010das nieko\u013ek\u00fdch t\u00fd\u017ed\u0148ov si z\u00edskal cel\u00e9 Slovensko.<\/p>\n<p><b>Dost\u00e1vali ste hlasy od \u017eien aj mu\u017eov, ktor\u00ed nie raz ako d\u00f4vod va\u0161ej \u0161armantnosti nap\u00edsali, \u017ee nielen dobre vyzer\u00e1te, ale ste aj inteligentn\u00fd. Keby ste boli na ich mieste, pod\u013ea \u010doho by ste si vyberali?<\/b><br \/>\nS\u00e1m neviem, ankety s\u00fa oby\u010dajne zrkadlom moment\u00e1lneho n\u00e1zoru spolo\u010dnosti, ktor\u00fd sa o mesiac m\u00f4\u017ee zmeni\u0165. Osobne sa ner\u00e1d vyjadrujem k aktu\u00e1lnym hitom \u010di favoritom v \u010domko\u013evek, preto\u017ee o tri t\u00fd\u017edne si m\u00f4\u017eem myslie\u0165 nie\u010do in\u00e9. Ak m\u00e1 niekto pocit, \u017ee p\u00f4sob\u00edm inteligentne, ur\u010dite to po\u010dujem rad\u0161ej, ako keby som mal o sebe po\u010du\u0165, \u017ee p\u00f4sob\u00edm hl\u00fapo. Pravda bude asi niekde uprostred.<\/p>\n<p><b>Ako to, \u017ee m\u00f4\u017eete ma\u0165 teraz dovolenku? Ako ju tr\u00e1vite?<\/b><br \/>\nPotreboval som vypn\u00fa\u0165, tak\u017ee v r\u00e1diu rob\u00edm len hudobn\u00e9 spr\u00e1vy a na t\u00fd\u017ede\u0148 som vynechal norm\u00e1lne vysielanie. Ka\u017ed\u00fd m\u00e1me svoje baterky a ja pracujem sedem dn\u00ed v t\u00fd\u017edni. Potreboval som sa vyspa\u0165. Vo\u013eno m\u00e1m len \u0161tyri dni.<\/p>\n<p><b>Ako v tejto chv\u00edli vyzer\u00e1te a ako sa prejavuje va\u0161a inteligencia a \u0161arm?<\/b><br \/>\nMoment\u00e1lne? Zobudil som sa pred polhodinou, z\u00e1pas\u00edm s tradi\u010dn\u00fdmi kruhmi pod o\u010dami, preto\u017ee ich m\u00e1m na tv\u00e1ri v\u017edy, ke\u010f sa dobre vysp\u00edm. R\u00e1no na ka\u017ed\u00e9ho \u0161tek\u00e1m ako pes, zle sa mi komunikuje, ledva komponujem vety. Asi preto \u017eijem s\u00e1m a r\u00e1no nezap\u00ednam telef\u00f3n, pokia\u013e to nie je nutn\u00e9. O hodinu bude zo m\u0148a op\u00e4\u0165 \u010dlovek.<\/p>\n<p><b>Zmenila v\u00e1s s\u00fa\u0165a\u017e?<\/b><br \/>\nVo svojej podstate som ten ist\u00fd \u010dlovek, kardin\u00e1lne zmeny nenastali \u017eiadne. M\u00e1m dvadsa\u0165sedem rokov a v r\u00e1diu som dvan\u00e1s\u0165 rokov, SuperStar som preto vn\u00edmal ako profesion\u00e1lnu sk\u00fasenos\u0165 a pracovn\u00fa pr\u00edle\u017eitos\u0165. Sl\u00e1va mi a\u017e tak ve\u013emi nechut\u00ed, navy\u0161e je premenliv\u00e1 ako po\u010dasie, tak\u017ee zmeny nenastali.<\/p>\n<p><b>Ch\u00fdba v\u00e1m pocit slobody?<\/b><br \/>\nTo je relat\u00edvne. \u00c1no, ch\u00fdba mi sloboda z minul\u00e9ho roka, ke\u010f som mohol \u00eds\u0165 hocikam a neukazovalo sa na m\u0148a prstom. Na druhej strane v\u0161ak nezalamujem rukami, preto\u017ee do SuperStar som i\u0161iel s otvoren\u00fdmi o\u010dami a triezvo, bol som na to pripraven\u00fd.<\/p>\n<p><b>Mysl\u00edte si nie\u010do o \u017een\u00e1ch a diev\u010dat\u00e1ch, ktor\u00e9 podliehaj\u00fa hyst\u00e9rii, alebo naopak, ktor\u00e9 t\u00fato s\u00fa\u0165a\u017e ignoruj\u00fa? M\u00f4\u017eu tak extr\u00e9mne reagova\u0165 aj mu\u017ei? <\/b>To by bolo ve\u013emi hl\u00fape \u0161katu\u013ekovanie. Mysl\u00edm, \u017ee SuperStar sa aj na Slovensku stala spolo\u010densk\u00fdm fenom\u00e9nom, rozpr\u00e1vame sa o nej st\u00e1le a v\u0161ade, aspo\u0148 zatia\u013e. Rozde\u013eova\u0165 \u010di posudzova\u0165 \u013eud\u00ed pod\u013ea toho, \u010di ju sleduj\u00fa, alebo naoko ignoruj\u00fa, by bolo, ako keby som \u017eeny \u010di \u013eud\u00ed v\u0161eobecne posudzoval pod\u013ea toho, ak\u00fa farbu preferuj\u00fa, \u010di ako reagovali na posledn\u00fd album m\u00f4jho ob\u013e\u00faben\u00e9ho interpreta. \u017dijem v presved\u010den\u00ed, \u017ee ka\u017ed\u00fd m\u00e1me pr\u00e1vo na svoj n\u00e1zor.<\/p>\n<p><b>V akej poz\u00edcii sa c\u00edtite vo\u010di s\u00fa\u0165a\u017eiacim, porotcom a div\u00e1kom?<\/b><br \/>\nS\u00fa\u0165a\u017eiaci s\u00fa moji kamar\u00e1ti, m\u00e1m ich \u00faprimne r\u00e1d, sme na tej istej lodi. Ak sa d\u00e1, sna\u017e\u00edm sa im od\u013eah\u010di\u0165 cel\u00fd ten koloto\u010d, ktor\u00fd z nich rob\u00ed \u0161ialene prenasledovan\u00e9 medi\u00e1lne hviezdy. S porotou sme jeden t\u00edm a vo\u010di div\u00e1kom m\u00e1m sk\u00f4r pocit ak\u00e9hosi sprievodcu cel\u00fdm t\u00fdm organizovan\u00fdm chaosom.<\/p>\n<p><b>Nem\u00e1te pocit, \u017ee v\u00e1s s\u00fa\u0165a\u017e manipuluje? Bojujete napr\u00edklad o to, \u010do chcete \u010di nechcete na javisku poveda\u0165, alebo ako chcete vyzera\u0165?<\/b><br \/>\nNie, nebojujem. Priznal som u\u017e viackr\u00e1t, \u017ee pri podpise zmluvy som mal mierne obavy, \u010do v\u0161etko budem musie\u0165 robi\u0165. Dodnes si v\u0161ak neviem vynachv\u00e1li\u0165 spolupr\u00e1cu pod hlavi\u010dkou Slovenskej telev\u00edzie. Peter \u0147un\u00e9z je skvel\u00fd, pokojn\u00fd profesion\u00e1l a re\u017eis\u00e9r, u ktor\u00e9ho je na prvom mieste dial\u00f3g a aj ke\u010f sa nezhodneme v spolo\u010dnom n\u00e1zore, \u010do sa deje m\u00e1lokedy, v\u017edy n\u00e1jdeme kompromis. \u010co sa t\u00fdka v\u00fdzoru, m\u00e1m absol\u00fatne pr\u00e1vo \u010doko\u013evek meni\u0165, \u0161tylistka Dana Kleinert dokonale pochopila moje hranice v r\u00e1mci stylingu, tak\u017ee teraz u\u017e ob\u010das pr\u00eddem aj s\u00e1m s n\u00e1padom, ako vyzera\u0165, a bav\u00ed ma to. Jedin\u00e9, \u010do sa mi nepodarilo presadi\u0165, boli ve\u013emi kr\u00e1tke vlasy, ale strih\u00e1 m\u00e1 Martin Hor\u0148ansk\u00fd, tak\u017ee sa nem\u00e1m na \u010do s\u0165a\u017eova\u0165. R\u00e1d pracujem s profesion\u00e1lmi.<\/p>\n<p><b>M\u00e1te pocit, \u017ee k\u00fdm ste neza\u010dali moderova\u0165 SuperStar, ukr\u00fdvali ste v sebe nie\u010do, \u010do nemalo mo\u017enos\u0165 prejavi\u0165 sa?<\/b><br \/>\nUr\u010dite \u00e1no. R\u00e1d sa h\u00fdbem a pracujem s hudbou. Z r\u00e1dia po\u010du\u0165 len hlas, ni\u010d viac nevidno. Niektor\u00fdch kolegov, s ktor\u00fdmi som roky pracoval na svojich rozhlasov\u00fdch programoch, moje \u00fa\u010dinkovanie v SuperStar nijako neprekvapuje, preto\u017ee nie\u010do podobn\u00e9 som robil po\u010das pesni\u010diek v r\u00e1diu u\u017e cel\u00e9 roky.<\/p>\n<p><b>Priviedla v\u00e1s k moder\u00e1torskej pr\u00e1ci hudba?<\/b><br \/>\nLen hudba. Ja som ani moder\u00e1torom nechcel by\u0165, t\u00fa\u017eil som by\u0165 redaktorom, ktor\u00fd pos\u00fava \u010falej inform\u00e1cie, pochopite\u013ene, hudobn\u00e9. Aj ke\u010f som za\u010dal moderova\u0165, tvrdil som, \u017ee som redaktor, ktor\u00fd popritom ob\u010das moderuje. Tvrd\u00edm to o sebe dodnes.<\/p>\n<p><b>Odznela u\u017e v s\u00fa\u0165a\u017ei pesni\u010dka, ku ktorej m\u00e1te citov\u00fd vz\u0165ah?<\/b><br \/>\nZatia\u013e e\u0161te nie, ale doposia\u013e mi bola najbli\u017e\u0161ia Love of my life od skupiny Queen, ktor\u00fa spievala Petra Hume\u0148ansk\u00e1. Bohu\u017eia\u013e, v ten ist\u00fd ve\u010der vypadla.<\/p>\n<p><b>M\u00e1te nejak\u00fd konkr\u00e9tny n\u00e1pad, ktor\u00fdm sa teraz nem\u00f4\u017eete zaobera\u0165, a po skon\u010den\u00ed SuperStar sa do\u0148 chcete hne\u010f pusti\u0165?<\/b><br \/>\nN\u00e1pad? Odd\u00fdchnu\u0165 si a niekam vycestova\u0165, to je n\u00e1pad, ktor\u00fd ma dr\u017e\u00ed od septembra minul\u00e9ho roka, ke\u010f som cestoval naposledy.<\/p>\n<p><b>Nie je v\u00e1m \u013e\u00fato, \u017ee keby nebolo s\u00fa\u0165a\u017ee, zrejme by ste teraz neboli druh\u00fdm naj\u0161armantnej\u0161\u00edm mu\u017eom?<\/b><br \/>\nAk je toto showbiznis, tak to ch\u00e1pem doslova, show a biznis. Treba sa uk\u00e1za\u0165 a robi\u0165 biznis. Ke\u010f sa \u010dlovek objav\u00ed v takom ve\u013ekom, masovo atrakt\u00edvnom projekte, \u010del\u00ed mnoh\u00fdm sympati\u00e1m aj kritike. Som r\u00e1d, \u017ee to v tejto ankete vyp\u00e1lilo prv\u00fdm smerom.<\/p>\n<p><b>\u010co by ste odk\u00e1zali \u010ditate\u013eom SME, ktor\u00ed za v\u00e1s nehlasovali?<\/b><br \/>\nNeviem. Pekn\u00fd de\u0148.<\/p>\n","protected":false},"excerpt":{"rendered":"<p>Martin Rausch &#8222;Pyco&#8220;Martin Rausch &#8222;Pyco&#8220; sa narodil 9. okt\u00f3bra 1977 v Bratislave. Vy\u0161tudoval hotelov\u00fa akad\u00e9miu, preto\u017ee ho nel\u00e1kalo gymn\u00e1zium a lep\u0161iu \u0161kolu nena\u0161iel. Tu sa u\u010dil tri cudzie jazyky a navy\u0161e bolo na nej minimum matematiky a fyziky. Od p\u00e4tn\u00e1stich rokov pracuje vo Fun Radiu, ale by\u0165 moder\u00e1torom ho nel\u00e1kalo, spo\u010diatku chcel by\u0165 hudobn\u00fdm redaktorom [&hellip;]<\/p>\n","protected":false},"author":1,"featured_media":0,"parent":0,"menu_order":0,"comment_status":"open","ping_status":"open","template":"","meta":{"footnotes":""},"class_list":["post-313","page","type-page","status-publish","hentry"],"_links":{"self":[{"href":"http:\/\/martin-pyco-rausch-fans.sk\/index.php?rest_route=\/wp\/v2\/pages\/313","targetHints":{"allow":["GET"]}}],"collection":[{"href":"http:\/\/martin-pyco-rausch-fans.sk\/index.php?rest_route=\/wp\/v2\/pages"}],"about":[{"href":"http:\/\/martin-pyco-rausch-fans.sk\/index.php?rest_route=\/wp\/v2\/types\/page"}],"author":[{"embeddable":true,"href":"http:\/\/martin-pyco-rausch-fans.sk\/index.php?rest_route=\/wp\/v2\/users\/1"}],"replies":[{"embeddable":true,"href":"http:\/\/martin-pyco-rausch-fans.sk\/index.php?rest_route=%2Fwp%2Fv2%2Fcomments&post=313"}],"version-history":[{"count":5,"href":"http:\/\/martin-pyco-rausch-fans.sk\/index.php?rest_route=\/wp\/v2\/pages\/313\/revisions"}],"predecessor-version":[{"id":9066,"href":"http:\/\/martin-pyco-rausch-fans.sk\/index.php?rest_route=\/wp\/v2\/pages\/313\/revisions\/9066"}],"wp:attachment":[{"href":"http:\/\/martin-pyco-rausch-fans.sk\/index.php?rest_route=%2Fwp%2Fv2%2Fmedia&parent=313"}],"curies":[{"name":"wp","href":"https:\/\/api.w.org\/{rel}","templated":true}]}}