{"id":349,"date":"2014-10-18T03:08:45","date_gmt":"2014-10-18T01:08:45","guid":{"rendered":"http:\/\/www.martin-pyco-rausch-fans.sk\/wordpress\/?page_id=349"},"modified":"2026-03-02T20:50:18","modified_gmt":"2026-03-02T19:50:18","slug":"radio-rozhovory","status":"publish","type":"page","link":"http:\/\/martin-pyco-rausch-fans.sk\/?page_id=349","title":{"rendered":"Video, r\u00e1dio &#038; internetov\u00e9 rozhovory"},"content":{"rendered":"<div class=\"table-responsive\"><table width=\"100%\" class=\"table \" style=\"table-bordered table-hover\"><br \/>\n<thead><tr>\n<\/tr><\/thead>\n<tbody><\/p>\n<p><tr>\n<td><a href=\"http:\/\/martin-pyco-rausch-fans.sk\/audio%20a%20video\/interviews\/samo-zvany.zip\"><img decoding=\"async\" src=\"http:\/\/martin-pyco-rausch-fans.sk\/wp\/video-obrquiz-show-mas-vediet.jpg\" alt=\"\" border=\"0\" \/><\/a><\/td>\n<td><span style=\"color: #808000;\">Quiz show M\u00e1\u0161 vedie\u0165 (2023)<\/span><br \/>\nCredit: www.instagram.com\/samo_zvany<br \/>\nFile Type: .zip \u2013&gt; .mp4<br \/>\nFile Size: 1.28 MB<\/td>\n<\/tr><\/p>\n<p><tr>\n<td><a href=\"http:\/\/martin-pyco-rausch-fans.sk\/audio%20a%20video\/interviews\/Martin%20\u201ePyco%20Rausch%20m\u00e1%20toho%20na%20rov\u00e1\u0161i%20dos\u0165.zip\"><img decoding=\"async\" src=\"http:\/\/martin-pyco-rausch-fans.sk\/wp\/video-rozhovor.jpg\" alt=\"\" border=\"0\" \/><\/a><\/td>\n<td><span style=\"color: #808000;\">Pyco a Nad\u00e1cia Orange (2012)<\/span><br \/>\nFile Type: .zip \u2013&gt; .mp4<br \/>\nFile Size: 13.8 MB<\/td>\n<\/tr><\/p>\n<p><tr>\n<td><a href=\"http:\/\/martin-pyco-rausch-fans.sk\/audio%20a%20video\/audio\/Bin\u010fova%20VIP-ka%20s%20Pycom.zip\"><img decoding=\"async\" src=\"http:\/\/martin-pyco-rausch-fans.sk\/wp\/bindovavip.jpg\" alt=\"\" border=\"0\" \/><\/a><\/td>\n<td><span style=\"color: #808000;\">Bin\u010fova VIP-ka (2013)<\/span><br \/>\nFile Type: .zip \u2013&gt; .mp4<br \/>\nFile Size: 6.14 MB<br \/>\nwww.expres.sk<\/td>\n<\/tr><\/p>\n<p><tr>\n<td><a href=\"http:\/\/martin-pyco-rausch-fans.sk\/audio%20a%20video\/audio\/Europa%202%20-%20Martin%20Pyco%20Rausch%20v%20ZOO.zip\"><img decoding=\"async\" src=\"http:\/\/martin-pyco-rausch-fans.sk\/wp\/europa2zoo.jpg\" alt=\"\" border=\"0\" \/><\/a><\/td>\n<td><span style=\"color: #808000;\">Pyco v ZOO (2012)<\/span><br \/>\nFile Type: .zip \u2013&gt; .mp4<br \/>\nFile Size: 25.3 MB<br \/>\nwww.europa2.sk<\/td>\n<\/tr><\/p>\n<p><tr>\n<td><a href=\"http:\/\/martin-pyco-rausch-fans.sk\/audio%20a%20video\/audio\/Do%20trojky%20s%20Ma\u010dom%20a%20Mi\u0161om%20&amp;%20Pycom.zip\"><img decoding=\"async\" src=\"http:\/\/martin-pyco-rausch-fans.sk\/wp\/radioexprex.jpg\" alt=\"\" border=\"0\" \/><\/a><\/td>\n<td><span style=\"color: #808000;\">Do trojky s Ma\u010dom a Mi\u0161om (2013)<\/span><br \/>\nFile Type: .zip \u2013&gt; .mp4<br \/>\nFile Size: 15.9 MB<br \/>\nwww.expres.sk<\/td>\n<\/tr><\/p>\n<p><tr>\n<td><a href=\"http:\/\/martin-pyco-rausch-fans.sk\/audio%20a%20video\/audio\/Martin%20PYCO%20Rausch.mp4AT.zip\"><img decoding=\"async\" src=\"http:\/\/martin-pyco-rausch-fans.sk\/wp\/video%20obr.hemendex.jpg\" alt=\"\" border=\"0\" \/><\/a><\/td>\n<td><span style=\"color: #808000;\">R\u00e1dio Expres (2011)<\/span><br \/>\nFile Type: .zip \u2013&gt; .mp4<br \/>\nFile Size: 6.1 MB<\/td>\n<\/tr>\n<\/tbody>\n<\/table><\/div>\n","protected":false},"excerpt":{"rendered":"","protected":false},"author":1,"featured_media":7039,"parent":0,"menu_order":0,"comment_status":"open","ping_status":"open","template":"","meta":{"footnotes":""},"class_list":["post-349","page","type-page","status-publish","has-post-thumbnail","hentry"],"_links":{"self":[{"href":"http:\/\/martin-pyco-rausch-fans.sk\/index.php?rest_route=\/wp\/v2\/pages\/349","targetHints":{"allow":["GET"]}}],"collection":[{"href":"http:\/\/martin-pyco-rausch-fans.sk\/index.php?rest_route=\/wp\/v2\/pages"}],"about":[{"href":"http:\/\/martin-pyco-rausch-fans.sk\/index.php?rest_route=\/wp\/v2\/types\/page"}],"author":[{"embeddable":true,"href":"http:\/\/martin-pyco-rausch-fans.sk\/index.php?rest_route=\/wp\/v2\/users\/1"}],"replies":[{"embeddable":true,"href":"http:\/\/martin-pyco-rausch-fans.sk\/index.php?rest_route=%2Fwp%2Fv2%2Fcomments&post=349"}],"version-history":[{"count":16,"href":"http:\/\/martin-pyco-rausch-fans.sk\/index.php?rest_route=\/wp\/v2\/pages\/349\/revisions"}],"predecessor-version":[{"id":15693,"href":"http:\/\/martin-pyco-rausch-fans.sk\/index.php?rest_route=\/wp\/v2\/pages\/349\/revisions\/15693"}],"wp:featuredmedia":[{"embeddable":true,"href":"http:\/\/martin-pyco-rausch-fans.sk\/index.php?rest_route=\/wp\/v2\/media\/7039"}],"wp:attachment":[{"href":"http:\/\/martin-pyco-rausch-fans.sk\/index.php?rest_route=%2Fwp%2Fv2%2Fmedia&parent=349"}],"curies":[{"name":"wp","href":"https:\/\/api.w.org\/{rel}","templated":true}]}}