{"id":351,"date":"2014-10-18T03:10:11","date_gmt":"2014-10-18T01:10:11","guid":{"rendered":"http:\/\/www.martin-pyco-rausch-fans.sk\/wordpress\/?page_id=351"},"modified":"2018-08-11T19:44:44","modified_gmt":"2018-08-11T18:44:44","slug":"commercials","status":"publish","type":"page","link":"http:\/\/martin-pyco-rausch-fans.sk\/?page_id=351","title":{"rendered":"Videoklipy"},"content":{"rendered":"<div class=\"table-responsive\"><table width=\"100%\" class=\"table \" style=\"table-bordered table-hover\"><br \/>\n<thead><tr>\n<\/tr><\/thead>\n<tbody><\/p>\n<p><tr>\n<td><a href=\"audio%20a%20video\/videoklipy\/save_the_cookie__my_music.zip\"><img decoding=\"async\" src=\"http:\/\/martin-pyco-rausch-fans.sk\/wp\/video%20obr.my%20music.jpg\" alt=\"\" border=\"0\" \/><\/a><\/td>\n<td><span style=\"color: #808000;\">SAVE THE COOKIE &#8211; My music (2008)<\/span><br \/>\nFile Type: .zip \u2013&gt; .wmv<br \/>\nFile Size: 10.4 MB<\/td>\n<\/tr><\/p>\n<p><tr>\n<td><a href=\"audio%20a%20video\/videoklipy\/MUKATADO%20-%20Preco%20so%20mnou%20spis.zip\"><img decoding=\"async\" src=\"http:\/\/martin-pyco-rausch-fans.sk\/wp\/video%20obr-mukatad2.jpg\" alt=\"\" border=\"0\" \/><\/a><\/td>\n<td><span style=\"color: #808000;\">MUKATADO &#8211; Pre\u010do so mnou sp\u00ed\u0161 (2009)<\/span><br \/>\nFile Type: .zip \u2013&gt; .avi<br \/>\nFile Size: 50.5 MB<\/td>\n<\/tr><\/p>\n<p><tr>\n<td><a href=\"audio%20a%20video\/videoklipy\/MUKATADO%20-%20Preco%20so%20mnou%20spis%20Video%20Project%20Making%20Of.zip\"><img decoding=\"async\" src=\"http:\/\/martin-pyco-rausch-fans.sk\/wp\/video%20obr-mukatado.jpg\" alt=\"\" border=\"0\" \/><\/a><\/td>\n<td><span style=\"color: #808000;\">MUKATADO &#8211; Pre\u010do so mnou sp\u00ed\u0161 \/ Video\u00a0project making of<\/span><br \/>\nFile Type: .zip \u2013&gt; .avi<br \/>\nFile Size: 58.2 MB<\/td>\n<\/tr><\/p>\n<p><tr>\n<td><a href=\"audio%20a%20video\/videoklipy\/hudba%20z%20marsu%20-tanecna.zip\"><img decoding=\"async\" src=\"http:\/\/martin-pyco-rausch-fans.sk\/wp\/video%20obr.hudba.z.marsu.jpg\" alt=\"\" border=\"0\" \/><\/a><\/td>\n<td><span style=\"color: #808000;\">HUDBA Z MARSU &#8211; Tane\u010dn\u00e1 (2009)<\/span><br \/>\nFile Type: .zip \u2013&gt; .wmv<br \/>\nFile Size: 61.6 MB<\/td>\n<\/tr><\/p>\n<p><tr>\n<td><a href=\"audio%20a%20video\/videoklipy\/Katarina%20Landlova%20-%20Lepsi%20holky.zip\"><img decoding=\"async\" src=\"http:\/\/martin-pyco-rausch-fans.sk\/wp\/video%20obr.lepsi-holky.jpg\" alt=\"\" border=\"0\" \/><\/a><\/td>\n<td><span style=\"color: #808000;\">KATAR\u00cdNA LANDLOV\u00c1\u00a0&#8211; Lep\u0161\u00ed holky (2014)<\/span><br \/>\nFile Type: .zip \u2013&gt; .mp4<br \/>\nFile Size: 54.3 MB<\/td>\n<\/tr><\/p>\n<p><tr>\n<td><a href=\"audio%20a%20video\/videoklipy\/Richard Muller - Sme_ si_rovni.zip\"><img decoding=\"async\" src=\"http:\/\/martin-pyco-rausch-fans.sk\/wp\/video obr-richard-muller.jpg\" alt=\"\" border=\"0\" \/><\/a><\/td>\n<td><span style=\"color: #808000;\">RICHARD M\u00dcLLER &#8211; Sme si rovn\u00ed (2018)<\/span><br \/>\nFile Type: .zip \u2013&gt; .mp4<br \/>\nFile Size: 26.1 MB<\/td>\n<\/tr><\/p>\n<p><\/tbody>\n<\/table><\/div>\n","protected":false},"excerpt":{"rendered":"","protected":false},"author":1,"featured_media":7038,"parent":0,"menu_order":0,"comment_status":"open","ping_status":"open","template":"","meta":{"footnotes":""},"class_list":["post-351","page","type-page","status-publish","has-post-thumbnail","hentry"],"_links":{"self":[{"href":"http:\/\/martin-pyco-rausch-fans.sk\/index.php?rest_route=\/wp\/v2\/pages\/351","targetHints":{"allow":["GET"]}}],"collection":[{"href":"http:\/\/martin-pyco-rausch-fans.sk\/index.php?rest_route=\/wp\/v2\/pages"}],"about":[{"href":"http:\/\/martin-pyco-rausch-fans.sk\/index.php?rest_route=\/wp\/v2\/types\/page"}],"author":[{"embeddable":true,"href":"http:\/\/martin-pyco-rausch-fans.sk\/index.php?rest_route=\/wp\/v2\/users\/1"}],"replies":[{"embeddable":true,"href":"http:\/\/martin-pyco-rausch-fans.sk\/index.php?rest_route=%2Fwp%2Fv2%2Fcomments&post=351"}],"version-history":[{"count":12,"href":"http:\/\/martin-pyco-rausch-fans.sk\/index.php?rest_route=\/wp\/v2\/pages\/351\/revisions"}],"predecessor-version":[{"id":9038,"href":"http:\/\/martin-pyco-rausch-fans.sk\/index.php?rest_route=\/wp\/v2\/pages\/351\/revisions\/9038"}],"wp:featuredmedia":[{"embeddable":true,"href":"http:\/\/martin-pyco-rausch-fans.sk\/index.php?rest_route=\/wp\/v2\/media\/7038"}],"wp:attachment":[{"href":"http:\/\/martin-pyco-rausch-fans.sk\/index.php?rest_route=%2Fwp%2Fv2%2Fmedia&parent=351"}],"curies":[{"name":"wp","href":"https:\/\/api.w.org\/{rel}","templated":true}]}}