{"id":786,"date":"2014-10-28T02:02:56","date_gmt":"2014-10-28T00:02:56","guid":{"rendered":"http:\/\/www.martin-pyco-rausch-fans.sk\/?page_id=786"},"modified":"2016-09-24T00:10:42","modified_gmt":"2016-09-23T23:10:42","slug":"pyco-pomaha-ugande-sme-dobrosrdecny-narod-tvrdi","status":"publish","type":"page","link":"http:\/\/martin-pyco-rausch-fans.sk\/?page_id=786","title":{"rendered":"Pyco pom\u00e1ha Ugande. Sme dobrosrde\u010dn\u00fd n\u00e1rod, tvrd\u00ed"},"content":{"rendered":"<p>Martin Pyco Rausch je vyslancom dobrej v\u00f4le pre Unicef od roku 2011. No predsa cesta do Afriky, konkr\u00e9tne do Ugandy, ktor\u00fa absolvoval tento rok v lete, bola jeho prvou.<br \/>\nPrijal ju s rados\u0165ou. Dovtedy robil ako ambas\u00e1dor in\u00e9 \u010dinnosti. Napr\u00edklad, presvied\u010dal \u013eud\u00ed na ulici, aby prispeli, hoci sumou dve eur\u00e1 \u2013 u\u017e tak\u00e1 \u010diastka toti\u017e m\u00f4\u017ee zabezpe\u010di\u0165 Ugan\u010fanom potrebn\u00e9 moskyti\u00e9ry alebo vakc\u00edny na dos\u0165 dlh\u00fa dobu. \u201eDve eur\u00e1 nie s\u00fa zanedbate\u013en\u00e1 \u010diastka, napriek tomu, \u017ee v na\u0161ej pe\u0148a\u017eenke to tak p\u00f4sob\u00ed,\u201c povedal Pyco pre Pravda.sk. Jeho \u00falohou bolo \u00eds\u0165 do ter\u00e9nu a zisti\u0165, \u010di peniaze naozaj dok\u00e1\u017eu ma\u0165 vo forme materi\u00e1lnej pomoci tak\u00fa ve\u013ek\u00fa hodnotu. Na vlastn\u00e9 o\u010di nesk\u00f4r vraj zistil, \u017ee moc maj\u00fa silnej\u0161iu, ako si p\u00f4vodne myslel. Na \u010dast\u00fa ot\u00e1zku \u013eud\u00ed, pre\u010do Unicef pom\u00e1ha pr\u00e1ve v Ugande, Pyco zvykne odpoveda\u0165: \u201eLebo tam je situ\u00e1cia kritick\u00e1 a \u017eiadan\u00e1.\u201c Dost\u00e1val ju v\u0161ak tak \u010dasto, \u017ee sa rozhodol, \u017ee na \u0148u prestane odpoveda\u0165. \u201eLebo ju pova\u017eujem za bezpredmetn\u00fa,\u201c skon\u0161tatoval.<\/p>\n<p><b>Slov\u00e1ci a charita<\/b><br \/>\nAk\u00fd maj\u00fa Slov\u00e1ci vz\u0165ah k charite \u2013 nemaj\u00fa tendenciu prispie\u0165 rad\u0161ej \u201esvojim\u201c? Nezahlcuj\u00fa ambas\u00e1dorov \u201ev\u00fd\u010ditkami\u201c, \u017ee aj na Slovensku m\u00e1me predsa kopec \u013eud\u00ed, ktor\u00fdm treba pom\u00e1ha\u0165? Pod\u013ea Pyca je vraj t\u00e1to protiot\u00e1zka \u010dastou odpove\u010fou. Naj\u010dastej\u0161ie ju v\u0161ak vraj klad\u00fa t\u00ed, \u010do nepom\u00e1haj\u00fa pre istotu v\u00f4bec. T\u00fdch, \u010do neprispej\u00fa, ale neodsudzuje. \u201eCh\u00e1pem, \u017ee dve eur\u00e1 s\u00fa na Slovensku pre niekoho ve\u013ekou sumou a nie ka\u017ed\u00fd si m\u00f4\u017ee dovoli\u0165 prispie\u0165. Pom\u00e1hame tak\u00fdm dielom, ak\u00fdm sme schopn\u00ed,\u201c tvrd\u00ed po svojich sk\u00fasenostiach z praxe Pyco. Napokon, pom\u00e1ha\u0165 sa d\u00e1 aj inak ako finan\u010dne, napr\u00edklad, \u0161\u00edren\u00edm spr\u00e1vy. Vo v\u0161eobecnosti si v\u0161ak moder\u00e1tor mysl\u00ed, \u017ee sme dobrosrde\u010dn\u00fd n\u00e1rod. \u201eNetvrd\u00edm, \u017ee Slov\u00e1ci nepom\u00e1haj\u00fa,\u201c zhodnotil.<\/p>\n<p><b>Ch\u00fdbaj\u00fa toalety a pitn\u00e1 voda<\/b> Dokument Pomoc v Afrike \u2013 Pyco v Ugande, je sondou do toho, kam vyzbieran\u00e9 peniaze id\u00fa a pre\u010do ich tam treba. V\u010faka nemu v\u0161etci, ktor\u00ed chc\u00fa pom\u00f4c\u0165, uvidia, \u010do v krajine skuto\u010dne ch\u00fdba. S\u00fa to predov\u0161etk\u00fdm toalety a pitn\u00e1 voda. Deti sa u\u010dia pod stromom, kam doch\u00e1dzaj\u00fa denne aj p\u00e4\u0165 kilometrov. \u201ePitn\u00e1 voda na miestach, kam som sa bol pozrie\u0165 ja, nebola. Ke\u010f som sa v \u0161kole p\u00fdtal det\u00ed, kde maj\u00fa vodu, povedali, \u017ee nemaj\u00fa. Ak ju chc\u00fa, musia \u00eds\u0165 po \u0148u nieko\u013eko kilometrov pe\u0161o. Raz som sa vybral s nimi. Prech\u00e1dzali sme cez r\u00f4zne r\u00e1kosie a na ot\u00e1zku, \u010di n\u00e1m ni\u010d nehroz\u00ed, povedali, \u017ee &#8222;len hady a ob\u010das krokod\u00edl\u201c.&#8220; Bandasky s vodou deti pren\u00e1\u0161aj\u00fa na hlave, po pr\u00edchode do \u0161koly ich obsah vylej\u00fa do er\u00e1rnej keramickej karafy. Napi\u0165 sa m\u00f4\u017ee ka\u017ed\u00fd, kto je sm\u00e4dn\u00fd.<\/p>\n<p><b>Deti sa t\u00fa\u017eia vzdel\u00e1va\u0165<\/b><br \/>\nDeti z Ugandy Pyca milo prekvapili. Nosia vraj rovno\u0161aty, ktor\u00e9 s\u00fa symbolom toho, \u017ee do \u0161koly patria. Pre to, aby ju mali, urobia \u010doko\u013evek \u2013 napr\u00edklad chodia pracova\u0165 do kame\u0148olomu, kde zarobia mo\u017eno dol\u00e1r na de\u0148. Aj ten v\u0161ak musia prinies\u0165 mame, ktor\u00e1 z neho rozdel\u00ed pre ostatn\u00fdch s\u00farodencov. A\u017e z toho, \u010do chlapcovi ostane, si na uniformu pomaly na\u0161etr\u00ed. Aj to sved\u010d\u00ed o tom, \u017ee do \u0161koly deti chodia rady. Prejd\u00fa 3\u20135 kilometrov po hrbo\u013eatej kamenistej ceste a cel\u00fd de\u0148 v \u0161kole ni\u010d nejedia. Nemaj\u00fa \u010do\u2026 No \u00fatek alebo t\u00fa\u017eba \u201ezdrhn\u00fa\u0165\u201c nehroz\u00ed. \u201eK\u00fdm u n\u00e1s sa deti te\u0161ia zo \u0161koly, ugandsk\u00e9 deti sa do nej te\u0161ia. A ka\u017ed\u00fa inform\u00e1ciu doslova hltaj\u00fa.\u201c Pyco si s nimi sk\u00fasil nap\u00edsa\u0165 p\u00edsomku z angli\u010dtiny. Vraj v\u00f4bec nebola jednoduch\u00e1. \u201eKe\u010f tam chv\u00ed\u013eu nebola kamera, sk\u00fa\u0161al som, \u010di si vedia ako na\u0161e deti navz\u00e1jom poradi\u0165, alebo od seba odp\u00edsa\u0165, ale ony to v\u00f4bec nepochopili,\u201c zasmial sa moder\u00e1tor. Na ot\u00e1zku, \u010d\u00edm by chceli by\u0165, naj\u010dastej\u0161ie odpovedaj\u00fa: Lek\u00e1r, sestri\u010dka, u\u010dite\u013e, pr\u00e1vnik! A to s\u00fa v\u00e4\u010d\u0161inou deti, ktor\u00e9 poch\u00e1dzaj\u00fa z chatr\u010d\u00ed, kde sp\u00e1vaj\u00fa aj traja-\u0161tyria \u010dlenovia rodiny na zemi a rodi\u010dia po anglicky v\u00f4bec nehovoria.<\/p>\n<p><b>Kam na WC<\/b><br \/>\nAj tak\u00e1 \u201emali\u010dkos\u0165\u201c, ako absencia latr\u00edn sp\u00f4sobila, \u017ee v\u00e4\u010d\u0161ie diev\u010dat\u00e1 odmietali chodi\u0165 do \u0161koly. Na ve\u013ek\u00fa \u010di mal\u00fa potrebu chodili do h\u00fa\u0161tiny \u2013 chlapci vpravo, diev\u010dat\u00e1 v\u013eavo. P\u00e4tn\u00e1s\u0165ro\u010dn\u00e9 diev\u010dat\u00e1, ktor\u00e9 sa v Ugande u\u017e be\u017ene vyd\u00e1vaj\u00fa a o rok u\u017e rodia, sa logicky zvykli u\u017e do \u0161koly nevr\u00e1ti\u0165, preto\u017ee pou\u017ei\u0165 z\u00e1chod v pr\u00edrode pred chlapcami sa hanbili. \u201eOdkedy v\u0161ak maj\u00fa postaven\u00e9 cementov\u00e9 latr\u00edny, tento probl\u00e9m sa vraj nevyskytuje,\u201c informoval Pyco. Po pou\u017eit\u00ed toalety sa nau\u010dili umy\u0165 si ruky, \u010do e\u0161te doned\u00e1vna tie\u017e nebolo samozrejmos\u0165ou. Deti chodia do \u0161koly rady.Na ot\u00e1zku, \u010d\u00edm chc\u00fa by\u0165, deti naj\u010dastej\u0161ie odpovedaj\u00fa: u\u010dite\u013e, sestri\u010dka, lek\u00e1r \u010di pr\u00e1vnik. Na rovno\u0161atu si deti v\u00e4\u010d\u0161inou zar\u00e1baj\u00fa samy. Vyu\u010dovanie pod stromom. Test z angli\u010dtiny dal zabra\u0165 aj Pycovi. Pyco s Ugan\u010fanmi. Pyco: V tak kr\u00e1tkom \u010dase urobi\u0165 lep\u0161iu sondu do krajiny, v ktorej sme boli, si neviem predstavi\u0165.<\/p>\n<p><b>Finan\u010dn\u00e1 verzus materi\u00e1lna pomoc<\/b><br \/>\nMoskyti\u00e9ry s\u00fa \u00fa\u010dinn\u00e9 v boji proti mal\u00e1rii, chudobn\u00ed Ugan\u010fania ich v\u0161ak nemaj\u00fa. Pod\u013ea Pycov\u00fdch slov je d\u00f4le\u017eit\u00e9 ned\u00e1va\u0165 im finan\u010dn\u00fa, ale materi\u00e1lnu pomoc. Najd\u00f4le\u017eitej\u0161ie s\u00fa moskyti\u00e9ry pre rodiny, v ktor\u00fdch sa u\u017e mal\u00e1ria vyskytuje, na miestach, kde kl\u00edma nevyhovuje a prenos mal\u00e1rie infikovan\u00fdmi kom\u00e1rmi re\u00e1lne hroz\u00ed. Aby sme trochu pochopili Ugan\u010fanov, e\u0161te doned\u00e1vna tam vraj bola n\u00e1v\u0161teva lek\u00e1ra man\u017eelmi vn\u00edman\u00e1 ako pon\u00ed\u017eenie a hanba. Svoje man\u017eelky do nemocnice odmietli sprev\u00e1dza\u0165 z d\u00f4vodu, \u017ee \u201emaj\u00fa ve\u013ea povinnost\u00ed\u201c. Aj preto je tam osveta d\u00f4le\u017eit\u00e1. Z nemocn\u00edc vyr\u00e1\u017eaj\u00fa raz za \u010das do ter\u00e9nu, kde robia testy na HIV, pod\u00e1vaj\u00fa antimalarik\u00e1, prvorad\u00e9 s\u00fa tehotn\u00e9 a doj\u010diace \u017eeny. HIV pozit\u00edvne presvied\u010daj\u00fa, aby priviedli aj man\u017eela, aby chorobu ne\u0161\u00edril \u010falej. Nehovoriac o pou\u017e\u00edvan\u00ed kond\u00f3mov, ktor\u00e9 je pre nich st\u00e1le ak\u00fdmsi tabu.<\/p>\n<p><b>Nezlenivej\u00fa?<\/b><br \/>\nNa ot\u00e1zku, \u010di Afri\u010dania nezleniveli, lebo si na pomoc zvonka zvykli, Pyco odpoved\u00e1: \u201eAni n\u00e1hodou. Za pomoc s\u00fa ve\u013emi v\u010fa\u010dn\u00ed. Sami pom\u00e1hali pri kopan\u00ed z\u00e1chodov, aby im deti zo \u0161koly neutekali. Ke\u010f sme okolo nich prech\u00e1dzali s logom Unicefu, v\u017edy n\u00e1m k\u00fdvali, usmievali sa na n\u00e1s. Boli v\u010fa\u010dn\u00ed a e\u0161te nemali by\u0165 za \u010do. Zmenu v ich \u017eivotoch si sp\u00e1jaj\u00fa s nie\u010d\u00edm, \u010do pre nich Unicef definuje. A to je ve\u013emi d\u00f4le\u017eit\u00e9.\u201c<\/p>\n<p><b>Sklamanie \u010di prekvapenie?<\/b><br \/>\nDo Ugandy odch\u00e1dzal Pyco s akousi predstavou. \u010co ho za ten t\u00fd\u017ede\u0148 sklamalo, resp. naopak, prekvapilo? \u201eNeviem, \u010di ma nie\u010do sklamalo. O\u010dak\u00e1vania som mal do istej miery len obrazovo-pocitov\u00e9, no ne\u010dakal som ni\u010d a t\u00fdm p\u00e1dom ma ni\u010d nesklamalo.\u201c Prekvapila ho v\u0161ak zele\u0148. S tou ner\u00e1tal. \u201eMyslel som si, \u017ee Afrika a \u0161peci\u00e1lne Uganda, bude nie\u010do vyprahnut\u00e9 do \u010dervena. A \u013eudia boli napriek podmienkach, v ktor\u00fdch \u017eij\u00fa, \u0161\u0165astn\u00ed. Vtedy som pochopil, ak\u00e9 d\u00f4le\u017eit\u00e9 je nema\u0165 pocit, \u017ee t\u00fdm, \u017ee niekomu pom\u00e1hame, ho zmen\u00edme. Lebo to nebolo cie\u013eom na\u0161ej v\u00fdpravy.\u201c Pyco dodal, \u017ee sa od nich m\u00e1me \u010do u\u010di\u0165. Ugan\u010fania s\u00fa pod\u013ea jeho slov vzpriamen\u00ed, vyrovnan\u00ed a pokojn\u00ed \u013eudia. \u201eHovoria pomaly a potichu a z ich hlasu ide zvl\u00e1\u0161tny pokoj. Nie s\u00fa e\u0161te nakazen\u00ed na\u0161im stresoidn\u00fdm svetom.\u201c<\/p>\n<p><b>Inak s\u00fa to \u013eudia, ako my\u2026<\/b><br \/>\n\u201eVe\u013ek\u00e9 rozdiely v spr\u00e1van\u00ed \u013eud\u00ed som nevidel. \u010clovek v nich h\u013ead\u00e1 eur\u00f3psku preafektovanos\u0165, t\u00fa ale nen\u00e1jde. Zd\u00e1 sa, akoby boli bez em\u00f3ci\u00ed, lebo oni sa s\u00edce smej\u00fa, ale nie zbyto\u010dne a \u010dasto. A nemra\u010dia sa. Maj\u00fa v\u00fdraz tv\u00e1re, akoby rozm\u00fd\u0161\u013eali, alebo nerozumeli. O chv\u00ed\u013eu si zvyknete a zist\u00edte, \u017ee je to ich \u0161tandardn\u00fd prejav a my sme t\u00ed in\u00ed, ktor\u00ed tam vtrhli a tv\u00e1rime sa, \u017ee ich chceme posudzova\u0165.\u201c<\/p>\n<p><b>Spokojnos\u0165 s dokumentom<\/b><br \/>\nDohoda pred tvorbou dokumentu o Ugande znela: re\u017eis\u00e9rka M\u00e1ria Martiniakov\u00e1 si m\u00f4\u017ee to\u010di\u0165, \u010do chce, moder\u00e1tor sa zas m\u00f4\u017ee na \u010doko\u013evek, \u010do mu napadne, p\u00fdta\u0165. \u201eV tak kr\u00e1tkom \u010dase urobi\u0165 lep\u0161iu sondu do krajiny, v ktorej sme boli, si neviem dobre predstavi\u0165,\u201c zhodnotil Pyco. \u201ePam\u00e4t\u00e1m si viac, ako v tom kr\u00e1tkom \u010dase stihla kamera zachyti\u0165, ale mysl\u00edm si, \u017ee je to pomerne d\u00f4vern\u00fd opis toho, \u010do sme za ten kr\u00e1tky \u010das v najchudobnej\u0161\u00edch \u010dastiach Ugandy za\u017eili.\u201c<\/p>\n<p style=\"text-align: right;\">zdroj: koktail.pravda.sk<\/p>\n<a class=\"btn btn-default btn-sm  \" href=\"http:\/\/www.martin-pyco-rausch-fans.sk\/?page_id=103\"  rel=\"\"  target=\"_self\"><i class=\"fa fa-angle-double-right\" ><\/i> Sp\u00e4\u0165<\/a>\n","protected":false},"excerpt":{"rendered":"<p>Martin Pyco Rausch je vyslancom dobrej v\u00f4le pre Unicef od roku 2011. No predsa cesta do Afriky, konkr\u00e9tne do Ugandy, ktor\u00fa absolvoval tento rok v lete, bola jeho prvou. Prijal ju s rados\u0165ou. Dovtedy robil ako ambas\u00e1dor in\u00e9 \u010dinnosti. Napr\u00edklad, presvied\u010dal \u013eud\u00ed na ulici, aby prispeli, hoci sumou dve eur\u00e1 \u2013 u\u017e tak\u00e1 \u010diastka toti\u017e [&hellip;]<\/p>\n","protected":false},"author":1,"featured_media":803,"parent":0,"menu_order":0,"comment_status":"open","ping_status":"closed","template":"","meta":{"footnotes":""},"class_list":["post-786","page","type-page","status-publish","has-post-thumbnail","hentry"],"_links":{"self":[{"href":"http:\/\/martin-pyco-rausch-fans.sk\/index.php?rest_route=\/wp\/v2\/pages\/786","targetHints":{"allow":["GET"]}}],"collection":[{"href":"http:\/\/martin-pyco-rausch-fans.sk\/index.php?rest_route=\/wp\/v2\/pages"}],"about":[{"href":"http:\/\/martin-pyco-rausch-fans.sk\/index.php?rest_route=\/wp\/v2\/types\/page"}],"author":[{"embeddable":true,"href":"http:\/\/martin-pyco-rausch-fans.sk\/index.php?rest_route=\/wp\/v2\/users\/1"}],"replies":[{"embeddable":true,"href":"http:\/\/martin-pyco-rausch-fans.sk\/index.php?rest_route=%2Fwp%2Fv2%2Fcomments&post=786"}],"version-history":[{"count":4,"href":"http:\/\/martin-pyco-rausch-fans.sk\/index.php?rest_route=\/wp\/v2\/pages\/786\/revisions"}],"predecessor-version":[{"id":802,"href":"http:\/\/martin-pyco-rausch-fans.sk\/index.php?rest_route=\/wp\/v2\/pages\/786\/revisions\/802"}],"wp:featuredmedia":[{"embeddable":true,"href":"http:\/\/martin-pyco-rausch-fans.sk\/index.php?rest_route=\/wp\/v2\/media\/803"}],"wp:attachment":[{"href":"http:\/\/martin-pyco-rausch-fans.sk\/index.php?rest_route=%2Fwp%2Fv2%2Fmedia&parent=786"}],"curies":[{"name":"wp","href":"https:\/\/api.w.org\/{rel}","templated":true}]}}