{"id":103,"date":"2014-10-16T23:09:46","date_gmt":"2014-10-16T21:09:46","guid":{"rendered":"http:\/\/www.martin-pyco-rausch-fans.sk\/wordpress\/?page_id=103"},"modified":"2026-04-19T17:23:59","modified_gmt":"2026-04-19T16:23:59","slug":"pomoc-afrike-pyco-v-ugande","status":"publish","type":"page","link":"https:\/\/martin-pyco-rausch-fans.sk\/?page_id=103","title":{"rendered":"Pomoc Afrike \u2013 Pyco v Ugande"},"content":{"rendered":"<p><img decoding=\"async\" src=\"https:\/\/martin-pyco-rausch-fans.sk\/wp\/pycovugande.jpg\" alt=\"\" border=\"0\" \/>\u00a0<button class=\"osc_popover_new btn btn-sm btn-info \"  data-placement=\"right\" data-toggle=\"popover\" data-trigger=\"click\" data-container=\"body\" type=\"button\" data-title=\"<em><strong>Quick Links<\/strong><\/em>\" data-contentwrapper=\"osc_popover_1\"> M<em>ultimedi\u00e1lne odkazy<\/em> <\/button><div id=\"osc_popover_1\" style=\"display:none;\"> <a href=\"https:\/\/www.martin-pyco-rausch-fans.sk\/?page_id=336\">Video<\/a> |\u00a0<a href=\"https:\/\/martin-pyco-rausch-fans.sk\/galeriaX\/index.php?cat=159\" target=\"_blank\">Gal\u00e9ria<\/a> |\u00a0<a href=\"http:\/\/www.unicef.sk\/\" target=\"_blank\">Ofici\u00e1lna str\u00e1nka<\/a><\/div>\n    <script>\n       jQuery(document).ready(function(){\n        jQuery('.osc_popover_new').popover({\n            html:true,\n            content:function(){\n                return jQuery('#'+jQuery(this).data('contentwrapper')).html();\n            }\n\n        });\n        });\n    <\/script>\n    <\/p>\n<p>Cestu do Afriky, konkr\u00e9tne do Ugandy absolvoval v lete 2013. Prijal ju s rados\u0165ou. Jeho \u00falohou bolo \u00eds\u0165 do ter\u00e9nu a zisti\u0165, \u010di peniaze naozaj dok\u00e1\u017eu ma\u0165 vo forme materi\u00e1lnej pomoci tak\u00fa ve\u013ek\u00fa hodnotu. Na vlastn\u00e9 o\u010di nesk\u00f4r vraj zistil, \u017ee moc maj\u00fa silnej\u0161iu, ako si p\u00f4vodne myslel.<\/p>\n<p>Dokument <b>Pomoc Afrike \u2013 Pyco v Ugande<\/b>, je sondou do toho, kam vyzbieran\u00e9 peniaze id\u00fa a pre\u010do ich tam treba. V\u010faka nemu v\u0161etci, ktor\u00ed chc\u00fa pom\u00f4c\u0165, uvidia, \u010do v krajine skuto\u010dne ch\u00fdba. S\u00fa to predov\u0161etk\u00fdm toalety a pitn\u00e1 voda. Deti sa u\u010dia pod stromom, kam doch\u00e1dzaj\u00fa denne aj p\u00e4\u0165 kilometrov.<br \/>\nNosia rovno\u0161aty, ktor\u00e9 s\u00fa symbolom toho, \u017ee do \u0161koly patria. Preto, aby ju mali, urobia \u010doko\u013evek \u2013 napr\u00edklad chodia pracova\u0165 do kame\u0148olomu, kde zarobia mo\u017eno dol\u00e1r na de\u0148. Aj ten v\u0161ak musia prinies\u0165 mame, ktor\u00e1 z neho rozdel\u00ed pre ostatn\u00fdch s\u00farodencov. A\u017e z toho, \u010do chlapcovi ostane, si na uniformu pomaly na\u0161etr\u00ed. Aj to sved\u010d\u00ed o tom, \u017ee do \u0161koly deti chodia rady. Prejd\u00fa 3\u20135 kilometrov po hrbo\u013eatej kamenistej ceste a cel\u00fd de\u0148 v \u0161kole ni\u010d nejedia. Nemaj\u00fa \u010do\u2026 No \u00fatek alebo t\u00fa\u017eba \u201ezdrhn\u00fa\u0165\u201c nehroz\u00ed. \u201eK\u00fdm u n\u00e1s sa deti te\u0161ia zo \u0161koly, ugandsk\u00e9 deti sa do nej te\u0161ia. A ka\u017ed\u00fa inform\u00e1ciu doslova hltaj\u00fa.<br \/>\nAj tak\u00e1 \u201emali\u010dkos\u0165\u201c, ako absencia latr\u00edn sp\u00f4sobila, \u017ee v\u00e4\u010d\u0161ie diev\u010dat\u00e1 odmietali chodi\u0165 do \u0161koly. Na ve\u013ek\u00fa \u010di mal\u00fa potrebu chodili do h\u00fa\u0161tiny \u2013 chlapci vpravo, diev\u010dat\u00e1 v\u013eavo. P\u00e4tn\u00e1s\u0165ro\u010dn\u00e9 diev\u010dat\u00e1, ktor\u00e9 sa v Ugande u\u017e be\u017ene vyd\u00e1vaj\u00fa a o rok u\u017e rodia, sa logicky zvykli u\u017e do \u0161koly nevr\u00e1ti\u0165, preto\u017ee pou\u017ei\u0165 z\u00e1chod v pr\u00edrode pred chlapcami sa hanbili. \u201eOdkedy v\u0161ak maj\u00fa postaven\u00e9 cementov\u00e9 latr\u00edny, tento probl\u00e9m sa vraj nevyskytuje,\u201c informoval Pyco. Po pou\u017eit\u00ed toalety sa nau\u010dili umy\u0165 si ruky, \u010do e\u0161te doned\u00e1vna tie\u017e nebolo samozrejmos\u0165ou.<br \/>\nMoskyti\u00e9ry s\u00fa \u00fa\u010dinn\u00e9 v boji proti mal\u00e1rii, chudobn\u00ed Ugan\u010fania ich v\u0161ak nemaj\u00fa. Pod\u013ea Pycov\u00fdch slov je d\u00f4le\u017eit\u00e9 ned\u00e1va\u0165 im finan\u010dn\u00fa, ale materi\u00e1lnu pomoc. Najd\u00f4le\u017eitej\u0161ie s\u00fa moskyti\u00e9ry pre rodiny, v ktor\u00fdch sa u\u017e mal\u00e1ria vyskytuje, na miestach, kde kl\u00edma nevyhovuje a prenos mal\u00e1rie infikovan\u00fdmi kom\u00e1rmi re\u00e1lne hroz\u00ed. Aby sme trochu pochopili Ugan\u010fanov, e\u0161te doned\u00e1vna tam vraj bola n\u00e1v\u0161teva lek\u00e1ra man\u017eelmi vn\u00edman\u00e1 ako pon\u00ed\u017eenie a hanba. Svoje man\u017eelky do nemocnice odmietli sprev\u00e1dza\u0165 z d\u00f4vodu, \u017ee \u201emaj\u00fa ve\u013ea povinnost\u00ed\u201c. Aj preto je tam osveta d\u00f4le\u017eit\u00e1. Z nemocn\u00edc vyr\u00e1\u017eaj\u00fa raz za \u010das do ter\u00e9nu, kde robia testy na HIV, pod\u00e1vaj\u00fa antimalarik\u00e1, prvorad\u00e9 s\u00fa tehotn\u00e9 a doj\u010diace \u017eeny. HIV pozit\u00edvne presvied\u010daj\u00fa, aby priviedli aj man\u017eela, aby chorobu ne\u0161\u00edril \u010falej. Nehovoriac o pou\u017e\u00edvan\u00ed kond\u00f3mov, ktor\u00e9 je pre nich st\u00e1le ak\u00fdmsi tabu.<br \/>\nZa pomoc s\u00fa ve\u013emi v\u010fa\u010dn\u00ed. Sami pom\u00e1hali pri kopan\u00ed z\u00e1chodov, aby im deti zo \u0161koly neutekali. Ke\u010f okolo nich prech\u00e1dzali s logom Unicefu, v\u017edy n\u00e1m k\u00fdvali, usmievali sa na n\u00e1s. Boli v\u010fa\u010dn\u00ed a e\u0161te nemali by\u0165 za \u010do. Zmenu v ich \u017eivotoch si sp\u00e1jaj\u00fa s nie\u010d\u00edm, \u010do pre nich Unicef definuje. A to je ve\u013emi d\u00f4le\u017eit\u00e9.<\/p>\n<p>Dohoda pred tvorbou dokumentu o Ugande znela: re\u017eis\u00e9rka M\u00e1ria Martiniakov\u00e1 si m\u00f4\u017ee to\u010di\u0165, \u010do chce, moder\u00e1tor sa zas m\u00f4\u017ee na \u010doko\u013evek, \u010do mu napadne, p\u00fdta\u0165. \u201eV tak kr\u00e1tkom \u010dase urobi\u0165 lep\u0161iu sondu do krajiny, v ktorej sme boli, si neviem dobre predstavi\u0165,\u201c zhodnotil Pyco. \u201ePam\u00e4t\u00e1m si viac, ako v tom kr\u00e1tkom \u010dase stihla kamera zachyti\u0165, ale mysl\u00edm si, \u017ee je to pomerne d\u00f4vern\u00fd opis toho, \u010do sme za ten kr\u00e1tky \u010das v najchudobnej\u0161\u00edch \u010dastiach Ugandy za\u017eili.\u201c<\/p>\n<p style=\"text-align: right;\"><a class=\"btn btn-default btn-sm  \" href=\"https:\/\/www.martin-pyco-rausch-fans.sk\/?page_id=786\"  rel=\"\"  target=\"_self\">Zobrazi\u0165 cel\u00fd \u010dl\u00e1nok<\/a><\/p>\n","protected":false},"excerpt":{"rendered":"<p>\u00a0 Cestu do Afriky, konkr\u00e9tne do Ugandy absolvoval v lete 2013. Prijal ju s rados\u0165ou. Jeho \u00falohou bolo \u00eds\u0165 do ter\u00e9nu a zisti\u0165, \u010di peniaze naozaj dok\u00e1\u017eu ma\u0165 vo forme materi\u00e1lnej pomoci tak\u00fa ve\u013ek\u00fa hodnotu. Na vlastn\u00e9 o\u010di nesk\u00f4r vraj zistil, \u017ee moc maj\u00fa silnej\u0161iu, ako si p\u00f4vodne myslel. Dokument Pomoc Afrike \u2013 Pyco v [&hellip;]<\/p>\n","protected":false},"author":1,"featured_media":7038,"parent":0,"menu_order":0,"comment_status":"open","ping_status":"open","template":"","meta":{"footnotes":""},"class_list":["post-103","page","type-page","status-publish","has-post-thumbnail","hentry"],"_links":{"self":[{"href":"https:\/\/martin-pyco-rausch-fans.sk\/index.php?rest_route=\/wp\/v2\/pages\/103","targetHints":{"allow":["GET"]}}],"collection":[{"href":"https:\/\/martin-pyco-rausch-fans.sk\/index.php?rest_route=\/wp\/v2\/pages"}],"about":[{"href":"https:\/\/martin-pyco-rausch-fans.sk\/index.php?rest_route=\/wp\/v2\/types\/page"}],"author":[{"embeddable":true,"href":"https:\/\/martin-pyco-rausch-fans.sk\/index.php?rest_route=\/wp\/v2\/users\/1"}],"replies":[{"embeddable":true,"href":"https:\/\/martin-pyco-rausch-fans.sk\/index.php?rest_route=%2Fwp%2Fv2%2Fcomments&post=103"}],"version-history":[{"count":23,"href":"https:\/\/martin-pyco-rausch-fans.sk\/index.php?rest_route=\/wp\/v2\/pages\/103\/revisions"}],"predecessor-version":[{"id":15814,"href":"https:\/\/martin-pyco-rausch-fans.sk\/index.php?rest_route=\/wp\/v2\/pages\/103\/revisions\/15814"}],"wp:featuredmedia":[{"embeddable":true,"href":"https:\/\/martin-pyco-rausch-fans.sk\/index.php?rest_route=\/wp\/v2\/media\/7038"}],"wp:attachment":[{"href":"https:\/\/martin-pyco-rausch-fans.sk\/index.php?rest_route=%2Fwp%2Fv2%2Fmedia&parent=103"}],"curies":[{"name":"wp","href":"https:\/\/api.w.org\/{rel}","templated":true}]}}