{"id":10427,"date":"2019-12-08T17:13:55","date_gmt":"2019-12-08T16:13:55","guid":{"rendered":"http:\/\/martin-pyco-rausch-fans.sk\/?page_id=10427"},"modified":"2026-04-19T17:27:32","modified_gmt":"2026-04-19T16:27:32","slug":"richard-muller-sme-si-rovni","status":"publish","type":"page","link":"https:\/\/martin-pyco-rausch-fans.sk\/?page_id=10427","title":{"rendered":"Richard M\u00fcller &#8211; Sme si rovn\u00ed"},"content":{"rendered":"<p style=\"text-align: left;\"><img decoding=\"async\" src=\"https:\/\/martin-pyco-rausch-fans.sk\/wp\/richardmuller-smesirovni.jpg\" alt=\"\" border=\"0\" \/><button class=\"osc_popover_new btn btn-sm btn-info \"  data-placement=\"right\" data-toggle=\"popover\" data-trigger=\"click\" data-container=\"body\" type=\"button\" data-title=\"<em><strong>Quick Links<\/strong><\/em>\" data-contentwrapper=\"osc_popover_1\"> M<em>ultimedi\u00e1lne odkazy<\/em> <\/button><div id=\"osc_popover_1\" style=\"display:none;\">\u00a0<a href=\"https:\/\/www.youtube.com\/watch?v=yqJbFYg6F7s\">Videoklip<\/a> | <a href=\"https:\/\/martin-pyco-rausch-fans.sk\/galeriaX\/thumbnails.php?album=958\" target=\"_blank\">Fotografie<\/a>\u00a0<\/div>\n    <script>\n       jQuery(document).ready(function(){\n        jQuery('.osc_popover_new').popover({\n            html:true,\n            content:function(){\n                return jQuery('#'+jQuery(this).data('contentwrapper')).html();\n            }\n\n        });\n        });\n    <\/script>\n    <\/p>\n<p>Skladba <u>\u201eSme si rovn\u00ed\u201c<\/u>, ktor\u00fa spieva <b>Richard M\u00fcller<\/b> sprev\u00e1dza  na\u0161ich paralympijsk\u00fdch \u0161portovcov v k\u00f3rejskom Pjong\u010dangu a je ich mottom. V klipe my\u0161lienku podporilo mno\u017estvo zn\u00e1mych tv\u00e1r\u00ed.<\/p>\n","protected":false},"excerpt":{"rendered":"<p>Skladba \u201eSme si rovn\u00ed\u201c, ktor\u00fa spieva Richard M\u00fcller sprev\u00e1dza na\u0161ich paralympijsk\u00fdch \u0161portovcov v k\u00f3rejskom Pjong\u010dangu a je ich mottom. V klipe my\u0161lienku podporilo mno\u017estvo zn\u00e1mych tv\u00e1r\u00ed.<\/p>\n","protected":false},"author":1,"featured_media":7036,"parent":0,"menu_order":0,"comment_status":"closed","ping_status":"closed","template":"","meta":{"footnotes":""},"class_list":["post-10427","page","type-page","status-publish","has-post-thumbnail","hentry"],"_links":{"self":[{"href":"https:\/\/martin-pyco-rausch-fans.sk\/index.php?rest_route=\/wp\/v2\/pages\/10427","targetHints":{"allow":["GET"]}}],"collection":[{"href":"https:\/\/martin-pyco-rausch-fans.sk\/index.php?rest_route=\/wp\/v2\/pages"}],"about":[{"href":"https:\/\/martin-pyco-rausch-fans.sk\/index.php?rest_route=\/wp\/v2\/types\/page"}],"author":[{"embeddable":true,"href":"https:\/\/martin-pyco-rausch-fans.sk\/index.php?rest_route=\/wp\/v2\/users\/1"}],"replies":[{"embeddable":true,"href":"https:\/\/martin-pyco-rausch-fans.sk\/index.php?rest_route=%2Fwp%2Fv2%2Fcomments&post=10427"}],"version-history":[{"count":9,"href":"https:\/\/martin-pyco-rausch-fans.sk\/index.php?rest_route=\/wp\/v2\/pages\/10427\/revisions"}],"predecessor-version":[{"id":15819,"href":"https:\/\/martin-pyco-rausch-fans.sk\/index.php?rest_route=\/wp\/v2\/pages\/10427\/revisions\/15819"}],"wp:featuredmedia":[{"embeddable":true,"href":"https:\/\/martin-pyco-rausch-fans.sk\/index.php?rest_route=\/wp\/v2\/media\/7036"}],"wp:attachment":[{"href":"https:\/\/martin-pyco-rausch-fans.sk\/index.php?rest_route=%2Fwp%2Fv2%2Fmedia&parent=10427"}],"curies":[{"name":"wp","href":"https:\/\/api.w.org\/{rel}","templated":true}]}}