{"id":105,"date":"2014-10-16T23:12:31","date_gmt":"2014-10-16T21:12:31","guid":{"rendered":"http:\/\/www.martin-pyco-rausch-fans.sk\/wordpress\/?page_id=105"},"modified":"2026-04-19T17:25:14","modified_gmt":"2026-04-19T16:25:14","slug":"panelak","status":"publish","type":"page","link":"https:\/\/martin-pyco-rausch-fans.sk\/?page_id=105","title":{"rendered":"Panel\u00e1k"},"content":{"rendered":"<p style=\"text-align: left;\"><img decoding=\"async\" src=\"https:\/\/martin-pyco-rausch-fans.sk\/wp\/panelak.jpg\" alt=\"\" border=\"0\" \/><button class=\"osc_popover_new btn btn-sm btn-info \"  data-placement=\"right\" data-toggle=\"popover\" data-trigger=\"click\" data-container=\"body\" type=\"button\" data-title=\"<em><strong>Quick Links<\/strong><\/em>\" data-contentwrapper=\"osc_popover_1\"> M<em>ultimedi\u00e1lne odkazy<\/em> <\/button><div id=\"osc_popover_1\" style=\"display:none;\">\u00a0<a href=\"https:\/\/martin-pyco-rausch-fans.sk\/galeriaX\/index.php?cat=121\" target=\"_blank\" rel=\"noopener noreferrer\">Gal\u00e9ria<\/a> | <a title=\"Filmy &amp; seri\u00e1ly\" href=\"https:\/\/www.martin-pyco-rausch-fans.sk\/?page_id=341\" target=\"_blank\" rel=\"noopener noreferrer\">Video<\/a>\u00a0<\/div>\n    <script>\n       jQuery(document).ready(function(){\n        jQuery('.osc_popover_new').popover({\n            html:true,\n            content:function(){\n                return jQuery('#'+jQuery(this).data('contentwrapper')).html();\n            }\n\n        });\n        });\n    <\/script>\n    <\/p>\n<p>Panel\u00e1k je denn\u00fd seri\u00e1l, nejde o sitcom, hoci v \u0148om nie je o humor n\u00fadza. je mo\u017eno ho zaradi\u0165 do kateg\u00f3rie \u013eahk\u00e9ho, komedi\u00e1lneho \u017e\u00e1nru. Ka\u017ed\u00e1 postava si udr\u017euje od reality mierny odstup, ale pritom s\u00fa v\u0161etky situ\u00e1cie, reakcie a dial\u00f3gy uverite\u013en\u00e9. Mapuje vz\u0165ahy medzi jednotliv\u00fdmi obyvate\u013emi i n\u00e1v\u0161tevn\u00edkmi domu, sleduje ich radosti, starosti, l\u00e1sky, mal\u00e9 \u010di v\u00e4\u010d\u0161ie vojny. Ka\u017ed\u00e1 postava m\u00e1 svoje komick\u00e9 i tragick\u00e9 prvky, neresti aj tajomstv\u00e1. Postupne sa v seri\u00e1li objavuje mno\u017estvo \u010fal\u0161\u00edch post\u00e1v \u010di postavi\u010diek, ktor\u00e9 v\u00fdznamne zasahuj\u00fa do deja a nech\u00fdbaj\u00fa ani \u0161peci\u00e1lni hostia.<\/p>\n<p>Pyco si v seri\u00e1li zahral Imrovho dennodenne spom\u00ednan\u00e9ho najlep\u0161ieho kamar\u00e1ta zo Solo\u0161nice I\u010diho, ktor\u00fd vybav\u00ed v\u0161etko. Tvorcovia v Panel\u00e1ku sa rozhodli, \u017ee s\u00edce I\u010di vst\u00fapi na chv\u00ed\u013eu do deja, ale aby ho div\u00e1ci uvideli, bud\u00fa musie\u0165 by\u0165 ve\u013emi pozorn\u00ed. Inak im unikne mo\u017eno seri\u00e1lov\u00e1 rola Pyca. Scen\u00e1rista Andy Kraus u\u017e Pyca ve\u013emi dlho prehov\u00e1ral, aby si zahral v Panel\u00e1ku, ale on sa tomu dlho vyh\u00fdbal.<br \/>\nPyca, alias I\u010diho v\u017edy nie\u010do zakr\u00fdva, raz bal\u00f3n, ktor\u00fd nafukuje Imro, inokedy hos\u0165, ktor\u00fd pri\u0161iel zaplati\u0165. \u00a0A tak hoci i\u0161lo len o p\u00e1r sc\u00e9n, nakr\u00facali sa dos\u0165 dlho, preto\u017ee v ka\u017edom z\u00e1bere hlavn\u00fd kameraman, alebo re\u017eis\u00e9rka dbali na to, aby jeho tv\u00e1r nebolo spredu vidno. Div\u00e1ci v\u0161ak Pyca predsa len m\u00f4\u017eu spozna\u0165 pod\u013ea jeho nezamenite\u013en\u00e9ho hlasu, alebo in\u00fdch detailov. Kto sa v\u0161ak te\u0161\u00ed, \u017ee ho uvid\u00ed v Panel\u00e1ku \u010dastej\u0161ie, bude sklaman\u00fd. I\u0161lo len o epiz\u00f3dnu \u00falohu.<\/p>\n<p>Emil sa ob\u00e1va Jankinho z\u00e1meru so zumbou. Masl\u00e1k odv\u00e1\u017ea postrelen\u00e9ho chlap\u00edka do Talianska. <span style=\"text-decoration: underline;\">Do baru prich\u00e1dza I\u010di.<\/span><\/p>\n","protected":false},"excerpt":{"rendered":"<p>Panel\u00e1k je denn\u00fd seri\u00e1l, nejde o sitcom, hoci v \u0148om nie je o humor n\u00fadza. je mo\u017eno ho zaradi\u0165 do kateg\u00f3rie \u013eahk\u00e9ho, komedi\u00e1lneho \u017e\u00e1nru. Ka\u017ed\u00e1 postava si udr\u017euje od reality mierny odstup, ale pritom s\u00fa v\u0161etky situ\u00e1cie, reakcie a dial\u00f3gy uverite\u013en\u00e9. Mapuje vz\u0165ahy medzi jednotliv\u00fdmi obyvate\u013emi i n\u00e1v\u0161tevn\u00edkmi domu, sleduje ich radosti, starosti, l\u00e1sky, mal\u00e9 [&hellip;]<\/p>\n","protected":false},"author":1,"featured_media":7039,"parent":0,"menu_order":0,"comment_status":"open","ping_status":"open","template":"","meta":{"footnotes":""},"class_list":["post-105","page","type-page","status-publish","has-post-thumbnail","hentry"],"_links":{"self":[{"href":"https:\/\/martin-pyco-rausch-fans.sk\/index.php?rest_route=\/wp\/v2\/pages\/105","targetHints":{"allow":["GET"]}}],"collection":[{"href":"https:\/\/martin-pyco-rausch-fans.sk\/index.php?rest_route=\/wp\/v2\/pages"}],"about":[{"href":"https:\/\/martin-pyco-rausch-fans.sk\/index.php?rest_route=\/wp\/v2\/types\/page"}],"author":[{"embeddable":true,"href":"https:\/\/martin-pyco-rausch-fans.sk\/index.php?rest_route=\/wp\/v2\/users\/1"}],"replies":[{"embeddable":true,"href":"https:\/\/martin-pyco-rausch-fans.sk\/index.php?rest_route=%2Fwp%2Fv2%2Fcomments&post=105"}],"version-history":[{"count":11,"href":"https:\/\/martin-pyco-rausch-fans.sk\/index.php?rest_route=\/wp\/v2\/pages\/105\/revisions"}],"predecessor-version":[{"id":15816,"href":"https:\/\/martin-pyco-rausch-fans.sk\/index.php?rest_route=\/wp\/v2\/pages\/105\/revisions\/15816"}],"wp:featuredmedia":[{"embeddable":true,"href":"https:\/\/martin-pyco-rausch-fans.sk\/index.php?rest_route=\/wp\/v2\/media\/7039"}],"wp:attachment":[{"href":"https:\/\/martin-pyco-rausch-fans.sk\/index.php?rest_route=%2Fwp%2Fv2%2Fmedia&parent=105"}],"curies":[{"name":"wp","href":"https:\/\/api.w.org\/{rel}","templated":true}]}}