{"id":107,"date":"2014-10-16T23:13:17","date_gmt":"2014-10-16T21:13:17","guid":{"rendered":"http:\/\/www.martin-pyco-rausch-fans.sk\/wordpress\/?page_id=107"},"modified":"2026-04-19T17:26:44","modified_gmt":"2026-04-19T16:26:44","slug":"107-2","status":"publish","type":"page","link":"https:\/\/martin-pyco-rausch-fans.sk\/?page_id=107","title":{"rendered":"Mesto Tie\u0148ov"},"content":{"rendered":"<p style=\"text-align: left;\"><img decoding=\"async\" src=\"https:\/\/martin-pyco-rausch-fans.sk\/wp\/mestotienov.jpg\" alt=\"\" border=\"0\" \/><button class=\"osc_popover_new btn btn-sm btn-info \"  data-placement=\"right\" data-toggle=\"popover\" data-trigger=\"click\" data-container=\"body\" type=\"button\" data-title=\"<em><strong>Quick Links<\/strong><\/em>\" data-contentwrapper=\"osc_popover_1\"> M<em>ultimedi\u00e1lne odkazy<\/em> <\/button><div id=\"osc_popover_1\" style=\"display:none;\">\u00a0<a href=\"https:\/\/martin-pyco-rausch-fans.sk\/galeriaX\/index.php?cat=48\" target=\"_blank\">Gal\u00e9ria<\/a> | <a href=\"https:\/\/www.martin-pyco-rausch-fans.sk\/?page_id=341\">Video<\/a>\u00a0<\/div>\n    <script>\n       jQuery(document).ready(function(){\n        jQuery('.osc_popover_new').popover({\n            html:true,\n            content:function(){\n                return jQuery('#'+jQuery(this).data('contentwrapper')).html();\n            }\n\n        });\n        });\n    <\/script>\n    <\/p>\n<p>Seri\u00e1l s n\u00e1zvom Mesto tie\u0148ov je 10 dielna s\u00e9ria 60 min\u00fatov\u00fdch krimi pr\u00edbehov zo s\u00fa\u010dasnosti. Dej seri\u00e1lu sa odohr\u00e1va na oddelen\u00ed v\u0161eobecnej kriminalistiky \u00faradu justi\u010dnej a krimin\u00e1lnej pol\u00edcie v Bratislave, v sekcii, ktor\u00e1 sa zaober\u00e1 \u201eobzvl\u00e1\u0161\u0165 z\u00e1va\u017en\u00fdmi zlo\u010dinmi\u201c \u2013 OZZ. Do tejto kateg\u00f3rie patria masov\u00ed a s\u00e9riov\u00ed vrahovia, sexu\u00e1lne motivovan\u00e9, brut\u00e1lne a \u00fakladn\u00e9 vra\u017edy. Hlavn\u00fdmi hrdinami s\u00fa dvaja kriminalisti, nov\u00e1\u010dik Tom\u00e1\u0161 a jeho star\u0161\u00ed kolega Ivan. \u010eal\u0161\u00ed \u010dlenovia t\u00edmu ako vy\u0161etrovatelia, forenzn\u00e1 psychologi\u010dka, s\u00fadny lek\u00e1r a kriminalistick\u00fd technik s\u00fa postavami ved\u013eaj\u0161\u00edmi. Ka\u017ed\u00fd pr\u00edbeh m\u00e1 tri roviny. Hlavn\u00e1 rovina zah\u0155\u0148a p\u00e1tranie kriminalistov po vrahoch. Div\u00e1ci uvidia ak\u010dn\u00e9 sc\u00e9ny, v\u00fdsluchy, skladanie a zhroma\u017e\u010fovanie st\u00f4p a d\u00f4kazov, zauj\u00edmav\u00e9 expert\u00edzy a p\u00e1tracie postupy. Druh\u00e1 rovina sleduje po\u010d\u00ednanie p\u00e1chate\u013ea. Tretia rovina vykres\u013euje s\u00fakromn\u00fd \u017eivot kriminalistov Tom\u00e1\u0161a a Ivana, ich rodinn\u00e9 a vz\u0165ahov\u00e9 probl\u00e9my a peripetie. Seri\u00e1l by mal vytvori\u0165 kompaktn\u00fd celok \u2013 predov\u0161etk\u00fdm chce poskytn\u00fa\u0165 nap\u00ednav\u00fa a ak\u010dn\u00fa z\u00e1bavu pre div\u00e1ka. Takisto chce pon\u00faknu\u0165 plnohodnotn\u00e9 postavy hlavn\u00fdch hrdinov, s ktor\u00fdmi je mo\u017en\u00e9 stoto\u017eni\u0165 sa a pre\u017e\u00edva\u0165 s nimi aj ich s\u00fakromn\u00e9 osudy, ktor\u00e9 sa \u010dasto s pr\u00edpadmi prel\u00ednaj\u00fa. V neposlednom rade, chceme filmov\u00fdmi prostriedkami vytvori\u0165 sugest\u00edvny obraz Mesta tie\u0148ov \u2013 tie\u0148ov\u00e9ho mesta. Kriminalisti s\u00edce p\u00e1traj\u00fa v Bratislave a re\u00e1lnych slovensk\u00fdch mest\u00e1ch a dedin\u00e1ch, ale nie je to krajina tak ako ju be\u017ene pozn\u00e1me \u2013 je to paraleln\u00e1 krajina, podsvetie, v ktorom sa odohr\u00e1vaj\u00fa tieto pr\u00edbehy. Preto si m\u00f4\u017eeme dovoli\u0165 mal\u00fa d\u00e1vku thrilerovej \u0161tyliz\u00e1cie, ktor\u00e1 n\u00e1m pom\u00f4\u017ee vytvori\u0165 atmosf\u00e9ru, bez toho, aby sme potla\u010dili civilnos\u0165 alebo d\u00f4veryhodnos\u0165 slovensk\u00fdch re\u00e1li\u00ed. Z tohto paraleln\u00e9ho a \u010dasto aj surov\u00e9ho sveta tie\u0148ov utekaj\u00fa hlavn\u00ed hrdinovia do druh\u00e9ho sveta \u2013 domov k svojim rodin\u00e1m, ktor\u00e9 im poskytuj\u00fa vo v\u00e4\u010d\u0161ej \u010di men\u0161ej miere \u00fato\u010disko a porozumenie potrebn\u00e9 na to, aby mohli \u017ei\u0165 \u010falej. Jednotliv\u00e9 pr\u00edpady konzultujeme s kriminalistami, forenzn\u00fdmi psychol\u00f3gmi a \u010fal\u0161\u00edmi \u0161pecialistami, ktor\u00ed maj\u00fa sk\u00fasenosti s p\u00e1tran\u00edm po vrahoch z kateg\u00f3rie OZZ. Pri tvorbe pr\u00edpadov sme sa nechali in\u0161pirova\u0165 aj skuto\u010dn\u00fdmi krimin\u00e1lnymi \u010dinmi, v\u00fdsluchmi a expert\u00edzami, s ktor\u00fdmi sme sa stretli pri tvorbe dokument\u00e1rneho cyklu \u201eNajv\u00e4\u010d\u0161ie krimin\u00e1lne pr\u00edpady Slovenska\u201c.<\/p>\n<p><b>Epiz\u00f3da: 1&#215;10-Nebespe\u010dn\u00e9 vz\u0165ahy<\/b><br \/>\nNa pohotovosti sa objav\u00ed mlad\u00e1 \u017eena. Uk\u00e1\u017ee sa, \u017ee je to nezvestn\u00e1 Eva Tome\u010dkov\u00e1. Major Tome\u010dek sa rozhodne vzia\u0165 spravodlivos\u0165 do vlastn\u00fdch r\u00fak a dostane sa do v\u00e1\u017enych probl\u00e9mov. Svoj\u00edm spr\u00e1van\u00edm sa priprav\u00ed o re\u0161pekt a lojalitu Tom\u00e1\u0161a Benkovsk\u00e9ho. V tejto epiz\u00f3de sa\u00a0 nakr\u00facala kr\u00e1tka sc\u00e9na, v ktorej dominoval Pyco. V sc\u00e9nke zahral oby\u010dajn\u00e9ho \u010da\u0161n\u00edka, ktor\u00fd povedie nepr\u00edjemn\u00fd dial\u00f3g. Do kr\u010dmy za n\u00edm toti\u017e pri\u0161iel policajn\u00fd vy\u0161etrovate\u013e, ktor\u00fd ho vypo\u010d\u00faval<\/p>\n","protected":false},"excerpt":{"rendered":"<p>Seri\u00e1l s n\u00e1zvom Mesto tie\u0148ov je 10 dielna s\u00e9ria 60 min\u00fatov\u00fdch krimi pr\u00edbehov zo s\u00fa\u010dasnosti. Dej seri\u00e1lu sa odohr\u00e1va na oddelen\u00ed v\u0161eobecnej kriminalistiky \u00faradu justi\u010dnej a krimin\u00e1lnej pol\u00edcie v Bratislave, v sekcii, ktor\u00e1 sa zaober\u00e1 \u201eobzvl\u00e1\u0161\u0165 z\u00e1va\u017en\u00fdmi zlo\u010dinmi\u201c \u2013 OZZ. Do tejto kateg\u00f3rie patria masov\u00ed a s\u00e9riov\u00ed vrahovia, sexu\u00e1lne motivovan\u00e9, brut\u00e1lne a \u00fakladn\u00e9 vra\u017edy. Hlavn\u00fdmi [&hellip;]<\/p>\n","protected":false},"author":1,"featured_media":7040,"parent":0,"menu_order":0,"comment_status":"open","ping_status":"open","template":"","meta":{"footnotes":""},"class_list":["post-107","page","type-page","status-publish","has-post-thumbnail","hentry"],"_links":{"self":[{"href":"https:\/\/martin-pyco-rausch-fans.sk\/index.php?rest_route=\/wp\/v2\/pages\/107","targetHints":{"allow":["GET"]}}],"collection":[{"href":"https:\/\/martin-pyco-rausch-fans.sk\/index.php?rest_route=\/wp\/v2\/pages"}],"about":[{"href":"https:\/\/martin-pyco-rausch-fans.sk\/index.php?rest_route=\/wp\/v2\/types\/page"}],"author":[{"embeddable":true,"href":"https:\/\/martin-pyco-rausch-fans.sk\/index.php?rest_route=\/wp\/v2\/users\/1"}],"replies":[{"embeddable":true,"href":"https:\/\/martin-pyco-rausch-fans.sk\/index.php?rest_route=%2Fwp%2Fv2%2Fcomments&post=107"}],"version-history":[{"count":9,"href":"https:\/\/martin-pyco-rausch-fans.sk\/index.php?rest_route=\/wp\/v2\/pages\/107\/revisions"}],"predecessor-version":[{"id":15818,"href":"https:\/\/martin-pyco-rausch-fans.sk\/index.php?rest_route=\/wp\/v2\/pages\/107\/revisions\/15818"}],"wp:featuredmedia":[{"embeddable":true,"href":"https:\/\/martin-pyco-rausch-fans.sk\/index.php?rest_route=\/wp\/v2\/media\/7040"}],"wp:attachment":[{"href":"https:\/\/martin-pyco-rausch-fans.sk\/index.php?rest_route=%2Fwp%2Fv2%2Fmedia&parent=107"}],"curies":[{"name":"wp","href":"https:\/\/api.w.org\/{rel}","templated":true}]}}