{"id":110,"date":"2014-10-16T23:14:22","date_gmt":"2014-10-16T21:14:22","guid":{"rendered":"http:\/\/www.martin-pyco-rausch-fans.sk\/wordpress\/?page_id=110"},"modified":"2019-12-08T17:00:39","modified_gmt":"2019-12-08T16:00:39","slug":"katarina-landlova-lepsi-holky","status":"publish","type":"page","link":"https:\/\/martin-pyco-rausch-fans.sk\/?page_id=110","title":{"rendered":"Katar\u00edn\u00e1 Landlov\u00e1 &#8211; Lep\u0161\u00ed holky"},"content":{"rendered":"<p><img decoding=\"async\" src=\"https:\/\/martin-pyco-rausch-fans.sk\/wp\/KL-lepsiholky.jpg\" alt=\"\" border=\"0\" \/>\u00a0<button class=\"osc_popover_new btn btn-sm btn-info \"  data-placement=\"right\" data-toggle=\"popover\" data-trigger=\"click\" data-container=\"body\" type=\"button\" data-title=\"<em><strong>Quick Links<\/strong><\/em>\" data-contentwrapper=\"osc_popover_1\"> M<em>ultimedi\u00e1lne odkazy<\/em> <\/button><div id=\"osc_popover_1\" style=\"display:none;\">\u00a0<a href=\"http:\/\/www.katarinalandlova.com\/#!intro\" target=\"_blank\">Ofici\u00e1lna str\u00e1nka<\/a>\u00a0|\u00a0\u00a0<a href=\"https:\/\/www.youtube.com\/watch?v=gB99AT5VoCo\">Videoklip<\/a>\u00a0<\/div>\n    <script>\n       jQuery(document).ready(function(){\n        jQuery('.osc_popover_new').popover({\n            html:true,\n            content:function(){\n                return jQuery('#'+jQuery(this).data('contentwrapper')).html();\n            }\n\n        });\n        });\n    <\/script>\n    <\/p>\n<p>Sympatick\u00e1 sle\u010dna <b>Katar\u00edn\u00e1 Landlov\u00e1<\/b>, ktor\u00e1 sa objavila v \u010ceskoSlovensko m\u00e1 talent 2012. O dva roky nesk\u00f4r\u00a0nahrala skladbu, pripadne videoklip, v ktorom si zahral aj Pyco. Skladba sa vol\u00e1 <span style=\"text-decoration: underline;\">\u201eLep\u0161\u00ed holky\u201c<\/span>. Pesni\u010dka sa Pycovi od za\u010diatku ve\u013emi pozd\u00e1vala a dr\u017e\u00ed Katke palce.<\/p>\n","protected":false},"excerpt":{"rendered":"<p>\u00a0 Sympatick\u00e1 sle\u010dna Katar\u00edn\u00e1 Landlov\u00e1, ktor\u00e1 sa objavila v \u010ceskoSlovensko m\u00e1 talent 2012. O dva roky nesk\u00f4r\u00a0nahrala skladbu, pripadne videoklip, v ktorom si zahral aj Pyco. Skladba sa vol\u00e1 \u201eLep\u0161\u00ed holky\u201c. Pesni\u010dka sa Pycovi od za\u010diatku ve\u013emi pozd\u00e1vala a dr\u017e\u00ed Katke palce.<\/p>\n","protected":false},"author":1,"featured_media":7041,"parent":0,"menu_order":0,"comment_status":"open","ping_status":"open","template":"","meta":{"footnotes":""},"class_list":["post-110","page","type-page","status-publish","has-post-thumbnail","hentry"],"_links":{"self":[{"href":"https:\/\/martin-pyco-rausch-fans.sk\/index.php?rest_route=\/wp\/v2\/pages\/110","targetHints":{"allow":["GET"]}}],"collection":[{"href":"https:\/\/martin-pyco-rausch-fans.sk\/index.php?rest_route=\/wp\/v2\/pages"}],"about":[{"href":"https:\/\/martin-pyco-rausch-fans.sk\/index.php?rest_route=\/wp\/v2\/types\/page"}],"author":[{"embeddable":true,"href":"https:\/\/martin-pyco-rausch-fans.sk\/index.php?rest_route=\/wp\/v2\/users\/1"}],"replies":[{"embeddable":true,"href":"https:\/\/martin-pyco-rausch-fans.sk\/index.php?rest_route=%2Fwp%2Fv2%2Fcomments&post=110"}],"version-history":[{"count":11,"href":"https:\/\/martin-pyco-rausch-fans.sk\/index.php?rest_route=\/wp\/v2\/pages\/110\/revisions"}],"predecessor-version":[{"id":10433,"href":"https:\/\/martin-pyco-rausch-fans.sk\/index.php?rest_route=\/wp\/v2\/pages\/110\/revisions\/10433"}],"wp:featuredmedia":[{"embeddable":true,"href":"https:\/\/martin-pyco-rausch-fans.sk\/index.php?rest_route=\/wp\/v2\/media\/7041"}],"wp:attachment":[{"href":"https:\/\/martin-pyco-rausch-fans.sk\/index.php?rest_route=%2Fwp%2Fv2%2Fmedia&parent=110"}],"curies":[{"name":"wp","href":"https:\/\/api.w.org\/{rel}","templated":true}]}}