{"id":114,"date":"2014-10-16T23:16:16","date_gmt":"2014-10-16T21:16:16","guid":{"rendered":"http:\/\/www.martin-pyco-rausch-fans.sk\/wordpress\/?page_id=114"},"modified":"2026-04-19T17:29:24","modified_gmt":"2026-04-19T16:29:24","slug":"mukatado-preco-so-mnou-spis","status":"publish","type":"page","link":"https:\/\/martin-pyco-rausch-fans.sk\/?page_id=114","title":{"rendered":"Mukatado &#8211; Pre\u010do so mnou sp\u00ed\u0161?"},"content":{"rendered":"<p style=\"text-align: left;\"><img decoding=\"async\" src=\"https:\/\/martin-pyco-rausch-fans.sk\/wp\/mukatado-precosomnouspis.jpg\" alt=\"\" border=\"0\" \/><button class=\"osc_popover_new btn btn-sm btn-info \"  data-placement=\"right\" data-toggle=\"popover\" data-trigger=\"click\" data-container=\"body\" type=\"button\" data-title=\"<em><strong>Quick Links<\/strong><\/em>\" data-contentwrapper=\"osc_popover_1\"> M<em>ultimedi\u00e1lne odkazy<\/em> <\/button><div id=\"osc_popover_1\" style=\"display:none;\">\u00a0<a href=\"https:\/\/martin-pyco-rausch-fans.sk\/galeriaX\/thumbnails.php?album=385\" target=\"_blank\" rel=\"noopener noreferrer\">Ofici\u00e1lne fotky<\/a> | \u00a0<a href=\"https:\/\/martin-pyco-rausch-fans.sk\/galeriaX\/thumbnails.php?album=388\" target=\"_blank\" rel=\"noopener noreferrer\">Screencaptures<\/a> | \u00a0<a href=\"https:\/\/www.youtube.com\/watch?v=NJe7cbMIR5M\">Videoklip<\/a>\u00a0| \u00a0<a href=\"https:\/\/www.youtube.com\/watch?v=GGu4jtLWzy8\">Video Project Making Of<\/a> | \u00a0<a href=\"http:\/\/mukatado.sk\/web\/\" target=\"_blank\" rel=\"noopener noreferrer\">Ofici\u00e1lna str\u00e1nka<\/a>\u00a0<\/div>\n    <script>\n       jQuery(document).ready(function(){\n        jQuery('.osc_popover_new').popover({\n            html:true,\n            content:function(){\n                return jQuery('#'+jQuery(this).data('contentwrapper')).html();\n            }\n\n        });\n        });\n    <\/script>\n    <\/p>\n<p>Skupina <b>Mukatado<\/b> v r\u00e9\u017eii Martina Hud\u00e1ka nato\u010dili videoklip k nov\u00e9mu singlu &#8222;<span style=\"text-decoration: underline;\">Pre\u010do so mnou sp\u00ed\u0161<\/span>\u201c. Nat\u00e1\u010danie trvalo dva dni, prv\u00fd de\u0148 sa to\u010dilo v \u0161t\u00fadiu v Bratislave a druh\u00fd de\u0148 na jednom z\u00e1mku na Slovensku. V klipe spev\u00e1\u010dke Mukatada Janke Koz\u00e1kovej sekundoval aj Martin Rausch, ktor\u00fd okrem toho, \u017ee si v klipe zahral, podie\u013eal sa aj na samotnom scen\u00e1ri. V skupine Mukatado sa kombinuje hudba, ktor\u00e1 sa mu p\u00e1\u010di, s \u013eu\u010fmi, ktor\u00ed s\u00fa mu sympatick\u00ed, tak\u017ee spolupr\u00e1ca bola pre\u0148ho tvorivou v\u00fdzvou. Ponuku od Mukatada \u0161peci\u00e1lne prijal aj preto, lebo to producentsky zastre\u0161oval jeho dobr\u00fd kamar\u00e1t a ve\u013ek\u00fd profesion\u00e1l Martin Hud\u00e1k, s ktor\u00fdm sa v\u010faka spolo\u010dn\u00fdm v\u00edzi\u00e1m spoj\u00ed hocikedy.<\/p>\n","protected":false},"excerpt":{"rendered":"<p>Skupina Mukatado v r\u00e9\u017eii Martina Hud\u00e1ka nato\u010dili videoklip k nov\u00e9mu singlu &#8222;Pre\u010do so mnou sp\u00ed\u0161\u201c. Nat\u00e1\u010danie trvalo dva dni, prv\u00fd de\u0148 sa to\u010dilo v \u0161t\u00fadiu v Bratislave a druh\u00fd de\u0148 na jednom z\u00e1mku na Slovensku. V klipe spev\u00e1\u010dke Mukatada Janke Koz\u00e1kovej sekundoval aj Martin Rausch, ktor\u00fd okrem toho, \u017ee si v klipe zahral, podie\u013eal sa [&hellip;]<\/p>\n","protected":false},"author":1,"featured_media":7047,"parent":0,"menu_order":0,"comment_status":"open","ping_status":"open","template":"","meta":{"footnotes":""},"class_list":["post-114","page","type-page","status-publish","has-post-thumbnail","hentry"],"_links":{"self":[{"href":"https:\/\/martin-pyco-rausch-fans.sk\/index.php?rest_route=\/wp\/v2\/pages\/114","targetHints":{"allow":["GET"]}}],"collection":[{"href":"https:\/\/martin-pyco-rausch-fans.sk\/index.php?rest_route=\/wp\/v2\/pages"}],"about":[{"href":"https:\/\/martin-pyco-rausch-fans.sk\/index.php?rest_route=\/wp\/v2\/types\/page"}],"author":[{"embeddable":true,"href":"https:\/\/martin-pyco-rausch-fans.sk\/index.php?rest_route=\/wp\/v2\/users\/1"}],"replies":[{"embeddable":true,"href":"https:\/\/martin-pyco-rausch-fans.sk\/index.php?rest_route=%2Fwp%2Fv2%2Fcomments&post=114"}],"version-history":[{"count":10,"href":"https:\/\/martin-pyco-rausch-fans.sk\/index.php?rest_route=\/wp\/v2\/pages\/114\/revisions"}],"predecessor-version":[{"id":15821,"href":"https:\/\/martin-pyco-rausch-fans.sk\/index.php?rest_route=\/wp\/v2\/pages\/114\/revisions\/15821"}],"wp:featuredmedia":[{"embeddable":true,"href":"https:\/\/martin-pyco-rausch-fans.sk\/index.php?rest_route=\/wp\/v2\/media\/7047"}],"wp:attachment":[{"href":"https:\/\/martin-pyco-rausch-fans.sk\/index.php?rest_route=%2Fwp%2Fv2%2Fmedia&parent=114"}],"curies":[{"name":"wp","href":"https:\/\/api.w.org\/{rel}","templated":true}]}}