{"id":12,"date":"2014-10-16T21:48:43","date_gmt":"2014-10-16T19:48:43","guid":{"rendered":"http:\/\/www.martin-pyco-rausch-fans.sk\/wordpress\/?page_id=12"},"modified":"2026-04-19T17:22:35","modified_gmt":"2026-04-19T16:22:35","slug":"filmografia","status":"publish","type":"page","link":"https:\/\/martin-pyco-rausch-fans.sk\/?page_id=12","title":{"rendered":"Filmografia"},"content":{"rendered":"<p><b>Dokument\u00e1rne<\/b><br \/>\n<a title=\"Pomoc Afrike \u2013 Pyco v Ugande\" href=\"https:\/\/www.martin-pyco-rausch-fans.sk\/?page_id=103\" target=\"_blank\">Pomoc Afrike &#8211; Pyco v Ugande<\/a>..TV film (2013)<\/p>\n<p><strong>V\u00fdznamn\u00e1\u00a0ved\u013eaj\u0161ia rola v TV<\/strong><br \/>\n<a title=\"Panel\u00e1k\" href=\"https:\/\/www.martin-pyco-rausch-fans.sk\/?page_id=105\" target=\"_blank\">Panel\u00e1k<\/a>&#8230;Denn\u00fd seri\u00e1l &#8222;I\u010di&#8220; v Epiz\u00f3de: &#8220; 7&#215;8 &#8211; 550. Zumba \/ *POKRA\u010cOVANIE : 7&#215;9 &#8211; 551. Logo &#8211; (2011)<br \/>\n<a title=\"Mesto Tie\u0148ov\" href=\"https:\/\/www.martin-pyco-rausch-fans.sk\/?page_id=107\" target=\"_blank\">Mesto Tie\u0148ov<\/a>&#8230;Krimi seri\u00e1l &#8222;Barman&#8220; v Epiz\u00f3de: &#8222;1&#215;10. Nebezpe\u010dne vz\u0165ahy&#8220; (2008)<\/p>\n<p><strong>\u00da\u010das\u0165 na hudobnom videu<\/strong><br \/>\n<a title=\"Richard M\u00fcller - Sme si rovn\u00ed\" href=\" https:\/\/martin-pyco-rausch-fans.sk\/?page_id=10427\" target=\"_blank\">Richard M\u00fcller<\/a>.. Music Video &#8222;Sme si rovn\u00ed&#8220; (2018)<br \/>\n<a title=\"Katar\u00edn\u00e1 Landlov\u00e1 \u2013 Lep\u0161\u00ed holky\" href=\"https:\/\/www.martin-pyco-rausch-fans.sk\/?page_id=110\" target=\"_blank\">Katar\u00edna Landlov\u00e1<\/a>.. Music Video &#8222;Lep\u0161\u00ed Holky&#8220; (2014)<br \/>\n<a title=\"Mukatado \u2013 With Me\" href=\"https:\/\/www.martin-pyco-rausch-fans.sk\/?page_id=112\" target=\"_blank\">Mukatado<\/a>..Author Of Text &#8222;With Me&#8220; (2010)<br \/>\n<a title=\"Mukatado \u2013 Pre\u010do so mnou sp\u00ed\u0161?\" href=\"https:\/\/www.martin-pyco-rausch-fans.sk\/?page_id=114\" target=\"_blank\">Mukatado<\/a>..Music Video &#8222;Pre\u010do so mnou sp\u00ed\u0161?&#8220; (2010)<br \/>\n<a title=\"Hudba z Marsu \u2013 Tane\u010dn\u00e1\" href=\"https:\/\/www.martin-pyco-rausch-fans.sk\/?page_id=117\" target=\"_blank\">Hudba z Marsu<\/a>..Music Video &#8222;Tane\u010dn\u00e1&#8220; (2009)<br \/>\n<a title=\"Save The Cookie \u2013 My Music\" href=\"https:\/\/www.martin-pyco-rausch-fans.sk\/?page_id=119\" target=\"_blank\">Save The Cookie<\/a>..Music Video &#8222;My Music&#8220; (2008)<br \/>\n<a title=\"Save The Cookie \u2013 Sinking\" href=\"https:\/\/www.martin-pyco-rausch-fans.sk\/?page_id=121\" target=\"_blank\">Save The Cookie<\/a>..Author Of Text &#8222;Sinking&#8220; (2007)<\/p>\n<p><strong>Reklamy<\/strong><br \/>\nNov\u00e9 jingle New Model R\u00e1dia .. (2015)<br \/>\nJacobs (2013-2015)<br \/>\nT.Com &amp; T.Mobile\/ magio internet.. Audio (2008)<br \/>\nViano\u010dn\u00e1 kampa\u0148 T-Mobile (2006-2007)<\/p>\n","protected":false},"excerpt":{"rendered":"<p>Dokument\u00e1rne Pomoc Afrike &#8211; Pyco v Ugande..TV film (2013) V\u00fdznamn\u00e1\u00a0ved\u013eaj\u0161ia rola v TV Panel\u00e1k&#8230;Denn\u00fd seri\u00e1l &#8222;I\u010di&#8220; v Epiz\u00f3de: &#8220; 7&#215;8 &#8211; 550. Zumba \/ *POKRA\u010cOVANIE : 7&#215;9 &#8211; 551. Logo &#8211; (2011) Mesto Tie\u0148ov&#8230;Krimi seri\u00e1l &#8222;Barman&#8220; v Epiz\u00f3de: &#8222;1&#215;10. Nebezpe\u010dne vz\u0165ahy&#8220; (2008) \u00da\u010das\u0165 na hudobnom videu Richard M\u00fcller.. Music Video &#8222;Sme si rovn\u00ed&#8220; (2018) Katar\u00edna [&hellip;]<\/p>\n","protected":false},"author":1,"featured_media":7037,"parent":0,"menu_order":0,"comment_status":"open","ping_status":"open","template":"","meta":{"footnotes":""},"class_list":["post-12","page","type-page","status-publish","has-post-thumbnail","hentry"],"_links":{"self":[{"href":"https:\/\/martin-pyco-rausch-fans.sk\/index.php?rest_route=\/wp\/v2\/pages\/12","targetHints":{"allow":["GET"]}}],"collection":[{"href":"https:\/\/martin-pyco-rausch-fans.sk\/index.php?rest_route=\/wp\/v2\/pages"}],"about":[{"href":"https:\/\/martin-pyco-rausch-fans.sk\/index.php?rest_route=\/wp\/v2\/types\/page"}],"author":[{"embeddable":true,"href":"https:\/\/martin-pyco-rausch-fans.sk\/index.php?rest_route=\/wp\/v2\/users\/1"}],"replies":[{"embeddable":true,"href":"https:\/\/martin-pyco-rausch-fans.sk\/index.php?rest_route=%2Fwp%2Fv2%2Fcomments&post=12"}],"version-history":[{"count":15,"href":"https:\/\/martin-pyco-rausch-fans.sk\/index.php?rest_route=\/wp\/v2\/pages\/12\/revisions"}],"predecessor-version":[{"id":15812,"href":"https:\/\/martin-pyco-rausch-fans.sk\/index.php?rest_route=\/wp\/v2\/pages\/12\/revisions\/15812"}],"wp:featuredmedia":[{"embeddable":true,"href":"https:\/\/martin-pyco-rausch-fans.sk\/index.php?rest_route=\/wp\/v2\/media\/7037"}],"wp:attachment":[{"href":"https:\/\/martin-pyco-rausch-fans.sk\/index.php?rest_route=%2Fwp%2Fv2%2Fmedia&parent=12"}],"curies":[{"name":"wp","href":"https:\/\/api.w.org\/{rel}","templated":true}]}}