{"id":121,"date":"2014-10-16T23:20:45","date_gmt":"2014-10-16T21:20:45","guid":{"rendered":"http:\/\/www.martin-pyco-rausch-fans.sk\/wordpress\/?page_id=121"},"modified":"2019-12-08T17:04:04","modified_gmt":"2019-12-08T16:04:04","slug":"save-the-cookie-sinking","status":"publish","type":"page","link":"https:\/\/martin-pyco-rausch-fans.sk\/?page_id=121","title":{"rendered":"Save The Cookie &#8211; Sinking"},"content":{"rendered":"<p>Americk\u00fd hudobn\u00fd producent Matt Patrick spolu so slovensk\u00fdm <b>Save the Cookie<\/b> vytvotili nez\u00e1visl\u00fd Slovensko &#8211; Americk\u00fd progres\u00edvny hudobn\u00fd projekt. Na tvorbe textu skladby\u00a0 <span style=\"text-decoration: underline;\">\u201eSinking\u201c<\/span> sa podie\u013eal aj Martin Rausch.<\/p>\n<p><b>Text piesne<\/b><\/p>\n<p>It&#8217;s late at night I&#8216; driving &#8218;round<br \/>\nwatchin&#8216; the world go upside down<br \/>\nI stop and gaze out at the sea<br \/>\nI can fly, but cannot breathe<\/p>\n<p>The music fades and night begins<br \/>\ndarkness comes, I fall right in<br \/>\njumping right, between the sharks<br \/>\nThey cannot hurt if they have no heart<br \/>\nChorus<br \/>\nIs this just a nightmare<br \/>\na new dream, a rebirth or my own confusion?<br \/>\nI&#8217;m getting lost, I can&#8217;t find<br \/>\nmy own way to a logical conclusion<\/p>\n<p>Is it just a nightmare<br \/>\na new dream a rebirth or some other reason<br \/>\nI gotta&#8216; find a new way to move with<br \/>\nthee ever chcnging saesons<\/p>\n<p>The water flows, the tide is high<br \/>\ndon&#8217;t float or sink just drifting by<br \/>\nDancing bubbles, all around<br \/>\nthe sun is up but I&#8217;m still down<\/p>\n<p>I will stay alive<br \/>\nin your lullabay<br \/>\nI&#8217;ll stay alive<br \/>\nin your lullabay<\/p>\n","protected":false},"excerpt":{"rendered":"<p>Americk\u00fd hudobn\u00fd producent Matt Patrick spolu so slovensk\u00fdm Save the Cookie vytvotili nez\u00e1visl\u00fd Slovensko &#8211; Americk\u00fd progres\u00edvny hudobn\u00fd projekt. Na tvorbe textu skladby\u00a0 \u201eSinking\u201c sa podie\u013eal aj Martin Rausch. Text piesne It&#8217;s late at night I&#8216; driving &#8218;round watchin&#8216; the world go upside down I stop and gaze out at the sea I can fly, [&hellip;]<\/p>\n","protected":false},"author":1,"featured_media":7037,"parent":0,"menu_order":0,"comment_status":"open","ping_status":"open","template":"","meta":{"footnotes":""},"class_list":["post-121","page","type-page","status-publish","has-post-thumbnail","hentry"],"_links":{"self":[{"href":"https:\/\/martin-pyco-rausch-fans.sk\/index.php?rest_route=\/wp\/v2\/pages\/121","targetHints":{"allow":["GET"]}}],"collection":[{"href":"https:\/\/martin-pyco-rausch-fans.sk\/index.php?rest_route=\/wp\/v2\/pages"}],"about":[{"href":"https:\/\/martin-pyco-rausch-fans.sk\/index.php?rest_route=\/wp\/v2\/types\/page"}],"author":[{"embeddable":true,"href":"https:\/\/martin-pyco-rausch-fans.sk\/index.php?rest_route=\/wp\/v2\/users\/1"}],"replies":[{"embeddable":true,"href":"https:\/\/martin-pyco-rausch-fans.sk\/index.php?rest_route=%2Fwp%2Fv2%2Fcomments&post=121"}],"version-history":[{"count":3,"href":"https:\/\/martin-pyco-rausch-fans.sk\/index.php?rest_route=\/wp\/v2\/pages\/121\/revisions"}],"predecessor-version":[{"id":10439,"href":"https:\/\/martin-pyco-rausch-fans.sk\/index.php?rest_route=\/wp\/v2\/pages\/121\/revisions\/10439"}],"wp:featuredmedia":[{"embeddable":true,"href":"https:\/\/martin-pyco-rausch-fans.sk\/index.php?rest_route=\/wp\/v2\/media\/7037"}],"wp:attachment":[{"href":"https:\/\/martin-pyco-rausch-fans.sk\/index.php?rest_route=%2Fwp%2Fv2%2Fmedia&parent=121"}],"curies":[{"name":"wp","href":"https:\/\/api.w.org\/{rel}","templated":true}]}}