{"id":14,"date":"2014-10-16T21:49:05","date_gmt":"2014-10-16T19:49:05","guid":{"rendered":"http:\/\/www.martin-pyco-rausch-fans.sk\/wordpress\/?page_id=14"},"modified":"2026-04-19T18:05:12","modified_gmt":"2026-04-19T17:05:12","slug":"charitativna-praca","status":"publish","type":"page","link":"https:\/\/martin-pyco-rausch-fans.sk\/?page_id=14","title":{"rendered":"Charitat\u00edvne projekty"},"content":{"rendered":"<p>:: Od roku 2005-2013 sa Pyco venoval charitat\u00edvnemu projektu <a href=\"https:\/\/martin-pyco-rausch-fans.sk\/galeriaX\/index.php?cat=37\" target=\"_blank\" rel=\"noopener noreferrer\">AVON proti rakovine prsn\u00edka<\/a>. [<a href=\"https:\/\/martin-pyco-rausch-fans.sk\/galeria\/index.php?cat=110\" target=\"_blank\" rel=\"noopener noreferrer\">Fotky od Pyca]<\/a><\/p>\n<p>:: V posledn\u00fd m\u00e1jov\u00fd t\u00fd\u017ede\u0148 v roku 2008 exkluz\u00edvnej bratislavskej re\u0161taur\u00e1cii Alize\u00e9 sa konala <a href=\"https:\/\/martin-pyco-rausch-fans.sk\/galeriaX\/thumbnails.php?album=141\" target=\"_blank\" rel=\"noopener noreferrer\">aukcia notebookov<\/a>. K skr\u00e1\u0161leniu a zhodnoteniu t\u00fdchto v\u00fdrobkov modernej techniky svoj\u00edm v\u00fdtvarn\u00fdm umen\u00edm prispel aj Martin Pyco Rausch. Celkov\u00e1 suma za v\u0161etky &#8222;diela&#8220; sa vy\u0161plhala na 235-tisic kor\u00fan, \u010fal\u0161\u00edch sto prihodil e\u0161te gener\u00e1lny riadite\u013e spolo\u010dnosti Hewlett-Packard Peter Weber. V\u00fd\u0165a\u017eok z dra\u017eby poputoval Nad\u00e1cii pre deti Slovenska a bude pou\u017eit\u00fd na pomoc t\u00fdran\u00fdm a zneu\u017e\u00edvan\u00fdm de\u0165om. &#8222;<i>M\u00e1m bl\u00edzky vz\u0165ah k v\u00fdpo\u010dtovej technike, ale men\u0161\u00ed k v\u00fdtvarn\u00e9mu umeniu. M\u00f4j mot\u00edv by mal pripom\u00edna\u0165, komu bude v\u00fd\u0165a\u017eok ur\u010den\u00fd&#8220;,<\/i> podotkol na dra\u017ebe s \u00fasmevom Martin, ktor\u00fd na oran\u017eov\u00fd podklad nama\u013eoval ma\u010dku. \u0160\u0165astn\u00e1 dra\u017eite\u013eka ho z\u00edskala za 45-tis\u00edc kor\u00fan.<\/p>\n<p><center><a href=\"https:\/\/martin-pyco-rausch-fans.sk\/galeriaX\/thumbnails.php?album=141\" target=\"_blank\" rel=\"noopener noreferrer\"><img loading=\"lazy\" decoding=\"async\" class=\"aligncenter\" src=\"https:\/\/martin-pyco-rausch-fans.sk\/wp\/charita-notebook.jpg\" alt=\"\" width=\"452\" height=\"274\" border=\"0\" \/><\/a><\/center><br \/>\n:: Prv\u00fd apr\u00edlov\u00fd t\u00fd\u017ede\u0148 2. 4. 2009 sa uskuto\u010dnila <a href=\"https:\/\/martin-pyco-rausch-fans.sk\/galeriaX\/thumbnails.php?album=262\" target=\"_blank\" rel=\"noopener noreferrer\">charitat\u00edvna ve\u010dera<\/a>. Kde Pyco\u00a0 varil a piekol, podpore celoslovenskej zbierky na podporu autistick\u00fdch centier a rod\u00edn na Slovensku. Pred\u00e1val tam vlastn\u00e9 jedlo, konkr\u00e9tne cheesecake sladk\u00fd syrov\u00fd kol\u00e1\u010d a spanakopitu \/slan\u00fd kol\u00e1\u010d so \u0161pen\u00e1tom a syrom\/.<\/p>\n<p>:: Pyco spolu s \u010fal\u0161\u00edmi zn\u00e1mymi tv\u00e1rami zbieral podpisy na pet\u00edciu <a href=\"https:\/\/martin-pyco-rausch-fans.sk\/galeriaX\/thumbnails.php?album=377\" target=\"_blank\" rel=\"noopener noreferrer\">za zmeny v Trestnom z\u00e1kone o t\u00fdran\u00ed zvierat<\/a>, ktorou sa \u017eiadaj\u00fa pr\u00edsnej\u0161ie a najm\u00e4 nepodmiene\u010dn\u00e9 tresty pre p\u00e1chate\u013eov takejto \u010dinnosti, ako aj postihy za zhotovovanie a \u0161\u00edrenie obrazov\u00fdch a\/alebo zvukov\u00fdch z\u00e1znamov, ktor\u00e9 zachyt\u00e1vaj\u00fa trestn\u00fd \u010din t\u00fdrania zvierat.<br \/>\nMartin Pyco Rausch sa u\u017e p\u00e1r rokov anga\u017euje v ot\u00e1zkach ochrany pr\u00e1v zvierat, podporuje aktivity zdru\u017eenia Ma\u010dkySOS a ist\u00fd \u010das aj osobne pom\u00e1hal s depozitovan\u00edm ma\u010diek vo vlastnej dom\u00e1cnosti. [<a href=\"https:\/\/martin-pyco-rausch-fans.sk\/galeriaX\/index.php?cat=119\" target=\"_blank\" rel=\"noopener noreferrer\">Photo Gallery<\/a>]<br \/>\nFotky z krstu kalend\u00e1ra OZ Ma\u010dkySOS [album z roku <a href=\"https:\/\/martin-pyco-rausch-fans.sk\/galeriaX\/thumbnails.php?album=632\" target=\"_blank\" rel=\"noopener noreferrer\">2012<\/a>, <a href=\"https:\/\/martin-pyco-rausch-fans.sk\/galeria\/thumbnails.php?album=669\" target=\"_blank\" rel=\"noopener noreferrer\">2014<\/a>, <a href=\"https:\/\/martin-pyco-rausch-fans.sk\/galeriaX\/thumbnails.php?album=953\" target=\"_blank\" rel=\"noopener noreferrer\">2017<\/a>].<\/p>\n<p>:: 15. decembra 2009 sa Pyco zapojil po\u010das charitat\u00edvneho ve\u010dera do <a href=\"https:\/\/martin-pyco-rausch-fans.sk\/galeriaX\/thumbnails.php?album=386\" target=\"_blank\" rel=\"noopener noreferrer\">rozpr\u00e1vkov\u00e9ho pe\u010denia<\/a> na podporu zbierok Unicef v bratislavskom obchodnom dome IKEA.<br \/>\n<i>Pyco: \u201eZauj\u00edmalo ma, \u010do chc\u00fa n\u00e1js\u0165 pod strom\u010dekom. Zistil som, \u017ee fi\u010dia dar\u010deky ako gl\u00f3bus, lak na nechty a r\u00f4zne hra\u010dky, ktor\u00e9 som pod\u013ea n\u00e1zvu ani nevedel identifikova\u0165,\u201c Piec\u0165 teoreticky viem, pod\u013ea receptu. Ale ja pe\u010den\u00e9 a roben\u00e9 sladkosti ve\u013emi nemus\u00edm. Ochutn\u00e1m, ale nevyr\u00e1bam ich, len pr\u00edle\u017eitostne. Mame v\u0161ak s niektor\u00fdmi vecami pom\u00e1ham. Zdobenie medovn\u00edkov je napr\u00edklad na\u0161a celorodinn\u00e1 trad\u00edcia.\u201c<\/i><br \/>\nPo \u00faspe\u0161nom 1. ro\u010dn\u00edku rozpr\u00e1vkov\u00e9ho pe\u010denia Pyco pris\u013e\u00fabili \u00fa\u010das\u0165 aj v roku <a href=\"https:\/\/martin-pyco-rausch-fans.sk\/galeriaX\/thumbnails.php?album=489\" target=\"_blank\" rel=\"noopener noreferrer\">2010<\/a>, <a href=\"https:\/\/martin-pyco-rausch-fans.sk\/galeriaX\/thumbnails.php?album=560\" target=\"_blank\" rel=\"noopener noreferrer\">2011<\/a>, <a href=\"https:\/\/martin-pyco-rausch-fans.sk\/galeriaX\/thumbnails.php?album=626\" target=\"_blank\" rel=\"noopener noreferrer\">2012<\/a>, <a href=\"https:\/\/martin-pyco-rausch-fans.sk\/galeriaX\/thumbnails.php?album=670\" target=\"_blank\" rel=\"noopener noreferrer\">2013<\/a>, <a href=\"https:\/\/martin-pyco-rausch-fans.sk\/galeriaX\/thumbnails.php?album=886\" target=\"_blank\" rel=\"noopener noreferrer\">2016<\/a>.<\/p>\n<p>:: 6. m\u00e1ja 2010 sa uskuto\u010dnila u\u017e \u0161iesta benefi\u010dn\u00e1 aukcia v prospech programov Unicef, ktorou pomohli eliminova\u0165 jednu zo \u0161iestich smrte\u013en\u00fdch detsk\u00fdch chor\u00f4b &#8211; tetanus. Na podujat\u00ed sa z\u00fa\u010dastnil aj Pyco.<\/p>\n<p>:: Pyco v novembri 2010 nato\u010dil <a href=\"https:\/\/martin-pyco-rausch-fans.sk\/galeriaX\/thumbnails.php?album=485\" target=\"_blank\" rel=\"noopener noreferrer\">charitat\u00edvny spot<\/a>\u00a0pre pomoc de\u0165om a osob\u00e1m s autizmom. Pre \u013eud\u00ed, ktor\u00fdm tie\u017e nie je osud det\u00ed s autizmom \u013eahostajn\u00fd, je ur\u010den\u00fd projekt <a href=\"http:\/\/www.f84.sk\/\" target=\"_blank\" rel=\"noopener noreferrer\">Klub darcovF84<\/a>.<\/p>\n<p>:: 5-12 j\u00fana 2011 sa uskuto\u010dnila <a href=\"https:\/\/martin-pyco-rausch-fans.sk\/galeriaX\/thumbnails.php?album=512\" target=\"_blank\" rel=\"noopener noreferrer\">dra\u017eba v prospech Ma\u010dkySOS a Z\u00e1chrann\u00fd Kor\u00e1b<\/a>.  [<a href=\"https:\/\/martin-pyco-rausch-fans.sk\/galeriaX\/thumbnails.php?album=521\" target=\"_blank\" rel=\"noopener noreferrer\">Fotky od Pyca]<\/a><br \/>\nDra\u017eili sa dve ve\u010dere&#8230; Samotn\u00e1 aukcia prebiehala v\u00fdhradne prostredn\u00edctvom Facebooku. V\u00fd\u0165a\u017eok aukcie, ktor\u00fd sa vy\u0161plhal na viac ako 700 eur, poputuje na konto organiz\u00e1ci\u00ed Ma\u010dkySOS a Z\u00e1chrann\u00fd kor\u00e1b a pom\u00f4\u017ee im v z\u00e1slu\u017enej pr\u00e1ci, v zachra\u0148ovan\u00ed zvierat z ulice.<br \/>\nVe\u010deru varil Pyco v Erd\u00f6dyho Pal\u00e1ci v Bratislave s pomocou \u0161efkuch\u00e1ra Martina Korbeli\u010da. Poukaz z\u00edskal dra\u017eite\u013e ktor\u00fd do uz\u00e1vierky pon\u00fakol najvy\u0161\u0161iu sumu a z\u00e1rove\u0148 dra\u017eite\u013e ktor\u00fd pon\u00fakol druh\u00fa najvy\u0161\u0161iu sumu.<br \/>\n<i>\u201eSom ve\u013emi milo prekvapen\u00fd, ko\u013eko \u013eud\u00ed sa zapojilo, ak\u00fdm sp\u00f4sobom a ak\u00e1 je t\u00e1 v\u00fdsledn\u00e1 suma,<\/i>&#8220; hodnot\u00ed jej priebeh Pyco.<br \/>\nMenu pozost\u00e1valo z troch chodov: \u0161parg\u013eov\u00e1 polievka s \u00faden\u00fdm \u00fahorom a \u0161o\u0161ovi\u010dn\u00fdmi plackami, halibot tramezzini s v\u00ednovou om\u00e1\u010dkou a \u010dokol\u00e1dov\u00fd fondant s citrusov\u00fdm ovoc\u00edm a sorbetom.<br \/>\n<i>\u201eS\u00fa to veci, ktor\u00e9 s\u00fa vymyslen\u00e9, poch\u00e1dzaj\u00fa z n\u00e1\u0161ho menu, ale s\u00fa trochu pozmenen\u00e9,&#8220;<\/i> vysvet\u013eoval p\u00f4vod menu Martin Korbeli\u010d.<\/p>\n<p>:: 21. j\u00fala 2011 sa Pyco stal ofici\u00e1lne nov\u00fdm <a href=\"https:\/\/martin-pyco-rausch-fans.sk\/galeriaX\/thumbnails.php?album=616\" target=\"_blank\" rel=\"noopener noreferrer\">ambas\u00e1dorom<\/a> pre Unicef. Spolu s Kamilou Mag\u00e1lovou a Stanislavom \u0160tepkom bojuje za pr\u00e1va det\u00ed a podporuje aktivity Detsk\u00e9ho fondu Unicef na pomoc de\u0165om. Pre Martina Pyca Rauscha nie je podpora <a href=\"https:\/\/martin-pyco-rausch-fans.sk\/galeriaX\/thumbnails.php?album=531\" target=\"_blank\" rel=\"noopener noreferrer\">UNICEF na Slovensku<\/a> \u017eiadnou novinkou, preto\u017ee ako s\u00e1m povedal, \u201e<i>u\u017e dlh\u0161ie s nad\u0161en\u00edm sledujem u\u017eito\u010dn\u00fa pr\u00e1cu Unicef na Slovensku a vo svete. Som r\u00e1d, ak dost\u00e1va pomocn\u00fa ruku ten, kto si \u017eia\u013e s\u00e1m pom\u00f4c\u0165 nedok\u00e1\u017ee, a je mi c\u0165ou, \u017ee ako Vyslanec dobrej v\u00f4le m\u00f4\u017eem tie\u017e pom\u00e1ha\u0165 zachra\u0148ova\u0165 \u017eivoty det\u00ed.&#8220; <\/i><br \/>\nKa\u017ed\u00fd rok v m\u00e1ji organizuje Unicef Slovensko verejn\u00fa zbierku <span style=\"text-decoration: underline;\">T\u00fd\u017ede\u0148 modr\u00e9ho gomb\u00edka<\/span>. T\u00fd\u017ede\u0148 modr\u00e9ho gomb\u00edka nie len zbierka do pokladni\u010diek, ale aj osveta. Dobrovo\u013en\u00edci na celom Slovensku za pr\u00edspevok \u010fakuj\u00fa aj Modr\u00fdm gob\u00edkom \u2013 symbolom zbierky. Nositelia tohto symbolu zemegule, detstva a sp\u00e1jania sa t\u00fdm d\u00e1vaj\u00fa najavo, \u017ee im z\u00e1le\u017e\u00ed na de\u0165och a podmienkach, v ktor\u00fdch \u017eij\u00fa.\u00a0[album z roku <a href=\"https:\/\/martin-pyco-rausch-fans.sk\/galeria\/thumbnails.php?album=586\" target=\"_blank\" rel=\"noopener noreferrer\">2012<\/a>, <a href=\"https:\/\/martin-pyco-rausch-fans.sk\/galeriaX\/thumbnails.php?album=636\" target=\"_blank\" rel=\"noopener noreferrer\">2013<\/a>, <a href=\"https:\/\/martin-pyco-rausch-fans.sk\/galeria\/thumbnails.php?album=692\" target=\"_blank\" rel=\"noopener noreferrer\">2014<\/a>]<br \/>\n<i>\u201ePre m\u0148a to je \u010des\u0165 spolupracova\u0165 na tak\u00fdchto projektoch,\u201c <\/i>vysvetlil Pyco.<\/p>\n<p>:: V priebehu j\u00fana 2013 osobne nav\u0161t\u00edvil\u00a0 africk\u00fa <a href=\"https:\/\/martin-pyco-rausch-fans.sk\/galeriaX\/index.php?cat=159\" target=\"_blank\" rel=\"noopener noreferrer\">Ugandu<\/a>, Prijal ju s rados\u0165ou. Jeho \u00falohou bolo \u00eds\u0165 do ter\u00e9nu a zisti\u0165, \u010di peniaze naozaj dok\u00e1\u017eu ma\u0165 vo forme materi\u00e1lnej pomoci tak\u00fa ve\u013ek\u00fa hodnotu. Na vlastn\u00e9 o\u010di nesk\u00f4r vraj zistil, \u017ee moc maj\u00fa silnej\u0161iu, ako si p\u00f4vodne myslel. Ugande sa mal vynikaj\u00faco, sved\u010dia o tom aj tieto <a href=\"https:\/\/martin-pyco-rausch-fans.sk\/galeriaX\/thumbnails.php?album=637\" target=\"_blank\" rel=\"noopener noreferrer\">kr\u00e1sne z\u00e1bery<\/a>. Nav\u0161t\u00edvil \u0161tyri z\u00e1kladn\u00e9 \u0161koly a spoznal ve\u013ea pr\u00edjemn\u00fdch \u013eud\u00ed so siln\u00fdmi pr\u00edbehmi.<\/p>\n<p>:: <span style=\"text-decoration: underline;\">Dar\u010dek pre \u017eivot<\/span> je viano\u010dn\u00fd projekt Unicef Slovensko. Ide o zmyslupln\u00e9, \u017eivot meniace a zachra\u0148uj\u00face dar\u010deky. A to aj v\u010faka v\u00e1m a Dar\u010deku pre \u017eivot, ktor\u00fd m\u00f4\u017eete na Vianoce posla\u0165 de\u0165om v n\u00fadzi. Pozrite si kr\u00e1sne fotky s Pycom zo zbierky oh\u013eadom viano\u010dn\u00e9ho projektu <a href=\"https:\/\/martin-pyco-rausch-fans.sk\/galeriaX\/thumbnails.php?album=627\">Dar\u010dek pre \u017eivot 2012<\/a>.<\/p>\n<p>:: 18. j\u00fana\u00a02014 sa v Bardejove\u00a0v amfite\u00e1tri uskuto\u010dnilo stretnutie s\u00a0Pycom\u00a0a choreografom Jarom Bekrom spolu s Unicef Slovensko zagratulovali\u00a0naj\u00faspe\u0161nej\u0161ej \u0161kole v r\u00e1mci T\u00fd\u017ed\u0148a modr\u00e9ho gomb\u00edka, je to <a href=\"https:\/\/martin-pyco-rausch-fans.sk\/galeriaX\/thumbnails.php?album=704\" target=\"_blank\" rel=\"noopener noreferrer\">gymn\u00e1zium L.St\u00f6ckela v Bardejove<\/a>. Tancovalo tam a\u017e 2274 det\u00ed.<br \/>\nTane\u010dn\u00fa choreografiu, ktor\u00fa vymyslel Jaro Bekr, tancovali \u0161kol\u00e1ci na celom Slovensku ako s\u00fa\u010das\u0165 zbierky, s cie\u013eom vytancova\u0165 &#8211; vyzbiera\u0165 \u010do najviac finan\u010dn\u00fdch prostriedkov pre deti v UGANDE. V\u010faka \u0161kol\u00e1m a dobrovo\u013en\u00edkom sa\u00a0podarilo vyzbiera\u0165 33.006,93\u00a0\u20ac.<\/p>\n<p>:: P\u00e1r rokov bol moder\u00e1torom ve\u010dera aj Pyco pre TV \u0161ou <a href=\"https:\/\/martin-pyco-rausch-fans.sk\/galeriaX\/index.php?cat=118\" target=\"_blank\" rel=\"noopener noreferrer\">Hodina de\u0165om<\/a>.\u00a0\u00a0[<a href=\"https:\/\/martin-pyco-rausch-fans.sk\/galeriaX\/thumbnails.php?album=490\" target=\"_blank\" rel=\"noopener noreferrer\">Fotky od Pyca<\/a>]\u00a0\u00a0Telev\u00edzna \u0161ou je rodinn\u00fd program vysielan\u00fd ka\u017edoro\u010dne v predviano\u010dnom obdob\u00ed, v ktorom sa jedine\u010dne sp\u00e1ja kvalitn\u00e1 z\u00e1bava s pomocou de\u0165om. V\u0161etci umelci a moder\u00e1tori u\u017e tradi\u010dne \u00fa\u010dinkuj\u00fa bez n\u00e1roku na honor\u00e1r. Po\u010das priameho prenosu zaznamen\u00e1vaj\u00fa najv\u00e4\u010d\u0161\u00ed n\u00e1rast finan\u010dn\u00fdch pr\u00edspevkov na \u00fa\u010det Hodiny de\u0165om, preto\u017ee div\u00e1ci m\u00f4\u017eu posiela\u0165 SMS alebo telefonova\u0165 na pevn\u00fa linku priamo do vysielania a porozpr\u00e1va\u0165 sa s ob\u013e\u00faben\u00fdmi telefonuj\u00facimi osobnos\u0165ami.<\/p>\n<p>:: Viac ne\u017e 50 zn\u00e1mych osobnost\u00ed kult\u00farneho, spolo\u010densk\u00e9ho, verejn\u00e9ho \u017eivota zo Slovenska i \u010ciech sa 6. okt\u00f3bra 2011 stalo kuri\u00e9rom. Prv\u00fd ro\u010dn\u00edk podujatia <a href=\"https:\/\/martin-pyco-rausch-fans.sk\/galeria\/thumbnails.php?album=551\" target=\"_blank\" rel=\"noopener noreferrer\">Misia 01<\/a>\u00a0\u00a0[<a href=\"https:\/\/martin-pyco-rausch-fans.sk\/galeriaX\/thumbnails.php?album=556\" target=\"_blank\" rel=\"noopener noreferrer\">Foto od Pyca<\/a>]\u00a0organizuje nad\u00e1cia Pontis. V r\u00e1mci\u00a0charitat\u00edvnej akcie Misia 01 nezi\u0161tne pomohli \u013eu\u010fom s telesn\u00fdm postihnut\u00edm. Finan\u010dn\u00fd v\u00fd\u0165a\u017eok bol odovzdan\u00fd bratislavsk\u00e9mu Domovu soci\u00e1lnych slu\u017eieb na Sib\u00edrskej ulici, ktor\u00fd je do\u010dasn\u00fdm domovom pre \u013eud\u00ed trpiacich viacn\u00e1sobn\u00fdm zdravotn\u00fdm postihnut\u00edm. Okt\u00f3brov\u00e1 MISIA 01 prispel k tomu, aby \u017eivot \u013eud\u00ed s telesn\u00fdm postihnut\u00edm bol kraj\u0161\u00ed. K naplneniu tohto cie\u013ea sa pridal aj Pyco.<\/p>\n<p>:: Pyco sa pred Valent\u00ednom rozhodol pom\u00e1ha\u0165 cez port\u00e1l ludialudom.sk. Na tejto str\u00e1nke sa mohol vydra\u017ei\u0165 valet\u00ednsky dar\u010dek a to don\u00e1\u0161ku kvetov priamo Martinom Pycom Rauschom ako kuri\u00e9rom. <a href=\"https:\/\/martin-pyco-rausch-fans.sk\/galeriaX\/thumbnails.php?album=677\" target=\"_blank\" rel=\"noopener noreferrer\">Pycove osobn\u00e9 doru\u010denie valent\u00ednskej kytice<\/a>, ktor\u00e1 bola vydra\u017een\u00e1 za 600 \u20ac, tie poputovali na lie\u010dbu mal\u00e9ho Martinka Deglovi\u010da. Vzh\u013eadom na \u00faspe\u0161n\u00fa dra\u017ebu Pyco valent\u00ednsku kyticu donesol aj s bonusov\u00fdm dar\u010dekom.<\/p>\n<p>:: Pyco op\u00e4\u0165 pomohol s Dra\u017ebou vyzbiera\u0165 penia\u017eky na lie\u010dbu Martinka Deglovi\u010da. Do e-aukcie v adventnom kalend\u00e1ri na port\u00e1li \u013dudia\u013du\u010fom.sk sa rozhodol exkluz\u00edvne venova\u0165 pln\u00fa d\u00f3zu <a href=\"https:\/\/martin-pyco-rausch-fans.sk\/galeriaX\/thumbnails.php?album=714\" target=\"_blank\" rel=\"noopener noreferrer\">vlastnoru\u010dne upe\u010den\u00fdch medovn\u00edkov<\/a>, ku ktor\u00fdm pridal aj podp\u00edsan\u00fa nov\u00fa kuch\u00e1rsku knihu.<\/p>\n<p><center><img loading=\"lazy\" decoding=\"async\" class=\"aligncenter\" src=\"https:\/\/martin-pyco-rausch-fans.sk\/wp\/medovniky.jpg\" alt=\"\" width=\"456\" height=\"456\" border=\"0\" \/><\/center><br \/>\n:: V roku 2014 sa uskuto\u010dnil u\u017e\u00a019. ro\u010dn\u00edk benefi\u010dn\u00e9ho podujatia <a href=\"https:\/\/martin-pyco-rausch-fans.sk\/galeriaX\/thumbnails.php?album=715\" target=\"_blank\" rel=\"noopener noreferrer\">Charit\u00e1nia<\/a>\u00a0 [<a href=\"https:\/\/martin-pyco-rausch-fans.sk\/galeria\/thumbnails.php?album=768\" target=\"_blank\" rel=\"noopener noreferrer\">Foto od Pyca<\/a>] v Divadelnej s\u00e1le OKC v Ro\u017e\u0148ave, ktor\u00fd\u00a0bol ka\u017edop\u00e1dne ako po minul\u00e9 roky venovan\u00fd ment\u00e1lne postihnut\u00fdm de\u0165om a de\u0165om z\u00a0detsk\u00fdch domovov z\u00a0Ko\u0161ick\u00e9ho, ale aj Banskobystrick\u00e9ho kraja.\u00a0Podujatie do Ro\u017e\u0148avy pri\u0161lo podpori\u0165 viacero zn\u00e1mych tv\u00e1r\u00ed dom\u00e1cej hudobnej sc\u00e9ny.\u00a0Bohat\u00fd kult\u00farny program moderoval Martin Pyco Rausch.<\/p>\n<p>:: Pyco nafotil \u00a0s \u010fal\u0161\u00edmi zn\u00e1mymi\u00a0 tv\u00e1rami\u00a0<a href=\"https:\/\/martin-pyco-rausch-fans.sk\/galeriaX\/thumbnails.php?album=753\" target=\"_blank\" rel=\"noopener noreferrer\">kalend\u00e1r\u00a0na rok 2016 pre \u00datulok Skalica<\/a>. [<a href=\"https:\/\/martin-pyco-rausch-fans.sk\/galeria\/thumbnails.php?album=754\" target=\"_blank\" rel=\"noopener noreferrer\">Fotky od Pyca<\/a>] \u00a0V\u00fd\u0165a\u017eok z\u00a0predaja poputoval na konto skalick\u00e9ho \u00fatulku, na pomoc a\u00a0skvalitnenie \u017eivota jeho \u0161tvornoh\u00fdch obyvate\u013eov.<\/p>\n<p>:: Neziskov\u00e1 organiz\u00e1cia Depaul Slovensko, ktor\u00e1 pom\u00e1ha \u013eu\u010fom bez domova a poskytuje im pr\u00edstre\u0161ok a stravu, spolu s reklamnou agent\u00farou Elite Solutions vytvorila fotomont\u00e1\u017ee zn\u00e1mych slovensk\u00fdch osobnost\u00ed\u00a0ako \u013eud\u00ed bez domova. Pri tvorbe kampane si uvedomili zau\u017e\u00edvan\u00e9 predsudky \u013eud\u00ed vo\u010di bezdomovcom, \u017ee si za ich osud m\u00f4\u017eu sami. Mnoh\u00ed z nich v\u0161ak skon\u010dili na ulici kv\u00f4li chorobe, smrti bl\u00edzkych alebo s\u00fa obete podvodov. Zn\u00e1me osobnosti to pomohli odkomunikova\u0165 a posunuli posolstvo \u201a<a href=\"https:\/\/martin-pyco-rausch-fans.sk\/galeriaX\/thumbnails.php?album=818\" target=\"_blank\" rel=\"noopener noreferrer\">M\u00f4\u017ee sa to sta\u0165 komuko\u013evek<\/a>\u2018 na vy\u0161\u0161iu \u00farove\u0148. Pri \u0161\u00edren\u00ed vyu\u017eili ich rozsiahle fan\u00fa\u0161ikovsk\u00e9 z\u00e1kladne na Facebooku a vytvorili vlastn\u00fa microsite s n\u00e1vodom na darovanie dvoch percent z dan\u00ed. Zapojen\u00ed ambas\u00e1dori, Pyco, Sajfa, Majk Spirit, Marcel Forg\u00e1\u010d, spev\u00e1\u010dka Tina ..<\/p>\n<p>:: V roku 2016 Pyco vydal nov\u00fa knihu <a href=\"https:\/\/martin-pyco-rausch-fans.sk\/galeriaX\/thumbnails.php?album=890\" target=\"_blank\" rel=\"noopener noreferrer\">Moje jedlo 3<\/a>\u00a0\u00a0a k nej par\u00e1dne tri\u010dk\u00e1. <a title=\"album 2\" href=\"https:\/\/martin-pyco-rausch-fans.sk\/galeriaX\/thumbnails.php?album=889\" target=\"_blank\" rel=\"noopener noreferrer\">Moje jedlo 3<\/a> pote\u0161ilo nie len chu\u0165ov\u00e9 poh\u00e1riky, no predov\u0161etk\u00fdm podporilo dobr\u00fa vec.\u00a0V\u00fd\u0165a\u017eok z predaja tri\u010diek putoval ob\u010dianskemu zdru\u017eeniu De\u0165om s rakovinou. A t\u00fdm pomohol zlep\u0161i\u0165 kliniku detskej onkol\u00f3gie v Bratislave.<\/p>\n<p>:: D\u0148a 9. \u2013 10. decembra 2017 sa v jedine\u010dnej kaviarni <a href=\"https:\/\/www.facebook.com\/mackafe.sk\/\" target=\"_blank\" rel=\"noopener noreferrer\">Ma\u010dkaf\u00e9<\/a> uskuto\u010dnila ve\u013ek\u00e1 <a href=\"https:\/\/martin-pyco-rausch-fans.sk\/galeriaX\/thumbnails.php?album=955\" target=\"_blank\" rel=\"noopener noreferrer\">viano\u010dn\u00e1 zbierka pre zvierat\u00e1 bez domova<\/a>. <a href=\"https:\/\/martin-pyco-rausch-fans.sk\/galeriaX\/thumbnails.php?album=956\" target=\"_blank\" rel=\"noopener noreferrer\">Charitat\u00edvnu akciu<\/a> podporil aj Pyco spolu s \u010fal\u0161\u00edmi zn\u00e1mymi tv\u00e1rami na ktorej vl\u00e1dla pr\u00edjemn\u00e1 viano\u010dn\u00e1 atmosf\u00e9ra. V\u010faka tejto akcii sa podarilo vyzbiera\u0165 ve\u013ek\u00e9 mno\u017estvo u\u017eito\u010dn\u00fdch darov, ktor\u00e9 pom\u00f4\u017eu zvieratk\u00e1m v n\u00fadzi a ich opatrovate\u013eom. Vyzbieran\u00e9 veci putovali do OZ Majme srdce, OZ Tul\u00e1k Sere\u010f, OZ Ma\u010dkySoS a OZ Ma\u010dacia labka.<\/p>\n<p>:: V roku 2018 Pyco, Karin Haydu, T\u00e1\u0148a Pauhofov\u00e1, Luk\u00e1\u0161 Adamec, Adnan Hamzic a mnoh\u00ed \u010fal\u0161\u00ed un\u010dikovali v klipe k piesni <a href=\"https:\/\/martin-pyco-rausch-fans.sk\/galeriaX\/thumbnails.php?album=958\" target=\"_blank\" rel=\"noopener noreferrer\">\u201eSme si rovn\u00ed\u201c od Richarda M\u00fcllera<\/a> na podporu Slovensk\u00e9ho paralympijsk\u00e9ho v\u00fdboru.  <\/p>\n","protected":false},"excerpt":{"rendered":"<p>:: Od roku 2005-2013 sa Pyco venoval charitat\u00edvnemu projektu AVON proti rakovine prsn\u00edka. [Fotky od Pyca] :: V posledn\u00fd m\u00e1jov\u00fd t\u00fd\u017ede\u0148 v roku 2008 exkluz\u00edvnej bratislavskej re\u0161taur\u00e1cii Alize\u00e9 sa konala aukcia notebookov. K skr\u00e1\u0161leniu a zhodnoteniu t\u00fdchto v\u00fdrobkov modernej techniky svoj\u00edm v\u00fdtvarn\u00fdm umen\u00edm prispel aj Martin Pyco Rausch. Celkov\u00e1 suma za v\u0161etky &#8222;diela&#8220; sa vy\u0161plhala [&hellip;]<\/p>\n","protected":false},"author":1,"featured_media":7047,"parent":0,"menu_order":0,"comment_status":"open","ping_status":"open","template":"","meta":{"footnotes":""},"class_list":["post-14","page","type-page","status-publish","has-post-thumbnail","hentry"],"_links":{"self":[{"href":"https:\/\/martin-pyco-rausch-fans.sk\/index.php?rest_route=\/wp\/v2\/pages\/14","targetHints":{"allow":["GET"]}}],"collection":[{"href":"https:\/\/martin-pyco-rausch-fans.sk\/index.php?rest_route=\/wp\/v2\/pages"}],"about":[{"href":"https:\/\/martin-pyco-rausch-fans.sk\/index.php?rest_route=\/wp\/v2\/types\/page"}],"author":[{"embeddable":true,"href":"https:\/\/martin-pyco-rausch-fans.sk\/index.php?rest_route=\/wp\/v2\/users\/1"}],"replies":[{"embeddable":true,"href":"https:\/\/martin-pyco-rausch-fans.sk\/index.php?rest_route=%2Fwp%2Fv2%2Fcomments&post=14"}],"version-history":[{"count":70,"href":"https:\/\/martin-pyco-rausch-fans.sk\/index.php?rest_route=\/wp\/v2\/pages\/14\/revisions"}],"predecessor-version":[{"id":15825,"href":"https:\/\/martin-pyco-rausch-fans.sk\/index.php?rest_route=\/wp\/v2\/pages\/14\/revisions\/15825"}],"wp:featuredmedia":[{"embeddable":true,"href":"https:\/\/martin-pyco-rausch-fans.sk\/index.php?rest_route=\/wp\/v2\/media\/7047"}],"wp:attachment":[{"href":"https:\/\/martin-pyco-rausch-fans.sk\/index.php?rest_route=%2Fwp%2Fv2%2Fmedia&parent=14"}],"curies":[{"name":"wp","href":"https:\/\/api.w.org\/{rel}","templated":true}]}}