{"id":14159,"date":"2024-06-30T17:48:43","date_gmt":"2024-06-30T16:48:43","guid":{"rendered":"http:\/\/martin-pyco-rausch-fans.sk\/?page_id=14159"},"modified":"2024-06-30T17:48:43","modified_gmt":"2024-06-30T16:48:43","slug":"rozhovor-pre-mestsku-televiziu-trnava-relacia-medzi-riadkami","status":"publish","type":"page","link":"https:\/\/martin-pyco-rausch-fans.sk\/?page_id=14159","title":{"rendered":"Rozhovor pre Mestsk\u00fa Telev\u00edziu Trnava | Rel\u00e1cia Medzi riadkami"},"content":{"rendered":"<p><div class = \"alert alert-info \">Zdroj:\u00a0<a title=\"mtt.sk\/up\/medzi-riadkami\" href=\"http:\/\/www.mtt.sk\/up\/medzi-riadkami\/Medzi-riadkami-02-01-2017\" target=\"_blank\" rel=\"noopener noreferrer\">mtt.sk\/up\/medzi-riadkami<\/a><br \/>\nD\u00e1tum:\u00a0 26. december\u00a0<time class=\"entry-date published\" datetime=\"2014-11-04T22:46:58+00:00\">2016 <\/div><\/time><\/p>\n<p>&nbsp;<\/p>\n<p><center><iframe loading=\"lazy\" width=\"560\" height=\"315\" src=\"https:\/\/www.youtube.com\/embed\/BNTAhhZIxO0?si=xLSMspDsab2CsQA3\" title=\"YouTube video player\" frameborder=\"0\" allow=\"accelerometer; autoplay; clipboard-write; encrypted-media; gyroscope; picture-in-picture; web-share\" referrerpolicy=\"strict-origin-when-cross-origin\" allowfullscreen><\/iframe><\/center><\/p>\n","protected":false},"excerpt":{"rendered":"<p>&nbsp;<\/p>\n","protected":false},"author":1,"featured_media":0,"parent":0,"menu_order":0,"comment_status":"closed","ping_status":"closed","template":"","meta":{"footnotes":""},"class_list":["post-14159","page","type-page","status-publish","hentry"],"_links":{"self":[{"href":"https:\/\/martin-pyco-rausch-fans.sk\/index.php?rest_route=\/wp\/v2\/pages\/14159","targetHints":{"allow":["GET"]}}],"collection":[{"href":"https:\/\/martin-pyco-rausch-fans.sk\/index.php?rest_route=\/wp\/v2\/pages"}],"about":[{"href":"https:\/\/martin-pyco-rausch-fans.sk\/index.php?rest_route=\/wp\/v2\/types\/page"}],"author":[{"embeddable":true,"href":"https:\/\/martin-pyco-rausch-fans.sk\/index.php?rest_route=\/wp\/v2\/users\/1"}],"replies":[{"embeddable":true,"href":"https:\/\/martin-pyco-rausch-fans.sk\/index.php?rest_route=%2Fwp%2Fv2%2Fcomments&post=14159"}],"version-history":[{"count":3,"href":"https:\/\/martin-pyco-rausch-fans.sk\/index.php?rest_route=\/wp\/v2\/pages\/14159\/revisions"}],"predecessor-version":[{"id":14162,"href":"https:\/\/martin-pyco-rausch-fans.sk\/index.php?rest_route=\/wp\/v2\/pages\/14159\/revisions\/14162"}],"wp:attachment":[{"href":"https:\/\/martin-pyco-rausch-fans.sk\/index.php?rest_route=%2Fwp%2Fv2%2Fmedia&parent=14159"}],"curies":[{"name":"wp","href":"https:\/\/api.w.org\/{rel}","templated":true}]}}