{"id":14297,"date":"2024-07-15T17:46:18","date_gmt":"2024-07-15T16:46:18","guid":{"rendered":"http:\/\/martin-pyco-rausch-fans.sk\/?page_id=14297"},"modified":"2026-04-19T17:16:52","modified_gmt":"2026-04-19T16:16:52","slug":"spoluprace","status":"publish","type":"page","link":"https:\/\/martin-pyco-rausch-fans.sk\/?page_id=14297","title":{"rendered":"SPOLUPR\u00c1CE"},"content":{"rendered":"<p><em>&#x1f481;&#x1f3fb;\u200d\u2642\ufe0f ve\u013ekono\u010dn\u00e1 in\u0161pir\u00e1cia pre v\u00e1s! &#x1f423;<br \/>\n&#x1f36b; <a title=\"facebook.com\/ORION\" href=\"https:\/\/www.facebook.com\/ORION\" target=\"_blank\" rel=\"noopener noreferrer\"> ORION \u010cokol\u00e1da<\/a>   ma vyzvala aby som sa tradi\u010dne-netradi\u010dne pozrel na ve\u013ekono\u010dn\u00e9 sladkosti a vznikli z toho &#x1f407; #MandloveSuhajdy !<br \/>\nBez masla, bez mlieka (ke\u010f chcete, aj lik\u00e9r vynechajte) ale \u010dokol\u00e1dou rozhodne ne\u0161etrite! &#x1f61c;<br \/>\nRecept n\u00e1jdete ni\u017e\u0161ie. Pekn\u00e9, najm\u00e4 pokojn\u00e9 a zdrav\u00e9 sviatky v\u00e1m v\u0161etk\u00fdm! \u2600\ufe0f&#x1f430;&#x1f33f;<\/p>\n<p>#spolupraca #orioncokolada #velkanoc #pecenie #mojejedlo #nebudkonzervatrebasivarit<\/em><\/p>\n<p>&nbsp;<\/p>\n<div class=\"row \"><div class=\"col-lg-6 col-md-12 col-xs-12 col-sm-12\"><\/p>\n<p><strong>:: MAND\u013dOV\u00c9 \u0160UHAJDY (s chia a tahini)<\/strong><\/p>\n<p><strong><em>pre 8 ve\u013ek\u00fdch alebo 16 mal\u00fdch \u0161uh\u00e1jd <\/strong><\/em><\/p>\n<p><strong><em>suroviny<\/em><\/strong> <\/em>:<\/p>\n<p>\u010dokol\u00e1da ORION Na varenie 200g<br \/>\ntahini (sezamov\u00e1 pasta) 120 g<br \/>\nchia semienka  10 g (1 PL)<br \/>\nmand\u013eov\u00e9 mlieko 40 g (3 PL)<br \/>\nmand\u013eov\u00fd lik\u00e9r 10 g (1 PL)<br \/>\nag\u00e1ve sirup  14 g (1 PL)<br \/>\nmandle blan\u0161\u00edrovan\u00e9  15 g<\/p>\n<p>&nbsp;<\/p>\n<p><strong><em>Postup:<\/em><\/strong><br \/>\n\u25cf Mand\u013eov\u00e9 mlieko, ag\u00e1ve sirup a lik\u00e9r (v pr\u00edpade nealko verzie vynech\u00e1me) zmie\u0161ame v hrn\u010deku. Prid\u00e1me chia semienka, d\u00f4kladne premie\u0161ame a vlo\u017e\u00edme na 45 min\u00fat do chladni\u010dky.<br \/>\n\u25cf \u010cokol\u00e1du ORION Na varenie rozpust\u00edme v n\u00e1dobe nad parou a nakoniec do nej primie\u0161ame tahini pastu. Nech\u00e1me \u010diasto\u010dne vychladn\u00fa\u0165.<br \/>\n\u25cf Papierov\u00e9 ko\u0161\u00ed\u010dky na muffiny (priemer 5 cm) napln\u00edme \u010dokol\u00e1dovou zmesou (1-1,5 PL), ktor\u00fa jemne vylejeme aj po stran\u00e1ch ko\u0161\u00ed\u010dkov. Vlo\u017e\u00edme na 20 min\u00fat do chladni\u010dky.<br \/>\n\u25cf Vychladen\u00e9 a nasiaknut\u00e9 chia semienka premie\u0161ame a spoj\u00edme s najemno postr\u00fahan\u00fdmi mand\u013eami (jednu ly\u017eicu mandl\u00ed odlo\u017e\u00edme na pos\u00fdpku).<br \/>\n\u25cf  Do stredu ko\u0161\u00ed\u010dkov s vychladenou \u010dokol\u00e1dou vlo\u017e\u00edme jednu \u010dajov\u00fa ly\u017eicu mand\u013eovej plnky. Zalejeme zvy\u0161kom roztopenej \u010dokol\u00e1dy a povrch ozdob\u00edme zvy\u0161kom mlet\u00fdch mandl\u00ed. Nech\u00e1me stuhn\u00fa\u0165 v chladni\u010dke. <\/p>\n<p><\/div><\/p>\n<p><div class=\"col-lg-6 col-md-12 col-xs-12 col-sm-12\">\n<a title=\"facebook.com\/mrpyco\" href=\"https:\/\/www.facebook.com\/photo\/?fbid=302995764532925&#038;set=p.302995764532925 target=\" target=\"_blank\" rel=\"noopener noreferrer\"><img decoding=\"async\" class=\"\" src=\"https:\/\/martin-pyco-rausch-fans.sk\/wp\/clanky6\/mandlove.suhajdy.jpg\" alt=\"\" border=\"0\" \/><\/a><\/div>\n<\/div>\n<p>&nbsp;<\/p>\n<hr \/>\n<p>&nbsp;<\/p>\n<p><em>&#x1f468;\u200d&#x1f373; \u00e1zijsk\u00e9 rezance (&#x1f449; recept ni\u017e\u0161ie <i class=\" fa fa-square-o \" style=\"color:#f7f7f7;\"><\/i>)<br \/>\n&#x1f373;do najnov\u0161ieho testu s <a title=\"facebook.com\/fabini.cz\" href=\"https:\/\/www.facebook.com\/fabini.cz\" target=\"_blank\" rel=\"noopener noreferrer\">Fabini<\/a> som vybral nerezov\u00fd LUCCA WOK s pokrievkou a som nad\u0161en\u00fd! Rovnomerne ope\u010den\u00e9 k\u00fasky zeleniny sta\u010dilo len prehadzova\u0165 namiesto mie\u0161ania, aj indukcia v\u00fdborne spolupracovala a v\u00fdsledok vid\u00edte priamo na fotografi\u00e1ch &#x1f4f8;<\/p>\n<p>#TrebaSiVarit #MrPyco #Fabini #Spolupraca<\/em><\/p>\n<p>&nbsp;<\/p>\n<div class=\"row \"><div class=\"col-lg-6 col-md-12 col-xs-12 col-sm-12\"><\/p>\n<p><b>:: \u00c1ZIJSK\u00c9 REZANCE\u00a0<\/b><\/p>\n<p><strong><em>suroviny:<\/em><\/strong><br \/>\n\u00e1zijsk\u00e9 rezance 250 g<br \/>\nsu\u0161en\u00e9 wakame riasy  2 PL<br \/>\nbejby brokolica  250 g<br \/>\ncukrov\u00fd hr\u00e1\u0161ok (struky) 120 g<br \/>\nstr\u00fa\u010diky cesnaku 2 ks<br \/>\n\u00faden\u00e9 tofu  200 g<br \/>\ns\u00f3jov\u00e1 om\u00e1\u010dka  2 PL<br \/>\nara\u0161idov\u00e9 maslo  2 PL<br \/>\nsezamov\u00fd olej  2 PL<\/p>\n<p>&nbsp;<\/p>\n<p><strong><em>Postup:<\/strong><\/em><br \/>\n&#x1f449; Vo wokovej panvici ohrejeme sezamov\u00fd olej, prid\u00e1me pl\u00e1tky cesnaku, rozobrat\u00fa brokolicu a 5 min\u00fat spolu opek\u00e1me. Potom prid\u00e1me pokr\u00e1jan\u00e9 tofu, hr\u00e1\u0161kov\u00e9 struky a opek\u00e1me \u010fal\u0161ie 2 min\u00faty.<br \/>\n&#x1f449; Medzit\u00fdm ponor\u00edme rezance na 5 min\u00fat do hrnca s vriacou vodou a v z\u00e1vere prid\u00e1me aj su\u0161en\u00e9 riasy. Z vody odoberieme 200 ml a obsah hrnca sced\u00edme.<br \/>\n&#x1f449; V miske vymie\u0161ame ara\u0161idov\u00e9 maslo so s\u00f3jovou om\u00e1\u010dkou, zriedime vriacou vodou (200 ml) a podlejeme obsah v panvici. Wokom nadhadzujeme tak aby sa v\u0161etky suroviny d\u00f4kladne premie\u0161ali a opiekli, na z\u00e1ver primie\u0161ame sceden\u00e9 rezance s riasami, \u010falej nevar\u00edme a pred serv\u00edrovan\u00edm nech\u00e1me e\u0161te 5 min\u00fat post\u00e1\u0165.<br \/>\n&#x1f449; Porcie z\u013eahka prelejeme s\u00f3jovou om\u00e1\u010dkou. <\/p>\n<p><\/div>\n<div class=\"col-lg-6 col-md-12 col-xs-12 col-sm-12\">\n<a title=\"facebook.com\/mrpyco\"href=\"https:\/\/www.facebook.com\/MRPYCO\/posts\/pfbid0HD6pmDutSSUDuJV5GRsvEoEFGo4UmErm2N7T8xQ4sau4v6V4LqHV53UW9e8Ffi9Gl\" target=\"_blank\" rel=\"noopener noreferrer\"><img decoding=\"async\" class=\"\" src=\"https:\/\/martin-pyco-rausch-fans.sk\/wp\/clanky9\/ar.jpg\" alt=\"\" border=\"0\" \/><\/a><\/div>\n<\/div>\n<p>&nbsp;<\/p>\n<hr \/>\n<p>&nbsp;<\/p>\n<div class=\"row \"><div class=\"col-lg-6 col-md-12 col-xs-12 col-sm-12\"><\/p>\n<p><b>:: CUKETY S \u00c1ZIJSKOU OM\u00c1\u010cKOU <\/b><\/p>\n<p><strong><em>Postup:<\/strong><\/em><br \/>\n\u25cf 2-3 men\u0161ie cukety pozd\u013a\u017ene prekrojte, \u0161achovnicovo nare\u017ete, potrite olivov\u00fdm olejom a pribli\u017ene.4 min\u00faty ope\u010dte obojstranne na panvici.<\/p>\n<p>\u25cf V panvici na ly\u017eici oleja kr\u00e1tko ope\u010dte 2 posekan\u00e9 str\u00fa\u010diky cesnaku.<\/p>\n<p>\u25cf Zmie\u0161ajte s\u00f3jov\u00fa om\u00e1\u010dku Kikkoman (2 PL) + med (2 PL) + sezamov\u00fd olej (1 PL) + \u010dili papri\u010dku a spolu pridajte k cesnaku.<\/p>\n<p>\u25cf Povarte pribli\u017ene 2 min\u00faty, zredukujte, odstavte od tepeln\u00e9ho zdroja a vr\u00e1\u0165te do panvice cukety. Nechajte ich marinova\u0165.<\/p>\n<p>\u25cf Pod\u00e1vajte tepl\u00e9 s dusenou ry\u017eou (dopl\u0148te wakame riasami), posypan\u00e9 sezamom a jarn\u00fdmi cibu\u013ekami alebo vyu\u017eite ako \u013eahk\u00fa a v\u00fdrazn\u00fa umami pr\u00edlohu k in\u00fdm jedl\u00e1m.<\/p>\n<p><\/div>\n<div class=\"col-lg-6 col-md-12 col-xs-12 col-sm-12\">\n<a title=\"dobrejedlo.pluska.sk\"href=\"https:\/\/dobrejedlo.pluska.sk\/trendy\/pycove-cukety-na-azijsky-sposob-skvele-jedlo-za-par-minut\" target=\"_blank\" rel=\"noopener noreferrer\"><img decoding=\"async\" class=\"\" src=\"https:\/\/martin-pyco-rausch-fans.sk\/wp\/moje-jedlo\/85.jpg\" alt=\"\" border=\"0\" \/><\/a><\/div>\n<\/div>\n<p>&nbsp;<\/p>\n<hr \/>\n<p>&nbsp;<\/p>\n<div class=\"row \"><div class=\"col-lg-6 col-md-12 col-xs-12 col-sm-12\"><\/p>\n<p><b>:: KIMCHI PLACKY S JARNOU CIBU\u013dKOU <\/b><\/p>\n<p><strong><em>suroviny:<\/em><\/strong><br \/>\n50 g hladkej m\u00faky<br \/>\n80 ml s\u00f3dy<br \/>\n2 ks jarnej cibu\u013eky (posekan\u00e9)<br \/>\n100 g Rodkva kimchi original<br \/>\n2 PL \u0161\u0165avy z kimchi<br \/>\n1 \u2013 2 PL repkov\u00e9ho oleja<br \/>\nSezam na posypanie<br \/>\nDip pod\u013ea chuti (ide\u00e1lne ochuten\u00e1 teriyaki om\u00e1\u010dka)<\/p>\n<p>&nbsp;<\/p>\n<p><strong><em>Postup:<\/strong><\/em><br \/>\nV mise zmie\u0161ajte hladk\u00fa m\u00faku so s\u00f3dou, pridajte posekan\u00e9 jarn\u00e9 cibu\u013eky, kimchi a \u0161\u0165avu z kimchi. Zmes nechajte p\u00e1r min\u00fat post\u00e1\u0165, aby sa chute prepojili.<\/p>\n<p>Rozohrejte panvicu, pridajte repkov\u00fd olej a rovnomerne rozotrite pripraven\u00fa zmes. Pe\u010dte, k\u00fdm sa na spodnej strane neobjavia tmav\u0161ie \u010dasti a chrumkav\u00e9 okraje<\/p>\n<p>Placku opatrne obr\u00e1\u0165te a pe\u010dte z druhej strany, k\u00fdm nebude zlatist\u00e1 a chrumkav\u00e1.<\/p>\n<p>Hotov\u00fa placku posypte sezamom, nechajte \u010diasto\u010dne vychladn\u00fa\u0165 a pod\u00e1vajte s ob\u013e\u00faben\u00fdm dipom, ide\u00e1lne s ochutenou teriyaki om\u00e1\u010dkou.<\/p>\n<p><\/div>\n<div class=\"col-lg-6 col-md-12 col-xs-12 col-sm-12\">\n<a title=\"dobrejedlo.pluska.sk\"href=\"https:\/\/dobrejedlo.pluska.sk\/trendy\/pyco-to-opat-dokazal-dokonale-placky-nie-su-len-zo-zemiakov-tento-recept-musite-vyskusat\" target=\"_blank\" rel=\"noopener noreferrer\"><img decoding=\"async\" class=\"\" src=\"https:\/\/martin-pyco-rausch-fans.sk\/wp\/moje-jedlo\/87.jpg\" alt=\"\" border=\"0\" \/><\/a><\/div>\n<\/div>\n<p>&nbsp;<\/p>\n<hr \/>\n<p>&nbsp;<\/p>\n<div class=\"row \"><div class=\"col-lg-1 col-md-12 col-xs-12 col-sm-12\"><\/p>\n<p><\/div>\n<div class=\"col-lg-8 col-md-12 col-xs-12 col-sm-12\">\n<div class=\"yourcustomclass\"><ul class=\"nav nav-tabs\" id=\"oscitas-tabs-0\"><li class=\"\"><a class=\"\" href=\"#pane-0-0\" data-toggle=\"tab\">NAVIGA\u010cN\u00c9 MENU<\/a><\/li><li class=\"\"><a class=\"\" href=\"#pane-0-1\" data-toggle=\"tab\">e-shop<\/a><\/li><\/ul><div class=\"tab-content\"><div class=\"tab-pane \" id=\"pane-0-0\"><a title=\"Recepty z MOJE JEDLO a MOJE JEDLO 2\" href=\"https:\/\/www.martin-pyco-rausch-fans.sk\/?page_id=4090\">Recepty z MOJE JEDLO a MOJE JEDLO 2\u00a0<\/a>\u00bb<br \/>\n<a title=\" Recepty: \u0160TYRI RO\u010cN\u00c9 OBDOBIA - MOJE JEDLO 3\" href=\"https:\/\/www.martin-pyco-rausch-fans.sk\/?page_id=7808\">Recepty: \u0160TYRI RO\u010cN\u00c9 OBDOBIA &#8211; MOJE JEDLO 3<\/a>\u00a0\u00bb<br \/>\n<a title=\"Recepty z TREBA SI VARI\u0164\"<a href=\"https:\/\/martin-pyco-rausch-fans.sk\/?page_id=14305\">Recepty: TREBA SI VARI\u0164<\/a>\u00a0\u00bb<br \/>\n<a title=\"Recepty\" href=\" https:\/\/martin-pyco-rausch-fans.sk\/?page_id=15704\">RECEPTY<\/a>\u00a0\u00bb<br \/>\n<a title=\"In\u00e9\" href=\"https:\/\/www.martin-pyco-rausch-fans.sk\/?page_id=4081\">In\u00e9\u00a0<\/a>\u00bb<br \/>\n<a title=\"Va\u0161e jedlo\" href=\"https:\/\/www.martin-pyco-rausch-fans.sk\/?page_id=4179\">Va\u0161e jedlo<\/a>\u00a0\u00bb<br \/>\n<a title=\"Moje Jedlo\" href=\"https:\/\/www.martin-pyco-rausch-fans.sk\/?page_id=4094\">MOJE JEDLO<\/a>\u00a0\u00bb<br \/>\n<a title=\"Moje jedlo 2\" href=\"https:\/\/www.martin-pyco-rausch-fans.sk\/?page_id=4113\">MOJE JEDLO 2<\/a> \u00bb<br \/>\n<a title=\"\u0160tyri ro\u010dn\u00e9 obdobia - Moje jedlo 3\" href=\"https:\/\/www.martin-pyco-rausch-fans.sk\/?page_id=7808\">\u0160TYRI RO\u010cN\u00c9 OBDOBIA &#8211; MOJE JEDLO 3<\/a>\u00a0\u00bb<br \/>\n<a title=\"Treba si vari\u0165\" href=\"https:\/\/martin-pyco-rausch-fans.sk\/?page_id=15200\">TREBA SI VARI\u0164<\/a>\u00a0\u00bb<br \/>\n<a title=\"Spolupr\u00e1ce\"<a href=\" https:\/\/martin-pyco-rausch-fans.sk\/?page_id=14297\">SPOLUPR\u00c1CE<\/a>\u00a0\u00bb<br \/>\n<a href=\"https:\/\/www.martin-pyco-rausch-fans.sk\/?page_id=4052\">Sp\u00e4\u0165 na \u00favod podstr\u00e1nky<\/a>\u00a0\u00bb<\/div><div class=\"tab-pane \" id=\"pane-0-1\"><\/p>\n<p><a href=\"https:\/\/www.bux.sk\/knihy\/729699-treba-si-varit-kniha-s-podpisom.html\" target=\"_blank\">http:\/\/<\/a>Bux.sk<br \/>\n<a href=\"https:\/\/www.rosier.cz\/polozka\/martin-pyco-rausch-treba-si-varit-s-podpisem-autora\" target=\"_blank\">http:\/\/<\/a>Rosier.cz<br \/>\n<a href=\"http:\/\/www.martinus.sk\/knihy\/autor\/Martin-Pyco-Rausch\/\" target=\"_blank\">http:\/\/<\/a>Martinus.sk<br \/>\n<a href=\"http:\/\/www.martinus.cz\/knihy\/autor\/Martin-Pyco-Rausch\/\" target=\"_blank\">http:\/\/<\/a>Martinus.cz<\/p>\n<p><\/div><\/div><\/div>\n<\/div>\n<\/div>\n","protected":false},"excerpt":{"rendered":"<p>&#x1f481;&#x1f3fb;\u200d\u2642\ufe0f ve\u013ekono\u010dn\u00e1 in\u0161pir\u00e1cia pre v\u00e1s! &#x1f423; &#x1f36b; ORION \u010cokol\u00e1da ma vyzvala aby som sa tradi\u010dne-netradi\u010dne pozrel na ve\u013ekono\u010dn\u00e9 sladkosti a vznikli z toho &#x1f407; #MandloveSuhajdy ! Bez masla, bez mlieka (ke\u010f chcete, aj lik\u00e9r vynechajte) ale \u010dokol\u00e1dou rozhodne ne\u0161etrite! &#x1f61c; Recept n\u00e1jdete ni\u017e\u0161ie. Pekn\u00e9, najm\u00e4 pokojn\u00e9 a zdrav\u00e9 sviatky v\u00e1m v\u0161etk\u00fdm! \u2600\ufe0f&#x1f430;&#x1f33f; #spolupraca #orioncokolada #velkanoc [&hellip;]<\/p>\n","protected":false},"author":1,"featured_media":0,"parent":0,"menu_order":0,"comment_status":"closed","ping_status":"closed","template":"","meta":{"footnotes":""},"class_list":["post-14297","page","type-page","status-publish","hentry"],"_links":{"self":[{"href":"https:\/\/martin-pyco-rausch-fans.sk\/index.php?rest_route=\/wp\/v2\/pages\/14297","targetHints":{"allow":["GET"]}}],"collection":[{"href":"https:\/\/martin-pyco-rausch-fans.sk\/index.php?rest_route=\/wp\/v2\/pages"}],"about":[{"href":"https:\/\/martin-pyco-rausch-fans.sk\/index.php?rest_route=\/wp\/v2\/types\/page"}],"author":[{"embeddable":true,"href":"https:\/\/martin-pyco-rausch-fans.sk\/index.php?rest_route=\/wp\/v2\/users\/1"}],"replies":[{"embeddable":true,"href":"https:\/\/martin-pyco-rausch-fans.sk\/index.php?rest_route=%2Fwp%2Fv2%2Fcomments&post=14297"}],"version-history":[{"count":25,"href":"https:\/\/martin-pyco-rausch-fans.sk\/index.php?rest_route=\/wp\/v2\/pages\/14297\/revisions"}],"predecessor-version":[{"id":15808,"href":"https:\/\/martin-pyco-rausch-fans.sk\/index.php?rest_route=\/wp\/v2\/pages\/14297\/revisions\/15808"}],"wp:attachment":[{"href":"https:\/\/martin-pyco-rausch-fans.sk\/index.php?rest_route=%2Fwp%2Fv2%2Fmedia&parent=14297"}],"curies":[{"name":"wp","href":"https:\/\/api.w.org\/{rel}","templated":true}]}}