{"id":15200,"date":"2025-06-21T13:32:59","date_gmt":"2025-06-21T12:32:59","guid":{"rendered":"http:\/\/martin-pyco-rausch-fans.sk\/?page_id=15200"},"modified":"2026-04-19T16:57:32","modified_gmt":"2026-04-19T15:57:32","slug":"treba-si-varit","status":"publish","type":"page","link":"https:\/\/martin-pyco-rausch-fans.sk\/?page_id=15200","title":{"rendered":"TREBA SI VARI\u0164"},"content":{"rendered":"<div class=\"row \"><div class=\"col-lg-9 col-md-12 col-xs-12 col-sm-12\"><\/p>\n<p>Ka\u017ed\u00e1 zo \u0161tyroch kn\u00edh m\u00e1 celkom in\u00fd pr\u00edbeh aj d\u00f4vod vzniku. Prvotina Moje jedlo bola snahou podeli\u0165 sa o ob\u013e\u00faben\u00e9 recepty s publikom presahuj\u00facim okruh rodiny a priate\u013eov. Zistil, \u017ee ho okrem varenia a tvorby receptov zauj\u00edma aj fotografia a videoprodukcia, vznikol teda druh\u00fd diel. V tretej knihe sa pok\u00fasil da\u0165 n\u00e1vody, ako sa stravova\u0165 v \u0161tyroch ro\u010dn\u00fdch obdobiach, a prizval si ako odborn\u00e9ho garanta aj jeho in\u0161pir\u00e1ciu Silviu Horeck\u00fa. Zatia\u013e ostatn\u00e1 kniha Treba si vari\u0165 je zase zbierkou naj\u00faspe\u0161nej\u0161\u00edch videoreceptov, ktor\u00e9 7 rokov publikoval na soci\u00e1lnych sie\u0165ach.<\/p>\n<p>Po svojej mimoriadne \u00faspe\u0161nej tril\u00f3gii <strong>Moje jedlo<\/strong> vydal svoju, v porad\u00ed u\u017e <strong>\u0161tvrt\u00fa, kuch\u00e1rsku knihu<\/strong>. Od vydania poslednej pre\u00ad\u0161lo sedem rokov a u\u017e si ani nemyslel, \u017ee sa pust\u00ed do \u010fal\u0161ej. V tom obdob\u00ed nat\u00e1\u010dal ve\u013ea vide\u00ed na soci\u00e1lne siete a toto je vydanie, v ktorom s\u00fa v\u0161etky naj\u00faspe\u0161nej\u0161ie videorecepty. \u010ci\u017ee tentoraz nerobil recepty pre knihu, ale kniha vznikla z videoreceptov. A jeho recepty na soci\u00e1lnych sie\u0165ach z\u00edskali viac ako stotis\u00edc sledovate\u013eov.<\/p>\n<p>Kniha <strong>Treba si vari\u0165<\/strong> je nabit\u00e1 najob\u013e\u00fabenej\u0161\u00edmi receptami poctivo si ich ukladal, vylep\u0161oval pod\u013ea koment\u00e1rov svojich followerov a op\u00e4\u0165 nezab\u00fadal ani na kr\u00e1sne a l\u00e1kav\u00e9 fotografie a nech\u00fdbaj\u00fa odborn\u00e9 pozn\u00e1mky Silvie Horeckej, autorky konceptu <a href=\"https:\/\/www.facebook.com\/terapiajedlom\/\" target=\"_blank\" rel=\"noopener noreferrer\">Terapia jedlom<\/a>, ktor\u00e1 pridala dobr\u00e9 tipy k niektor\u00fdm receptom o ich nutri\u010dnej hodnote, surovin\u00e1ch, \u010di ich kombin\u00e1cii. <\/p>\n<p>Pyco vytvoril bohat\u00fa knihu, ktor\u00e1 je rozdelen\u00e1 na jednotliv\u00e9 typy jed\u00e1l, polievky, dezerty, r\u00f4zne sladkosti a drobnosti. Prin\u00e1\u0161a modern\u00e9 recepty, ale i recepty tradi\u010dn\u00e9, ktor\u00fdm dal autor modern\u00fd n\u00e1dych (k\u00f4provka, fazu\u013eovica, zemiakov\u00e1 cesna\u010dka, zapekan\u00fd karfiol, marhu\u013eov\u00fd kol\u00e1\u010d \u010di \u010dokol\u00e1dov\u00e1 b\u00e1bovka). S knihou si pochutn\u00e1te na gr\u00e9ckej bagete, cibu\u013eovej n\u00e1tierke, \u0161pen\u00e1tov\u00fdch kol\u00e1\u010dikoch, syrovej fazuli, \u0161o\u0161ovicovej kar\u00ed s ry\u017eou, ale aj na sladk\u00fdch poch\u00fa\u0165kach, ak\u00fdmi s\u00fa figov\u00fd crumble alebo cuketov\u00e9 cookies.<\/p>\n<p>V knihe s\u00fa \u00fa\u017easn\u00e9 fotografie, do ktor\u00fdch by ste sa najrad\u0161ej zahryzli. V\u0161etko si nafotil s\u00e1m Pyco a uvid\u00edte, \u017ee u\u017e len fotky v\u00e1m narobia ch\u00fa\u0165ky. Treba doda\u0165 aj to, \u017ee ka\u017ed\u00fd recept v knihe m\u00e1 aj svoju <a title=\"www.mrpyco.sk\" href=\"https:\/\/www.mrpyco.sk\/#brxe-rpxayi\" target=\"_blank\" rel=\"noopener noreferrer\">video<\/a> podobu, \u010do m\u00f4\u017ee op\u00e4\u0165 do zna\u010dnej miery pom\u00f4c\u0165 pripravi\u0165 si Pycove jedl\u00e1 v dokonalej podobe.<\/p>\n<p>Recepty v knihe Treba si vari\u0165 s\u00fa in\u00e9. S\u00fa jednoduch\u00e9, modern\u00e9, svie\u017ee, n\u00e1padit\u00e9. Ur\u010dite in\u0161piruj\u00fa k tomu, \u017ee ich treba vysk\u00fa\u0161a\u0165 a \u017ee \u201etreba si vari\u0165\u201c. <\/p>\n<p>Ke\u010f\u017ee najnov\u0161ia kniha mapuje jeho video tvorbu a fungovanie na soci\u00e1lnych sie\u0165ach, chcel, aby s\u00fa\u010das\u0165ou <a href=\"https:\/\/www.facebook.com\/reel\/4220856524806775\" target=\"_blank\" rel=\"noopener noreferrer\">titulnej fotografie<\/a> bol aj samotn\u00fd fotoapar\u00e1t, cez ktor\u00fd v\u0161etky pocity a momenty pri tvorbe receptov zachyt\u00e1va. Aby to malo pr\u00edjemn\u00fa dom\u00e1cu atmosf\u00e9ru, aby to nep\u00f4sobilo dojmom, \u017ee je v \u0161t\u00fadiu, s ktor\u00fdm nem\u00e1 ni\u010d spolo\u010dn\u00e9, aby nech\u00fdbala farebnos\u0165 ani \u00fasmev.<\/p>\n<p>Treba si vari\u0165 je prvou, ktor\u00e1 vy\u0161la vo vydavate\u013estve <a href=\"https:\/\/www.ikar.sk\/\" target=\"_blank\" rel=\"noopener noreferrer\">IKAR<\/a>. Kniha sa opakovane dost\u00e1vala do rebr\u00ed\u010dkov najpred\u00e1vanej\u0161\u00edch kn\u00edh na <a href=\"https:\/\/www.bux.sk\/knihy\/729699-treba-si-varit-kniha-s-podpisom.html\" target=\"_blank\" rel=\"noopener noreferrer\">Bux.sk<\/a>. <\/p>\n<p>Kniha &#8222;Treba si vari\u0165&#8220; z\u00edskala <a href=\"https:\/\/martin-pyco-rausch-fans.sk\/?page_id=24\" target=\"_blank\" rel=\"noopener noreferrer\">ocenenia<\/a>. <i class=\" fa fa-smile-o \" style=\"\"><\/i> <\/p>\n<p>Z\u00edskala cenu <strong>Zlat\u00e1 kniha<\/strong> od vydavate\u013estva Ikar. <\/p>\n<p>Stala sa <strong>knihou roka<\/strong> v kateg\u00f3rii <strong>\u017divotn\u00fd \u0161t\u00fdl<\/strong> na Panta Rhei Awards. <\/p>\n<p>Okrem toho, autor bol ocenen\u00fd dvoma cenami <strong>Social Awards Slovakia (SOWA)<\/strong> ako najob\u013e\u00fabenej\u0161\u00ed influencer na slovenskom internete, \u010do sa t\u00fdka jeho aktivity v oblasti jedla a varenia. <\/p>\n<p><a title=\"www.mrpyco.sk\" href=\"https:\/\/www.mrpyco.sk\/\" target=\"_blank\" rel=\"noopener noreferrer\">Pyco<\/a> v Gourmet Academy je s\u00fa\u010das\u0165ou workshopov o varen\u00ed. Videorecepty boli n\u00e1vodom, ako si vari\u0165 doma, mnoh\u00ed v\u0161ak chceli ochutna\u0165, a z\u00e1rove\u0148 to sk\u00fasi\u0165. Zo \u0161p\u00e1su sa ho na soci\u00e1lnych sie\u0165ach p\u00fdtali, kedy bude don\u00e1\u0161ka. A tak prijal pozvanie od Gourmet Academy, ktor\u00e1 za\u010d\u00ednala v Bratislave organizova\u0165 kurzy varenia. Oslovili ho ako lektora, on t\u00fato rolu v\u0161ak vn\u00edma sk\u00f4r ako vedenie workshopu o varen\u00ed. Vari\u0165 bude nielen on, ale v\u0161etci \u00fa\u010dastn\u00edci, a potom to spolu zjedia.<\/p>\n<p><\/div><\/p>\n<p><div class=\"col-lg-3 col-md-12 col-xs-12 col-sm-12\">\n<img loading=\"lazy\" decoding=\"async\" class=\"alignnone\" title=\"\" src=\"https:\/\/martin-pyco-rausch-fans.sk\/wp\/moje-jedlo\/70.jpg\" alt=\"\" width=\"130\" height=\"130\" border=\"0\" \/><\/p>\n<p><img loading=\"lazy\" decoding=\"async\" class=\"alignnone\" title=\"\" src=\"https:\/\/martin-pyco-rausch-fans.sk\/wp\/moje-jedlo\/74.jpg\" alt=\"\" width=\"130\" height=\"130\" border=\"0\" \/><\/p>\n<p><img loading=\"lazy\" decoding=\"async\" class=\"alignnone\" title=\"\" src=\"https:\/\/martin-pyco-rausch-fans.sk\/wp\/moje-jedlo\/64.jpg\" alt=\"\" width=\"130\" height=\"130\" border=\"0\" \/><\/p>\n<p><img loading=\"lazy\" decoding=\"async\" class=\"alignnone\" title=\"\" src=\"https:\/\/martin-pyco-rausch-fans.sk\/wp\/moje-jedlo\/77.jpg\" alt=\"\" width=\"130\" height=\"130\" border=\"0\" \/><\/p>\n<p><img loading=\"lazy\" decoding=\"async\" class=\"alignnone\" title=\"\" src=\"https:\/\/martin-pyco-rausch-fans.sk\/wp\/moje-jedlo\/75.jpg\" alt=\"\" width=\"130\" height=\"130\" border=\"0\" \/><\/p>\n<p><img loading=\"lazy\" decoding=\"async\" class=\"alignnone\" title=\"\" src=\"https:\/\/martin-pyco-rausch-fans.sk\/wp\/moje-jedlo\/72.jpg\" alt=\"\" width=\"130\" height=\"130\" border=\"0\" \/><\/p>\n<p><img loading=\"lazy\" decoding=\"async\" class=\"alignnone\" title=\"\" src=\"https:\/\/martin-pyco-rausch-fans.sk\/wp\/moje-jedlo\/76.jpg\" alt=\"\" width=\"130\" height=\"130\" border=\"0\" \/><\/p>\n<p><img loading=\"lazy\" decoding=\"async\" class=\"alignnone\" title=\"\" src=\"https:\/\/martin-pyco-rausch-fans.sk\/wp\/moje-jedlo\/69.jpg\" alt=\"\" width=\"130\" height=\"130\" border=\"0\" \/><\/p>\n<p><img loading=\"lazy\" decoding=\"async\" class=\"alignnone\" title=\"\" src=\"https:\/\/martin-pyco-rausch-fans.sk\/wp\/moje-jedlo\/67.jpg\" alt=\"\" width=\"130\" height=\"130\" border=\"0\" \/><\/p>\n<p><\/div>\n<\/div>\n<hr \/>\n<p>&nbsp;<\/p>\n<div class=\"row \"><div class=\"col-lg-1 col-md-12 col-xs-12 col-sm-12\"><\/p>\n<p><\/div>\n<div class=\"col-lg-8 col-md-12 col-xs-12 col-sm-12\">\n<div class=\"yourcustomclass\"><ul class=\"nav nav-tabs\" id=\"oscitas-tabs-0\"><li class=\"\"><a class=\"\" href=\"#pane-0-0\" data-toggle=\"tab\">NAVIGA\u010cN\u00c9 MENU<\/a><\/li><li class=\"\"><a class=\"\" href=\"#pane-0-1\" data-toggle=\"tab\">Video<\/a><\/li><li class=\"\"><a class=\"\" href=\"#pane-0-2\" data-toggle=\"tab\"><\/a><\/li><li class=\"\"><a class=\"\" href=\"#pane-0-3\" data-toggle=\"tab\">e-shop<\/a><\/li><\/ul><div class=\"tab-content\"><div class=\"tab-pane \" id=\"pane-0-0\"><a title=\"Recepty z Moje jedlo a Moje Jedlo 2\" href=\"https:\/\/www.martin-pyco-rausch-fans.sk\/?page_id=4090\">Recepty z MOJE JEDLO\u00a0a MOJE JEDLO\u00a02<\/a>\u00a0\u00bb<br \/>\n<a title=\"Recepty: \u0160tyri ro\u010dn\u00e9 obdobia (Moje jedlo 3)\" href=\"https:\/\/www.martin-pyco-rausch-fans.sk\/?page_id=7074\">Recepty: \u0160tyri ro\u010dn\u00e9 obdobia (Moje jedlo 3)<\/a>\u00a0\u00bb<br \/>\n<a title=\"Recepty: TREBA SI VARI\u0164\"<a href=\"https:\/\/martin-pyco-rausch-fans.sk\/?page_id=14305\">Recepty z TREBA SI VARI\u0164<\/a>\u00a0<br \/>\n<a title=\"Spolupr\u00e1ce\" href=\" https:\/\/martin-pyco-rausch-fans.sk\/?page_id=14297\">SPOLUPR\u00c1CE<\/a>\u00a0\u00bb<br \/>\n<a title=\"In\u00e9\" href=\"https:\/\/www.martin-pyco-rausch-fans.sk\/?page_id=4081\">In\u00e9<\/a>\u00a0\u00bb<br \/>\n<a title=\"Va\u0161e jedlo\" href=\"https:\/\/www.martin-pyco-rausch-fans.sk\/?page_id=4179\">Va\u0161e jedlo<\/a>\u00a0\u00bb<br \/>\n<a title=\"Moje Jedlo\" href=\"https:\/\/www.martin-pyco-rausch-fans.sk\/?page_id=4094\">MOJE JEDLO<\/a>\u00a0\u00bb<br \/>\n<a title=\"Moje Jedlo\" href=\"https:\/\/www.martin-pyco-rausch-fans.sk\/?page_id=4113\">MOJE JEDLO 2<\/a>\u00a0\u00bb<br \/>\n<a title=\"\u0160tyri ro\u010dn\u00e9 obdobia - Moje jedlo 3\" href=\"https:\/\/www.martin-pyco-rausch-fans.sk\/?page_id=7808\">\u0160TYRI RO\u010cN\u00c9 OBDOBIA &#8211; MOJE JEDLO 3<\/a>\u00a0\u00bb<br \/>\n<a title=\"Treba si vari\u0165\" href=\"https:\/\/martin-pyco-rausch-fans.sk\/?page_id=15200\">TREBA SI VARI\u0164<\/a>\u00a0\u00bb<br \/>\n<a href=\"https:\/\/www.martin-pyco-rausch-fans.sk\/?page_id=4052\">Sp\u00e4\u0165 na \u00favod podstr\u00e1nky<\/a>\u00a0\u00bb<\/div><div class=\"tab-pane \" id=\"pane-0-1\"><\/p>\n<p><center><iframe loading=\"lazy\" src=\"https:\/\/www.youtube.com\/embed\/On3LMmqVhBc\" width=\"560\" height=\"315\" frameborder=\"0\" allowfullscreen=\"allowfullscreen\"><\/iframe><\/center><\/div><div class=\"tab-pane \" id=\"pane-0-2\"><\/div><div class=\"tab-pane \" id=\"pane-0-3\"><\/p>\n<p><a href=\"https:\/\/www.bux.sk\/knihy\/729699-treba-si-varit-kniha-s-podpisom.html\" target=\"_blank\" rel=\"noopener noreferrer\">http:\/\/<\/a>Bux.sk<br \/>\n<a href=\"https:\/\/www.rosier.cz\/polozka\/martin-pyco-rausch-treba-si-varit-s-podpisem-autora\" target=\"_blank\" rel=\"noopener noreferrer\">http:\/\/<\/a>Rosier.cz<\/p>\n<p><\/div><\/div><\/div>\n<\/div>\n<\/div>\n","protected":false},"excerpt":{"rendered":"<p>&nbsp;<\/p>\n","protected":false},"author":1,"featured_media":4066,"parent":0,"menu_order":0,"comment_status":"closed","ping_status":"closed","template":"","meta":{"footnotes":""},"class_list":["post-15200","page","type-page","status-publish","has-post-thumbnail","hentry"],"_links":{"self":[{"href":"https:\/\/martin-pyco-rausch-fans.sk\/index.php?rest_route=\/wp\/v2\/pages\/15200","targetHints":{"allow":["GET"]}}],"collection":[{"href":"https:\/\/martin-pyco-rausch-fans.sk\/index.php?rest_route=\/wp\/v2\/pages"}],"about":[{"href":"https:\/\/martin-pyco-rausch-fans.sk\/index.php?rest_route=\/wp\/v2\/types\/page"}],"author":[{"embeddable":true,"href":"https:\/\/martin-pyco-rausch-fans.sk\/index.php?rest_route=\/wp\/v2\/users\/1"}],"replies":[{"embeddable":true,"href":"https:\/\/martin-pyco-rausch-fans.sk\/index.php?rest_route=%2Fwp%2Fv2%2Fcomments&post=15200"}],"version-history":[{"count":57,"href":"https:\/\/martin-pyco-rausch-fans.sk\/index.php?rest_route=\/wp\/v2\/pages\/15200\/revisions"}],"predecessor-version":[{"id":15799,"href":"https:\/\/martin-pyco-rausch-fans.sk\/index.php?rest_route=\/wp\/v2\/pages\/15200\/revisions\/15799"}],"wp:featuredmedia":[{"embeddable":true,"href":"https:\/\/martin-pyco-rausch-fans.sk\/index.php?rest_route=\/wp\/v2\/media\/4066"}],"wp:attachment":[{"href":"https:\/\/martin-pyco-rausch-fans.sk\/index.php?rest_route=%2Fwp%2Fv2%2Fmedia&parent=15200"}],"curies":[{"name":"wp","href":"https:\/\/api.w.org\/{rel}","templated":true}]}}