{"id":15704,"date":"2026-03-07T21:56:40","date_gmt":"2026-03-07T20:56:40","guid":{"rendered":"http:\/\/martin-pyco-rausch-fans.sk\/?page_id=15704"},"modified":"2026-04-19T17:18:42","modified_gmt":"2026-04-19T16:18:42","slug":"recepty","status":"publish","type":"page","link":"https:\/\/martin-pyco-rausch-fans.sk\/?page_id=15704","title":{"rendered":"RECEPTY"},"content":{"rendered":"<div class=\"row \"><div class=\"col-lg-6 col-md-12 col-xs-12 col-sm-12\"><\/p>\n<p><b>:: BAGETKA S CUKETOV\u00ddMI KVETMI <\/b><\/p>\n<p><strong><em>Postup:<\/strong><\/em><br \/>\nKvety umyte, zbavte ty\u010diniek a sce\u010fte. Nechajte \u010diasto\u010dne vlhk\u00e9.<br \/>\nZmie\u0161ajte hladk\u00fa m\u00faku so \u0161tipkou soli, korenia, \u010dili a najemno str\u00fahan\u00e9ho parmez\u00e1nu. V zmesi obalte kvety a kr\u00e1tko z oboch str\u00e1n ope\u010dte na panvici potretej olivov\u00fdm olejom, v z\u00e1vere kvety trochu pritla\u010dte.<br \/>\nBagetu potrite ob\u013e\u00fabenou om\u00e1\u010dkou, n\u00e1tierkou, hummusom alebo ke\u010dupom, bohato oblo\u017ete ope\u010den\u00fdmi kvetmi a pod\u00e1vajte e\u0161te tepl\u00e9.<\/p>\n<p><\/div>\n<div class=\"col-lg-6 col-md-12 col-xs-12 col-sm-12\">\n<a title=\"dobrejedlo.pluska.sk\"href=\"https:\/\/dobrejedlo.pluska.sk\/trendy\/uzasna-rychlovka-od-pyca-bageta-s-cuketovymi-kvetmi-je-hit\" target=\"_blank\" rel=\"noopener noreferrer\"><img decoding=\"async\" class=\"\" src=\"https:\/\/martin-pyco-rausch-fans.sk\/wp\/moje-jedlo\/86.jpg\" alt=\"\" border=\"0\" \/><\/a><\/div>\n<\/div>\n<p>&nbsp;<\/p>\n<hr \/>\n<p>&nbsp;<\/p>\n<div class=\"row \"><div class=\"col-lg-6 col-md-12 col-xs-12 col-sm-12\"><\/p>\n<p><b>:: TEKVICOV\u00c9 LIEVANCE <\/b><\/p>\n<p><strong><em>suroviny:<\/em><\/strong><br \/>\npe\u010den\u00e1 maslov\u00e1 tekvica (alebo pyr\u00e9)150 g<br \/>\nkef\u00edr 250 ml<br \/>\ncottage syr 100 g<br \/>\nvajce 1 ks<br \/>\nhladk\u00e1 m\u00faka 120 g<br \/>\ns\u00f3da bikarb\u00f3na 1 \u010cL<br \/>\nso\u013e 1 KL<br \/>\njarn\u00e9 cibu\u013eky 3 ks<br \/>\nolivov\u00fd olej \/ maslo 3 PL<br \/>\n na serv\u00edrovanie: tzatziky, tekvicov\u00e9 semienka, pa\u017e\u00edtka<\/p>\n<p>&nbsp;<\/p>\n<p><strong><em>Postup:<\/strong><\/em><br \/>\nTekvicu pokr\u00e1jajte a upe\u010dte 30 min\u00fat v r\u00fare pri teplote 190 \u00b0C. Zop\u00e1r k\u00faskov odlo\u017ete na ozdobu. Po vychladnut\u00ed vlo\u017ete 150 g do mix\u00e9ra spolu s cottage syrom (100 g), kef\u00edrom (250 ml), vaj\u00ed\u010dkom a rozmixujte.<\/p>\n<p>Tekut\u00fa zmes premiestnite do misy, ochu\u0165te so\u013eou a vmie\u0161ajte zmes hladkej m\u00faky (120 g) a s\u00f3dy bikarb\u00f3ny (1 \u010cL). Na z\u00e1ver vmie\u0161ajte posekan\u00e9 cibu\u013eky (3 ks).<\/p>\n<p>Lievancov\u00fa panvicu d\u00f4kladne nahrejte, pokropte olejom a pe\u010dte lievance, na jeden kus pou\u017eite kopcovit\u00fa ly\u017eicu cesta. Stiahnite teplotu na stredn\u00fa a\u017e slab\u0161iu intenzitu a pomaly pe\u010dte 2-3 min\u00faty z ka\u017edej strany.<\/p>\n<p>Pod\u00e1vajte tepl\u00e9 s tzatziki, bylinkami, tekvicov\u00fdmi semienkami a dopl\u0148te k\u00faskami pe\u010denej tekvice.<\/p>\n<p><\/div>\n<div class=\"col-lg-6 col-md-12 col-xs-12 col-sm-12\">\n<a title=\"dobrejedlo.pluska.sk\"href=\"https:\/\/dobrejedlo.pluska.sk\/trendy\/slane-lievance-skuste-tieto-tekvicove-podla-pyca-takto-chutia-najlepsie\" target=\"_blank\" rel=\"noopener noreferrer\"><img decoding=\"async\" class=\"\" src=\"https:\/\/martin-pyco-rausch-fans.sk\/wp\/moje-jedlo\/88.jpg\" alt=\"\" border=\"0\" \/><\/a><\/div>\n<\/div>\n<p>&nbsp;<\/p>\n<hr \/>\n<p>&nbsp;<\/p>\n<div class=\"row \"><div class=\"col-lg-1 col-md-12 col-xs-12 col-sm-12\"><\/p>\n<p><\/div>\n<div class=\"col-lg-8 col-md-12 col-xs-12 col-sm-12\">\n<div class=\"yourcustomclass\"><ul class=\"nav nav-tabs\" id=\"oscitas-tabs-0\"><li class=\"\"><a class=\"\" href=\"#pane-0-0\" data-toggle=\"tab\">NAVIGA\u010cN\u00c9 MENU<\/a><\/li><li class=\"\"><a class=\"\" href=\"#pane-0-1\" data-toggle=\"tab\">e-shop<\/a><\/li><\/ul><div class=\"tab-content\"><div class=\"tab-pane \" id=\"pane-0-0\"><a title=\"Recepty z MOJE JEDLO a MOJE JEDLO 2\" href=\"httsp:\/\/www.martin-pyco-rausch-fans.sk\/?page_id=4090\">Recepty z MOJE JEDLO a MOJE JEDLO 2\u00a0<\/a>\u00bb<br \/>\n<a title=\" Recepty: \u0160TYRI RO\u010cN\u00c9 OBDOBIA - MOJE JEDLO 3\" href=\"https:\/\/www.martin-pyco-rausch-fans.sk\/?page_id=7808\">Recepty: \u0160TYRI RO\u010cN\u00c9 OBDOBIA &#8211; MOJE JEDLO 3<\/a>\u00a0\u00bb<br \/>\n<a title=\"Spolupr\u00e1ce\" href=\" https:\/\/martin-pyco-rausch-fans.sk\/?page_id=14297\">SPOLUPR\u00c1CE<\/a>\u00a0\u00bb<br \/>\n<a <a title=\"In\u00e9\" href=\"https:\/\/www.martin-pyco-rausch-fans.sk\/?page_id=4081\">In\u00e9\u00a0<\/a>\u00bb<br \/>\n<a title=\"Va\u0161e jedlo\" href=\"https:\/\/www.martin-pyco-rausch-fans.sk\/?page_id=4179\">Va\u0161e jedlo<\/a>\u00a0\u00bb<br \/>\n<a title=\"Moje Jedlo\" href=\"https:\/\/www.martin-pyco-rausch-fans.sk\/?page_id=4094\">MOJE JEDLO<\/a>\u00a0\u00bb<br \/>\n<a title=\"Moje jedlo 2\" href=\"https:\/\/www.martin-pyco-rausch-fans.sk\/?page_id=4113\">MOJE JEDLO 2<\/a> \u00bb<br \/>\n<a title=\"\u0160tyri ro\u010dn\u00e9 obdobia - Moje jedlo 3\" href=\"https:\/\/www.martin-pyco-rausch-fans.sk\/?page_id=7808\">\u0160TYRI RO\u010cN\u00c9 OBDOBIA &#8211; MOJE JEDLO 3<\/a>\u00a0\u00bb<br \/>\n<a title=\"Treba si vari\u0165\" href=\"https:\/\/martin-pyco-rausch-fans.sk\/?page_id=15200\">TREBA SI VARI\u0164<\/a>\u00a0\u00bb<br \/>\n<a title=\"Recepty: TREBA SI VARI\u0164\"<a href=\"https:\/\/martin-pyco-rausch-fans.sk\/?page_id=14305\">Recepty: TREBA SI VARI\u0164<\/a>\u00a0\u00bb<br \/>\n<a title=\"Recepty\" href=\" https:\/\/martin-pyco-rausch-fans.sk\/?page_id=15704\">RECEPTY<\/a>\u00a0\u00bb<br \/>\n<a href=\"https:\/\/www.martin-pyco-rausch-fans.sk\/?page_id=4052\">Sp\u00e4\u0165 na \u00favod podstr\u00e1nky<\/a>\u00a0\u00bb<\/div><div class=\"tab-pane \" id=\"pane-0-1\"><\/p>\n<p><a href=\"https:\/\/www.bux.sk\/knihy\/729699-treba-si-varit-kniha-s-podpisom.html\" target=\"_blank\">http:\/\/<\/a>Bux.sk<br \/>\n<a href=\"https:\/\/www.rosier.cz\/polozka\/martin-pyco-rausch-treba-si-varit-s-podpisem-autora\" target=\"_blank\">http:\/\/<\/a>Rosier.cz<br \/>\n<a href=\"http:\/\/www.martinus.sk\/knihy\/autor\/Martin-Pyco-Rausch\/\" target=\"_blank\">http:\/\/<\/a>Martinus.sk<br \/>\n<a href=\"http:\/\/www.martinus.cz\/knihy\/autor\/Martin-Pyco-Rausch\/\" target=\"_blank\">http:\/\/<\/a>Martinus.cz<\/p>\n<p><\/div><\/div><\/div>\n<\/div>\n<\/div>\n","protected":false},"excerpt":{"rendered":"<p>&nbsp; &nbsp; &nbsp; &nbsp;<\/p>\n","protected":false},"author":1,"featured_media":0,"parent":0,"menu_order":0,"comment_status":"closed","ping_status":"closed","template":"","meta":{"footnotes":""},"class_list":["post-15704","page","type-page","status-publish","hentry"],"_links":{"self":[{"href":"https:\/\/martin-pyco-rausch-fans.sk\/index.php?rest_route=\/wp\/v2\/pages\/15704","targetHints":{"allow":["GET"]}}],"collection":[{"href":"https:\/\/martin-pyco-rausch-fans.sk\/index.php?rest_route=\/wp\/v2\/pages"}],"about":[{"href":"https:\/\/martin-pyco-rausch-fans.sk\/index.php?rest_route=\/wp\/v2\/types\/page"}],"author":[{"embeddable":true,"href":"https:\/\/martin-pyco-rausch-fans.sk\/index.php?rest_route=\/wp\/v2\/users\/1"}],"replies":[{"embeddable":true,"href":"https:\/\/martin-pyco-rausch-fans.sk\/index.php?rest_route=%2Fwp%2Fv2%2Fcomments&post=15704"}],"version-history":[{"count":10,"href":"https:\/\/martin-pyco-rausch-fans.sk\/index.php?rest_route=\/wp\/v2\/pages\/15704\/revisions"}],"predecessor-version":[{"id":15810,"href":"https:\/\/martin-pyco-rausch-fans.sk\/index.php?rest_route=\/wp\/v2\/pages\/15704\/revisions\/15810"}],"wp:attachment":[{"href":"https:\/\/martin-pyco-rausch-fans.sk\/index.php?rest_route=%2Fwp%2Fv2%2Fmedia&parent=15704"}],"curies":[{"name":"wp","href":"https:\/\/api.w.org\/{rel}","templated":true}]}}