{"id":18,"date":"2014-10-16T21:49:47","date_gmt":"2014-10-16T19:49:47","guid":{"rendered":"http:\/\/www.martin-pyco-rausch-fans.sk\/wordpress\/?page_id=18"},"modified":"2026-04-19T18:10:33","modified_gmt":"2026-04-19T17:10:33","slug":"spravy-od-pyca","status":"publish","type":"page","link":"https:\/\/martin-pyco-rausch-fans.sk\/?page_id=18","title":{"rendered":"Spr\u00e1vy od Pyca \/ Kontakt na Pyca"},"content":{"rendered":"<p>V\u010faka Pycovi, gal\u00e9ria obsahuje kr\u00e1sne <a href=\"https:\/\/martin-pyco-rausch-fans.sk\/galeriaX\/index.php?cat=50\" target=\"_blank\" rel=\"noopener noreferrer\">fotografie<\/a> vo vysokom rozl\u00ed\u0161en\u00ed, ktor\u00e9 sme tro\u0161ku zmen\u0161ili, gal\u00e9ria \u017eia\u013e origin\u00e1lnu ve\u013ekos\u0165 nepodporuje. Martin \/ Pyco je ve\u013emi ochotn\u00fd a prijemn\u00fd \u010dlovek, ktor\u00fd i napriek tomu, \u017ee m\u00e1 ve\u013ea pr\u00e1ce, r\u00e1d si n\u00e1jde \u010das na str\u00e1nku. <span style=\"text-decoration: underline;\">Patr\u00ed mu ve\u013ek\u00e1 v\u010faka<\/span>.<\/p>\n<p>&nbsp;<\/p>\n<p>Pycov email:<br \/>\n<i class=\" fa fa-at \" style=\"color:#c1c1c1;\"><\/i>\u00a0<a href=\"mailto:mrpyco@gmail.com\">mrpyco@gmail.com<\/a><\/p>\n<p>Web:<br \/>\n<i class=\" glyphicon glyphicon-globe \" style=\"color:#c1c1c1;\"><\/i> <a href=\"https:\/\/linktr.ee\/mrpyco\">linktr.ee\/mrpyco<\/a><br \/>\n<i class=\" glyphicon glyphicon-globe \" style=\"color:#c1c1c1;\"><\/i> <a href=\"https:\/\/www.mrpyco.sk\/\">mrpyco.sk<\/a><\/p>\n<p>Pyco sa pripojil na Facebook, Twitter a Instagram, kde n\u00e1jdete naj\u010derstvej\u0161ie inform\u00e1cie o \u0148om a m\u00f4\u017eete tie\u017e s n\u00edm aj komunikova\u0165. Tak\u017ee, nev\u00e1hajte a followujte ho :)<br \/>\n<i class=\" fa fa-facebook-square \" style=\"color:#c1c1c1;\"><\/i>\u00a0<a href=\"http:\/\/www.facebook.com\/MRPYCO\">facebook.com\/MrPYCO<\/a><br \/>\n<i class=\" fa fa-twitter-square \" style=\"color:#c1c1c1;\"><\/i>\u00a0<a href=\"https:\/\/twitter.com\/MrPYCO\">twitter.com\/MrPYCO<\/a><br \/>\n<i class=\" fa fa-instagram \" style=\"color:#c1c1c1;\"><\/i>\u00a0<a href=\"http:\/\/instagram.com\/mrpyco\">instagram.com\/MrPYCO<\/a><br \/>\n<i class=\" fa fa-facebook-square \" style=\"color:#c1c1c1;\"><\/i>\u00a0<a href=\"https:\/\/www.facebook.com\/MojeJedloByPyco\">facebook.com\/MojeJedloByPyco<\/a><br \/>\n<i class=\" fa fa-youtube \" style=\"color:#c1c1c1;\"><\/i> <a href=\"https:\/\/www.youtube.com\/channel\/UC-Fbe0qE8EWj_saej3t6V0A\">youtube.com\/MrPYCO<\/a><br \/>\n<i class=\" fa fa-square-o \" style=\"color:#f7f7f7;\"><\/i> <a href=\"https:\/\/www.tiktok.com\/@mrpyco\">tiktok.com\/@mrpyco<\/a><\/p>\n<p>&nbsp;<br \/>\n&nbsp;<\/p>\n<p>Ni\u017e\u0161ie si m\u00f4\u017eete pre\u010d\u00edta\u0165, spr\u00e1vy od Pyca, ktor\u00e9 nap\u00edsal pre svoju fan\u00fa\u0161ikovsk\u00fa z\u00e1klad\u0148u&#8230;<br \/>\n&nbsp;<\/p>\n<blockquote><p>Ahoj,<br \/>\nje to rok a pol odkedy som sem naposledy nap\u00edsal, nech mi je prep\u00e1\u010den\u00e9 ale presne to\u013eko pre\u0161lo od rozbehnutia verejn\u00e9ho profilu na facebooku a presmeroval som tam takmer v\u0161etku komunik\u00e1ciu. \u010fakujem \u017ee \u010d\u00edtate, sledujete, reagujete a za t\u00fato str\u00e1nku z cel\u00e9ho srdca \u010fakujem vytrvalej, prec\u00edznej a kreat\u00edvnej Anite, takisto aj Marekovi a v\u0161etk\u00fdm ktor\u00ed prilo\u017eili ruku k dielu.<br \/>\nPre\u017eil som asi najn\u00e1ro\u010dnej\u0161ie pracovn\u00e9 obdobie svojho telev\u00edzneho \u017eivota. Jar sme str\u00e1vili na kastingoch pre \u010cesko Slovensko M\u00e1 Talent 2, vz\u00e1p\u00e4t\u00ed sme to\u010dili up\u00fatavky, odleteli na t\u00fd\u017ede\u0148 kv\u00f4li nakr\u00facaniu do Las Vegas a potom sme takmer dva t\u00fd\u017edne neopustili Mahenovo divadlo v Brne, kde sme pracovali miestami 14 hod\u00edn denne. E\u0161te st\u00e1le nie je v\u0161etko hotov\u00e9, \u010dak\u00e1 n\u00e1s Ve\u013ek\u00fd Tresk, koment\u00e1re, desiatky \u013eud\u00ed \u017eij\u00fa v stri\u017eniach kv\u00f4li postprodukcii ale mysl\u00edm \u017ee sa m\u00e1te na \u010do te\u0161i\u0165. Po\u010das nakr\u00facania som stretol stovky zauj\u00edmav\u00fdch \u013eud\u00ed, videl talenty o ktor\u00fdch existencii som ani netu\u0161il a napriek tomu \u017ee v\u017edy dominuje spev \u010di tanec, ostatn\u00ed ma stihli presved\u010di\u0165 o tom \u017ee \u010cSMT2 bude e\u0161te v\u00e4\u010d\u0161ia a lep\u0161ia \u0161ou ako \u010cSMT1! A mysl\u00edm \u017ee ma tento projekt bav\u00ed zatia\u013e najviac v trojl\u00edstku Let&#8217;s Dance, Superstar a \u010cSMT. Bohu\u017eia\u013e pokra\u010dovanie bude bez p\u00e1na Krausa ale mysl\u00edm \u017ee Martin Dejdar zaujal v porote celkom nov\u00e9 miesto a viac prezr\u00e1dza\u0165 vlastne ani nesmiem.<\/p>\n<p>Parlament spr\u00edsnil tresty za t\u00fdranie zvierat. Jas\u00e1m, n\u00e1dej mala zomrie\u0165 posledn\u00e1 ale na\u0161\u0165astie sa premenila na realitu. V mene v\u0161etk\u00fdch ktor\u00ed za to roky bojovali sa chcem po\u010fakova\u0165 poslancom ktor\u00ed hlasovali za. Aj ke\u010f som nepochopil ako m\u00f4\u017ee expremi\u00e9r a ps\u00ed\u010dk\u00e1r vz\u00e1p\u00e4t\u00ed poveda\u0165 \u017ee to ni\u010d nerie\u0161i preto\u017ee kto m\u00e1 n\u00e1siln\u00edcke sklony, bude vraj t\u00fdra\u0165 aj \u010falej&#8230; . Nes\u00fahlas\u00edm. Keby nebolo z\u00e1konov a prevencie, tak n\u00e1s d\u00e1vno v uliciach vystrie\u013eaj\u00fa \u0161ialenci. Postih za t\u00fdranie zvierat, dokonca opakovan\u00e9, takisto m\u00e1, \u010di sk\u00f4r bude ma\u0165 svoju potrebn\u00fa \u00fa\u010dinnos\u0165, d\u00fafam \u017ee sk\u00f4r odstra\u0161uj\u00facu.<\/p>\n<p>Od 21.j\u00fala 2011 sa st\u00e1vam Vyslancom dobrej v\u00f4le pre Unicef preto\u017ee je mi c\u0165ou spolupracova\u0165 a prilo\u017ei\u0165 ruku k dielu pri z\u00e1chrane detsk\u00fdch \u017eivotov vo viac ako 150tich krajin\u00e1ch. Znie tak ako kli\u0161\u00e9 ale ke\u010f uvid\u00edte dokument o tom ako napr\u00edklad 5 EUR zachra\u0148uje vo forme vakc\u00edny \u010di z\u00e1chrann\u00e9ho bal\u00ed\u010dka \u017eivot zomieraj\u00facim novorodencom, je v\u00e1m do pla\u010du. Pridajte sa aj vy:<\/p>\n<p><a href=\"http:\/\/www.priateliadeti.sk\/index.php\" target=\"_blank\" rel=\"noopener noreferrer\">http:\/\/www.priateliadeti.sk\/index.php<\/a><br \/>\n<a href=\"https:\/\/www.facebook.com\/UnicefSlovensko\" target=\"_blank\" rel=\"noopener noreferrer\">https:\/\/www.facebook.com\/UnicefSlovensko<\/a><\/p>\n<p>\u010fakujem za v\u00e1\u0161 \u010das, energiu aj spr\u00e1vy na <a href=\"mailto:mrpyco@gmail.com\">mrpyco@gmail.com<\/a>\u00a0\u010di str\u00e1nke\u00a0<a href=\"http:\/\/www.facebook.com\/MRPYCO\" target=\"_blank\" rel=\"noopener noreferrer\">www.facebook.com\/MRPYCO<\/a><\/p>\n<p>A v prvom rade v\u00e1m prajem pekn\u00e9 a \u0161\u0165avnat\u00e9 leto, u\u017e\u00edvajte, spoma\u013ete a majte sa fajn.<\/p>\n<p>Pyco<\/p><\/blockquote>\n<p>&nbsp;<\/p>\n<blockquote><p>Do Nov\u00e9ho roka prajem ve\u013ea pozit\u00edvneho a kreat\u00edvneho, v 2010-tom n\u00e1m to vraj v\u0161etk\u00fdm pr\u00edde vhod!<br \/>\nO dva dni za\u010d\u00edna prv\u00fd z deviatich prenosov EUROVISION SONG CONTEST a pred Vianocami som si dal z\u00e1v\u00e4zok \u017ee dovtedy nesmiem zabudn\u00fa\u0165 V\u00e1m kone\u010dne po \u010dase nap\u00edsa\u0165, tak to e\u0161te st\u00edham. Pr\u00edpravy s\u00fa v plnom pr\u00fade, dnes som sa bol v Mlynskej doline pozrie\u0165 na nov\u00e9 \u0161t\u00fadio a d\u00fafam \u017ee sa V\u00e1m bude p\u00e1\u010di\u0165, tv\u00e1ri sa ve\u013emi pozit\u00edvne a pou\u017eite\u013ene o) S\u00e1m e\u0161te netu\u0161\u00edm \u010do sa bude ako dia\u0165, tento fakt v\u017edy pred prvou sk\u00fa\u0161kou ka\u017ed\u00e9ho programu len prid\u00e1va na nervozite ale d\u00fafam \u017ee sa V\u00e1m bude Eurosong 2010 p\u00e1\u010di\u0165, pracuje (doslova \u201cmak\u00e1\u201d) na tom ve\u013ek\u00fd kolekt\u00edv \u013eud\u00ed, tak pros\u00edm dr\u017ete n\u00e1m palce nech v\u0161etko dobre dopadne a nech nikto nikam nespadne ani sa nezran\u00ed. Eurosong vyvrchol\u00ed v posledn\u00fd febru\u00e1rov\u00fd ve\u010der ve\u013ek\u00fdm fin\u00e1le, tak\u017ee \u017eiadne \u010fal\u0161ie novinky sn\u00e1\u010f dovtedy ma\u0165 nebudem, ako a kde pre\u017eijem jarn\u00fa telev\u00edznu sez\u00f3nu, zatia\u013e naozaj neviem, resp.nedok\u00e1\u017eem ni\u010d konkr\u00e9tnej\u0161ie v tejto chv\u00edli poveda\u0165. Ur\u010dite v\u0161ak viem \u017ee dovtedy sa nakr\u00facanie Fabriky Smrti nerozbehne.<\/p>\n<p>Tento no\u010dn\u00fd odkaz ukon\u010d\u00edm s pocitom \u017ee treba sa na chv\u00ed\u013eu ulo\u017ei\u0165, pribli\u017ene o p\u00e4\u0165 hod\u00edn mus\u00edm vst\u00e1va\u0165 kv\u00f4li n\u00e1v\u0161teve Rann\u00e9ho magaz\u00ednu na STV a to s\u00fa chv\u00edle ke\u010f sa idem zbl\u00e1zni\u0165. Ak patr\u00edte medzi no\u010dn\u00e9 tvory ktor\u00e9 v skor\u00fdch rann\u00fdch hodin\u00e1ch nefunguj\u00fa, viete \u010do t\u00fdm mysl\u00edm&#8230; .<br \/>\nTake care a e\u0161te raz v\u0161etko dobr\u00e9 v Novom roku!<\/p>\n<p>Martin \/ Pyco 20-01-2010<\/p><\/blockquote>\n<p>&nbsp;<\/p>\n<blockquote><p>Ahoj,<\/p>\n<p>vsetkych Vas pozdravujem, preslo uz zopar mesiacov od posledneho odkazu ale vela sa \u00a0toho neudialo, takze pisem az teraz.<br \/>\nDakujem za vsetku postu na adrese <a href=\"mailto:mprfans@gmail.com\" target=\"_blank\" rel=\"noopener noreferrer\">mprfans@gmail.com<\/a> a \u00a0ospravedlnujem sa ak som niekomu nestihol alebo zabudol odpisat. Dodatocne dakujem aj vsetkym ktori sa zapojili do peticie za prava zvierat, zda sa ze sme zozbierali dostatok podpisov \u00a0na to aby sa zacali diat veci, aj tak je to beh na dlhsiu trat.<\/p>\n<p>Najcastejsie otazky od Vas prichadzaju ohladom filmu FABRIKA SMRTI. Jednoznacnu odpoved poskytnut neviem ale myslim ze skor ako v druhej polovici 2010 sa v kinach neobjavi, pokial motyka nevystreli.. o)<br \/>\nNa obraz sa chystam vratit uz coskoro, zatial nic nie je jasne, aktivne rokujem o moderovani \u00a0dalsieho rocnika sutaze EUROVISION SONG CONTEST na STV.<\/p>\n<p>Prijal som pozvanie skupiny MUKATADO a nedavno sme v rezii Martina Hudaka natocili videoklip k novemu singlu &#8222;Preco so mnou spis&#8220;, zatial je v postprodukcii, coskoro bude viac informacii aj link na stranke <a href=\"http:\/\/www.mukatado.sk\/\" target=\"_blank\" rel=\"noopener noreferrer\">www.mukatado.sk<\/a><\/p>\n<p>Stretnut ma mozete napriklad 14.decembra v novom NuSpirit Bare pocas vecera &#8222;Celkom Iny Beat&#8220;, je to \u00a0klubova show do ktorej si ma ako spolumoderatora prizvali Marian Jaslovsky a Bene. \/ \u00a0 <a href=\"http:\/\/beat.jaslovsky.sk\/\" target=\"_blank\" rel=\"noopener noreferrer\">http:\/\/beat.jaslovsky.sk<\/a> \u00a0 \u00a0 \u00a0\/<\/p>\n<p>Vianocne pripravy absolvujem pocas charitativneho vecera pod zastitou UNICEFu \u00a0v popoludnajsich hodinach dna 15.decembra v bratislavskom obchodnom dome IKEA. \u00a0<a href=\"http:\/\/www.unicef.sk\/\" target=\"_blank\" rel=\"noopener noreferrer\">http:\/\/www.unicef.sk\/<\/a><\/p>\n<p>17.decembra sa zucastnim priameho prenosu HODINA DETOM na STV1 spolu s dalsimi moderatormi.<\/p>\n<p>No a 18.decembra Vas vsetkych srdecne pozyvam na EXPANZIA STAND UP COMEDY \u00a0do noveho podniku s nazvom Bratislavska Restauracia na namesti SNP v Ba, kde sa uskutocni \u00a0vecer so slovenskymi komikmi a ich STandUpComedy vystupeniami. Ja budem moderovat ako fanusik tohto zanru o) \/ coskoro info na <a href=\"http:\/\/www.expanzia.sk\/\" target=\"_blank\" rel=\"noopener noreferrer\">www.expanzia.sk<\/a> \/<\/p>\n<p>A pokial by som uz nahodou nestihol tento rok napisat dalsi odkaz, prajem v predstihu bohateho Mikulasa, pokojne Vianoce \u00a0a dobru silvestrovsku zurku!<\/p>\n<p>take care<br \/>\nMartin \/ Pyco \u00a029.november 2009<\/p><\/blockquote>\n<p>&nbsp;<\/p>\n<blockquote><p>V\u0161etk\u00fdch srde\u010dne pozdravujem,<\/p>\n<p>s\u00fa to u\u017e pomaly dva mesiace \u010do som naposledy nie\u010do nap\u00edsal, tak sa na \u00favod chcem ospravedlni\u0165. Bol to mimoriadne n\u00e1ro\u010dn\u00fd a preplnen\u00fd polrok, obvzl\u00e1\u0161\u0165 apr\u00edl, m\u00e1j a polovica j\u00fana, tak\u017ee som si niekedy nena\u0161iel \u010das sa ani poriadne vyspa\u0165. \u010eakujem za v\u0161etky emaily ktor\u00e9 ste mi poslali na adresu <a href=\"mailto:mprfans@gmail.com\">mprfans@gmail.com<\/a>, sna\u017e\u00edm sa priebe\u017ene odpoveda\u0165 najmenej raz za dva t\u00fd\u017edne.<\/p>\n<p>Pozdravujem v\u0161etk\u00fdch ktor\u00ed sa mi prihovorili na charitat\u00edvnom pochode Avon proti rakovine prsn\u00edka, napriek nepriazni po\u010dasia v\u0161etko dopadlo nad o\u010dak\u00e1vania dobre a som r\u00e1d \u017ee cel\u00e9 podujatie \u0161\u00edri osvetu v e\u0161te v\u00e4\u010d\u0161\u00edch rozmeroch, opakujem teda aj v tomto odkaze : nezab\u00fadajte na prevenciu a rakovina prsn\u00edka je choroba ktor\u00e1 sa net\u00fdka len \u017eien, o tom nevedeli ani mnoh\u00ed novin\u00e1ri s ktor\u00fdmi som na t\u00fato t\u00e9mu diskutoval.<\/p>\n<p>Zuzana Fialov\u00e1 V\u00e1m \u010fakuje za v\u0161etky odkazy, sna\u017eil som sa jej Va\u0161e emaily tlmo\u010di\u0165 priebe\u017ene, hromadne chcem teda odpoveda\u0165 na naj\u010dastej\u0161iu ot\u00e1zku: \u00e1no, tretia s\u00e9ria Let&#8217;s Dance sa mi moderovala ve\u013emi pr\u00edjemne a Zuzana m\u00e1 na tom po pracovnej aj s\u00fakromnej str\u00e1nke asi najv\u00e4\u010d\u0161\u00ed podiel. Takisto aj v\u00fdber s\u00fa\u0165a\u017eiacich a \u0161t\u00e1b ktor\u00fd d\u00f4verne pozn\u00e1m nieko\u013eko rokov. Ukon\u010den\u00edm Let&#8217;s Dance mi za\u010dali &#8222;pr\u00e1zdniny&#8220;, tak\u017ee si pomaly u\u017e\u00edvam vo\u013enej\u0161\u00ed re\u017e\u00edm.<\/p>\n<p>Ur\u010dite sa chyst\u00e1m na letn\u00fd festival POHODA, vrelo odpor\u00fa\u010dam najm\u00e4 skupinu THE TING TINGS, ve\u013emi sa na nich te\u0161\u00edm. Vo \u0161tvrtok 25.j\u00fana na bratislavskom Dev\u00edne moderujem prehliadku zna\u010dky DANA KLEINERT. A v d\u0148och 24.-31.j\u00fala sa v centre Bratislavy \/Hlavn\u00e9 n\u00e1m. + n\u00e1dvorie Primaci\u00e1lneho n\u00e1m\/ kon\u00e1 festival VIVA MUSICA, kde odmoderujem celkom tri koncerty \/\u00favodn\u00fd + Jana Kirschner Symphony session + ELLI PASPALA\/. Pr\u00e1ve na posledn\u00e9 dve d\u00e1my sa nesmierne te\u0161\u00edm, bude to ur\u010dite st\u00e1\u0165 za to, nenechajte si ujs\u0165 skvel\u00fd z\u00e1\u017eitok pod hol\u00fdm nebom \/vstup na koncerty na Hl.N\u00e1mest\u00ed je vo\u013en\u00fd!\/. No a zd\u00e1 sa \u017ee v septembri by sme mali nato\u010di\u0165 drviv\u00fa v\u00e4\u010d\u0161inu sc\u00e9n pre horor FABRIKA SMRTI. Ale o tomto projekte by som nemal prezr\u00e1dza\u0165 viac ne\u017e n\u00e1jdete \u010doskoro na jeho ofici\u00e1lnej webstr\u00e1nke<a href=\"http:\/\/www.furcafilm.sk\/\" target=\"_blank\" rel=\"noopener noreferrer\">www.furcafilm.sk<\/a> .<\/p>\n<p>\u010eakujem e\u0161te raz za priaze\u0148<br \/>\nve\u013emi pekne \u010fakujem za v\u0161etky emaily a podporu<br \/>\nv\u00e1\u017eim si to<\/p>\n<p>a prajem pekn\u00e9 leto o)<\/p>\n<p>Pyco\u00a0 22. 6 .2009<\/p><\/blockquote>\n<p>&nbsp;<\/p>\n<blockquote><p>Srde\u010dne pozdravujem v\u0161etk\u00fdch ktor\u00ed si sem klikli,Sna\u017e\u00edm sa dr\u017ea\u0165 s\u013eub o tom \u017ee ob\u010das nie\u010do nap\u00ed\u0161em. Je pr\u00e1ve ve\u010der pred tret\u00edm prenosom Let&#8217;s Dance, pr\u00e1ve som si do\u0161tudoval predbe\u017en\u00fd scen\u00e1r a idem sa poriadne vyspa\u0165 na tretie kolo, predo\u0161l\u00e9 dve mi sp\u00e1nok poriadne ch\u00fdbal. So Zuzanou Fialovou sa mi spolupracuje ve\u013emi dobre, nie je to len medi\u00e1lna om\u00e1\u010dka ale m\u00f4j skuto\u010dn\u00fd n\u00e1zor. Budem r\u00e1d ak si n\u00e1jdete \u010das a pretlmo\u010d\u00edte mi v emailoch svoje pocity z tretej s\u00e9rie. Ale k tomu sa dostanem nesk\u00f4r. Prv\u00e1 f\u00e1za nakr\u00facania filmu &#8222;FABRIKA SMRTI: Mlad\u00e1 Krv&#8220; bola pre m\u0148a ve\u013ek\u00fdm z\u00e1\u017eitkom. To\u010dil som nieko\u013eko obrazov a trvalo to tri dni, bolo mi ve\u013ekou c\u0165ou spolupracova\u0165 aspo\u0148 chv\u00ed\u013eu s T\u00e1\u0148ou Pauhofovou. Doposia\u013e som chodil nad \u0148ou \u017easn\u00fa\u0165 len do N\u00e1rodn\u00e9ho Divadla a zrazu som ju mal pol d\u0148a bozk\u00e1va\u0165. Zvl\u00e1\u0161tny pocit ale nadov\u0161etko pr\u00edjemn\u00fd. Nakr\u00fatil som aj sc\u00e9ny s Kamilom Koll\u00e1rikom a Petom N\u00e1dasdim, obaja mi ve\u013emi pomohli a niektore fotografie si u\u017e m\u00f4\u017eete pozrie\u0165 na ofici\u00e1lnej webstr\u00e1nke <a href=\"http:\/\/www.furcafilm.sk\/\" target=\"_blank\" rel=\"noopener noreferrer\">www.furcafilm.sk<\/a> \u010eal\u0161ie nakr\u00facanie ma \u010dak\u00e1 pravdepodobne a\u017e v lete. Ve\u013emi sa na to te\u0161\u00edm, sn\u00e1\u010f sa stretneme nesk\u00f4r v kine. Dr\u017ete palce. Z \u010dasov\u00fdch d\u00f4vodov som ukon\u010dil pr\u00e1cu na poste hudobn\u00e9ho dramaturga seri\u00e1lu R\u00e1dio. Moja spolupr\u00e1ca sa tak objavila len v \u010dastiach 1 a\u017e 5. Diev\u010dat\u00e1 &#8222;adminky&#8220; V\u00e1s u\u017e informovali o j\u00fanovom pochode proti rakovine prsn\u00edka, ktor\u00fd organizuje spolo\u010dnos\u0165 Avon. D\u00fafam \u017ee sa na \u0148om stretneme. Okrem toho budem pre verejnos\u0165 moderova\u0165 najbli\u017e\u0161ie asi len 29.m\u00e1ja MISS BREZNO priamo v Brezne. Opakovane sa chcem ve\u013emi pekne po\u010fakova\u0165 Anite a Chrisssinke za energiu a \u010das ktor\u00e9 venuj\u00fa tejto str\u00e1nke a aby som im pomohol v komunik\u00e1cii, zriadil som si pre tento \u00fa\u010del emailov\u00fa adresu na ktor\u00fa m\u00f4\u017eete posiela\u0165 emaily priamo mne. Tu je: <a href=\"mailto:mprfans@gmail.com\">mprfans@gmail.com<\/a><\/p>\n<p>Pok\u00fasim sa tam aspo\u0148 raz do t\u00fd\u017ed\u0148a pozrie\u0165. \u010fakujem za podporu, u\u017e\u00edvajte jar a ka\u017ed\u00fd ve\u010der spo\u010d\u00edtajte ko\u013ek\u00fdch \u013eud\u00ed ste v ten de\u0148 pote\u0161ili o)<\/p>\n<p>take care<br \/>\nPyco\u00a0 26. 4 .2009<\/p><\/blockquote>\n<p>&nbsp;<\/p>\n<blockquote><p>Ahojte!Toto je m\u00f4j prv\u00fd odkaz pre t\u00fato str\u00e1nku, ktor\u00fdm sa chcem po\u010fakova\u0165 za priaze\u0148 a predov\u0161etk\u00fdm chcem po\u010fakova\u0165 dvojici Anita a Chrisssinka za to \u010do sp\u00e1chali a za to ako vytrvalo mapuj\u00fa moju kari\u00e9ru. Diev\u010dat\u00e1, to ja obdivujem V\u00e1s! Pon\u00fakli mi priestor na vyjadrenie a vraj V\u00e1s m\u00e1m aj aktu\u00e1lne informova\u0165, tak to sk\u00fasim.<br \/>\nPosledn\u00e9 dva t\u00fd\u017edne pad\u00e1m do postele od \u00fanavy, napriek tomu \u017ee na obraze som sa naposledy objavil v Eurosongu. Pred p\u00e1r d\u0148ami sme v divadle Meteorit osl\u00e1vili premi\u00e9ru hry RICHARD III s ktorou som pom\u00e1hal ako hudobn\u00fd dramaturg, fotili sme promo materi\u00e1l pre tretiu s\u00e9riu LET&#8217;S DANCE, ka\u017ed\u00fd de\u0148 sed\u00edm pred notebookom a vyber\u00e1m hudbu pre seri\u00e1l R\u00c1DIO a vz\u00e1p\u00e4t\u00ed kv\u00f4li tomu tr\u00e1vim cel\u00e9 dni v \u0161tri\u017eni, no a medzi\u010dasom sa sna\u017e\u00edm nau\u010di\u0165 texty pre prv\u00e9 sc\u00e9ny hororu FABRIKA SMRTI. U\u017e od bud\u00faceho t\u00fd\u017ed\u0148a za\u010d\u00edna me nakr\u00faca\u0165 v Tatr\u00e1ch, dr\u017ete palce nech n\u00e1m zostane aspo\u0148 trochu snehu. M\u00e1m strach a ve\u013emi sa te\u0161\u00edm, tak\u017ee sn\u00e1\u010f to bude predzves\u0165 dobr\u00e9ho z\u00e1\u017eitku nielen pre \u0161t\u00e1b ale aj V\u00e1s div\u00e1kov. No a vo \u0161tvrtok budem vari\u0165 a piec\u0165, ke\u010f\u017ee som s\u00fa\u010das\u0165ou zoznamu zn\u00e1mych tv\u00e1r\u00ed ktor\u00e9 prines\u00fa vlastnoru\u010dne uvaren\u00e9 jedl\u00e1 na charitat\u00edvnu ve\u010deru k podpore celoslovenskej zbierky na podporu autistick\u00fdch centier a rod\u00edn na Slovensku. Budem tam pred\u00e1va\u0165 vlastn\u00e9 jedlo, konkr\u00e9tne cheesecake sladk\u00fd syrov\u00fd kol\u00e1\u010d\/ a spanakopitu \/slan\u00fd kol\u00e1\u010d so \u0161pen\u00e1tom a syrom\/. \u010fakujem za podporu a vraciam sp\u00e4\u0165 pozit\u00edvnu energiu<br \/>\ns pozdravom<br \/>\nMartin \/ Pyco\u00a0 31.3.2009<\/p><\/blockquote>\n","protected":false},"excerpt":{"rendered":"<p>V\u010faka Pycovi, gal\u00e9ria obsahuje kr\u00e1sne fotografie vo vysokom rozl\u00ed\u0161en\u00ed, ktor\u00e9 sme tro\u0161ku zmen\u0161ili, gal\u00e9ria \u017eia\u013e origin\u00e1lnu ve\u013ekos\u0165 nepodporuje. Martin \/ Pyco je ve\u013emi ochotn\u00fd a prijemn\u00fd \u010dlovek, ktor\u00fd i napriek tomu, \u017ee m\u00e1 ve\u013ea pr\u00e1ce, r\u00e1d si n\u00e1jde \u010das na str\u00e1nku. Patr\u00ed mu ve\u013ek\u00e1 v\u010faka. &nbsp; Pycov email: \u00a0mrpyco@gmail.com Web: linktr.ee\/mrpyco mrpyco.sk Pyco sa pripojil [&hellip;]<\/p>\n","protected":false},"author":1,"featured_media":7039,"parent":0,"menu_order":0,"comment_status":"open","ping_status":"open","template":"","meta":{"footnotes":""},"class_list":["post-18","page","type-page","status-publish","has-post-thumbnail","hentry"],"_links":{"self":[{"href":"https:\/\/martin-pyco-rausch-fans.sk\/index.php?rest_route=\/wp\/v2\/pages\/18","targetHints":{"allow":["GET"]}}],"collection":[{"href":"https:\/\/martin-pyco-rausch-fans.sk\/index.php?rest_route=\/wp\/v2\/pages"}],"about":[{"href":"https:\/\/martin-pyco-rausch-fans.sk\/index.php?rest_route=\/wp\/v2\/types\/page"}],"author":[{"embeddable":true,"href":"https:\/\/martin-pyco-rausch-fans.sk\/index.php?rest_route=\/wp\/v2\/users\/1"}],"replies":[{"embeddable":true,"href":"https:\/\/martin-pyco-rausch-fans.sk\/index.php?rest_route=%2Fwp%2Fv2%2Fcomments&post=18"}],"version-history":[{"count":19,"href":"https:\/\/martin-pyco-rausch-fans.sk\/index.php?rest_route=\/wp\/v2\/pages\/18\/revisions"}],"predecessor-version":[{"id":15827,"href":"https:\/\/martin-pyco-rausch-fans.sk\/index.php?rest_route=\/wp\/v2\/pages\/18\/revisions\/15827"}],"wp:featuredmedia":[{"embeddable":true,"href":"https:\/\/martin-pyco-rausch-fans.sk\/index.php?rest_route=\/wp\/v2\/media\/7039"}],"wp:attachment":[{"href":"https:\/\/martin-pyco-rausch-fans.sk\/index.php?rest_route=%2Fwp%2Fv2%2Fmedia&parent=18"}],"curies":[{"name":"wp","href":"https:\/\/api.w.org\/{rel}","templated":true}]}}