{"id":20,"date":"2014-10-16T21:50:08","date_gmt":"2014-10-16T19:50:08","guid":{"rendered":"http:\/\/www.martin-pyco-rausch-fans.sk\/wordpress\/?page_id=20"},"modified":"2016-12-30T02:45:35","modified_gmt":"2016-12-30T01:45:35","slug":"vyroky-od-pyca","status":"publish","type":"page","link":"https:\/\/martin-pyco-rausch-fans.sk\/?page_id=20","title":{"rendered":"V\u00fdroky Pyca"},"content":{"rendered":"<p>Do tejto podsekcie sa bud\u00fa prid\u00e1va\u0165 v\u0161etky zauj\u00edmav\u00e9 v\u00fdroky Pyca, ktor\u00e9 sa objavili na internete.<\/p>\n<p>&nbsp;<\/p>\n<p><b>Pyco pre Ugandu &#8211; s\u00e1m videl v ak\u00fdch podmienkach \u017eij\u00fa deti<\/b><br \/>\nV j\u00fani minul\u00e9ho roka som nav\u0161t\u00edvil dva z najchudobnej\u0161\u00edch okresov africkej Ugandy. Sna\u017e\u00edm sa akt\u00edvne podporova\u0165 UNICEF Slovensko a je mi c\u0165ou by\u0165 ofici\u00e1lnym vyslancom dobrej v\u00f4le. O to viac ma zauj\u00edma priama pomoc a rie\u0161enia na poh\u013ead jednoduch\u00fdch probl\u00e9mov, ktor\u00e9 v kone\u010dnom d\u00f4sledku zachra\u0148uj\u00fa stovky \u017eivotov a poskytuj\u00fa de\u0165om a ich rodi\u010dom v rozvojov\u00fdch krajin\u00e1ch lep\u0161ie podmienky na \u017eivot.<br \/>\nS\u00e1m som h\u013eadal odpove\u010f na ot\u00e1zku, kam smeruje pomoc zo Slovenska, ako s\u00fa vynalo\u017een\u00e9 financie a ak\u00fa formu m\u00e1 re\u00e1lna pomoc v ter\u00e9ne. Nav\u0161t\u00edvil som nieko\u013eko z\u00e1kladn\u00fdch \u0161k\u00f4l, zdravotn\u00fdch stred\u00edsk, stretol stovky det\u00ed a obyvate\u013eov najzaostalej\u0161\u00edch okresov. Deti sa doned\u00e1vna u\u010dili pod stromami a na niektor\u00fdch miestach je tomu tak dodnes, \u010do v krajine s polro\u010dn\u00fdm da\u017e\u010fov\u00fdm obdob\u00edm znemo\u017e\u0148uje kontinuitu \u0161kolskej doch\u00e1dzky a vzdel\u00e1vania v\u0161eobecne. V\u010faka finan\u010dnej pomoci vznikaj\u00fa postupne jednoduch\u0161ie budovy, ktor\u00e9 umo\u017e\u0148uj\u00fa pravideln\u00e9 vyu\u010dovanie napriek tomu, \u017ee v\u00e4\u010d\u0161ina z nich je len hrubou stavbou a st\u00e1le im ch\u00fdbaj\u00fa okn\u00e1 \u010di funk\u010dn\u00e9 strechy. Deti a u\u010ditelia doch\u00e1dzaj\u00fa do \u0161k\u00f4l ka\u017ed\u00fd de\u0148 pe\u0161o nieko\u013eko kilometrov. Mo\u017enos\u0165 u\u010di\u0165 sa si v\u0161ak o\u010dividne v\u00e1\u017eia. Rovnako aj latr\u00edny, ktor\u00e9 v\u010faka UNICEF postupne vznikaj\u00fa. Na mieste som sa presved\u010dil, \u017ee najz\u00e1kladnej\u0161\u00edm probl\u00e9mom je st\u00e1le pitn\u00e1 voda. \u017diadne zo zariaden\u00ed, ktor\u00e9 som nav\u0161t\u00edvil, jej nemalo dostatok, alebo ju nemalo v\u00f4bec. Deti ka\u017ed\u00fd de\u0148 putuj\u00fa s pr\u00e1zdnymi n\u00e1dobami nieko\u013eko kilometrov k vodn\u00fdm zdrojom, kde na\u010derpaj\u00fa, ko\u013eko unes\u00fa. A tak vznik\u00e1 mal\u00e1 z\u00e1soba pre ka\u017ed\u00fa \u0161kolu. S\u00e1m som podobn\u00fa t\u00faru absolvoval v k\u0155dli bos\u00fdch det\u00ed, ktor\u00e9 mi rozpr\u00e1vali o miestnych kobr\u00e1ch \u010di pyt\u00f3noch kr\u00e1\u010daj\u00fac chodn\u00ed\u010dkami vo vysokej, hustej tr\u00e1ve. Absenciou pitnej vody kles\u00e1 aj hygiena a deti tak manu\u00e1lnym nosen\u00edm vody prich\u00e1dzaj\u00fa o \u010das\u0165 vyu\u010dovania. V\u00fdstavba funk\u010dn\u00fdch vodovodov je nesmierne potrebn\u00e1 pre zdravotn\u00e9 stredisk\u00e1, kde s\u00fa lek\u00e1ri n\u00faten\u00ed vykon\u00e1va\u0165 len najz\u00e1kladnej\u0161ie o\u0161etrenia v primit\u00edvnych podmienkach.<br \/>\nPo\u010das doteraj\u0161\u00edch zbierok UNICEF Slovensko som sa stretol s mnoh\u00fdmi z V\u00e1s, ktor\u00ed nev\u00e1hate pom\u00f4c\u0165 a aj s \u013eu\u010fmi, ktor\u00ed sa p\u00fdtali, pre\u010do je dobr\u00e9 pom\u00f4c\u0165. Nepochyboval som ani predt\u00fdm, ale po n\u00e1v\u0161teve Ugandy viem, \u017ee to \u010do rob\u00edte, m\u00e1 zmysel. Ak sa za\u010dn\u00fa deti usmieva\u0165 a dospel\u00ed si V\u00e1s v\u00e1\u017eia, ke\u010f poviete v Ugande \u201eUNICEF\u201c, znamen\u00e1 to, \u017ee vedia, o kom je re\u010d. Pam\u00e4taj\u00fa si a v\u00e1\u017eia ka\u017ed\u00fa pomoc. Aj napriek tomu, \u017ee \u013eu\u010fom, ktor\u00ed im pom\u00e1haj\u00fa, mo\u017eno nikdy nebud\u00fa ma\u0165 mo\u017enos\u0165 poda\u0165 ruku a po\u010fakova\u0165 sa. Pritom niekedy sta\u010d\u00ed skuto\u010dne m\u00e1lo na to, aby na\u0161a solidarita zmenila svet. \u010eakujeme.<\/p>\n<p><img decoding=\"async\" src=\"https:\/\/martin-pyco-rausch-fans.sk\/wp\/pyco_podpis.png\" alt=\"\" border=\"0\" \/><\/p>\n<span class=\"label label-info \">\nMartin \u201cPyco\u201d Rausch | vyslanec dobrej v\u00f4le UNICEF | <a href=\"https:\/\/www.unicef.sk\/\">www.unicef.sk<\/a>\n<\/span>\n<p>&nbsp;<\/p>\n<p><b>\u00a0Spustila sa gu\u013eova\u010dka medzi po\u013eovn\u00edkmi a ochrancami zvierat<\/b><br \/>\nPrem\u00fd\u0161\u013eam, pre\u010do za tis\u00edce rokov t\u00fato plan\u00e9tu neobsadili tie premno\u017een\u00e9 ma\u010dky a psy, ktor\u00e9 sa a\u017e dnes od po\u013eovn\u00edkov dozvedaj\u00fa, \u017ee s\u00fa premno\u017een\u00e9 a namiesto podpory kastra\u010dn\u00fdch programov sa vol\u00ed vra\u017edenie. Zar\u00e1\u017ea m\u00e1 fakt, \u017ee sa niektor\u00fd po\u013eovn\u00edk c\u00edti by\u0165 povinn\u00fd likvidova\u0165 psa \u010di ma\u010dku vo vo\u013enej pr\u00edrode aj bez toho, aby preukazovali ak\u00e9ko\u013evek rozpoznate\u013en\u00e9 nebezpe\u010denstvo. Namiesto toho vznik\u00e1 diskusia o tom, \u010di bude niekto zviera zab\u00edja\u0165 50 alebo 200 metrov od domu \u010di majite\u013ea?! U n\u00e1s je, \u017eia\u013e, probl\u00e9m v z\u00e1konoch u\u017e len pov\u00fd\u0161i\u0165 dom\u00e1ce zviera na status \u017eiv\u00e9ho tvora. Nestrie\u013eajme teda do VEC\u00cd, ktor\u00e9 n\u00e1s neohrozuj\u00fa a dokonca neraz maj\u00fa l\u00e1skypln\u00e9ho majite\u013ea, pr\u00edpadne ho pr\u00e1ve h\u013eadaj\u00fa.<br \/>\n<span class=\"label label-info \">\nMartin &#8222;Pyco\u201c Rausch | <a href=\"http:\/\/www.topky.sk\/cl\/100313\/1278168\/Zname-tvare-nasho-soubiznisu-sa-buria--Nestrielajte-ich-\" target=\"_blank\">www.topky.sk<\/a>\n<\/span><\/p>\n<p>&nbsp;<\/p>\n<p><b>\u010c\u00edm \u017eijem \u2013 Ru\u0161no pred Eurov\u00edziou<\/b><br \/>\nKe\u010f p\u00ed\u0161em tento text, zost\u00e1vaj\u00fa \u0161tyri dni do za\u010diatku EUROSONG-u, po\u010d\u00favam 60 piesn\u00ed, zbieram inform\u00e1cie, sk\u00fa\u0161am kost\u00fdmy a telefonujem s re\u017eis\u00e9rom. A neviem, \u010d\u00edm to je, ale op\u00e4\u0165 sa na t\u00fato pr\u00e1cu ve\u013emi te\u0161\u00edm. Mo\u017eno preto, \u017ee sa vraciam k hudbe ako takej, mo\u017eno aj preto, \u017ee Eurov\u00edzia je polstoro\u010die trvaj\u00faca s\u00fa\u0165a\u017e , d\u00e1ma v rokoch a Eur\u00f3pania ju sleduj\u00fa pre z\u00e1bavu, u\u017e menej preto, aby objavili Mozarta \u010di Stevieho Wondera. Na Slovensku je to v\u0161ak inak. V\u017edy ma fascinovalo, ako u n\u00e1s masa fand\u00ed futbalu \u010di hokeju. E\u0161te viac ma fascinuje, ke\u010f vid\u00edm \u013eud\u00ed s pivn\u00fdm pupkom rozhor\u010dova\u0165 sa nad ne\u00faspechom \u0161portovcov, oby\u010dajne skon\u010d\u00edm pri utopistickej predstave, \u010di by dan\u00fd kritik podal s\u00e1m lep\u0161\u00ed v\u00fdkon. A pri hudbe to plat\u00ed dvojn\u00e1sobne. Rozumiem hudobn\u00edkom, ktor\u00ed sa vlastnou tvorbou vymykaj\u00fa \u017e\u00e1nrom koketuj\u00facim s \u00fa\u010das\u0165ou na medzin\u00e1rodnej s\u00fa\u0165a\u017ei podobnej cirkusu. Ale v\u00f4bec nerozumiem znechuten\u00fdm, ktor\u00ed s\u00fa v podobn\u00fdch vod\u00e1ch doma, vedia v\u0161etko komponova\u0165 a zaspieva\u0165 lep\u0161ie ne\u017e t\u00ed na obrazovke, ale nikdy preto ni\u010d neurobia. Ak nie som spokojn\u00fd s t\u00fdm, ak\u00e1 je \u00farove\u0148 v konkuren\u010dnom prostred\u00ed a m\u00e1m pocit, \u017ee som lep\u0161\u00ed, pre\u010do to nechcem s\u00e1m posun\u00fa\u0165 k lep\u0161iemu vlastn\u00fdm pri\u010dinen\u00edm? V na\u0161om malom \u0161oubiznise mi ob\u010das ch\u00fdba prajnos\u0165, rados\u0165 z toho, \u017ee in\u00e9mu sa dar\u00ed bez toho, aby sme ho porovn\u00e1vali s vlastn\u00fdm \u00faspechom \u010di ne\u00faspechom. Odchovali ma rak\u00faske r\u00e1di\u00e1 na komer\u010dnom pope, ktor\u00fd mi vtedaj\u0161ie \u010ceskoslovensko nedovolilo. A od roku \u00b489 si s demokraciou sp\u00e1jam aj hudbu a mo\u017enos\u0165 vo\u013eby. Vybral som si mo\u017enos\u0165 moderova\u0165 Eurosong, kv\u00f4li \u0161t\u00e1bu a aj \u013eu\u010fom, ktor\u00ed namiesto karaoke spievaj\u00fa nov\u00e9 skladby, nap\u00edsan\u00e9 pr\u00e1ve pre t\u00fato pr\u00edle\u017eitos\u0165. Azda jedna z nich sa bude v\u00e4\u010d\u0161ine z n\u00e1s p\u00e1\u010di\u0165 nato\u013eko, \u017ee ju po\u0161leme do N\u00f3rska a ostatn\u00ed si na n\u00e1s v m\u00e1ji spomen\u00fa aj v inej s\u00favislosti ako s trhavinou v bato\u017eine.<br \/>\n<span class=\"label label-info \">\nMartin &#8222;Pyco\u201c Rausch | www.hnonline.sk\n<\/span><\/p>\n","protected":false},"excerpt":{"rendered":"<p>Do tejto podsekcie sa bud\u00fa prid\u00e1va\u0165 v\u0161etky zauj\u00edmav\u00e9 v\u00fdroky Pyca, ktor\u00e9 sa objavili na internete. &nbsp; Pyco pre Ugandu &#8211; s\u00e1m videl v ak\u00fdch podmienkach \u017eij\u00fa deti V j\u00fani minul\u00e9ho roka som nav\u0161t\u00edvil dva z najchudobnej\u0161\u00edch okresov africkej Ugandy. Sna\u017e\u00edm sa akt\u00edvne podporova\u0165 UNICEF Slovensko a je mi c\u0165ou by\u0165 ofici\u00e1lnym vyslancom dobrej v\u00f4le. O [&hellip;]<\/p>\n","protected":false},"author":1,"featured_media":7038,"parent":0,"menu_order":0,"comment_status":"open","ping_status":"open","template":"","meta":{"footnotes":""},"class_list":["post-20","page","type-page","status-publish","has-post-thumbnail","hentry"],"_links":{"self":[{"href":"https:\/\/martin-pyco-rausch-fans.sk\/index.php?rest_route=\/wp\/v2\/pages\/20","targetHints":{"allow":["GET"]}}],"collection":[{"href":"https:\/\/martin-pyco-rausch-fans.sk\/index.php?rest_route=\/wp\/v2\/pages"}],"about":[{"href":"https:\/\/martin-pyco-rausch-fans.sk\/index.php?rest_route=\/wp\/v2\/types\/page"}],"author":[{"embeddable":true,"href":"https:\/\/martin-pyco-rausch-fans.sk\/index.php?rest_route=\/wp\/v2\/users\/1"}],"replies":[{"embeddable":true,"href":"https:\/\/martin-pyco-rausch-fans.sk\/index.php?rest_route=%2Fwp%2Fv2%2Fcomments&post=20"}],"version-history":[{"count":10,"href":"https:\/\/martin-pyco-rausch-fans.sk\/index.php?rest_route=\/wp\/v2\/pages\/20\/revisions"}],"predecessor-version":[{"id":7272,"href":"https:\/\/martin-pyco-rausch-fans.sk\/index.php?rest_route=\/wp\/v2\/pages\/20\/revisions\/7272"}],"wp:featuredmedia":[{"embeddable":true,"href":"https:\/\/martin-pyco-rausch-fans.sk\/index.php?rest_route=\/wp\/v2\/media\/7038"}],"wp:attachment":[{"href":"https:\/\/martin-pyco-rausch-fans.sk\/index.php?rest_route=%2Fwp%2Fv2%2Fmedia&parent=20"}],"curies":[{"name":"wp","href":"https:\/\/api.w.org\/{rel}","templated":true}]}}