{"id":24,"date":"2014-10-16T21:50:44","date_gmt":"2014-10-16T19:50:44","guid":{"rendered":"http:\/\/www.martin-pyco-rausch-fans.sk\/wordpress\/?page_id=24"},"modified":"2025-09-03T20:29:38","modified_gmt":"2025-09-03T19:29:38","slug":"ocenenia-a-nominacie","status":"publish","type":"page","link":"https:\/\/martin-pyco-rausch-fans.sk\/?page_id=24","title":{"rendered":"Ocenenia a nomin\u00e1cie"},"content":{"rendered":"<p><center><a title=\"photo gallery\" href=\"https:\/\/martin-pyco-rausch-fans.sk\/galeriaX\/thumbnails.php?album=578\" target=\"_blank\"><img decoding=\"async\" class=\"elite\" src=\"https:\/\/martin-pyco-rausch-fans.sk\/wp\/award2011.jpg\" alt=\"\" border=\"0\" \/><\/a><\/center><br \/>\n<div class = \"alert alert-warning \">OTO v kateg\u00f3rii Moder\u00e1tor z\u00e1bavn\u00fdch programov za rok 2011 patr\u00ed Pycovi. Gratulujeme k cene! [<a href=\"https:\/\/martin-pyco-rausch-fans.sk\/galeriaX\/thumbnails.php?album=578\" target=\"_blank\" rel=\"noopener noreferrer\">album<\/a>]|[<a href=\"https:\/\/martin-pyco-rausch-fans.sk\/galeriaX\/thumbnails.php?album=570\" target=\"_blank\" rel=\"noopener noreferrer\">album 2<\/a>] <\/div><\/p>\n<p>&nbsp;<\/p>\n<p><b>Pyco je r\u00e1d, \u017ee mu div\u00e1ci poslali hlasy v ankete OTO, no najd\u00f4le\u017eitej\u0161ie je, \u017ee sleduj\u00fa projekty, ktor\u00e9 moderuje.<\/b><br \/>\n<i>\u201eVolala mi mama, ona to sleduje,&#8220;<\/i> odpoved\u00e1 Pyco na ot\u00e1zku, ako sa dozvedel o svojej nomin\u00e1cii v kateg\u00f3rii Moder\u00e1tor z\u00e1bavn\u00fdch programov v ankete OTO 2011. T\u00e1to spr\u00e1va ho pote\u0161ila, no v\u00ed\u0165azstvo neo\u010dak\u00e1va: <i>\u201eDoposia\u013e som bol len nominovan\u00fd, nikdy som nevyhral a nemysl\u00edm, \u017ee sa to tento rok zmen\u00ed.&#8220;<\/i> Napriek tomu rekapituluje svoj rok 2011 ako mimoriadne \u00faspe\u0161n\u00fd. <i>\u201eJedin\u00fd projekt, ktor\u00fd som minul\u00fd rok moderoval, je \u010cesko Slovensko\u00a0m\u00e1 talent, tak\u017ee aspo\u0148 50-percentn\u00fd podiel na mojom \u00faspechu m\u00e1 Jakub a predov\u0161etk\u00fdm \u010dlenovia \u0161t\u00e1bu,&#8220;<\/i> dod\u00e1va. Ocenenie so\u0161kou OTO by najviac doprial pr\u00e1ve \u010cSMT: <i>\u201eBolo by fajn, keby Talent obh\u00e1jil minuloro\u010dn\u00e9 v\u00ed\u0165azstvo. Ale v\u0161etci, \u010do sme na \u0148om pracovali, sme u\u017e teraz ve\u013emi v\u010fa\u010dn\u00ed div\u00e1kom, v\u010faka ktor\u00fdm mal tento projekt vysok\u00e9 \u010d\u00edsla sledovanosti.&#8220;<\/i><\/p>\n<p style=\"text-align: right;\">Zdroj: csmatalent.joj.sk<\/p>\n<hr \/>\n<p>&nbsp;<\/p>\n<p><center><a href=\"https:\/\/martin-pyco-rausch-fans.sk\/galeriaX\/thumbnails.php?album=1044\" target=\"_blank\"><img decoding=\"async\" class=\"elite\" src=\"https:\/\/martin-pyco-rausch-fans.sk\/wp\/award-sowa2022.jpg\" alt=\"\" border=\"0\" \/><\/a><br \/>\n<\/center><br \/>\n<div class = \"alert alert-warning \">Cenu v kateg\u00f3rii JEDLO z\u00edskal Pyco. :) Srde\u010dne gratulujeme. :) [<a href=\"https:\/\/martin-pyco-rausch-fans.sk\/galeriaX\/thumbnails.php?album=1044\" target=\"_blank\" rel=\"noopener noreferrer\">album<\/a>]|[<a href=\"https:\/\/martin-pyco-rausch-fans.sk\/galeriaX\/thumbnails.php?album=1043\" target=\"_blank\" rel=\"noopener noreferrer\">album 2<\/a>]<\/div><\/p>\n<p>&nbsp;<\/p>\n<blockquote><p><em>\u010eakujem!<br \/>\n\u010ci u\u017e ste za m\u0148a hlasovali alebo sa aspo\u0148 raz v\u00e1\u0161 jed\u00e1lni\u010dek trochu spestril lebo ste nie\u010do u m\u0148a videli, \u010d\u00edtali.<br \/>\nCena v kateg\u00f3rii JEDLO na <a title=\"facebook.com\/SOWA Social Awards Slovakia\" href=\"https:\/\/www.facebook.com\/SOWA-Social-Awards-Slovakia-104894581068521\/\" target=\"_blank\" rel=\"noopener noreferrer\"> SOWA Social Awards Slovakia<\/a> pre m\u0148a znamen\u00e1 ve\u013ea. Posledn\u00e9 tri roky symbolizuje v\u0161etok moj \u010das, z\u00e1ujem aj kreativitu. V\u00fdsledok je to, \u010do m\u00f4\u017eete audiovizu\u00e1lne ochutn\u00e1va\u0165 na mojich online platform\u00e1ch.<br \/>\nNepripravil som sa na \u010fakovn\u00fa re\u010d ale ver\u00edm \u017ee pointu z priameho prenosu som pretlmo\u010dil zrozumite\u013ene. Ak h\u013ead\u00e1te n\u00e1vody na zdrav\u00fd \u017eivot, chudnutie\/priberanie alebo ste naleteli predava\u010dom nezmyseln\u00fdch \u201codkyslovania schopn\u00fdch detoxov\u201d \u010di in\u00fdch chu\u0165oviek, u m\u0148a odpovede nen\u00e1jdete. Nie som expert na v\u00fd\u017eivu, dietol\u00f3g ani lek\u00e1r. Ak m\u00e1te zdravotn\u00e9 probl\u00e9my alebo upravujete stravovanie\/v\u00fd\u017eivu, pora\u010fte sa s kvalifikovan\u00fdm odborn\u00edkom, lek\u00e1rom, nep\u00fdtajte sa kuch\u00e1ra ani sa nera\u010fte s influencermi.<br \/>\nJa za neust\u00e1le vzdel\u00e1vanie a dlhoro\u010dn\u00e9 priate\u013estvo \u010fakujem Silvii Horeckej aka <a title=\"facebook.com\/terapiajedlom\/\" href=\"https:\/\/www.facebook.com\/terapiajedlom\/\" target=\"_blank\" rel=\"noopener noreferrer\"> Terapia jedlom<\/a><\/em> &#x1f64f;<br \/>\n<em>Trochu pr\u00edli\u0161 dlh\u00e9 zamyslenie v momente ke\u010f chcem s v\u010fakou osl\u00e1vi\u0165 va\u0161u podporu, ak ste sa do\u010d\u00edtali a\u017e sem, pr\u00e1ve ste moju rados\u0165 a predstavu o inteligentnom publiku zdvojn\u00e1sobili.<br \/>\nV\u010faka #runningupthathill <\/em>&#x1F90d;<\/p><\/blockquote>\n<p style=\"text-align: right;\">Zdroj: <a href=\"https:\/\/www.facebook.com\/MRPYCO\/posts\/pfbid02pzHqx996vPkgJ87kXAqiV3RJ2Xe4W5yrdSbE98WczF7ifE7e3CFa7tCTP2oj5Pvwl\">facebook.com\/mrpyco<\/a><\/p>\n<hr \/>\n<p>&nbsp;<\/p>\n<p><center><a href=\"https:\/\/martin-pyco-rausch-fans.sk\/galeriaX\/thumbnails.php?album=1046\" target=\"_blank\"><img decoding=\"async\" class=\"elite\" src=\"https:\/\/martin-pyco-rausch-fans.sk\/wp\/award-sowa2023.jpg\" alt=\"\" border=\"0\" \/><\/a><\/center><br \/>\n<div class = \"alert alert-warning \">Pyco sa po druh\u00fdkr\u00e1t stal v\u00ed\u0165azom prest\u00ed\u017enej ankety SOWA Social Awards Slovakia v kateg\u00f3rii Jedlo. :) Srde\u010dne gratulujeme. :) [<a href=\"https:\/\/martin-pyco-rausch-fans.sk\/galeriaX\/thumbnails.php?album=1046\" target=\"_blank\" rel=\"noopener noreferrer\">album<\/a>]|[<a href=\"https:\/\/martin-pyco-rausch-fans.sk\/galeriaX\/thumbnails.php?album=1047\" target=\"_blank\" rel=\"noopener noreferrer\">album 2<\/a>]<\/div><\/p>\n<p>&nbsp;<\/p>\n<blockquote><p><em>V\u010deraj\u0161ok chutil ve\u013emi, vy ste mi navarili <\/em> <i class=\" fa fa-square-o \" style=\"color:#f7f7f7;\"><\/i>&#x1f64b;&#x1f3fb;\u200d\u2642\ufe0f <em>\u010eakujem za hlasy a druh\u00fa so\u0161ku na @socialawardslovakia <\/p>\n<p>#TrebaSiVarit<\/em><\/p><\/blockquote>\n<p style=\"text-align: right;\">Zdroj: <a href=\"https:\/\/www.facebook.com\/MRPYCO\/posts\/pfbid0L4NMSeDtWQkujjuB5arV4mXPK5MSxoD2PRVsD12PRPQmiNygEudXEpk7uYLYpszCl\">facebook.com\/mrpyco<\/a><\/p>\n<hr \/>\n<p>&nbsp;<\/p>\n<p><center><a href=\"https:\/\/martin-pyco-rausch-fans.sk\/galeriaX\/thumbnails.php?album=1073\" target=\"_blank\"><img decoding=\"async\" class=\"elite\" src=\"https:\/\/martin-pyco-rausch-fans.sk\/wp\/award-pantarhei2024.jpg\" alt=\"\" border=\"0\" \/><\/a><\/center><br \/>\n<div class = \"alert alert-warning \">Kniha Treba si vari\u0165 sa stala knihou roka v kateg\u00f3rii \u017divotn\u00fd \u0161t\u00fdl na Panta Rhei Awards. :) Srde\u010dne gratulujeme. :) [<a href=\"https:\/\/martin-pyco-rausch-fans.sk\/galeriaX\/thumbnails.php?album=1073\" target=\"_blank\" rel=\"noopener noreferrer\">album<\/a>]<\/div><\/p>\n<p>&nbsp;<\/p>\n<blockquote><p><em>\u010eAKUJEM<\/em> &#x1F90d; <em>#Trebasivarit<\/em> &#x1F37B; <em>kniha roka v kateg\u00f3rii \u017divotn\u00fd \u0161t\u00fdl  na #PantaRheiAwards<br \/>\nV\u010faka ak ste hlasovali, urobili ste mi ve\u013ek\u00fa rados\u0165, ktor\u00fa zdielam aj s grafi\u010dkou @janinadrnkova<\/em> &#x1F49A; <em>a <a title=\"instagram.com\/vydavatelstvo_ikar\" href=\"https:\/\/www.instagram.com\/vydavatelstvo_ikar\/\" target=\"_blank\" rel=\"noopener noreferrer\">@vydavatelstvo_ikar<\/a> na zdravie!<\/em> &#x1f64b;&#x1f3fb;\u200d\u2642\ufe0f &#x1f64c;<br \/>\n&#x1f4f8; <em>by the one and <a title=\"instagram.com\/_dzejny\/\" href=\"https:\/\/www.instagram.com\/_dzejny\/?fbclid=IwZXh0bgNhZW0CMTAAAR1FX4f4PnJElzFa5JE-GkOcnF0ohvLCImZBZfwbxzuMC0f0vzWUKd3P-LQ_aem_AeL4NImGE-sjUNBnbN_NH_VYUWsqDGErRU5oyOH4Sa2DcjcCiPws_dQ6x_Gz08snl9Tv3vaSWZ8OOpuzbmcaBGsk\" target=\"_blank\" rel=\"noopener noreferrer\">only @_dzejny<\/a><\/em> &#x1F64F;<\/p><\/blockquote>\n<p style=\"text-align: right;\">Zdroj: <a href=\"https:\/\/www.facebook.com\/MRPYCO\/posts\/pfbid02da6UuL6binKJjDC1BtMupdJ9uiqfdkhf2YW8QVWNxde29ZnMWmvxgr1YiNojQFMul\">facebook.com\/mrpyco<\/a><\/p>\n<p>&nbsp;<br \/>\n&nbsp;<br \/>\n&nbsp;<\/p>\n<hr \/>\n<p>&nbsp;<\/p>\n<p><center><a href=\"https:\/\/martin-pyco-rausch-fans.sk\/galeriaX\/thumbnails.php?album=1074\" target=\"_blank\"><img decoding=\"async\" class=\"elite\" src=\"https:\/\/martin-pyco-rausch-fans.sk\/wp\/award-ikariada2024.jpg\" alt=\"\" border=\"0\" \/><\/a><\/center><br \/>\n<div class = \"alert alert-warning \">Kniha Treba si vari\u0165 z\u00edskala cenu Zlat\u00e1 kniha od vydavate\u013estva Ikar. :) Srde\u010dne gratulujeme. :)<br \/>\n[<a href=\"https:\/\/martin-pyco-rausch-fans.sk\/galeriaX\/thumbnails.php?album=1074\" target=\"_blank\" rel=\"noopener noreferrer\">album<\/a>]|[<a href=\"https:\/\/martin-pyco-rausch-fans.sk\/galeriaX\/thumbnails.php?album=1075\" target=\"_blank\" rel=\"noopener noreferrer\">album 2<\/a>]<\/div><\/p>\n<p>&nbsp;<\/p>\n<blockquote><p>&#x1f64f; <em>va\u0161a podpora a z\u00e1ujem v \u010fal\u0161om ocenen\u00ed<\/em> &#x1F3C6; <em>pre knihu #TrebaSiVarit<\/em> &#x1F64C; <em>\u201czlat\u00e1 kniha\u201d od <a title=\"instagram.com\/vydavatelstvo_ikar\" href=\"https:\/\/www.instagram.com\/vydavatelstvo_ikar\/\" target=\"_blank\" rel=\"noopener noreferrer\">@vydavatelstvo_ikar<\/a>  \u010eAKUJEM<\/em> &#x1f525;<\/p><\/blockquote>\n<p style=\"text-align: right;\">Zdroj: <a href=\"https:\/\/www.facebook.com\/MRPYCO\/posts\/pfbid02jvhGy2zh2otyVr95iyZMQkWSqypKsTsxzVbwLpwHEuuxeJuNJWvx4AHEjdEMwdB6l\">facebook.com\/mrpyco<\/a><\/p>\n<p><b>Ocenenia:<\/b><br \/>\n* <b>2024<\/b> \/ Ikari\u00e1da <b>(2023)<\/b> \u2013 Cena Zlat\u00e1 kniha (Treba si vari\u0165)<br \/>\n* <b>2024<\/b> \/ Panta Rhei Awards <b>(2023)<\/b> \u2013 \u017divotn\u00fd \u0161t\u00fdl &#8211; kniha roka (Treba si vari\u0165)<br \/>\n* <b>2024<\/b> \/ Panta Rhei Awards <b>(2023)<\/b> \u2013 Slovensk\u00fd spisovate\u013e roka (2. miesto)<br \/>\n* <b>2023<\/b> \/ SOWA Social Awards Slovakia <b>(2023)<\/b> \u2013 Cena v kateg\u00f3rii JEDLO (V\u00ed\u0165az)<br \/>\n* <b>2022<\/b> \/ SOWA Social Awards Slovakia <b>(2022)<\/b> \u2013 Cena v kateg\u00f3rii JEDLO (V\u00ed\u0165az)<br \/>\n* <b>2017<\/b> \/ Osobnos\u0165 telev\u00edznej obrazovky <b>(OTO 2016)<\/b> \u2013 Program roka (Tvoja tv\u00e1r znie povedome)<br \/>\n* <b>2016<\/b> \/ Promax BDE Europe Awards <b>(2015)<\/b> &#8211; najlep\u0161\u00ed sc\u00e9nografick\u00fd projekt (\u010cesko Slovensk\u00e1 SuperStar)<br \/>\n* <b>2012<\/b> \/ Osobnos\u0165 telev\u00edznej obrazovky <b>(OTO 2011)<\/b> \u2013 Moder\u00e1tor\/Moder\u00e1torka z\u00e1bavn\u00fdch programov<br \/>\n* <b>2011<\/b> \/ Osobnos\u0165 telev\u00edznej obrazovky <b>(OTO 2010)<\/b> \u2013 Program roka (\u010cesko Slovensko\u00a0m\u00e1 Talent)<br \/>\n* <b>2006<\/b> \/ Osobnos\u0165 telev\u00edznej obrazovky <b>(OTO 2005)<\/b> \u2013 Program roka (Slovensko\u00a0h\u013ead\u00e1 SuperStar)<br \/>\n* <b>2005<\/b> \/ Osobnos\u0165 telev\u00edznej obrazovky <b>(OTO 2004)<\/b> \u2013 Program roka (Slovensko h\u013ead\u00e1 SuperStar)<\/p>\n<p>&nbsp;<\/p>\n<p><b>Nomin\u00e1cie:<\/b><br \/>\nPyco bol osemkr\u00e1t nominovan\u00fd (TOP3) v telev\u00edznej ankete OTO v kateg\u00f3rii moder\u00e1tor\/moder\u00e1torka z\u00e1bavn\u00fdch programov.<\/p>\n<p>&nbsp;<\/p>\n<p><strong>Rebr\u00ed\u010dek:<\/strong><br \/>\n* <b>2019<\/b> \/ Magaz\u00edn Forbes <b>(2019)<\/b> \u2013 Najlep\u0161\u00ed influenceri (2. miesto)<\/p>\n","protected":false},"excerpt":{"rendered":"<p>&nbsp; Pyco je r\u00e1d, \u017ee mu div\u00e1ci poslali hlasy v ankete OTO, no najd\u00f4le\u017eitej\u0161ie je, \u017ee sleduj\u00fa projekty, ktor\u00e9 moderuje. \u201eVolala mi mama, ona to sleduje,&#8220; odpoved\u00e1 Pyco na ot\u00e1zku, ako sa dozvedel o svojej nomin\u00e1cii v kateg\u00f3rii Moder\u00e1tor z\u00e1bavn\u00fdch programov v ankete OTO 2011. T\u00e1to spr\u00e1va ho pote\u0161ila, no v\u00ed\u0165azstvo neo\u010dak\u00e1va: \u201eDoposia\u013e som bol [&hellip;]<\/p>\n","protected":false},"author":1,"featured_media":7040,"parent":0,"menu_order":0,"comment_status":"open","ping_status":"open","template":"","meta":{"footnotes":""},"class_list":["post-24","page","type-page","status-publish","has-post-thumbnail","hentry"],"_links":{"self":[{"href":"https:\/\/martin-pyco-rausch-fans.sk\/index.php?rest_route=\/wp\/v2\/pages\/24","targetHints":{"allow":["GET"]}}],"collection":[{"href":"https:\/\/martin-pyco-rausch-fans.sk\/index.php?rest_route=\/wp\/v2\/pages"}],"about":[{"href":"https:\/\/martin-pyco-rausch-fans.sk\/index.php?rest_route=\/wp\/v2\/types\/page"}],"author":[{"embeddable":true,"href":"https:\/\/martin-pyco-rausch-fans.sk\/index.php?rest_route=\/wp\/v2\/users\/1"}],"replies":[{"embeddable":true,"href":"https:\/\/martin-pyco-rausch-fans.sk\/index.php?rest_route=%2Fwp%2Fv2%2Fcomments&post=24"}],"version-history":[{"count":46,"href":"https:\/\/martin-pyco-rausch-fans.sk\/index.php?rest_route=\/wp\/v2\/pages\/24\/revisions"}],"predecessor-version":[{"id":15446,"href":"https:\/\/martin-pyco-rausch-fans.sk\/index.php?rest_route=\/wp\/v2\/pages\/24\/revisions\/15446"}],"wp:featuredmedia":[{"embeddable":true,"href":"https:\/\/martin-pyco-rausch-fans.sk\/index.php?rest_route=\/wp\/v2\/media\/7040"}],"wp:attachment":[{"href":"https:\/\/martin-pyco-rausch-fans.sk\/index.php?rest_route=%2Fwp%2Fv2%2Fmedia&parent=24"}],"curies":[{"name":"wp","href":"https:\/\/api.w.org\/{rel}","templated":true}]}}