{"id":26,"date":"2014-10-16T21:50:57","date_gmt":"2014-10-16T19:50:57","guid":{"rendered":"http:\/\/www.martin-pyco-rausch-fans.sk\/wordpress\/?page_id=26"},"modified":"2021-04-02T16:59:20","modified_gmt":"2021-04-02T15:59:20","slug":"rodina-a-priatelia","status":"publish","type":"page","link":"https:\/\/martin-pyco-rausch-fans.sk\/?page_id=26","title":{"rendered":"Rodina a priatelia"},"content":{"rendered":"<figure class=\"thumbnail wp-caption alignleft\" style=\"width: 210px\"><img loading=\"lazy\" decoding=\"async\" class=\"elite\" src=\"https:\/\/martin-pyco-rausch-fans.sk\/wp\/rufus.jpg\" alt=\"\" width=\"200\" height=\"272\" align=\"left\" border=\"0\" hspace=\"5\" \/><figcaption class=\"caption wp-caption-text\">s papag\u00e1jom R\u00fafusom<\/figcaption><\/figure>\n<p>Martin je m\u00e1lo komunikat\u00edvny, s \u013eu\u010fmi, s ktor\u00fdmi sa pozn\u00e1, komunikuje viac. Poch\u00e1dza zo \u0161tyroch det\u00ed, a ke\u010f ho mala mama ako tretie die\u0165a, musela nast\u00fapi\u0165 do pr\u00e1ce. Vtedy k nim za\u010dala chodi\u0165 teta, s ktorou str\u00e1vil ve\u013ea \u010dasu. Brat i\u0161iel do \u0161koly, sestra do \u0161k\u00f4lky a ja on zostal s\u00e1m. Neprek\u00e1\u017ealo mu to, zahral sa s hra\u010dkami a nikto mu pritom nech\u00fdbal. Jeho rodi\u010dia v\u017edy boli aj s\u00fa pre\u0148ho istou autoritou. Nikdy ho priamo do ni\u010doho nen\u00fatili ani v puberte nemusel obhajova\u0165 \u010das pr\u00edchodu a odchodu z domu. Poskytli mu pevn\u00e9 z\u00e1klady a \u010domu sa bolo treba vyhn\u00fa\u0165, sk\u00f4r odpozeral po\u010das dospievania od dvoch star\u0161\u00edch s\u00farodencov. M\u00e1 troch s\u00farodencov. jeho star\u0161\u00ed brat je \u017eenat\u00fd a m\u00e1 jedno die\u0165a, jeho sestra je vydat\u00e1, takisto m\u00e1 deti, a jeho mlad\u0161\u00ed brat zdol\u00e1val angli\u010dtinu vo Ve\u013ekej Brit\u00e1nii. Naj\u010dastej\u0161ie vid\u00ed mlad\u0161ieho brata, ktor\u00fd sn\u00edm tvor\u00ed slobodn\u00fa a bezdetn\u00fa polovi\u010dku potomstva, ve\u013emi dobre si s Bra\u0148om rozumej\u00fa. Star\u0161\u00ed s\u00farodenci u\u017e maj\u00fa rodiny a ods\u0165ahovali sa z Bratislavy a v\u00eddavaj\u00fa sa sporadicky. Obaja jeho rodi\u010dia poch\u00e1dzaj\u00fa z dedinky Doln\u00e1 Krup\u00e1, ne\u010faleko Trnavy.<br \/>\nTam sa narodili aj jeho dvaja star\u0161\u00ed s\u00farodenci. Pyco bol v ich rodine prv\u00fdm Bratislav\u010danom. Rodi\u010dov nav\u0161tevuje, ako \u010dasto sa len d\u00e1, najmenej v\u0161ak raz do t\u00fd\u017ed\u0148a. So synovcami udr\u017eiava takmer s\u00farodeneck\u00fd vz\u0165ah a chod\u00ed k mame na k\u00e1vi\u010dku. Jeho rodina je na dne\u0161n\u00e9 pomery po\u010detn\u00e1 a m\u00e1 rada svoje s\u00fakromie. Jeho kr\u00e1sny zelen\u00fd inteligentn\u00fd papag\u00e1j RUFUS sa hneval, \u017ee na neho nem\u00e1 \u010das, tak teraz sa o neho star\u00e1 jeho mama.\u00a0 Adela s Pycom s\u00fa moder\u00e1torsk\u00fd p\u00e1r a v s\u00fakrom\u00ed aj kamar\u00e1ti. Napriek tomu, \u017ee obaja sa narodili v znamen\u00ed V\u00e1h, s\u00fa diametr\u00e1lne ve\u013emi odli\u0161n\u00ed a z\u00e1rove\u0148 v niektor\u00fdch veciach ve\u013emi podobn\u00ed. Po pracovnej str\u00e1nke sa v\u0161ak stretli v bode, ktor\u00fd je pre ich spolupr\u00e1cu prospe\u0161n\u00fd. Adelu st\u00e1le pova\u017euje Pyco za jednu z najlep\u0161\u00edch moder\u00e1toriek na Slovensku. S Jakubom Pracha\u0159om toho Pyco pri pr\u00e1ci na prvej s\u00e9rii s\u00fa\u0165a\u017ee \u010cesko Slovensko m\u00e1 talent za\u017eil mnoho. Napriek tomu sa z nich ve\u013ek\u00ed kamar\u00e1ti nestali. Pod\u013ea Pycov\u00fdch slov \u0165a\u017eko nadvia\u017eete denn\u00fa formu kamar\u00e1tstva s niek\u00fdm, kto \u017eije v inom meste. S Jakubom sa pracovne stret\u00e1vali cel\u00fd janu\u00e1r a febru\u00e1r, ve\u013ea toho spolu precestovali, po\u017e\u00farovali\u2018 aj za\u017eili. Ke\u010f ich v roku 2010 umelo spojili telev\u00edzie, Pyco mal ve\u013ea pochybnost\u00ed o ich spolo\u010dnom fungovan\u00ed, dnes im je za to v\u010fa\u010dn\u00fd. Rob\u00ed sa im spolu dobre. Ani jeden z nich nie je ve\u013emi ambici\u00f3zny, tak\u017ee namiesto s\u00f3lo pretekov be\u017eia \u0161tafetu, to Pyca motivuje aj nap\u013a\u0148a. Hoci ich zozn\u00e1mili a\u017e pred t\u00edm, ne\u017e padla prv\u00e1 klapka, ver\u00ed, \u017ee sa im podarilo n\u00e1js\u0165 a sformova\u0165 kamar\u00e1tsku ch\u00e9miu a bolo by mu \u013e\u00fato, keby v tom nemohli pokra\u010dova\u0165.<\/p>\n<figure class=\"thumbnail wp-caption alignright\" style=\"width: 334px\"><img loading=\"lazy\" decoding=\"async\" class=\"elite\" src=\"https:\/\/martin-pyco-rausch-fans.sk\/wp\/titi.jpg\" alt=\"\" width=\"324\" height=\"324\" border=\"0\" vspace=\"7\" \/><figcaption class=\"caption wp-caption-text\">s ma\u010di\u010dkou Titti<\/figcaption><\/figure>\n<p>So Zdenkou Prednou sa be\u017ene stret\u00e1va, ob\u010das stretne Pe\u0165u Hume\u0148ansk\u00fa a Tom\u00e1\u0161a Bezdedu stret\u00e1val pomerne \u010dasto, v \u010dasoch, ke\u010f tvoril Tom\u00e1\u0161 s Adelou p\u00e1r. Ale najlep\u0161\u00ed kamar\u00e1ti s\u00fa so Zdenkou a s Katkou Ko\u0161\u010dovou. D\u00e1 sa poveda\u0165, \u017ee Pyco m\u00e1 h\u0155stku priate\u013eov. Chatova\u010dku naposledy absolvoval e\u0161te v 90. rokoch, je r\u00e1d, ak sa mu podar\u00ed zorganizova\u0165 priate\u013eov napr\u00edklad tak, \u017ee je ich dos\u0165 na parti\u010dku pokeru.<br \/>\nPyco mal nieko\u013eko akv\u00e1ri\u00ed, andulky, korely, papag\u00e1jov a za posledn\u00fd rok nieko\u013eko ma\u010diek, vzh\u013eadom na to, \u017ee za\u010dal spolupracova\u0165 s \u00fatulkami Ma\u010dkySOS a stal sa depozit\u00e1rom, teda do\u010dasn\u00fdm opatrovate\u013eom opusten\u00fdch ma\u010diek. Pyco je milovn\u00edkom ma\u010diek. Adoptovane mal napr.\u00a0 \u00fa\u017easn\u00e9ho koc\u00farika &#8222;HIRO&#8220;, \u010dasom si na\u0161iel \u0161\u0165astn\u00fd domov.\u00a0 Potom si adoptoval ma\u010dku &#8222;KITA&#8220;, \u010di koc\u00farika HERCULA, ktor\u00e9ho osobne odovzdal majite\u013eovi.. Dnes m\u00e1 svoju vlastn\u00fa kr\u00e1snu \u010diernu ma\u010di\u010dku a bieleho koc\u00farika.<\/p>\n<figure class=\"thumbnail wp-caption alignleft\" style=\"width: 304px\"><img loading=\"lazy\" decoding=\"async\" class=\"elite\" src=\"https:\/\/martin-pyco-rausch-fans.sk\/wp\/yodo.jpg\" alt=\"\" width=\"294\" height=\"294\" align=\"left\" border=\"0\" hspace=\"5\" vspace=\"5\" \/><figcaption class=\"caption wp-caption-text\">s koc\u00farikom Yodo<\/figcaption><\/figure>\n<p>Ani Pyco si nevie predstavi\u0165 Vianoce bez rodi\u010dov a najbli\u017e\u0161ej rodiny.<br \/>\n\u201eOdmali\u010dka m\u00e1m v\u0161tepen\u00e9, \u017ee na tieto sviatky chcem by\u0165 s rodi\u010dmi, teda pok\u00fdm nem\u00e1m vlastn\u00fa rodinu. V\u017edy to u n\u00e1s bolo zau\u017e\u00edvan\u00e9, \u017ee tie deti, ktor\u00e9 s\u00fa slobodn\u00e9, tr\u00e1via \u0160tedr\u00fd de\u0148 s mamou a otcom,\u201c hovor\u00ed o trad\u00edcii Rauschovcov.<br \/>\nJeho sestra a star\u0161\u00ed brat u\u017e maj\u00fa vlastn\u00e9 rodiny, a tak sa tento viano\u010dn\u00fd zvyk t\u00fdka u\u017e len Pyca a mlad\u0161ieho brata.<br \/>\n\u201eTak\u017ee ja s mlad\u0161\u00edm bratom tr\u00e1vime \u0160tedr\u00fd ve\u010der s rodi\u010dmi a je to stra\u0161n\u00e1 sranda.\u201c<br \/>\nSviato\u010dn\u00e9 menu je asi ako vo v\u00e4\u010d\u0161ine slovensk\u00fdch dom\u00e1cnost\u00ed, aj Rauschovci za\u010d\u00ednaj\u00fa obl\u00e1tkami.<br \/>\n<em>\u201e<\/em>Na stole je ovocie a mama ka\u017ed\u00fd rok pe\u010die skvel\u00fd \u0161tedr\u00e1k. Je v tom \u00fapln\u00e1 majsterka, robieva ho ozaj \u0161tedr\u00fd d\u00e1m si len dva k\u00fasky a u\u017e ni\u010d nevl\u00e1dzem. Kapra nemus\u00edm, mne preto pripravuj\u00fa tresku alebo fil\u00e9. No a potrp\u00edm si na poriadne tu\u010dn\u00fd zemiakov\u00fd majon\u00e9zov\u00fd \u0161al\u00e1t. Ch\u00fdba mi v \u0148om v\u0161ak hr\u00e1\u0161ok,<em>\u201c <\/em>s\u0165a\u017euje sa.<br \/>\n\u0160al\u00e1t toti\u017e u nich chyst\u00e1 otec a on hr\u00e1\u0161ok nem\u00e1 r\u00e1d, preto ho vynech\u00e1va. \u010eal\u0161\u00edm zau\u017e\u00edvan\u00fdm zvykom v rodine moder\u00e1tora je kladenie dar\u010dekov pod strom\u010dek po\u010das ve\u010dere.<br \/>\n<em>\u201e<\/em>V\u017edy si vym\u00fd\u0161\u013eame z\u00e1mienky, pre\u010do mus\u00edme odbehn\u00fa\u0165 od stola, napr\u00edklad \u017ee n\u00e1m treba \u00eds\u0165 na toaletu alebo umy\u0165 si ruky. A\u017e je to smie\u0161ne. No keby som v\u0161etky tieto zvyky po\u010das Vianoc nemal, ch\u00fdbali by mi.\u201c<br \/>\n\u010co je v\u00fdnimo\u010dn\u00e9 v ostatn\u00fdch rokoch u Rauschovcov, s\u00fa spolo\u010densk\u00e9 hry.<br \/>\n\u201eRad\u0161ej si zahr\u00e1me hru, ako pozrie\u0165 si film, ktor\u00fd sme u\u017e videli x-kr\u00e1t.\u201c A najviac rodi\u010dia,<em>\u201c<\/em><br \/>\n<em> \u201e<\/em>Ale ka\u017ed\u00e9 Vianoce rie\u0161im ten ist\u00fd r\u00e9bus. Nielen\u017ee neviem, kde nak\u00fapi\u0165, ale v prvom rade \u2013 \u010do k\u00fapi\u0165. V\u017edy si to uvedom\u00edm p\u00e1r dn\u00ed pred Vianocami, ke\u010f za\u010dnem v panike vymeta\u0165 n\u00e1kupn\u00e9 centr\u00e1<em>.\u201c<\/em> dod\u00e1va Pyco.<\/p>\n<figure class=\"thumbnail wp-caption alignright\" style=\"width: 334px\"><img loading=\"lazy\" decoding=\"async\" class=\"elite\" src=\"https:\/\/martin-pyco-rausch-fans.sk\/wp\/shawnie.jpg\" alt=\"\" width=\"324\" height=\"324\" border=\"0\" vspace=\"7\" \/><figcaption class=\"caption wp-caption-text\"><a href=\"https:\/\/www.facebook.com\/MRPYCO\/photos\/pb.266347164120.-2207520000.1442972664.\/10152964429919121\/?type=3&amp;theater\" target=\"_blank\">viac<\/a> \u00bb<\/figcaption><\/figure>\n<p>Kniha \u201cMOJE JEDLO 2\u201d sa v\u010faka ob\u00e1lke z New Yorku (kde polovicu Pycovej\u00a0tv\u00e1re vytvoril umelec Klaus Enrique), dostala u\u017e aj\u00a0do\u00a0Ohia, kde sa objavila v\u00a0diskusii na konferencii o umelcoch, ktor\u00ed vyu\u017e\u00edvaj\u00fa jedlo ako v\u00fdrazov\u00fd prostriedok. On\u00a0s\u00e1m pova\u017eujete jedlo za umenie.<br \/>\n\u201ePresne tak, bol som v \u0161oku. Jedlo bolo v\u017edy umen\u00edm. Nie je to ako nap\u00edsa\u0165 symf\u00f3niu alebo postavi\u0165 kostol, ale je to tie\u017e \u0165a\u017ek\u00e9 remeslo ktor\u00e9ho najv\u00e4\u010d\u0161\u00ed odborn\u00edk je umelcom na slovo vzat\u00fdm.\u201c<br \/>\nFotografia zaujala predn\u00e1\u0161ate\u013eku Shawnie Kelley, ktor\u00e1 si kv\u00f4li re\u0161er\u0161u vymenila s\u00a0Pycom\u00a0p\u00e1r emailov a dokonca si p\u00fdtala jeho\u00a0s\u00fahlas.\u00a0Pr\u00e1ve cez Instagram a Moje Jedlo z\u00edskal zop\u00e1r nov\u00fdch priate\u013eov, ktor\u00fdch paradoxne nikdy osobne nestretol. Shawnie je jedn\u00fdm z nich.<\/p>\n","protected":false},"excerpt":{"rendered":"<p>Martin je m\u00e1lo komunikat\u00edvny, s \u013eu\u010fmi, s ktor\u00fdmi sa pozn\u00e1, komunikuje viac. Poch\u00e1dza zo \u0161tyroch det\u00ed, a ke\u010f ho mala mama ako tretie die\u0165a, musela nast\u00fapi\u0165 do pr\u00e1ce. Vtedy k nim za\u010dala chodi\u0165 teta, s ktorou str\u00e1vil ve\u013ea \u010dasu. Brat i\u0161iel do \u0161koly, sestra do \u0161k\u00f4lky a ja on zostal s\u00e1m. Neprek\u00e1\u017ealo mu to, zahral [&hellip;]<\/p>\n","protected":false},"author":1,"featured_media":7047,"parent":0,"menu_order":0,"comment_status":"open","ping_status":"open","template":"","meta":{"footnotes":""},"class_list":["post-26","page","type-page","status-publish","has-post-thumbnail","hentry"],"_links":{"self":[{"href":"https:\/\/martin-pyco-rausch-fans.sk\/index.php?rest_route=\/wp\/v2\/pages\/26","targetHints":{"allow":["GET"]}}],"collection":[{"href":"https:\/\/martin-pyco-rausch-fans.sk\/index.php?rest_route=\/wp\/v2\/pages"}],"about":[{"href":"https:\/\/martin-pyco-rausch-fans.sk\/index.php?rest_route=\/wp\/v2\/types\/page"}],"author":[{"embeddable":true,"href":"https:\/\/martin-pyco-rausch-fans.sk\/index.php?rest_route=\/wp\/v2\/users\/1"}],"replies":[{"embeddable":true,"href":"https:\/\/martin-pyco-rausch-fans.sk\/index.php?rest_route=%2Fwp%2Fv2%2Fcomments&post=26"}],"version-history":[{"count":33,"href":"https:\/\/martin-pyco-rausch-fans.sk\/index.php?rest_route=\/wp\/v2\/pages\/26\/revisions"}],"predecessor-version":[{"id":11432,"href":"https:\/\/martin-pyco-rausch-fans.sk\/index.php?rest_route=\/wp\/v2\/pages\/26\/revisions\/11432"}],"wp:featuredmedia":[{"embeddable":true,"href":"https:\/\/martin-pyco-rausch-fans.sk\/index.php?rest_route=\/wp\/v2\/media\/7047"}],"wp:attachment":[{"href":"https:\/\/martin-pyco-rausch-fans.sk\/index.php?rest_route=%2Fwp%2Fv2%2Fmedia&parent=26"}],"curies":[{"name":"wp","href":"https:\/\/api.w.org\/{rel}","templated":true}]}}