{"id":28,"date":"2014-10-16T21:51:24","date_gmt":"2014-10-16T19:51:24","guid":{"rendered":"http:\/\/www.martin-pyco-rausch-fans.sk\/wordpress\/?page_id=28"},"modified":"2016-12-30T02:47:40","modified_gmt":"2016-12-30T01:47:40","slug":"pycov-domov","status":"publish","type":"page","link":"https:\/\/martin-pyco-rausch-fans.sk\/?page_id=28","title":{"rendered":"Pycov domov"},"content":{"rendered":"<p>O tom, kde a ako b\u00fdva Martin, \u017eia\u013e vieme len ve\u013emi m\u00e1lo, ale pod\u013ea internetov\u00fdch zdrojov vieme, \u017ee b\u00fdva v Bratislave dvojizbovom byte v centre Petr\u017ealky v panel\u00e1kovom byte.<\/p>\n<p>Do Petr\u017ealky sa dostal ako sotva \u0161tvorro\u010dn\u00fd. Jeho rodi\u010dia sa s jeho dvomi s\u00farodencami pres\u0165ahovali z okolia Trnavy do Bratislavy, kde sa Martin narodil a prv\u00e9 roky \u017eivota pre\u017eil v \u010dasti Doln\u00e9 Hony resp. Podunajsk\u00fdch Biskupiciach. S pr\u00edchodom najmlad\u0161ieho brata sa s\u0165ahovali do Petr\u017ealky, kv\u00f4li nov\u00e9mu a v\u00e4\u010d\u0161iemu bytu.<\/p>\n","protected":false},"excerpt":{"rendered":"<p>O tom, kde a ako b\u00fdva Martin, \u017eia\u013e vieme len ve\u013emi m\u00e1lo, ale pod\u013ea internetov\u00fdch zdrojov vieme, \u017ee b\u00fdva v Bratislave dvojizbovom byte v centre Petr\u017ealky v panel\u00e1kovom byte. Do Petr\u017ealky sa dostal ako sotva \u0161tvorro\u010dn\u00fd. Jeho rodi\u010dia sa s jeho dvomi s\u00farodencami pres\u0165ahovali z okolia Trnavy do Bratislavy, kde sa Martin narodil a prv\u00e9 [&hellip;]<\/p>\n","protected":false},"author":1,"featured_media":7046,"parent":0,"menu_order":0,"comment_status":"open","ping_status":"open","template":"","meta":{"footnotes":""},"class_list":["post-28","page","type-page","status-publish","has-post-thumbnail","hentry"],"_links":{"self":[{"href":"https:\/\/martin-pyco-rausch-fans.sk\/index.php?rest_route=\/wp\/v2\/pages\/28","targetHints":{"allow":["GET"]}}],"collection":[{"href":"https:\/\/martin-pyco-rausch-fans.sk\/index.php?rest_route=\/wp\/v2\/pages"}],"about":[{"href":"https:\/\/martin-pyco-rausch-fans.sk\/index.php?rest_route=\/wp\/v2\/types\/page"}],"author":[{"embeddable":true,"href":"https:\/\/martin-pyco-rausch-fans.sk\/index.php?rest_route=\/wp\/v2\/users\/1"}],"replies":[{"embeddable":true,"href":"https:\/\/martin-pyco-rausch-fans.sk\/index.php?rest_route=%2Fwp%2Fv2%2Fcomments&post=28"}],"version-history":[{"count":3,"href":"https:\/\/martin-pyco-rausch-fans.sk\/index.php?rest_route=\/wp\/v2\/pages\/28\/revisions"}],"predecessor-version":[{"id":7051,"href":"https:\/\/martin-pyco-rausch-fans.sk\/index.php?rest_route=\/wp\/v2\/pages\/28\/revisions\/7051"}],"wp:featuredmedia":[{"embeddable":true,"href":"https:\/\/martin-pyco-rausch-fans.sk\/index.php?rest_route=\/wp\/v2\/media\/7046"}],"wp:attachment":[{"href":"https:\/\/martin-pyco-rausch-fans.sk\/index.php?rest_route=%2Fwp%2Fv2%2Fmedia&parent=28"}],"curies":[{"name":"wp","href":"https:\/\/api.w.org\/{rel}","templated":true}]}}