{"id":317,"date":"2014-10-18T02:36:47","date_gmt":"2014-10-18T00:36:47","guid":{"rendered":"http:\/\/www.martin-pyco-rausch-fans.sk\/wordpress\/?page_id=317"},"modified":"2026-01-10T18:15:02","modified_gmt":"2026-01-10T17:15:02","slug":"tv-spots","status":"publish","type":"page","link":"https:\/\/martin-pyco-rausch-fans.sk\/?page_id=317","title":{"rendered":"TV rel\u00e1cie"},"content":{"rendered":"<div class=\"table-responsive\"><table width=\"100%\" class=\"table \" style=\"table-bordered table-hover\"><br \/>\n<thead><tr>\n<\/tr><\/thead>\n<tbody><\/p>\n<p><tr>\n<td><img decoding=\"async\" src=\"https:\/\/martin-pyco-rausch-fans.sk\/wp\/video-obrnanoze.jpg\" alt=\"\" border=\"0\" \/><\/td>\n<td><span style=\"color: #808000;\">Na no\u017ee (7. epiz\u00f3da) : Pyco pri\u0161iel pom\u00f4c\u0165 veg\u00e1nskemu bistru <\/span><br \/>\nFile Type: .zip \u2013&gt; .mp4<br \/>\nFile Size: 27\u00a0MB, 33.4 MB, 23.8 MB<br \/>\nDownload: <a href=\"https:\/\/martin-pyco-rausch-fans.sk\/audio%20a%20video\/TV%20relacie\/ostatne\/na-noze-1.zip\">video 1<\/a> :: <a href=\"https:\/\/martin-pyco-rausch-fans.sk\/audio%20a%20video\/TV%20relacie\/ostatne\/na-noze-2.zip\">video 2<\/a> :: <a <a title=\"Video pre Plant\u00e1\u017e Bistro\"href=\"https:\/\/martin-pyco-rausch-fans.sk\/audio%20a%20video\/TV%20relacie\/ostatne\/na-noze-3.zip\">video 3<\/a><\/td>\n<\/tr><\/p>\n<p><tr>\n<td><a href=\"https:\/\/martin-pyco-rausch-fans.sk\/audio%20a%20video\/TV%20relacie\/letsdance\/Lets Dance6-uputavka.zip\"><img decoding=\"async\" src=\"https:\/\/martin-pyco-rausch-fans.sk\/wp\/letsdance6-uputavka.jpg\" alt=\"\" border=\"0\" \/><\/a><\/td>\n<td><span style=\"color: #808000;\"> Let&#8217;s Dance 6 &#8211; Up\u00fatavka <\/span><br \/>\nFile Type: .zip \u2013&gt; .mp4<br \/>\nFile Size: 6.96\u00a0MB<\/td>\n<\/tr><\/p>\n<p><tr>\n<td><a href=\"https:\/\/martin-pyco-rausch-fans.sk\/audio%20a%20video\/TV%20relacie\/tvojatvarzniepovedome\/1s\/Tvoja tvar znie povedome.zip\"><img decoding=\"async\" src=\"https:\/\/martin-pyco-rausch-fans.sk\/wp\/ttzp-video.jpg\" alt=\"\" border=\"0\" \/><\/a><\/td>\n<td><span style=\"color: #808000;\"> Tvoja tv\u00e1r znie povedome &#8211; Up\u00fatavka <\/span><br \/>\nFile Type: .zip \u2013&gt; .mp4<br \/>\nFile Size: 14.5\u00a0MB<\/td>\n<\/tr><\/p>\n<p><tr>\n<td><a href=\"https:\/\/martin-pyco-rausch-fans.sk\/audio%20a%20video\/TV%20relacie\/tvojatvarzniepovedome\/1s\/Tvoja tv\u00e1r znie povedome 2-uputavka.zip\"><img decoding=\"async\" src=\"https:\/\/martin-pyco-rausch-fans.sk\/wp\/ttzp2-video.jpg\" alt=\"\" border=\"0\" \/><\/a><\/td>\n<td><span style=\"color: #808000;\"> Tvoja tv\u00e1r znie povedome 2 &#8211; Up\u00fatavka <\/span><br \/>\nFile Type: .zip \u2013&gt; .mp4<br \/>\nFile Size: 9.1\u00a0MB<\/td>\n<\/tr><\/p>\n<p><tr>\n<td><a href=\"https:\/\/martin-pyco-rausch-fans.sk\/audio%20a%20video\/TV%20relacie\/tvojatvarzniepovedome\/1s\/Pyco as Marilyn Manson.zip\"><img decoding=\"async\" src=\"https:\/\/martin-pyco-rausch-fans.sk\/wp\/ttzp2-video-mrmm.jpg\" alt=\"\" border=\"0\" \/><\/a><\/td>\n<td><span style=\"color: #808000;\"> Tvoja tv\u00e1r znie povedome: Martin Pyco Rausch as Marilyn Manson <\/span><br \/>\nFile Type: .zip \u2013&gt; .mp4<br \/>\nFile Size: 105\u00a0MB<\/td>\n<\/tr><\/p>\n<p><tr>\n<td><a href=\"https:\/\/martin-pyco-rausch-fans.sk\/audio%20a%20video\/TV%20relacie\/tvojatvarzniepovedome\/1s\/Tvoja tv\u00e1r znie povedome 3 -uputavka.zip\"><img decoding=\"async\" src=\"https:\/\/martin-pyco-rausch-fans.sk\/wp\/TTZP3-video.jpg\" alt=\"\" border=\"0\" \/><\/a><\/td>\n<td><span style=\"color: #808000;\"> Tvoja tv\u00e1r znie povedome 3 &#8211; Up\u00fatavka <\/span><br \/>\nFile Type: .zip \u2013&gt; .mp4<br \/>\nFile Size: 11.9\u00a0MB<\/td>\n<\/tr><\/p>\n<p><tr>\n<td><a href=\"https:\/\/martin-pyco-rausch-fans.sk\/audio%20a%20video\/TV%20relacie\/tvojatvarzniepovedome\/1s\/PycoakoChristopherWalken.zip\"><img decoding=\"async\" src=\"https:\/\/martin-pyco-rausch-fans.sk\/wp\/TTZP3-PycoakoChristopherWalken.jpg\" alt=\"\" border=\"0\" \/><\/a><\/td>\n<td><span style=\"color: #808000;\"> Tvoja tv\u00e1r znie povedome: Pyco ako Christopher Walken z klipu Fatboy Slima <\/span><br \/>\nFile Type: .zip \u2013&gt; .mp4<br \/>\nFile Size: 83.5\u00a0MB<\/td>\n<\/tr><\/p>\n<p><tr>\n<td><a href=\"https:\/\/martin-pyco-rausch-fans.sk\/audio%20a%20video\/TV%20relacie\/tvojatvarzniepovedome\/1s\/PycoakoChristopherWalken-zakulisie.zip\"><img decoding=\"async\" src=\"https:\/\/martin-pyco-rausch-fans.sk\/wp\/TTZP3-PycoakoChristopherWalken-zakulisie.jpg\" alt=\"\" border=\"0\" \/><\/a><\/td>\n<td><span style=\"color: #808000;\"> Tvoja tv\u00e1r znie povedome: Pyco ako Christopher Walken z klipu Fatboy Slima &#8211; Video zo z\u00e1kulisia <\/span><br \/>\nFile Type: .zip \u2013&gt; .mp4<br \/>\nFile Size: 23.4\u00a0MB<\/td>\n<\/tr><\/p>\n<p><tr>\n<td><img decoding=\"async\" src=\"https:\/\/martin-pyco-rausch-fans.sk\/wp\/ttzp4-video-uputavky.jpg\" alt=\"\" border=\"0\" \/><\/td>\n<td><span style=\"color: #808000;\">Tvoja tv\u00e1r znie povedome 4 &#8211; Up\u00fatavky <\/span><br \/>\nFile Type: .zip \u2013&gt; .mp4<br \/>\nFile Size: 07.35\u00a0MB, 05.75 MB, 04.81 MB, 04.62 MB, 16.6 MB<br \/>\nDownload: <a href=\"audio%20a%20video\/TV%20relacie\/tvojatvarzniepovedome\/1s\/Tvoja tv\u00e1r znie povedome IV- uputavka.zip\">video 1<\/a> :: <a href=\"https:\/\/martin-pyco-rausch-fans.sk\/audio%20a%20video\/TV%20relacie\/tvojatvarzniepovedome\/1s\/Tvoja tv\u00e1r znie povedome IV. - 2.zip\">video 2<\/a> :: <a href=\"https:\/\/martin-pyco-rausch-fans.sk\/audio%20a%20video\/TV%20relacie\/tvojatvarzniepovedome\/1s\/Tvoja tv\u00e1r znie povedome IV-3.zip\">video 3<\/a> :: <a href=\"https:\/\/martin-pyco-rausch-fans.sk\/audio%20a%20video\/TV%20relacie\/tvojatvarzniepovedome\/1s\/Tvoja tv\u00e1r znie povedome IV. - 4.zip\">video 4<\/a> :: <a href=\"https:\/\/martin-pyco-rausch-fans.sk\/audio%20a%20video\/TV%20relacie\/tvojatvarzniepovedome\/1s\/Tvoja tv\u00e1r znie povedome IV.zip\">video 5<\/a><\/td>\n<\/tr><\/p>\n<p><tr>\n<td><a href=\"https:\/\/martin-pyco-rausch-fans.sk\/audio%20a%20video\/TV%20relacie\/tvojatvarzniepovedome\/1s\/PycoakoChristopherWalken-zakulisie.zip\"><img decoding=\"async\" src=\"https:\/\/martin-pyco-rausch-fans.sk\/wp\/ttzp4-video-nhmm.jpg\" alt=\"\" border=\"0\" \/><\/a><\/td>\n<td><span style=\"color: #808000;\"> Tvoja tv\u00e1r znie povedome: Pyco ako Nina Hagen <\/span><br \/>\nFile Type: .zip \u2013&gt; .mp4<br \/>\nFile Size: 16.2\u00a0MB<\/td>\n<\/tr><\/p>\n<p><tr>\n<td><img decoding=\"async\" src=\"https:\/\/martin-pyco-rausch-fans.sk\/wp\/mch-video.jpg\" alt=\"\" border=\"0\" \/><\/td>\n<td><span style=\"color: #808000;\">MasterChef Slovensko <\/span><br \/>\nFile Type: .zip \u2013&gt; .mp4 \/ .wmv<br \/>\nFile Size: 15.2 MB \/ 21.8 MB<br \/>\nDownload:\u00a0<a href=\"https:\/\/martin-pyco-rausch-fans.sk\/audio%20a%20video\/TV%20relacie\/ostatne\/MasterChef Slovensko.zip\">Up\u00fatavka<\/a> \/ <a href=\"https:\/\/martin-pyco-rausch-fans.sk\/audio%20a%20video\/TV%20relacie\/ostatne\/MasterChef - Epizoda (14. 4. 2016).zip\">Epiz\u00f3da<\/a><br \/>\nTV Mark\u00edza<\/td>\n<\/tr><\/p>\n<p><tr>\n<td><img decoding=\"async\" src=\"https:\/\/martin-pyco-rausch-fans.sk\/wp\/mch-video2.jpg\" alt=\"\" border=\"0\" \/><\/td>\n<td><span style=\"color: #808000;\"> Z\u00e1kulisie \u0161ou MasterChef: \u0160tvrt\u00fdm porotcom Pyco <\/span><br \/>\n<a href=\"http:\/\/videoarchiv.markiza.sk\/video\/44504_zakulisie-sou-masterchef-stvrtym-porotcom-martin-pyco-rausch\">Zhliadnu\u0165<\/a><br \/>\nvideoarchiv.markiza.sk<\/td>\n<\/tr><\/p>\n<p><tr>\n<td><img decoding=\"async\" src=\"https:\/\/martin-pyco-rausch-fans.sk\/wp\/superstar2015-video.jpg\" alt=\"\" border=\"0\" \/><\/td>\n<td><span style=\"color: #808000;\">SuperStar 2015 &#8211; Up\u00fatavka (Pr\u00ed\u010f na kasting)<\/span><br \/>\nFile Type: .zip \u2013&gt; .mp4<br \/>\nFile Size: 19.4\u00a0MB, 25.3 MB<br \/>\nDownload:\u00a0<a href=\"https:\/\/martin-pyco-rausch-fans.sk\/audio%20a%20video\/TV%20relacie\/superstar\/SuperStar-KosiceZilina.zip\">video 1<\/a> :: <a href=\"audio%20a%20video\/TV%20relacie\/superstar\/SuperStar-Bratislava.zip\">video 2<\/a><\/td>\n<\/tr><\/p>\n<p><tr>\n<td><a href=\"https:\/\/martin-pyco-rausch-fans.sk\/audio%20a%20video\/TV%20relacie\/superstar\/SuperStar 2015-OndrejSoukup.zip\"><img decoding=\"async\" src=\"https:\/\/martin-pyco-rausch-fans.sk\/wp\/video-superstar2015-ondro.jpg\" alt=\"\" border=\"0\" \/><\/a><\/td>\n<td><span style=\"color: #808000;\">SuperStar 2015 &#8211; Up\u00fatavka (Ond\u0159ej Soukup)<\/span><br \/>\nFile Type: .zip \u2013&gt; .mp4<br \/>\nFile Size: 07,45\u00a0MB<\/td>\n<\/tr><\/p>\n<p><tr>\n<td><a href=\"https:\/\/martin-pyco-rausch-fans.sk\/audio%20a%20video\/TV%20relacie\/superstar\/SuperStar 2015_ Superporotkyna Klara Vytiskova.zip\"><img decoding=\"async\" src=\"https:\/\/martin-pyco-rausch-fans.sk\/wp\/video-superstar2015-klara.jpg\" alt=\"\" border=\"0\" \/><\/a><\/td>\n<td><span style=\"color: #808000;\">SuperStar 2015 &#8211; Up\u00fatavka (Kl\u00e1ra Vytiskov\u00e1)<\/span><br \/>\nFile Type: .zip \u2013&gt; .mp4<br \/>\nFile Size: 12.3\u00a0MB<\/td>\n<\/tr><\/p>\n<p><tr>\n<td><a href=\"https:\/\/martin-pyco-rausch-fans.sk\/audio%20a%20video\/TV%20relacie\/superstar\/SuperStar 2015_ Superporotca Palo Habera.zip\"><img decoding=\"async\" src=\"https:\/\/martin-pyco-rausch-fans.sk\/wp\/video-superstar2015-palo.jpg\" alt=\"\" border=\"0\" \/><\/a><\/td>\n<td><span style=\"color: #808000;\">SuperStar 2015 &#8211; Up\u00fatavka (Pa\u013eo Habera)<\/span><br \/>\nFile Type: .zip \u2013&gt; .mp4<br \/>\nFile Size: 22.11\u00a0MB<\/td>\n<\/tr><\/p>\n<p><tr>\n<td><a href=\"https:\/\/martin-pyco-rausch-fans.sk\/audio%20a%20video\/TV%20relacie\/superstar\/SuperStar 2015_ Superporotkyna Marta Jandova.zip\"><img decoding=\"async\" src=\"https:\/\/martin-pyco-rausch-fans.sk\/wp\/video-superstar2015-marta.jpg\" alt=\"\" border=\"0\" \/><\/a><\/td>\n<td><span style=\"color: #808000;\">SuperStar 2015 &#8211; Up\u00fatavka (Marta Jandov\u00e1)<\/span><br \/>\nFile Type: .zip \u2013&gt; .mp4<br \/>\nFile Size: 10.1\u00a0MB<\/td>\n<\/tr><\/p>\n<p><tr>\n<td><a href=\"https:\/\/martin-pyco-rausch-fans.sk\/audio%20a%20video\/TV%20relacie\/xfactor\/X%20Factor%202014%20-%20up\u00fatavka.zip\"><img decoding=\"async\" src=\"https:\/\/martin-pyco-rausch-fans.sk\/wp\/xfactor2014.jpg\" alt=\"\" border=\"0\" \/><\/a><\/td>\n<td><span style=\"color: #808000;\">X Factor 2014 &#8211; Up\u00fatavka<\/span><br \/>\nFile Type: .zip \u2013&gt; .mp4<br \/>\nFile Size: 4.4 MB<\/td>\n<\/tr><\/p>\n<p><tr>\n<td><a href=\"https:\/\/martin-pyco-rausch-fans.sk\/audio%20a%20video\/TV%20relacie\/CSMT\/ceskoSlovenskoMatalent-moderatoriTV%20JOJPrima2.zip\"><img decoding=\"async\" src=\"https:\/\/martin-pyco-rausch-fans.sk\/wp\/video-obrCSMTspot.jpg\" alt=\"\" border=\"0\" \/><\/a><\/td>\n<td><span style=\"color: #808000;\">\u010cesko Slovensko M\u00e1 Talent &#8211; Up\u00fatavka<\/span><br \/>\nFile Type: .zip \u2013&gt; .avi<br \/>\nFile Size: 6,27 MB<\/td>\n<\/tr><\/p>\n<p><tr>\n<td><a href=\"https:\/\/martin-pyco-rausch-fans.sk\/audio%20a%20video\/TV%20relacie\/CSMT\/CSMT-ModeratoriVPrima.zip\"><img decoding=\"async\" src=\"https:\/\/martin-pyco-rausch-fans.sk\/wp\/video-obrCSMTspot2.jpg\" alt=\"\" border=\"0\" \/><\/a><\/td>\n<td><span style=\"color: #808000;\">\u010cesko Slovensko M\u00e1 Talent &#8211; TV Prima<\/span><br \/>\nFile Type: .zip \u2013&gt; .mp4<br \/>\nFile Size: 4,60 MB<\/td>\n<\/tr><\/p>\n<p><tr>\n<td><a href=\"https:\/\/martin-pyco-rausch-fans.sk\/audio%20a%20video\/TV%20relacie\/CSMT\/promojoj.zip\"><img decoding=\"async\" src=\"https:\/\/martin-pyco-rausch-fans.sk\/wp\/video-obrCSMTspot3.jpg\" alt=\"\" border=\"0\" \/><\/a><\/td>\n<td><span style=\"color: #808000;\">\u010cesko Slovensko M\u00e1 Talent &#8211; Up\u00fatavka<\/span><br \/>\nFile Type:\u00a0.zip \u2013&gt; .avi<br \/>\nFile Size: 13 MB<\/td>\n<\/tr><\/p>\n<p><tr>\n<td><a href=\"https:\/\/martin-pyco-rausch-fans.sk\/audio%20a%20video\/TV%20relacie\/CSMT\/cesko%20slovensko%20ma%20talent%20-%20spajame%20sa.zip\"><img decoding=\"async\" src=\"https:\/\/martin-pyco-rausch-fans.sk\/wp\/video-obrCSMTspot4.jpg\" alt=\"\" border=\"0\" \/><\/a><\/td>\n<td><span style=\"color: #808000;\">\u010cesko Slovensko M\u00e1 Talent &#8211; TV Spot- ve\u013ek\u00e1 up\u00fatavka<\/span><br \/>\nFile Type: .zip \u2013&gt; .avi<br \/>\nFile Size:\u00a04.40 MB<\/td>\n<\/tr><\/p>\n<p><tr>\n<td><a href=\"https:\/\/martin-pyco-rausch-fans.sk\/audio%20a%20video\/TV%20relacie\/CSMT\/\u010cesko%20Slovensko%20m\u00e1%20talent%20-%20nakr\u00facanie%20up\u00fatavky.zip\"><img decoding=\"async\" src=\"https:\/\/martin-pyco-rausch-fans.sk\/wp\/video-obrCSMTnakrucanieuputavky.jpg\" alt=\"\" border=\"0\" \/><\/a><\/td>\n<td><span style=\"color: #808000;\">\u010cesko Slovensko M\u00e1 Talent &#8211;\u00a0Nat\u00e1\u010danie up\u00fatavky<\/span><br \/>\nFile Type: .zip \u2013&gt; .avi<br \/>\nFile Size:\u00a029.4 MB<\/td>\n<\/tr><\/p>\n<p><tr>\n<td><a href=\"https:\/\/martin-pyco-rausch-fans.sk\/audio%20a%20video\/TV%20relacie\/CSMT\/\u010cesko%20Slovensko%20m\u00e1%20talent%20II.zip\"><img decoding=\"async\" src=\"https:\/\/martin-pyco-rausch-fans.sk\/wp\/video-obrCSMT2spot.jpg\" alt=\"\" border=\"0\" \/><\/a><\/td>\n<td><span style=\"color: #808000;\">\u010cesko Slovensko M\u00e1 Talent 2 &#8211; TV Spot<\/span><br \/>\nFile Type: .zip \u2013&gt; .flv<br \/>\nFile Size: 4.56 MB<\/td>\n<\/tr><\/p>\n<p><tr>\n<td><a href=\"https:\/\/martin-pyco-rausch-fans.sk\/audio%20a%20video\/TV%20relacie\/CSMT\/Up\u00fatavka%20Talentu%20je%20svetov\u00e1!%20_%20\u010cesko%20Slovensko%20m\u00e1%20talent%202011.zip\"><img decoding=\"async\" src=\"https:\/\/martin-pyco-rausch-fans.sk\/wp\/video-obrCSMT2spot2.jpg\" alt=\"\" border=\"0\" \/><\/a><\/td>\n<td><span style=\"color: #808000;\">\u010cesko Slovensko M\u00e1 Talent 2 &#8211; TV Spot- ve\u013ek\u00e1 up\u00fatavka<\/span><br \/>\nFile Type: .zip \u2013&gt; .mpeg4<br \/>\nFile Size:\u00a06.11 MB<\/td>\n<\/tr><\/p>\n<p><tr>\n<td><a href=\"https:\/\/martin-pyco-rausch-fans.sk\/audio%20a%20video\/TV%20relacie\/CSMT\/Show%20\u010cesko%20Slovensko%20m\u00e1%20talent%20u\u017e%20\u010doskoro.zip\"><img decoding=\"async\" src=\"https:\/\/martin-pyco-rausch-fans.sk\/wp\/video-obrCSMT2spot3.jpg\" alt=\"\" border=\"0\" \/><\/a><\/td>\n<td><span style=\"color: #808000;\">\u010cesko Slovensko M\u00e1 Talent 2 &#8211; TV Spot- ve\u013ek\u00e1 up\u00fatavka II<\/span><br \/>\nFile Type: .zip \u2013&gt; .flv<br \/>\nFile Size: 4.68 MB<\/td>\n<\/tr><\/p>\n<p><tr>\n<td><a href=\"https:\/\/martin-pyco-rausch-fans.sk\/audio%20a%20video\/TV%20relacie\/CSMT\/Jakub%20Pracha\u0159%20&amp;%20Pyco%20-%20Brn\u011bnsk\u00fd%20humor.zip\"><img decoding=\"async\" src=\"https:\/\/martin-pyco-rausch-fans.sk\/wp\/video-obrCSMT2brnenskyhumor.jpg\" alt=\"\" border=\"0\" \/><\/a><\/td>\n<td><span style=\"color: #808000;\">Pyco &amp; Jakub &#8211; Brn\u011bnsk\u00fd humor<\/span><br \/>\nFile Type: .zip \u2013&gt; .flash video<br \/>\nFile Size: 10.1 MB<\/td>\n<\/tr><\/p>\n<p><tr>\n<td><a href=\"https:\/\/martin-pyco-rausch-fans.sk\/audio%20a%20video\/TV%20relacie\/CSMT\/\u010cesko%20Slovensko%20m\u00e1%20talent%202012%20na%20TV%20JOJ.zip\"><img decoding=\"async\" src=\"https:\/\/martin-pyco-rausch-fans.sk\/wp\/video-obrCSMT3spot.jpg\" alt=\"\" border=\"0\" \/><\/a><\/td>\n<td><span style=\"color: #808000;\">\u010cesko Slovensko M\u00e1 Talent 3 &#8211; TV Spot<\/span><br \/>\nFile Type: .zip \u2013&gt; .flv<br \/>\nFile Size: 3.43 MB<\/td>\n<\/tr><\/p>\n<p><tr>\n<td><a href=\"https:\/\/martin-pyco-rausch-fans.sk\/audio%20a%20video\/TV%20relacie\/CSMT\/\u010cesko%20Slovensko%20m\u00e1%20talent%202013%20-%20up\u00fatavka%20Jaro%20Sl\u00e1vik.zip\"><img decoding=\"async\" src=\"https:\/\/martin-pyco-rausch-fans.sk\/wp\/video-obrCSMT4spot1.jpg\" alt=\"\" border=\"0\" \/><\/a><\/td>\n<td><span style=\"color: #808000;\">\u010cesko Slovensko M\u00e1 Talent 4 &#8211;\u00a0TV Spot (Jaro Sl\u00e1vik)<\/span><br \/>\nFile Type: .zip \u2013&gt; .flv<br \/>\nFile Size: 3.71 MB<\/td>\n<\/tr><\/p>\n<p><tr>\n<td><a href=\"https:\/\/martin-pyco-rausch-fans.sk\/audio%20a%20video\/TV%20relacie\/CSMT\/\u010cesko%20Slovensko%20m\u00e1%20talent%202013%20-%20up\u00fatavka%20Leo\u0161%20Mare\u0161.zip\"><img decoding=\"async\" src=\"https:\/\/martin-pyco-rausch-fans.sk\/wp\/video-obrCSMT4spot2.jpg\" alt=\"\" border=\"0\" \/><\/a><\/td>\n<td><span style=\"color: #808000;\">\u010cesko Slovensko M\u00e1 Talent 4 &#8211;\u00a0TV Spot (Leo\u0161 Mare\u0161)<\/span><br \/>\nFile Type: .zip \u2013&gt; .flv<br \/>\nFile Size: 3.96 MB<\/td>\n<\/tr><\/p>\n<p><tr>\n<td><a href=\"https:\/\/martin-pyco-rausch-fans.sk\/audio%20a%20video\/TV%20relacie\/CSMT\/\u010cesko%20Slovensko%20m\u00e1%20talent%202013%20-%20up\u00fatavka%20Lucia%20B\u00edl\u00e1.zip\"><img decoding=\"async\" src=\"https:\/\/martin-pyco-rausch-fans.sk\/wp\/video-obrCSMT4spot3.jpg\" alt=\"\" border=\"0\" \/><\/a><\/td>\n<td><span style=\"color: #808000;\">\u010cesko Slovensko M\u00e1 Talent 4 &#8211;\u00a0TV Spot (L\u00facie B\u00edl\u00e1)<\/span><br \/>\nFile Type: .zip \u2013&gt; .flv<br \/>\nFile Size: 3.71 MB<\/td>\n<\/tr><\/p>\n<p><tr>\n<td><a href=\"https:\/\/martin-pyco-rausch-fans.sk\/audio%20a%20video\/TV%20relacie\/slavik\/teaser_slavik07.zip\"><img decoding=\"async\" class=\"\" src=\"https:\/\/martin-pyco-rausch-fans.sk\/wp\/slavik2007.jpg\" alt=\"\" border=\"0\" \/><\/a><\/td>\n<td><span style=\"color: #808000;\">Sl\u00e1vik 2007 ( Teasers)<\/span><br \/>\nFile Type: .zip \u2013&gt; .mp4<br \/>\nFile Size: 7.6 MB<\/td>\n<\/tr><\/p>\n<p><tr>\n<td><a href=\"https:\/\/martin-pyco-rausch-fans.sk\/audio%20a%20video\/TV%20relacie\/slavik\/slavik2011promoRYTMUS.zip\"><img decoding=\"async\" src=\"https:\/\/martin-pyco-rausch-fans.sk\/wp\/slavik2011a.jpg\" alt=\"\" border=\"0\" \/><\/a><\/td>\n<td><span style=\"color: #808000;\">Sl\u00e1vik 2011 ( Teaser &#8211; RYTMUS)<\/span><br \/>\nFile Type:\u00a0.zip \u2013&gt; .mp4<br \/>\nFile Size: 13.2 MB<\/td>\n<\/tr><\/p>\n<p><tr>\n<td><a href=\"https:\/\/martin-pyco-rausch-fans.sk\/audio%20a%20video\/TV%20relacie\/slavik\/slavik2011promoTINA.zip\"><img decoding=\"async\" src=\"https:\/\/martin-pyco-rausch-fans.sk\/wp\/slavik2011b.jpg\" alt=\"\" border=\"0\" \/><\/a><\/td>\n<td><span style=\"color: #808000;\">Sl\u00e1vik 2011 ( Teaser &#8211; TINA)<\/span><br \/>\nFile Type: .zip \u2013&gt; .mp4<br \/>\nFile Size: 25.9 MB<\/td>\n<\/tr><\/p>\n<p><tr>\n<td><a href=\"https:\/\/martin-pyco-rausch-fans.sk\/audio%20a%20video\/TV%20relacie\/slavik\/slavik2011promoKULY.rar\"><img decoding=\"async\" src=\"https:\/\/martin-pyco-rausch-fans.sk\/wp\/slavik2011c.jpg\" alt=\"\" border=\"0\" \/><\/a><\/td>\n<td><span style=\"color: #808000;\">Sl\u00e1vik 2011 ( Teaser- KULY)<\/span><br \/>\nFile Type: \u00a0.zip \u2013&gt; .mp4<br \/>\nFile Size: 16.5 MB<\/td>\n<\/tr><\/p>\n<p><tr>\n<td><a href=\"https:\/\/martin-pyco-rausch-fans.sk\/audio%20a%20video\/TV%20relacie\/slavik\/slavik2011promoSMATANOVA.zip\"><img decoding=\"async\" src=\"https:\/\/martin-pyco-rausch-fans.sk\/wp\/slavik2011d.jpg\" alt=\"\" border=\"0\" \/><\/a><\/td>\n<td><span style=\"color: #808000;\">Sl\u00e1vik 2011 ( Teaser &#8211; SMATANOV\u00c1)<\/span><br \/>\nFile Type: .zip \u2013&gt; .mp4<br \/>\nFile Size: 14.4 MB<\/td>\n<\/tr><\/p>\n<p><tr>\n<td><a href=\"https:\/\/martin-pyco-rausch-fans.sk\/audio%20a%20video\/TV%20relacie\/slavik\/slavik2011promoZBIRKA.zip\"><img decoding=\"async\" src=\"https:\/\/martin-pyco-rausch-fans.sk\/wp\/slavik2011e.jpg\" alt=\"\" border=\"0\" \/><\/a><\/td>\n<td><span style=\"color: #808000;\">Sl\u00e1vik 2011 ( Teaser &#8211; \u017dBIRKA)<\/span><br \/>\nFile Type: .zip \u2013&gt; .mp4<br \/>\nFile Size: 17.4 MB<\/td>\n<\/tr><\/p>\n<p><tr>\n<td><a href=\"https:\/\/martin-pyco-rausch-fans.sk\/audio%20a%20video\/TV%20relacie\/slavik\/slavik2011promoKLIP.zip\"><img decoding=\"async\" src=\"https:\/\/martin-pyco-rausch-fans.sk\/wp\/slavik2011f.jpg\" alt=\" alt=\" border=\"0\" \/><\/a><\/td>\n<td><span style=\"color: #808000;\">Sl\u00e1vik 2011 ( promo CLIP)<\/span><br \/>\nFile Type: .zip \u2013&gt; .mp4<br \/>\nFile Size: 28.4 MB<\/td>\n<\/tr><\/p>\n<p><tr>\n<td><a href=\"https:\/\/martin-pyco-rausch-fans.sk\/audio%20a%20video\/TV%20relacie\/ESC\/E_S_C_2010%20SLOVAKIA%20-TV%20campaign%20Part%20I.zip\"><img decoding=\"async\" src=\"https:\/\/martin-pyco-rausch-fans.sk\/wp\/video-spotECS10.jpg\" alt=\"\" border=\"0\" \/><\/a><\/td>\n<td><span style=\"color: #808000;\">ESC 2010 SLOVAKIA &#8211; TV campaing Part I<\/span><br \/>\nFile Type: .zip \u2013&gt; .avi<br \/>\nFile Size: 6.27 MB<\/td>\n<\/tr><\/p>\n<p><tr>\n<td><a href=\"https:\/\/martin-pyco-rausch-fans.sk\/audio%20a%20video\/TV%20relacie\/ESC\/EUROVISION%20SONG%20CONTEST%20%202010%20-%20Slovakia%20TV%20Campaign%20Part%20II.zip\"><img decoding=\"async\" src=\"https:\/\/martin-pyco-rausch-fans.sk\/wp\/video-spotECS10-2.jpg\" alt=\"\" border=\"0\" \/><\/a><\/td>\n<td><span style=\"color: #808000;\">ESC 2010 SLOVAKIA &#8211; TV campaing Part II<\/span><br \/>\nFile Type: .zip \u2013&gt; .mp4<br \/>\nFile Size: 4.60 MB<\/td>\n<\/tr>\n<\/tbody>\n<\/table><\/div>\n<p>&nbsp;<\/p>\n","protected":false},"excerpt":{"rendered":"<p>&nbsp;<\/p>\n","protected":false},"author":1,"featured_media":7046,"parent":0,"menu_order":0,"comment_status":"open","ping_status":"open","template":"","meta":{"footnotes":""},"class_list":["post-317","page","type-page","status-publish","has-post-thumbnail","hentry"],"_links":{"self":[{"href":"https:\/\/martin-pyco-rausch-fans.sk\/index.php?rest_route=\/wp\/v2\/pages\/317","targetHints":{"allow":["GET"]}}],"collection":[{"href":"https:\/\/martin-pyco-rausch-fans.sk\/index.php?rest_route=\/wp\/v2\/pages"}],"about":[{"href":"https:\/\/martin-pyco-rausch-fans.sk\/index.php?rest_route=\/wp\/v2\/types\/page"}],"author":[{"embeddable":true,"href":"https:\/\/martin-pyco-rausch-fans.sk\/index.php?rest_route=\/wp\/v2\/users\/1"}],"replies":[{"embeddable":true,"href":"https:\/\/martin-pyco-rausch-fans.sk\/index.php?rest_route=%2Fwp%2Fv2%2Fcomments&post=317"}],"version-history":[{"count":68,"href":"https:\/\/martin-pyco-rausch-fans.sk\/index.php?rest_route=\/wp\/v2\/pages\/317\/revisions"}],"predecessor-version":[{"id":15616,"href":"https:\/\/martin-pyco-rausch-fans.sk\/index.php?rest_route=\/wp\/v2\/pages\/317\/revisions\/15616"}],"wp:featuredmedia":[{"embeddable":true,"href":"https:\/\/martin-pyco-rausch-fans.sk\/index.php?rest_route=\/wp\/v2\/media\/7046"}],"wp:attachment":[{"href":"https:\/\/martin-pyco-rausch-fans.sk\/index.php?rest_route=%2Fwp%2Fv2%2Fmedia&parent=317"}],"curies":[{"name":"wp","href":"https:\/\/api.w.org\/{rel}","templated":true}]}}