{"id":336,"date":"2014-10-18T03:02:11","date_gmt":"2014-10-18T01:02:11","guid":{"rendered":"http:\/\/www.martin-pyco-rausch-fans.sk\/wordpress\/?page_id=336"},"modified":"2026-01-10T18:16:27","modified_gmt":"2026-01-10T17:16:27","slug":"avon","status":"publish","type":"page","link":"https:\/\/martin-pyco-rausch-fans.sk\/?page_id=336","title":{"rendered":"Charitat\u00edvne pr\u00e1ce"},"content":{"rendered":"<div class=\"table-responsive\"><table width=\"100%\" class=\"table \" style=\"table-bordered table-hover\"><br \/>\n<thead><tr>\n<\/tr><\/thead>\n<tbody><\/p>\n<p><tr>\n<td><a href=\"audio%20a%20video\/charita\/avon1.zip\"><img decoding=\"async\" src=\"http:\/\/www.martin-pyco-rausch-fans.sk\/wp\/video%20obr-misc..jpg\" alt=\"\" border=\"0\" \/><\/a><\/td>\n<td><span style=\"color: #808000;\">Rekl\u00e1mna kampa\u0148 Pyca v boji proti rakovine\u00a0prsn\u00edka<\/span><br \/>\nCredit: www.zdraveprsia.sk<br \/>\nFile Type: .zip \u2013&gt; .filmov\u00fd klip<br \/>\nFile Size: 5.31 MB<\/td>\n<\/tr><\/p>\n<p><tr>\n<td><a href=\"audio%20a%20video\/charita\/avon-pozvankanapochod2009.rar\"><img decoding=\"async\" src=\"http:\/\/www.martin-pyco-rausch-fans.sk\/wp\/video%20obr-misc3.jpg\" alt=\"\" border=\"0\" \/><\/a><\/td>\n<td><span style=\"color: #808000;\">Pozv\u00e1nka na AVON POCHOD 2009<\/span><br \/>\nFile Type: .zip \u2013&gt;<br \/>\nFile Size: 7.73 MB<\/td>\n<\/tr><\/p>\n<p><tr>\n<td><a href=\"audio%20a%20video\/charita\/vsetko.mame pred sebou.zip\"><img decoding=\"async\" src=\"http:\/\/www.martin-pyco-rausch-fans.sk\/wp\/video%20obr%20charita04.jpg\" alt=\"\" border=\"0\" \/><\/a><\/td>\n<td><span style=\"color: #808000;\">Piese\u0148 ku kampani (2009)<\/span><br \/>\nFile Type: .zip \u2013&gt; .avi<br \/>\nFile Size: 35.9 MB<\/td>\n<\/tr><\/p>\n<p><tr>\n<td><a href=\"audio%20a%20video\/charita\/AVON KE 2010 AG 4 short.mov.zip\"><img decoding=\"async\" src=\"http:\/\/www.martin-pyco-rausch-fans.sk\/wp\/video%20obr%20charita05.jpg\" alt=\"\" border=\"0\" \/><\/a><\/td>\n<td><span style=\"color: #808000;\">AVON POCHOD 2010<\/span><br \/>\nFile Type: .zip \u2013&gt; mov.flv<br \/>\nFile Size:\u00a031.5 MB<\/td>\n<\/tr><\/p>\n<p><tr>\n<td><a href=\"audio%20a%20video\/charita\/spot f84H264mov.zip\"><img decoding=\"async\" src=\"http:\/\/www.martin-pyco-rausch-fans.sk\/wp\/video%20obr%20charita07.jpg\" alt=\"\" border=\"0\" \/><\/a><\/td>\n<td><span style=\"color: #808000;\">Charitat\u00edvny spot pre pomoc de\u0165om a osob\u00e1m s autizmom<\/span><br \/>\nDate: 2010<br \/>\nCredit:\u00a0www.f84.sk<br \/>\nFile Type: .zip \u2013&gt; .mov<br \/>\nFile Size: 1.34 MB<\/td>\n<\/tr><\/p>\n<p><tr>\n<td><a href=\"audio%20a%20video\/charita\/Vyslanec%20UNICEF.zip\"><img decoding=\"async\" src=\"http:\/\/www.martin-pyco-rausch-fans.sk\/wp\/video%20obr%20charita08.jpg\" alt=\"\" border=\"0\" \/><\/a><\/td>\n<td><span style=\"color: #808000;\">Pyco sa stal ofici\u00e1lne nov\u00fdm ambas\u00e1dorom\u00a0pre Unicef (2011)<\/span><br \/>\nCredit: www.unicef.sk<br \/>\nFile Type: .zip \u2013&gt;<br \/>\nFile Size:\u00a020.9 MB<\/td>\n<\/tr><\/p>\n<p><tr>\n<td><a href=\"audio%20a%20video\/charita\/misia01.zip\"><img decoding=\"async\" src=\"http:\/\/www.martin-pyco-rausch-fans.sk\/wp\/video%20obr%20charita06.jpg\" alt=\"\" border=\"0\" \/><\/a><\/td>\n<td><span style=\"color: #808000;\">MISIA 01 &#8211; nezi\u0161tne pomohli \u013eu\u010fom s telesn\u00fdm postihnut\u00edm<\/span><br \/>\nDate: 2011<br \/>\nFile Type: .zip \u2013&gt;<br \/>\nFile Size: 21.1 MB<\/td>\n<\/tr><\/p>\n<p><tr>\n<td><a href=\"audio%20a%20video\/charita\/Fotky%20z%20Ugandy,%20PYCO.zip\"><img decoding=\"async\" src=\"http:\/\/www.martin-pyco-rausch-fans.sk\/wp\/uganda2.jpg\" alt=\"\" border=\"0\" \/><\/a><\/td>\n<td><span style=\"color: #808000;\">Fotky z Ugandy &#8211; prezent\u00e1cia fotografi\u00ed z Ugandy<\/span><br \/>\nCredit: facebook Pyca<br \/>\nFile Type: .zip \u2013&gt; mp4<br \/>\nFile Size:\u00a059.5 MB<\/td>\n<\/tr><\/p>\n<p><tr>\n<td><a href=\"audio%20a%20video\/charita\/AlessoninUganda.zip\"><img decoding=\"async\" src=\"http:\/\/www.martin-pyco-rausch-fans.sk\/wp\/uganda.jpg\" alt=\"\" border=\"0\" \/><\/a><\/td>\n<td><span style=\"color: #808000;\">A lesson in Uganda<\/span><br \/>\nCredit: facebook Pyca<br \/>\nFile Type: .zip \u2013&gt;<br \/>\nFile Size: 11 MB<\/td>\n<\/tr><\/p>\n<p><tr>\n<td><a href=\"audio%20a%20video\/charita\/PomocAfrikePycovUgande.zip\" target=\"_blank\"><img decoding=\"async\" src=\"http:\/\/www.martin-pyco-rausch-fans.sk\/wp\/uganda3.jpg\" alt=\"\" border=\"0\" \/><\/a><\/td>\n<td><span style=\"color: #808000;\">Pomoc Afrike &#8211; Pyco v Ugande<\/span><\/p>\n<p>&#8222;Bol som sa pozrie\u0165 do najchudobnej\u0161\u00edch okresov<br \/>\na pevne ver\u00edm, \u017ee aj cez obraz div\u00e1k pre\u017eije<br \/>\npodobne siln\u00fd z\u00e1\u017eitok a \u017ee sa k n\u00e1m pridaj\u00fa t\u00ed,<br \/>\nktor\u00ed maj\u00fa mo\u017enos\u0165 a chu\u0165 pom\u00e1ha\u0165.&#8220;<\/p>\n<p>Date: 2013<br \/>\nFile Type: .zip \u2013&gt; .mp4<br \/>\nFile Size: 921 MB<br \/>\nTV Plus<\/td>\n<\/tr><\/p>\n<p><tr>\n<td><a href=\"audio%20a%20video\/charita\/Pyco-hovori-za-Cipu.zip\"><img decoding=\"async\" src=\"http:\/\/www.martin-pyco-rausch-fans.sk\/wp\/video obr-zvieraciombudsman.jpg\" alt=\"\" border=\"0\" \/><\/a><\/td>\n<td><span style=\"color: #808000;\">Pyco hovor\u00ed za Cipu<\/span><br \/>\nCredit: www.zvieraciombudsman.sk , www.stopkrutosti.sk<br \/>\nFile Type: .zip \u2013&gt; .mp4<br \/>\nFile Size: 1.6 MB<\/td>\n<\/tr><\/p>\n<p><\/tbody>\n<\/table><\/div>\n","protected":false},"excerpt":{"rendered":"","protected":false},"author":1,"featured_media":7033,"parent":0,"menu_order":0,"comment_status":"open","ping_status":"open","template":"","meta":{"footnotes":""},"class_list":["post-336","page","type-page","status-publish","has-post-thumbnail","hentry"],"_links":{"self":[{"href":"https:\/\/martin-pyco-rausch-fans.sk\/index.php?rest_route=\/wp\/v2\/pages\/336","targetHints":{"allow":["GET"]}}],"collection":[{"href":"https:\/\/martin-pyco-rausch-fans.sk\/index.php?rest_route=\/wp\/v2\/pages"}],"about":[{"href":"https:\/\/martin-pyco-rausch-fans.sk\/index.php?rest_route=\/wp\/v2\/types\/page"}],"author":[{"embeddable":true,"href":"https:\/\/martin-pyco-rausch-fans.sk\/index.php?rest_route=\/wp\/v2\/users\/1"}],"replies":[{"embeddable":true,"href":"https:\/\/martin-pyco-rausch-fans.sk\/index.php?rest_route=%2Fwp%2Fv2%2Fcomments&post=336"}],"version-history":[{"count":50,"href":"https:\/\/martin-pyco-rausch-fans.sk\/index.php?rest_route=\/wp\/v2\/pages\/336\/revisions"}],"predecessor-version":[{"id":15619,"href":"https:\/\/martin-pyco-rausch-fans.sk\/index.php?rest_route=\/wp\/v2\/pages\/336\/revisions\/15619"}],"wp:featuredmedia":[{"embeddable":true,"href":"https:\/\/martin-pyco-rausch-fans.sk\/index.php?rest_route=\/wp\/v2\/media\/7033"}],"wp:attachment":[{"href":"https:\/\/martin-pyco-rausch-fans.sk\/index.php?rest_route=%2Fwp%2Fv2%2Fmedia&parent=336"}],"curies":[{"name":"wp","href":"https:\/\/api.w.org\/{rel}","templated":true}]}}