{"id":341,"date":"2014-10-18T03:05:12","date_gmt":"2014-10-18T01:05:12","guid":{"rendered":"http:\/\/www.martin-pyco-rausch-fans.sk\/wordpress\/?page_id=341"},"modified":"2026-01-10T18:18:55","modified_gmt":"2026-01-10T17:18:55","slug":"filmy-serialy-videa","status":"publish","type":"page","link":"https:\/\/martin-pyco-rausch-fans.sk\/?page_id=341","title":{"rendered":"Filmy &#038; seri\u00e1ly"},"content":{"rendered":"<div class=\"table-responsive\"><table width=\"100%\" class=\"table \" style=\"table-bordered table-hover\"><br \/>\n<thead><tr>\n<\/tr><\/thead>\n<tbody><\/p>\n<p><tr>\n<td><a href=\"audio%20a%20video\/TVaperan\/mesto%20tienov\/mesto-tienov.zip\"><img decoding=\"async\" src=\"https:\/\/martin-pyco-rausch-fans.sk\/wp\/video%20obr.mest.t.jpg\" alt=\"\" border=\"0\" \/><\/a><\/td>\n<td><span style=\"color: #808000;\">Mesto Tie\u0148ov (krimin\u00e1lny seri\u00e1l 2008)<\/span><br \/>\nFile Type: .zip \u2013&gt; .wmv<br \/>\nFile Size: 29.7 MB<br \/>\nTV Mark\u00edza<br \/>\n<\/td>\n<\/tr><\/p>\n<p><tr>\n<td><a href=\"audio%20a%20video\/TVaperan\/mesto%20tienov\/mesto-tienov-ako%20sa%20rerial%20natacal...zip\"><img decoding=\"async\" src=\"https:\/\/martin-pyco-rausch-fans.sk\/wp\/video%20obr-mesto-natacanie.jpg\" alt=\"\" border=\"0\" \/><\/a><\/td>\n<td><span style=\"color: #808000;\">Ako sa hore uveden\u00fd seri\u00e1l nat\u00e1\u010dal<\/span><br \/>\nFile Type: .zip \u2013&gt; .wmv<br \/>\nFile Size: 21.5<br \/>\nTV Markiza<\/td>\n<\/tr><\/p>\n<p><tr>\n<td><a href=\"audio%20a%20video\/films\/fabrikasmrti\/pycova%20hlava.zip\"><img decoding=\"async\" src=\"https:\/\/martin-pyco-rausch-fans.sk\/wp\/video%20obr-od.hlavy.jpg\" alt=\"\" border=\"0\" \/><\/a><\/td>\n<td><span style=\"color: #808000;\">odliatok hlavy (Fabrika smrti: Mlad\u00e1 krv)<\/span><br \/>\nFile Type: .zip \u2013&gt; .avi<br \/>\nFile Size: 3.97 MB<\/td>\n<\/tr><\/p>\n<p><tr>\n<td><a href=\"audio%20a%20video\/TVaperan\/panelak\/panelak.zip\"><img decoding=\"async\" src=\"https:\/\/martin-pyco-rausch-fans.sk\/wp\/video%20obr.panelak.jpg\" alt=\"\" border=\"0\" \/><\/a><\/td>\n<td><span style=\"color: #808000;\">Panel\u00e1k (7&#215;8 &#8211; 550. Zumba \/ *POKRA\u010cOVANIE : 7&#215;9 &#8211; 551. Logo &#8211; 2011)<\/span><br \/>\nFile Type: .zip \u2013&gt; .avi<br \/>\nFile Size: 41.8<br \/>\nTV JOJ<\/td>\n<\/tr><\/p>\n<p><tr>\n<td><img decoding=\"async\" src=\"https:\/\/martin-pyco-rausch-fans.sk\/wp\/video%20obr-10rokov.jpg\" alt=\"\" border=\"0\" \/><\/td>\n<td><span style=\"color: #808000;\">Panel\u00e1k (10. rokov \/ \u017drebovanie, hos\u0165 Pyco \/772. Mas\u00e1\u017e &#8211; 2012)<\/span><br \/>\nFile Type: .zip \u2013&gt; .mp4<br \/>\nFile Size: 15.5<br \/>\nTV JOJ<\/p>\n<p>Info: Pyco si op\u00e4\u0165 zahral v Panel\u00e1ku, ale nie v \u00falohe Imrovho kamar\u00e1ta I\u010diho&#8230;<br \/>\nTento vstup do Panel\u00e1ku nakr\u00facal presne 29. marca, ke\u010f nakr\u00facal aj<br \/>\nre\u00e1lne \u017erebovanie skuto\u010dn\u00e9ho v\u00fdhercu a piko\u0161kou je, \u017ee o tom vopred nevedel, a<br \/>\ntak to bola z ve\u013ekej miery improviz\u00e1cia&#8230;<a href=\"http:\/\/panelak.joj.sk\/panelak-epizody\/2012-04-02-panelak-ix-.html\">ZLIADNU\u0164<\/a><\/p>\n<p><a href=\"audio%20a%20video\/TV%20relacie\/ostatne\/joj-10rokov.zip\">STIAHNU\u0164<\/a> (re\u00e1lne \u017erebovanie)<\/td>\n<\/tr>\n<\/tbody>\n<\/table><\/div>\n","protected":false},"excerpt":{"rendered":"","protected":false},"author":1,"featured_media":7040,"parent":0,"menu_order":0,"comment_status":"open","ping_status":"open","template":"","meta":{"footnotes":""},"class_list":["post-341","page","type-page","status-publish","has-post-thumbnail","hentry"],"_links":{"self":[{"href":"https:\/\/martin-pyco-rausch-fans.sk\/index.php?rest_route=\/wp\/v2\/pages\/341","targetHints":{"allow":["GET"]}}],"collection":[{"href":"https:\/\/martin-pyco-rausch-fans.sk\/index.php?rest_route=\/wp\/v2\/pages"}],"about":[{"href":"https:\/\/martin-pyco-rausch-fans.sk\/index.php?rest_route=\/wp\/v2\/types\/page"}],"author":[{"embeddable":true,"href":"https:\/\/martin-pyco-rausch-fans.sk\/index.php?rest_route=\/wp\/v2\/users\/1"}],"replies":[{"embeddable":true,"href":"https:\/\/martin-pyco-rausch-fans.sk\/index.php?rest_route=%2Fwp%2Fv2%2Fcomments&post=341"}],"version-history":[{"count":13,"href":"https:\/\/martin-pyco-rausch-fans.sk\/index.php?rest_route=\/wp\/v2\/pages\/341\/revisions"}],"predecessor-version":[{"id":15623,"href":"https:\/\/martin-pyco-rausch-fans.sk\/index.php?rest_route=\/wp\/v2\/pages\/341\/revisions\/15623"}],"wp:featuredmedia":[{"embeddable":true,"href":"https:\/\/martin-pyco-rausch-fans.sk\/index.php?rest_route=\/wp\/v2\/media\/7040"}],"wp:attachment":[{"href":"https:\/\/martin-pyco-rausch-fans.sk\/index.php?rest_route=%2Fwp%2Fv2%2Fmedia&parent=341"}],"curies":[{"name":"wp","href":"https:\/\/api.w.org\/{rel}","templated":true}]}}