{"id":343,"date":"2014-10-18T03:06:02","date_gmt":"2014-10-18T01:06:02","guid":{"rendered":"http:\/\/www.martin-pyco-rausch-fans.sk\/wordpress\/?page_id=343"},"modified":"2026-01-10T19:42:14","modified_gmt":"2026-01-10T18:42:14","slug":"moje-jedlo-videa","status":"publish","type":"page","link":"https:\/\/martin-pyco-rausch-fans.sk\/?page_id=343","title":{"rendered":"Moje Jedlo"},"content":{"rendered":"<div class=\"table-responsive\"><table width=\"100%\" class=\"table \" style=\"table-bordered table-hover\"><br \/>\n<thead><tr>\n<\/tr><\/thead>\n<tbody><\/p>\n<p><tr>\n<td><a href=\"https:\/\/martin-pyco-rausch-fans.sk\/audio%20a%20video\/mojejedlo\/Moje%20jedlo%20-%20Martin%20\u201ePyco_%20Rausch.zip\"><img decoding=\"async\" src=\"https:\/\/martin-pyco-rausch-fans.sk\/wp\/video-mojejedlo.jpg\" alt=\"\" border=\"0\" \/><\/a><\/td>\n<td><span style=\"color: #808000;\">MOJE JEDLO &#8211;\u00a0Stretnutie kn\u00edhkupectve Panta Rhei v OC Laugaricio v Tren\u010d\u00edne\u00a0<\/span><br \/>\nFile Type: .zip \u2013&gt; .mp4<br \/>\nFile Size: 115\u00a0MB<\/td>\n<\/tr><\/p>\n<p><tr>\n<td><a href=\"https:\/\/martin-pyco-rausch-fans.sk\/audio%20a%20video\/mojejedlo\/PYCO var\u00ed _MOJE JEDLO 2_ _ Biela Polievka.zip\"><img decoding=\"async\" src=\"https:\/\/martin-pyco-rausch-fans.sk\/wp\/MJ2-bielapolievka.jpg\" alt=\"\" border=\"0\" \/><\/a><\/td>\n<td><span style=\"color: #808000;\">Pyco var\u00ed\u00a0&#8222;MOJE JEDLO 2&#8220;: Biela polievka<\/span><br \/>\nFile Type: .zip \u2013&gt; .mp4<br \/>\nFile Size: 19 MB<\/td>\n<\/tr><\/p>\n<p><tr>\n<td><a href=\"audio%20a%20video\/mojejedlo\/Martin Pyco Rausch _ Deleted Scenes.zip\"><img decoding=\"async\" src=\"https:\/\/martin-pyco-rausch-fans.sk\/wp\/MJ2-bielapolievka-DS.jpg\" alt=\"\" border=\"0\" \/><\/a><\/td>\n<td><span style=\"color: #808000;\">Pyco var\u00ed\u00a0&#8222;MOJE JEDLO 2&#8220;: Biela polievka &#8211; Deleted Scenes<\/span><br \/>\nFile Type: .zip \u2013&gt; .mp4<br \/>\nFile Size: 19 MB<\/td>\n<\/tr><\/p>\n<p><tr>\n<td><a href=\"https:\/\/martin-pyco-rausch-fans.sk\/audio%20a%20video\/mojejedlo\/Martin Pyco Rausch nahr\u00e1va up\u00fatavku na svoju show na Exprese.zip\"><img decoding=\"async\" src=\"https:\/\/martin-pyco-rausch-fans.sk\/wp\/mj2exprexuputavka.jpg\" alt=\"\" border=\"0\" \/><\/a><\/td>\n<td><span style=\"color: #808000;\">Pyco nahr\u00e1va up\u00fatavku na svoju show na Exprese<\/span><br \/>\nFile Type: .zip \u2013&gt; .mp4<br \/>\nFile Size: 14.4 MB<\/td>\n<\/tr><\/p>\n<p><tr>\n<td><a href=\"audio%20a%20video\/mojejedlo\/Pyco varil v Europe.zip\"><img decoding=\"async\" src=\"https:\/\/martin-pyco-rausch-fans.sk\/wp\/mj2varenieBB.jpg\" alt=\"\" border=\"0\" \/><\/a><\/td>\n<td><span style=\"color: #808000;\">Video report\u00e1\u017e: Varenie na workshope v Banskej Bystrici<\/span><br \/>\nFile Type: .zip \u2013&gt; .mp4<br \/>\nFile Size: \u00a031.9\u00a0MB<\/td>\n<\/tr><\/p>\n<p><tr>\n<td><a href=\"https:\/\/martin-pyco-rausch-fans.sk\/audio%20a%20video\/mojejedlo\/mojejedlo2-rozhovor-z-besedy-MoravskySvatyJan.zip\" target=\"_blank\" rel=\"noopener noreferrer\"><img decoding=\"async\" src=\"https:\/\/martin-pyco-rausch-fans.sk\/wp\/mj2zahorie.jpg\" alt=\"\" border=\"0\" \/><\/a><\/td>\n<td><span style=\"color: #808000;\">Rozhovor z besedy v Moravskom Sv\u00e4tom Jane<\/span><br \/>\nFile Type: .zip \u2013&gt; .mp4<br \/>\nFile Size: 96.8 MB<\/td>\n<\/tr><\/p>\n<p><tr>\n<td><a href=\"https:\/\/martin-pyco-rausch-fans.sk\/audio%20a%20video\/mojejedlo\/Moje jedlo2 - Martin \u201ePyco_ Rausch.zip\" target=\"_blank\" rel=\"noopener noreferrer\"><img decoding=\"async\" src=\"https:\/\/martin-pyco-rausch-fans.sk\/wp\/mj2tn.jpg\" alt=\"\" border=\"0\" \/><\/a><\/td>\n<td><span style=\"color: #808000;\">Stretnutie kn\u00edhkupectve Panta Rhei v OC Laugaricio v Tren\u010d\u00edne<\/span><br \/>\nFile Type: .zip \u2013&gt; .mp4<br \/>\nFile Size:\u00a069.4 MB<\/td>\n<\/tr><\/p>\n<p><tr>\n<td><a href=\"https:\/\/martin-pyco-rausch-fans.sk\/audio%20a%20video\/mojejedlo\/MOJE_JEDLO_WEB_SPOT.zip\" target=\"_blank\" rel=\"noopener noreferrer\"><img decoding=\"async\" src=\"https:\/\/martin-pyco-rausch-fans.sk\/wp\/mj3.jpg\" alt=\"\" border=\"0\" \/><\/a><\/td>\n<td><span style=\"color: #808000;\">\u0160tyri ro\u010dn\u00e9 obdobia (MOJE JEDLO 3) &#8211; Spot<\/span><br \/>\nFile Type: .zip \u2013&gt; .mp4<br \/>\nFile Size: 54.4 MB<\/td>\n<\/tr><\/p>\n<p><tr>\n<td><a href=\"https:\/\/martin-pyco-rausch-fans.sk\/audio%20a%20video\/mojejedlo\/MJ3PRINT-makingof.zip\" target=\"_blank\" rel=\"noopener noreferrer\"><img decoding=\"async\" src=\"https:\/\/martin-pyco-rausch-fans.sk\/wp\/MJ3PRINT-makingof.jpg\" alt=\"\" border=\"0\" \/><\/a><\/td>\n<td><span style=\"color: #808000;\">\u0160tyri ro\u010dn\u00e9 obdobia (MOJE JEDLO 3): PRINT making of<\/span><br \/>\nFile Type: .zip \u2013&gt; .mp4<br \/>\nFile Size: 64.2 MB<\/td>\n<\/tr><\/p>\n<p><tr>\n<td><a href=\"https:\/\/martin-pyco-rausch-fans.sk\/audio%20a%20video\/mojejedlo\/GourmetAcademysPycomPotten&amp;Pannen-Stanekcentral.zip\" target=\"_blank\" rel=\"noopener noreferrer\"><img decoding=\"async\" src=\"https:\/\/martin-pyco-rausch-fans.sk\/wp\/mj3-p&amp;p.jpg\" alt=\"\" border=\"0\" \/><\/a><\/td>\n<td><span style=\"color: #808000;\">Varenie s Pycom na Gourmet Academy, Potten &amp; Pannen &#8211; Stan\u011bk, CENTRAL<\/span><br \/>\nFile Type: .zip \u2013&gt; .mp4<br \/>\nFile Size:\u00a028.2 MB<\/td>\n<\/tr><\/p>\n<p><tr>\n<td><img decoding=\"async\" src=\"https:\/\/martin-pyco-rausch-fans.sk\/wp\/rozhovor-MTT.jpg\" alt=\"\" border=\"0\" \/><\/td>\n<td><span style=\"color: #808000;\"> Rozhovor pre trnavsk\u00fa Mestsk\u00fa telev\u00edziu|Rel\u00e1cia Medzi riadkami <\/span><br \/>\n<a target=\"_blank\" href=\"http:\/\/mtt.sk\/up\/medzi-riadkami\/Medzi-riadkami-02-01-2017\">Zhliadnu\u0165<\/a><br \/>\nwww.mtt.sk<\/td>\n<\/tr><\/p>\n<p><tr>\n<td><a href=\"https:\/\/martin-pyco-rausch-fans.sk\/audio%20a%20video\/mojejedlo\/necakanedobrekombinacie.zip\" target=\"_blank\" rel=\"noopener noreferrer\"><img decoding=\"async\" src=\"https:\/\/martin-pyco-rausch-fans.sk\/wp\/video-ndk-bryndzaliptov.jpg\" alt=\"\" border=\"0\" \/><\/a><\/td>\n<td><span style=\"color: #808000;\">Ne\u010dakane dobr\u00e9 kombin\u00e1cie s bryndzou Liptov (Teaser)<\/span><br \/>\nFile Type: .zip \u2013&gt; .mp4<br \/>\nFile Size:\u00a014.3 MB<\/td>\n<\/tr><\/p>\n<p><tr>\n<td><a href=\"https:\/\/martin-pyco-rausch-fans.sk\/audio%20a%20video\/mojejedlo\/trebasivarit.zip\" target=\"_blank\" rel=\"noopener noreferrer\"><img decoding=\"async\" src=\"https:\/\/martin-pyco-rausch-fans.sk\/wp\/video-obrtrebasivarit.jpg\" alt=\"\" border=\"0\" \/><\/a><\/td>\n<td><span style=\"color: #808000;\">TREBA SI VARI\u0164 &#8211; Martin Pyco Rausch<\/span><br \/>\nFile Type: .zip \u2013&gt; .mp4<br \/>\nFile Size:\u00a09.82 MB<\/td>\n<\/tr><\/p>\n<p><tr>\n<td><a href=\"https:\/\/martin-pyco-rausch-fans.sk\/audio%20a%20video\/mojejedlo\/treba-si-varit-ako-vznikla-obalka-making-of.zip\" target=\"_blank\" rel=\"noopener noreferrer\"><img decoding=\"async\" src=\"https:\/\/martin-pyco-rausch-fans.sk\/wp\/video-obrtrebasivarit-obalka-making-of.jpg\" alt=\"\" border=\"0\" \/><\/a><\/td>\n<td><span style=\"color: #808000;\">TREBA SI VARI\u0164 &#8211; ako vznikla ob\u00e1lka (Making Of)<\/span><br \/>\nFile Type: .zip \u2013&gt; .mp4<br \/>\nFile Size:\u00a017.1 MB<\/td>\n<\/tr>\n<\/tbody>\n<\/table><\/div>\n<p>&nbsp;<\/p>\n","protected":false},"excerpt":{"rendered":"<p>&nbsp;<\/p>\n","protected":false},"author":1,"featured_media":7047,"parent":0,"menu_order":0,"comment_status":"open","ping_status":"open","template":"","meta":{"footnotes":""},"class_list":["post-343","page","type-page","status-publish","has-post-thumbnail","hentry"],"_links":{"self":[{"href":"https:\/\/martin-pyco-rausch-fans.sk\/index.php?rest_route=\/wp\/v2\/pages\/343","targetHints":{"allow":["GET"]}}],"collection":[{"href":"https:\/\/martin-pyco-rausch-fans.sk\/index.php?rest_route=\/wp\/v2\/pages"}],"about":[{"href":"https:\/\/martin-pyco-rausch-fans.sk\/index.php?rest_route=\/wp\/v2\/types\/page"}],"author":[{"embeddable":true,"href":"https:\/\/martin-pyco-rausch-fans.sk\/index.php?rest_route=\/wp\/v2\/users\/1"}],"replies":[{"embeddable":true,"href":"https:\/\/martin-pyco-rausch-fans.sk\/index.php?rest_route=%2Fwp%2Fv2%2Fcomments&post=343"}],"version-history":[{"count":37,"href":"https:\/\/martin-pyco-rausch-fans.sk\/index.php?rest_route=\/wp\/v2\/pages\/343\/revisions"}],"predecessor-version":[{"id":15642,"href":"https:\/\/martin-pyco-rausch-fans.sk\/index.php?rest_route=\/wp\/v2\/pages\/343\/revisions\/15642"}],"wp:featuredmedia":[{"embeddable":true,"href":"https:\/\/martin-pyco-rausch-fans.sk\/index.php?rest_route=\/wp\/v2\/media\/7047"}],"wp:attachment":[{"href":"https:\/\/martin-pyco-rausch-fans.sk\/index.php?rest_route=%2Fwp%2Fv2%2Fmedia&parent=343"}],"curies":[{"name":"wp","href":"https:\/\/api.w.org\/{rel}","templated":true}]}}