{"id":36,"date":"2014-10-16T21:53:02","date_gmt":"2014-10-16T19:53:02","guid":{"rendered":"http:\/\/www.martin-pyco-rausch-fans.sk\/wordpress\/?page_id=36"},"modified":"2018-05-04T22:16:41","modified_gmt":"2018-05-04T21:16:41","slug":"spravy-z-internetu","status":"publish","type":"page","link":"https:\/\/martin-pyco-rausch-fans.sk\/?page_id=36","title":{"rendered":"Spr\u00e1vy z internetu"},"content":{"rendered":"<p>V\u010faka &#8222;Cestuj&#8220; sa s nami nau\u010dil ohromne ve\u013ea. V\u00e4\u010d\u0161inu roka pre\u017eil na cest\u00e1ch po Eur\u00f3pe aj mimo nej, spozn\u00e1val krajiny, re\u017e\u00edroval, p\u00edsal scen\u00e1r a moderoval. Po n\u00e1vrate zostal dva t\u00fd\u017edne zatvoren\u00fd v stri\u017eni, strihal, vyberal hudbu a p\u00edsal koment\u00e1r.<i> &#8222;Bola to najlep\u0161ia pr\u00e1ca, ak\u00fa som kedy mal. Tomu sa v mojom svete nevyrovn\u00e1 ani 63-percentn\u00e1 sledovanos\u0165 ve\u013ekorozpo\u010dtovej \u0161ou.\u201c <\/i>hovor\u00ed Pyco<i>.<\/i><\/p>\n<p>V r\u00e1diu str\u00e1vil \u00a0cel\u00fa mlados\u0165, sedem dn\u00ed v t\u00fd\u017edni, pomaly dvan\u00e1s\u0165 hod\u00edn denne. Po desiatich rokoch zistil, \u017ee m\u00e1 v mobile sam\u00fdch kolegov a nijak\u00fdch kamar\u00e1tov. Preto sa nehrnul nasp\u00e4\u0165 do r\u00e1dia. Navy\u0161e slovensk\u00fd r\u00e1diov\u00fd trh ho u\u017e ve\u013emi neoslovuje. Posledn\u00e9 dva tri-roky, ako hovor\u00ed, \u00a0prich\u00e1dza o il\u00fazie. R\u00e1dio ako m\u00e9dium m\u00e1 spr\u00edjemni\u0165 de\u0148, neubl\u00ed\u017ei\u0165, nevzdel\u00e1va\u0165, a najm\u00e4 ne\u0161\u00edri\u0165 ni\u010d okrem dobrej n\u00e1lady. V r\u00e1diu mal v\u017edy redaktorsk\u00e9 rel\u00e1cie, kde bolo jeho z\u00e1merom pon\u00faknu\u0165 \u013eu\u010fom nov\u00fa hudbu, aby nie\u010do spoznali. Vysielal vo ve\u010dern\u00fdch \u010dasoch a v off time. Nem\u00e1 amb\u00edciu \u00eds\u0165 moderova\u0165 denn\u00e9 bloky, kde sa ozve dva razy za hodinu, za\u017eel\u00e1 pekn\u00fd de\u0148, povie po\u010dasie a k tomu d\u00e1 jeden lacn\u00fd vtip, len aby bol v r\u00e1diu<i>. \u00a0\u201eKomer\u010dn\u00e9 r\u00e1di\u00e1 musia by\u0165 masovo zameran\u00e9. Ale pr\u00e1ve preto, \u017ee s\u00fa masovo zauj\u00edmav\u00e9, tak v \u010dase off time by mali posluch\u00e1\u010dom pon\u00faka\u0165 aj nie\u010do in\u00e9 ako zvy\u0161n\u00fdch dvadsa\u0165 hod\u00edn po\u010das d\u0148a. A to v slovensk\u00fdch komer\u010dn\u00fdch r\u00e1di\u00e1ch ch\u00fdba.\u201c <\/i>hovor\u00ed Pyco<\/p>\n<p>Je vn\u00fatorn\u00fd pesimista, a navonok ve\u013ek\u00fd optimista. To znamen\u00e1, \u017ee nem\u00e1 r\u00e1d \u013eud\u00ed, ktor\u00ed okolo seba kvapkaj\u00fa pesimizmus. <i>&#8222;Ka\u017ed\u00fd m\u00e1 pr\u00e1vo na to, aby sa c\u00edtil zle, ale to neznamen\u00e1, \u017ee to m\u00e1 h\u00e1dza\u0165 aj na druh\u00fdch.&#8220;<\/i><\/p>\n<p><span style=\"text-decoration: underline;\">\u010co m\u00e1 a \u010do nem\u00e1 r\u00e1d Pyco?<\/span><br \/>\nU spev\u00e1ka \u010di spev\u00e1\u010dky pre neho nie je d\u00f4le\u017eit\u00fd rozsah, ale em\u00f3cia a vy\u017earovanie. Preto ho asi nikdy neoslov\u00ed Celine Dion a vyh\u013ead\u00e1va Madonnu. C\u00e9line Dion pova\u017euje za dobr\u00fa spev\u00e1\u010dku, ale nem\u00f4\u017ee ju znies\u0165, lebo jej never\u00ed ani slovo. Pre neho je to len chladn\u00e1, dobre spievaj\u00faca \u017eena. Madonna je zase zl\u00e1 spev\u00e1\u010dka, ale ver\u00ed jej ka\u017ed\u00e9 slovo, i ke\u010f je to v\u010faka jej reklamnej kampani. Jej to skr\u00e1tka zo\u017eerie.<br \/>\nM\u00e1 r\u00e1d Mozarta aj Beethovena, tancuje, ke\u010f hraj\u00fa Chemical Brothers, Daft Punk, Black Eyed Peas, Sean Paul alebo Madonna. S\u00e1m doma r\u00e1d po\u010d\u00fava Tori Amos, Muse, Radiohead, Bj\u00f6rk, Rufusa Wainwrighta. Cel\u00fd \u017eivot ho fascinovali Madonna, Michael Jackson, Prince. A ka\u017ed\u00fd mesiac nie\u010do nov\u00e9 objavuje.<br \/>\n\u2022 M\u00e1 r\u00e1d temn\u00e9 veci, horory, psychologick\u00e9 trilery, a zamotan\u00e9 veci, ke\u010f je div\u00e1k n\u00faten\u00fd prem\u00fd\u0161\u013ea\u0165 nad dejom a miestami nem\u00e1 \u0161ancu st\u00edha\u0165. Tak\u00fd film si potom v\u017edy r\u00e1d pozrie znova.<br \/>\nLen po\u010das viano\u010dn\u00fdch sviatkov sa dostal k star\u0161\u00edm filmom 28 Dn\u00ed a 28 T\u00fd\u017ed\u0148ov. Ni\u010d o nich nevedel a zostal\u00a0 ako priklincovan\u00fd. To s\u00fa presne tak\u00e9 filmy, z ktor\u00fdch sa ide zbl\u00e1zni\u0165. Naposledy si pozrel \u0161panielsky horor Re\u010d a takisto bol nad\u0161en\u00fd. A pokia\u013e pr\u00edde na romantickej\u0161ie t\u00e9my, ve\u013emi sa mu p\u00e1\u010dila sn\u00edmka M\u00e1la Miss Sunschine. Kom\u00e9diu si pozrie skoro v\u017edy, ke\u010f sa v nej objav\u00ed Cameron Diaz a tie\u017e pr\u00edbehy zo s\u00fadnej siene.<br \/>\n\u2022 Nem\u00e1 r\u00e1d ak niekedy softwarov\u00e9 komponenty nefunguj\u00fa, napr. prehr\u00e1va\u010de,\u00a0 video arch\u00edvy telev\u00edzii alebo m\u0155tve odkazy.<br \/>\n\u2022 Nem\u00e1 r\u00e1d \u0161oubiznisov\u00e9 ve\u010dierky. Na akcie ide, len ke\u010f mus\u00ed pracova\u0165 alebo v pr\u00edpade, \u017ee je mu dan\u00e1 akcia nie\u010d\u00edm bl\u00edzka. Pyco rad\u0161ej uprednostn\u00ed pr\u00edjemn\u00fd ve\u010der v s\u00fakrom\u00ed svojho bytu. Je r\u00e1d, ke\u010f si m\u00f4\u017ee pozrie\u0165 film s priate\u013emi pri poh\u00e1riku v\u00ednka v tepl\u00e1koch. Nepotrebuje, aby ho hodnotili \u013eudia, \u010do m\u00e1 pr\u00e1ve oble\u010den\u00e9. Pyco tie\u017e prezradil, \u017ee jednou z jeho ve\u010dern\u00fdch z\u00e1bav je varenie. Pote\u0161\u00ed ho, ke\u010f si m\u00f4\u017ee navari\u0165 dobr\u00fa ve\u010deru. Nem\u00e1 v\u0161ak pravideln\u00fd ve\u010dern\u00fd program. V\u017edy je to o nie\u010dom inom.<\/p>\n<p>Po superstar 1 sa rozhodol zdvihn\u00fa\u0165 kotvy a spoji\u0165 svoj pobyt v zahrani\u010d\u00ed aj s nejak\u00fdm vzdel\u00e1van\u00edm. V\u017edy mu bolo trochu \u013e\u00fato, \u017ee pre r\u00e1dio nestihol vysok\u00fa \u0161kolu a teraz mal \u0161ancu kone\u010dne si doplni\u0165 vzdelanie a zbavi\u0165 sa stereotypu, ak\u00fdm \u017eil zo d\u0148a na de\u0148. A chcel aj cestova\u0165. Ke\u010f sa chcel vr\u00e1ti\u0165 po Superstar do star\u00fdch r\u00e1diov\u00fdch ko\u013eaj\u00ed, u\u017e sa hrala in\u00e1 hudba a on zrazu nebol v obraze. Nakoniec je s t\u00fdmto rozhodnut\u00edm spokojn\u00fd, lebo odvtedy si \u017eije svoj vlastn\u00fd \u017eivot a uvedomil si, \u017ee sa d\u00e1 \u017ei\u0165 aj in\u00e1\u010d, ako tr\u00e1vi\u0165 dni za po\u010d\u00edta\u010dom v r\u00e1diu. <i>\u201e Odd\u00fdchol si a ke\u010f som sa po lete vr\u00e1til, nikto nech\u00e1pal, \u017ee sa te\u0161\u00edm na \u010fal\u0161iu Superstar. Ve\u013emi sa mi tak\u00fdto boh\u00e9msky sp\u00f4sob \u017eivota zap\u00e1\u010dil \u2013 p\u00e1r mesiacov robi\u0165 a potom p\u00e1r mesiacov oddychova\u0165 a venova\u0165 sa nie\u010domu \u00faplne in\u00e9mu. Mne nerob\u00ed probl\u00e9m s\u00fastredi\u0165 sa a pracova\u0165 ve\u013ea, ale potom r\u00e1d &#8222;vypust\u00edm pneumatiku\u201c a za\u010dnem d\u00fdcha\u0165. A to sa mi odvtedy, odkedy je Superstar, dar\u00ed. Pr\u00e1ve tak\u00fdto \u017eivot je pre m\u0148a ide\u00e1lny.&#8220; <\/i> hovor\u00ed Pyco.<\/p>\n<p><strong>Pyco sa vyjadruje k svojej tridsiatke.<\/strong><br \/>\nSom star\u0161\u00ed, m\u00e1m viac sk\u00fasenost\u00ed, no niekedy sa c\u00edtim paradoxne hl\u00fapej\u0161\u00ed a naivnej\u0161\u00ed. C\u00edtim sa na 20 aj na 30. Rozhodne m\u00e1m v\u00e4\u010d\u0161ie kruhy pod o\u010dami, zop\u00e1r vr\u00e1sok, ale zato lep\u0161iu postavu. Za posledn\u00e9 3 roky som \u0161portoval viac ako prv\u00fdch 20 rokov \u017eivota. Zopakova\u0165 si u\u017e pre\u017eit\u00e9 roky by som nechcel. Znamenalo by to opakova\u0165 nielen pr\u00edjemn\u00e9 veci, ale aj chyby a smutnej\u0161ie chv\u00ed\u013eky. Ma\u0165 teraj\u0161\u00ed rozum u\u017e pred 10 rokmi by som nechcel, to by som umieral o 10 rokov sk\u00f4r, pr\u00edpadne by nastal in\u00fd posun.<\/p>\n<p><strong>Ko\u013eko hod\u00edn tr\u00e1vi pred compom?<\/strong><br \/>\nJe to ve\u013emi individu\u00e1lne. Pracovnej prev\u00e1dzke najmenej tri hodiny. Po\u010das oddychu si aspo\u0148 pozriem mailbox. Telev\u00edzne spr\u00e1vy aj tla\u010d sledujem na webe.<\/p>\n<p><strong>Ako dnes vn\u00edma svoj prerod na moder\u00e1torsk\u00fa hviezdu?<\/strong><br \/>\nP\u00f4vodne som v\u00e1hal, \u010di \u00eds\u0165 na konkurz do SuperStar. V Brit\u00e1nii pr\u00e1ve \u0161iel druh\u00fd ro\u010dn\u00edk Pop Idolu a tie\u017e som kr\u00fatil hlavou, ako m\u00f4\u017ee nejak\u00e1 \u0161ou vyprodukova\u0165 tak\u00e9to hviezdy, ktor\u00e9 naplnia na osem t\u00fd\u017ed\u0148ov britsk\u00fd rebr\u00ed\u010dek. Pri\u0161lo mi to ako genetick\u00e9 in\u017einierstvo. Ale na \u00fa\u010dte som mal tri mesiace m\u00ednus 40-tis\u00edc, hypot\u00e9ku na krku a r\u00e1dio ma \u017eivilo tak, \u017ee som si mohol k\u00fapi\u0165 nanajv\u00fd\u0161 ro\u017eok s treskou. Videl som to ako jednorazov\u00e9 rie\u0161enie v\u0161etk\u00fdch finan\u010dn\u00fdch probl\u00e9mov. Napokon sa uk\u00e1zalo, \u017ee to nebol nejak\u00fd \u00fastupok. Ke\u010f si dnes pozriem prv\u00fa s\u00e9riu SuperStar, m\u00e1m zo svojich v\u00fdkonov mierne tragick\u00fd pocit, mysl\u00edm, \u017ee nedostatok sk\u00fasenost\u00ed dos\u0165 c\u00edti\u0165. Som teda naozaj r\u00e1d, ke\u010f \u013eudia dodnes hovoria, \u017ee sme boli dobr\u00ed.<br \/>\nBy\u0165 zn\u00e1my d\u00e1va \u010dloveku nov\u00e9 mo\u017enosti. \u013dudia si ma pam\u00e4taj\u00fa z ve\u013ek\u00fdch programov a mo\u017eno si na m\u0148a niekto spomenie, ke\u010f bude h\u013eada\u0165 spolupracovn\u00edka na nejak\u00fd zauj\u00edmav\u00fd projekt, napr\u00edklad hudobn\u00e9ho dramaturga. Na popularite nefi\u010d\u00edm, lebo to je po\u013en\u00e1 tr\u00e1va. Mysl\u00edm, \u017ee v mojom \u017eivote sa toho za posledn\u00fdch p\u00e4\u0165 rokov ve\u013ea nezmenilo. By\u0165 zn\u00e1mym u\u013eah\u010duje komunik\u00e1ciu s \u013eu\u010fmi. Nev\u00fdhodou je, \u017ee nie v\u0161etci t\u00ed \u013eudia maj\u00fa dobr\u00e9 \u00famysly.&#8220; Nazbieral som ve\u013ea sk\u00fasenost\u00ed, v\u00e4\u010d\u0161inu \u010dlenov \u0161t\u00e1bu pri ktoromko\u013evek projekte nevid\u00edm po prv\u00fd raz, oslovujeme sa krstn\u00fdmi menami a publikum je \u010doraz spont\u00e1nnej\u0161ie, ale neraz aj n\u00e1ro\u010dnej\u0161ie.<\/p>\n<p><b>Album roka 2011:<\/b><br \/>\n\u201eLioness Hidden Treasures\u201c \u2013 Amy Winehouse, nahr\u00e1vka ktor\u00fa pre skuto\u010dn\u00e9ho fan\u00fa\u0161ika pova\u017eujem za doposia\u013e najd\u00f4stojnej\u0161\u00ed a najpr\u00ednosnej\u0161\u00ed \u201eposmrtn\u00fd\u201c album. \u201eCeremonials\u201c \u2013 Florence and The Machine, album roka<\/p>\n<p><b>Skladba roka 2011:<\/b><br \/>\n\u201eWhat The Water Gave Me\u201c \u2013 FLORENCE AND THE MACHINE<\/p>\n<p><b>Videoklip roka 2011:<\/b><br \/>\n\u201eAroused\u201c \u2013 Tom Vek \u201eBig Bad Wolf\u201c \u2013 Duck Sauce \u201eSunlight\u201c \u2013 Modestep<\/p>\n<p><b>Kniha roka 2011:<\/b><br \/>\nr\u00e1d by som nap\u00edsal \u201e1Q84\u201c \u2013 Haruki Murakami ale pr\u00e1ve som tril\u00f3giu len za\u010dal \u010d\u00edta\u0165, tak\u017ee by to bolo pred\u010dasn\u00e9. M\u00e1m za sebou rok \u010d\u00edtania bedekrov a manu\u00e1lov o)<\/p>\n<p><b>Technick\u00e1 hra\u010dka \/ gadget \/ vyn\u00e1lez roka 2011:<\/b><br \/>\naplik\u00e1cia Soundhound<\/p>\n<p><b>Najv\u00fdznamnej\u0161ia udalos\u0165 roka 2011:<\/b><br \/>\nnajviac sa ma dotkli odchody dlhoro\u010dn\u00fdch in\u0161pir\u00e1ci\u00ed \u010di idolov Amy Windehouse, Cesaria Evora, Steve Jobs, V\u00e1clav Havel<\/p>\n<p><b>Osobn\u00e9 zhrnutie roka 2011 (p\u00e1r viet navy\u0161e):<\/b><br \/>\nprudk\u00fd, r\u00fdchly a dynamick\u00fd rok to pre m\u0148a bol. Kv\u00f4li zanepr\u00e1zdnenosti som nestihol polovicu koncertov ale aj tak sa te\u0161\u00edm \u017ee tu boli MARINA AND THE DIAMONDS, JAMIE WOON, ADREYA TRIANA, BEIRUT, PORTISHEAD a mnoh\u00ed \u010fal\u0161\u00ed.<\/p>\n<p>Od \u0161\u0165astia: Ke\u010f si \u0161\u0165astn\u00fd, \u010do ti vie prvopl\u00e1novo \u00fasmev pokazi\u0165?<br \/>\nTak\u00ed t\u00ed negat\u00edvni jednotlivci, \u010do e\u0161te aj v tvojej dobrej n\u00e1lade vidia nie\u010do zl\u00e9. Preto je nesmierne d\u00f4le\u017eit\u00e9 k\u00fdm sa obklop\u00edme.<\/p>\n<p>Od smiechu: Na \u010dom si sa dnes schuti zasmial?<br \/>\nRodi\u010dia dnes (21.11. pozn. red.) oslavovali kr\u00e1sne 43. v\u00fdro\u010die svadby a mamka vytiahla krabicu so star\u00fdmi rodinn\u00fdmi pokladmi. Na\u0161iel som tam dvadsa\u0165p\u00e4\u0165 ro\u010dn\u00e9 listy, ktor\u00e9 som p\u00edsal mlad\u0161iemu bratovi do \u0161koly v pr\u00edrode alebo listy adresovan\u00e9 rodi\u010dom z letn\u00e9ho t\u00e1bora. U\u017e len samotn\u00fd p\u00edsomn\u00fd prejav, pokreslen\u00e9 listy a \u010deskoslovensk\u00e9 po\u0161tov\u00e9 zn\u00e1mky boli kombin\u00e1ciou smiechu a ve\u013ek\u00e9ho dojatia. Mamka dok\u00e1zala dodnes uchova\u0165 a zakonzervova\u0165 n\u00e1m tak k\u00fasok detstva aj v \u010dase, ke\u010f sme nemali fotoapar\u00e1t \u010di kameru.<\/p>\n<p>Od talentu: Ktor\u00fd talentov\u00fd v\u00fdkon ti ostal v pam\u00e4ti z tohtoro\u010dn\u00fdch k\u00e1stingov?<br \/>\nMne sta\u010d\u00ed m\u00e1lo. Pri\u0161la pani Valerie, chytila z\u00e1chvat smiechu a potom spustila pesni\u010dku \u201eSkl\u00edpek\u201c bez toho aby si myslela, \u017ee m\u00f4\u017ee nie\u010do vyhra\u0165 ale n\u00e1ladu mi urobila na pol d\u0148a. Na tak\u00e9 veci nezab\u00fadam. Bola cel\u00e1 pozit\u00edvna.<\/p>\n","protected":false},"excerpt":{"rendered":"<p>V\u010faka &#8222;Cestuj&#8220; sa s nami nau\u010dil ohromne ve\u013ea. V\u00e4\u010d\u0161inu roka pre\u017eil na cest\u00e1ch po Eur\u00f3pe aj mimo nej, spozn\u00e1val krajiny, re\u017e\u00edroval, p\u00edsal scen\u00e1r a moderoval. Po n\u00e1vrate zostal dva t\u00fd\u017edne zatvoren\u00fd v stri\u017eni, strihal, vyberal hudbu a p\u00edsal koment\u00e1r. &#8222;Bola to najlep\u0161ia pr\u00e1ca, ak\u00fa som kedy mal. Tomu sa v mojom svete nevyrovn\u00e1 ani 63-percentn\u00e1 [&hellip;]<\/p>\n","protected":false},"author":1,"featured_media":7039,"parent":0,"menu_order":0,"comment_status":"open","ping_status":"open","template":"","meta":{"footnotes":""},"class_list":["post-36","page","type-page","status-publish","has-post-thumbnail","hentry"],"_links":{"self":[{"href":"https:\/\/martin-pyco-rausch-fans.sk\/index.php?rest_route=\/wp\/v2\/pages\/36","targetHints":{"allow":["GET"]}}],"collection":[{"href":"https:\/\/martin-pyco-rausch-fans.sk\/index.php?rest_route=\/wp\/v2\/pages"}],"about":[{"href":"https:\/\/martin-pyco-rausch-fans.sk\/index.php?rest_route=\/wp\/v2\/types\/page"}],"author":[{"embeddable":true,"href":"https:\/\/martin-pyco-rausch-fans.sk\/index.php?rest_route=\/wp\/v2\/users\/1"}],"replies":[{"embeddable":true,"href":"https:\/\/martin-pyco-rausch-fans.sk\/index.php?rest_route=%2Fwp%2Fv2%2Fcomments&post=36"}],"version-history":[{"count":15,"href":"https:\/\/martin-pyco-rausch-fans.sk\/index.php?rest_route=\/wp\/v2\/pages\/36\/revisions"}],"predecessor-version":[{"id":8960,"href":"https:\/\/martin-pyco-rausch-fans.sk\/index.php?rest_route=\/wp\/v2\/pages\/36\/revisions\/8960"}],"wp:featuredmedia":[{"embeddable":true,"href":"https:\/\/martin-pyco-rausch-fans.sk\/index.php?rest_route=\/wp\/v2\/media\/7039"}],"wp:attachment":[{"href":"https:\/\/martin-pyco-rausch-fans.sk\/index.php?rest_route=%2Fwp%2Fv2%2Fmedia&parent=36"}],"curies":[{"name":"wp","href":"https:\/\/api.w.org\/{rel}","templated":true}]}}