{"id":4179,"date":"2015-09-25T21:53:47","date_gmt":"2015-09-25T20:53:47","guid":{"rendered":"http:\/\/www.martin-pyco-rausch-fans.sk\/?page_id=4179"},"modified":"2026-04-26T18:13:37","modified_gmt":"2026-04-26T17:13:37","slug":"vase-jedlo","status":"publish","type":"page","link":"https:\/\/martin-pyco-rausch-fans.sk\/?page_id=4179","title":{"rendered":"Va\u0161e jedlo"},"content":{"rendered":"<p>Kr\u00e1sne a hlavne chutn\u00e9 jedl\u00e1, ktor\u00e9 ste pripravili pod\u013ea receptov z Pycovych knih :)<\/p>\n<p>&nbsp;<\/p>\n<p><center><a title=\"Katka, Marek, Daniela, Erika, Michal, Sa\u0161a a Bra\u0148o\" href=\"https:\/\/www.facebook.com\/MRPYCO\/photos\/a.10151024726789121.429491.266347164120\/10151135637984121\/?type=3&amp;theater\" target=\"_blank\" rel=\"noopener noreferrer\"><img decoding=\"async\" src=\"http:\/\/www.martin-pyco-rausch-fans.sk\/wp\/moje-jedlo\/vasejedlo1.jpg\" alt=\"\" border=\"0\" \/><\/a>\u00a0<a title=\"Andrea, Daniela, Dominika, Boris a Vlado\" href=\"https:\/\/www.facebook.com\/MRPYCO\/photos\/a.10151024726789121.429491.266347164120\/10151139827599121\/?type=3&amp;theater\" target=\"_blank\" rel=\"noopener noreferrer\"><img decoding=\"async\" src=\"http:\/\/www.martin-pyco-rausch-fans.sk\/wp\/moje-jedlo\/vasejedlo2.jpg\" alt=\"\" border=\"0\" \/><\/a>\u00a0<a title=\"Zuzana, Daniela, Lenka, Yka, Dominika, Lucia a Majo\" href=\"https:\/\/www.facebook.com\/MRPYCO\/photos\/a.329522349120.147795.266347164120\/10151149349074121\/?type=3&amp;theater\" target=\"_blank\" rel=\"noopener noreferrer\"><img decoding=\"async\" src=\"http:\/\/www.martin-pyco-rausch-fans.sk\/wp\/moje-jedlo\/vasejedlo3.jpg\" alt=\"\" border=\"0\" \/><\/a>\u00a0<a title=\"Lucia, Jarka, Daniela, Nat\u00e1lia, Zuzana, Yka, Noricenka\" href=\"https:\/\/www.facebook.com\/MRPYCO\/photos\/a.329522349120.147795.266347164120\/10151162923419121\/?type=3&amp;theater\" target=\"_blank\" rel=\"noopener noreferrer\"><img decoding=\"async\" src=\"http:\/\/www.martin-pyco-rausch-fans.sk\/wp\/moje-jedlo\/vasejedlo4.jpg\" alt=\"\" border=\"0\" \/><\/a>\u00a0<a title=\"Jana, Yka, Katka, Ras\u0165o a Andreas\" href=\"https:\/\/www.facebook.com\/MRPYCO\/photos\/a.329522349120.147795.266347164120\/10151171434319121\/?type=3&amp;theater\" target=\"_blank\" rel=\"noopener noreferrer\"><img decoding=\"async\" src=\"http:\/\/www.martin-pyco-rausch-fans.sk\/wp\/moje-jedlo\/vasejedlo5.jpg\" alt=\"\" border=\"0\" \/><\/a>\u00a0<a title=\"Katka, Lenka, Daniela, Ivetka, Yka, Mana, Miro a Andreas\" href=\"https:\/\/www.facebook.com\/MRPYCO\/photos\/a.329522349120.147795.266347164120\/10151175057349121\/?type=3&amp;theater\" target=\"_blank\" rel=\"noopener noreferrer\"><img decoding=\"async\" src=\"http:\/\/www.martin-pyco-rausch-fans.sk\/wp\/moje-jedlo\/vasejedlo6.jpg\" alt=\"\" border=\"0\" \/><\/a><\/center><\/p>\n<p><center><a title=\"Jana, Daniela, Ivetka, Yka, Kvetka a M\u00e1rio\" href=\"https:\/\/www.facebook.com\/MRPYCO\/photos\/a.329522349120.147795.266347164120\/10151181005079121\/?type=3&amp;theater\" target=\"_blank\" rel=\"noopener noreferrer\"><img decoding=\"async\" src=\"http:\/\/www.martin-pyco-rausch-fans.sk\/wp\/moje-jedlo\/vasejedlo7.jpg\" alt=\"\" border=\"0\" \/><\/a><a title=\"Katar\u00edna, Ivetka, Lenka, Bibss, Miro a Mana, Yka, M\u00e1rio\" href=\"https:\/\/www.facebook.com\/MRPYCO\/photos\/a.329522349120.147795.266347164120\/10151193761354121\/?type=3&amp;theater\" target=\"_blank\" rel=\"noopener noreferrer\"><img decoding=\"async\" src=\"http:\/\/www.martin-pyco-rausch-fans.sk\/wp\/moje-jedlo\/vasejedlo8.jpg\" alt=\"\" border=\"0\" \/><\/a>\u00a0<a title=\"Yka, Katar\u00edna, Jana, Martina a Marek, Katka a Ras\u0165o\" href=\"https:\/\/www.facebook.com\/MRPYCO\/photos\/a.329522349120.147795.266347164120\/10151200456739121\/?type=3&amp;theater\" target=\"_blank\" rel=\"noopener noreferrer\"><img decoding=\"async\" src=\"http:\/\/www.martin-pyco-rausch-fans.sk\/wp\/moje-jedlo\/vasejedlo9.jpg\" alt=\"\" border=\"0\" \/><\/a>\u00a0<a title=\"Yka, Bibss, Miro a Mana, Lenka, Daniela, Renata\" href=\"https:\/\/www.facebook.com\/MRPYCO\/photos\/a.329522349120.147795.266347164120\/10151204706079121\/?type=3&amp;theater\" target=\"_blank\" rel=\"noopener noreferrer\"><img decoding=\"async\" src=\"http:\/\/www.martin-pyco-rausch-fans.sk\/wp\/moje-jedlo\/vasejedlo10.jpg\" alt=\"\" border=\"0\" \/><\/a><a title=\"Iveta, Jana, Stanka, Yka, Miro + Mana, Vladim\u00edra a M\u00e1rio\" href=\"https:\/\/www.facebook.com\/MRPYCO\/photos\/a.329522349120.147795.266347164120\/10151260953434121\/?type=3&amp;theater\" target=\"_blank\" rel=\"noopener noreferrer\"><img decoding=\"async\" src=\"http:\/\/www.martin-pyco-rausch-fans.sk\/wp\/moje-jedlo\/vasejedlo11.jpg\" alt=\"\" border=\"0\" \/><\/a>\u00a0<a title=\"Bibss, Iveta, Lenka, Nina, Miro, Mana, Stanka, Vladka, Yka\" href=\"https:\/\/www.facebook.com\/MRPYCO\/photos\/a.329522349120.147795.266347164120\/10151326644004121\/?type=3&amp;theater\" target=\"_blank\" rel=\"noopener noreferrer\"><img decoding=\"async\" src=\"http:\/\/www.martin-pyco-rausch-fans.sk\/wp\/moje-jedlo\/vasejedlo12.jpg\" alt=\"\" border=\"0\" \/><\/a><\/center><\/p>\n<p><center><a title=\"Alena, Aneta, Dana a Nina, L\u00edvia + Cyril, Miro a Mana, Yka\" href=\"https:\/\/www.facebook.com\/MRPYCO\/photos\/a.329522349120.147795.266347164120\/10151387242519121\/?type=3&amp;theater\" target=\"_blank\" rel=\"noopener noreferrer\"><img decoding=\"async\" src=\"http:\/\/www.martin-pyco-rausch-fans.sk\/wp\/moje-jedlo\/vasejedlo13.jpg\" alt=\"\" border=\"0\" \/><\/a><\/center><\/p>\n<p><center><a title=\"Milena, Gabriela, Katka, Lucia, Bra\u0148o a Borka\" href=\"https:\/\/www.facebook.com\/MRPYCO\/photos\/a.329522349120.147795.266347164120\/10152616761334121\/?type=1&amp;relevant_count=1\" target=\"_blank\" rel=\"noopener noreferrer\"><img decoding=\"async\" src=\"http:\/\/www.martin-pyco-rausch-fans.sk\/wp\/moje-jedlo\/sutazMJ2.jpg\" alt=\"\" border=\"0\" \/><\/a>\u00a0<a title=\"Lenka, Katar\u00edna, Janka, D\u017eejna, Zuzana a Petra\" href=\"https:\/\/www.facebook.com\/MRPYCO\/photos\/a.329522349120.147795.266347164120\/10152626128614121\/?type=1&amp;relevant_count=1\" target=\"_blank\" rel=\"noopener noreferrer\"><img decoding=\"async\" src=\"http:\/\/www.martin-pyco-rausch-fans.sk\/wp\/moje-jedlo\/sutaz2MJ2.jpg\" alt=\"\" border=\"0\" \/><\/a>\u00a0<a title=\"Machi, Lenka, Gabriela, Robo, Jana a Katka\" href=\"https:\/\/www.facebook.com\/MRPYCO\/photos\/a.10150193722389121.309244.266347164120\/10152645194549121\/?type=1&amp;relevant_count=1\" target=\"_blank\" rel=\"noopener noreferrer\"><img decoding=\"async\" src=\"http:\/\/www.martin-pyco-rausch-fans.sk\/wp\/moje-jedlo\/sutaz3MJ2.jpg\" alt=\"\" border=\"0\" \/><\/a>\u00a0<a title=\"Adam, Lucia,Iveta, Zdenka, Katka, Ivka\" href=\"https:\/\/www.facebook.com\/MRPYCO\/photos\/a.329522349120.147795.266347164120\/10152655163459121\/?type=1\" target=\"_blank\" rel=\"noopener noreferrer\"><img decoding=\"async\" src=\"http:\/\/www.martin-pyco-rausch-fans.sk\/wp\/moje-jedlo\/sutaz4MJ2.jpg\" alt=\"\" border=\"0\" \/><\/a>\u00a0<a title=\"Petra, Nika, Oli, Jaro,Zuzka, Janka\" href=\"https:\/\/www.facebook.com\/MRPYCO\/photos\/a.329522349120.147795.266347164120\/10152663914169121\/?type=1&amp;relevant_count=1\" target=\"_blank\" rel=\"noopener noreferrer\"><img decoding=\"async\" src=\"http:\/\/www.martin-pyco-rausch-fans.sk\/wp\/moje-jedlo\/sutaz5MJ2.jpg\" alt=\"\" border=\"0\" \/><\/a>\u00a0<a title=\"Jana, Bibiana, Zuzana, M\u00e1ria, Bianca\" href=\"https:\/\/www.facebook.com\/MRPYCO\/photos\/a.329522349120.147795.266347164120\/10152695347144121\/?type=1\" target=\"_blank\" rel=\"noopener noreferrer\"><img decoding=\"async\" src=\"http:\/\/www.martin-pyco-rausch-fans.sk\/wp\/moje-jedlo\/sutaz6MJ2.jpg\" alt=\"\" border=\"0\" \/><\/a><\/center><\/p>\n<p><center><a title=\"Katar\u00edna, Dominika, Berenika,Lucia, Zuzana, Elenka\" href=\"https:\/\/www.facebook.com\/MRPYCO\/photos\/a.329522349120.147795.266347164120\/10152742145494121\/?type=1\" target=\"_blank\" rel=\"noopener noreferrer\"><img decoding=\"async\" src=\"http:\/\/www.martin-pyco-rausch-fans.sk\/wp\/moje-jedlo\/sutaz7MJ2.jpg\" alt=\"\" border=\"0\" \/><\/a>\u00a0<a title=\"@receptyzindie, Zuzana, Bianka, Jana,Petra, Andrea\" href=\"https:\/\/www.facebook.com\/MRPYCO\/photos\/a.329522349120.147795.266347164120\/10152755686719121\/?type=1\" target=\"_blank\" rel=\"noopener noreferrer\"><img decoding=\"async\" src=\"http:\/\/www.martin-pyco-rausch-fans.sk\/wp\/moje-jedlo\/sutaz8MJ2.jpg\" alt=\"\" border=\"0\" \/><\/a>\u00a0<a title=\"- Elena, Bra\u0148o, Petra, Adri\u00e1na, M\u00e1ria\" href=\"https:\/\/www.facebook.com\/MRPYCO\/photos\/a.329522349120.147795.266347164120\/10152769573194121\/?type=1\" target=\"_blank\" rel=\"noopener noreferrer\"><img decoding=\"async\" src=\"http:\/\/www.martin-pyco-rausch-fans.sk\/wp\/moje-jedlo\/sutaz9MJ2.jpg\" alt=\"\" border=\"0\" \/><\/a>\u00a0<a title=\"Katar\u00edna S., Zuzana \u0160., Katar\u00edna L., Zuzana S., Jaro, Krist\u00edna \" href=\"https:\/\/www.facebook.com\/MRPYCO\/photos\/a.329522349120.147795.266347164120\/10152787071924121\/?type=1\" target=\"_blank\" rel=\"noopener noreferrer\"><img decoding=\"async\" src=\"http:\/\/www.martin-pyco-rausch-fans.sk\/wp\/moje-jedlo\/sutaz10MJ2.jpg\" alt=\"\" border=\"0\" \/><\/a>\u00a0<a title=\"Petra, Nika, Oli, Jaro,Zuzka, Janka\" href=\"https:\/\/www.facebook.com\/MRPYCO\/photos\/a.329522349120.147795.266347164120\/10152800961324121\/?type=1\" target=\"_blank\" rel=\"noopener noreferrer\"><img decoding=\"async\" src=\"http:\/\/www.martin-pyco-rausch-fans.sk\/wp\/moje-jedlo\/sutaz11MJ2.jpg\" alt=\"\" border=\"0\" \/><\/a>\u00a0<a title=\"Elena, Katar\u00edna, Nati, Nat\u00e1lia, Veronika, Lenka\" href=\"https:\/\/www.facebook.com\/MRPYCO\/photos\/a.329522349120.147795.266347164120\/10152695347144121\/?type=1\" target=\"_blank\" rel=\"noopener noreferrer\"><img decoding=\"async\" src=\"http:\/\/www.martin-pyco-rausch-fans.sk\/wp\/moje-jedlo\/sutaz12MJ2.jpg\" alt=\"\" border=\"0\" \/><\/a><\/center><\/p>\n<p><center><a title=\"Petra, Silvia, Michaela, Zuzana, Tina, Jury\" href=\"https:\/\/www.facebook.com\/MRPYCO\/photos\/a.329522349120.147795.266347164120\/10152832999584121\/?type=1\" target=\"_blank\" rel=\"noopener noreferrer\"><img decoding=\"async\" src=\"http:\/\/www.martin-pyco-rausch-fans.sk\/wp\/moje-jedlo\/sutaz13MJ2.jpg\" alt=\"\" border=\"0\" \/><\/a>\u00a0<a title=\"Lucia, Dodo, Marianna, Martina, Veronika, Kika\" href=\"https:\/\/www.facebook.com\/MRPYCO\/photos\/a.329522349120.147795.266347164120\/10152849598689121\/?type=1\" target=\"_blank\" rel=\"noopener noreferrer\"><img decoding=\"async\" src=\"http:\/\/www.martin-pyco-rausch-fans.sk\/wp\/moje-jedlo\/sutaz14MJ2.jpg\" alt=\"\" border=\"0\" \/><\/a>\u00a0<a title=\"Simona, Milena, Katka + Ras\u0165o, Betty, Zuzana, Lucia B\" href=\"https:\/\/www.facebook.com\/MRPYCO\/photos\/a.329522349120.147795.266347164120\/10152866038514121\/?type=1\" target=\"_blank\" rel=\"noopener noreferrer\"><img decoding=\"async\" src=\"http:\/\/www.martin-pyco-rausch-fans.sk\/wp\/moje-jedlo\/sutaz15MJ2.jpg\" alt=\"\" border=\"0\" \/><\/a>\u00a0<a title=\"Andrea, Natttynka, Petra, Bianca,Barbora\" href=\"https:\/\/www.facebook.com\/MRPYCO\/photos\/a.329522349120.147795.266347164120\/10152880791999121\/?type=1\" target=\"_blank\" rel=\"noopener noreferrer\"><img decoding=\"async\" src=\"http:\/\/www.martin-pyco-rausch-fans.sk\/wp\/moje-jedlo\/sutaz16MJ2.jpg\" alt=\"\" border=\"0\" \/><\/a>\u00a0<a title=\"Nat\u00e1lia, Katka, Nat\u00e1lia a Pavol, Lenka, Lucia, Natti\" href=\"https:\/\/www.facebook.com\/MRPYCO\/photos\/a.329522349120.147795.266347164120\/10152916532424121\/?type=1\" target=\"_blank\" rel=\"noopener noreferrer\"><img decoding=\"async\" src=\"http:\/\/www.martin-pyco-rausch-fans.sk\/wp\/moje-jedlo\/sutaz17MJ2.jpg\" alt=\"\" border=\"0\" \/><\/a>\u00a0<a title=\"Lenka, Zuzana Z., Nat\u00e1lia, Petra, Zuzana S\" href=\"https:\/\/www.facebook.com\/MRPYCO\/photos\/a.329522349120.147795.266347164120\/10152695347144121\/?type=1\" target=\"_blank\" rel=\"noopener noreferrer\"><img decoding=\"async\" src=\"http:\/\/www.martin-pyco-rausch-fans.sk\/wp\/moje-jedlo\/sutaz18MJ2.jpg\" alt=\"\" border=\"0\" \/><\/a><\/center><\/p>\n<p><center><a title=\"Weronika, Bibiana, Bibiana, Jan\u010di, Kika, So\u0148a\" href=\"https:\/\/www.facebook.com\/MRPYCO\/photos\/a.329522349120.147795.266347164120\/10152985186719121\/?type=1\" target=\"_blank\" rel=\"noopener noreferrer\"><img decoding=\"async\" src=\"http:\/\/www.martin-pyco-rausch-fans.sk\/wp\/moje-jedlo\/sutaz19MJ2.jpg\" alt=\"\" border=\"0\" \/><\/a>\u00a0<a title=\"Nika, Miroslava, Bibiana, Nat\u00e1lia, J\u00falia, Stefi\" href=\"https:\/\/www.facebook.com\/MRPYCO\/photos\/a.329522349120.147795.266347164120\/10153058733984121\/?type=1\" target=\"_blank\" rel=\"noopener noreferrer\"><img decoding=\"async\" src=\"http:\/\/www.martin-pyco-rausch-fans.sk\/wp\/moje-jedlo\/sutaz20MJ2.jpg\" alt=\"\" border=\"0\" \/><\/a>\u00a0<a title=\"J\u00falia, Veronika, Simona, Eva, Jozef \" href=\"https:\/\/www.facebook.com\/MRPYCO\/photos\/a.329522349120.147795.266347164120\/10153115040864121\/?type=1\" target=\"_blank\" rel=\"noopener noreferrer\"><img decoding=\"async\" src=\"http:\/\/www.martin-pyco-rausch-fans.sk\/wp\/moje-jedlo\/sutaz21MJ2.jpg\" alt=\"\" border=\"0\" \/><\/a>\u00a0<a title=\"Marcela. Jozef, Marcela. Jozef \" href=\"https:\/\/www.facebook.com\/MRPYCO\/photos\/a.329522349120.147795.266347164120\/10153162294164121\/?type=1\" target=\"_blank\" rel=\"noopener noreferrer\"><img decoding=\"async\" src=\"http:\/\/www.martin-pyco-rausch-fans.sk\/wp\/moje-jedlo\/sutaz22MJ2.jpg\" alt=\"\" border=\"0\" \/><\/a>\u00a0<a title=\"Patrik, Zuzana, Ivana, Jozef, Marcela \" href=\"https:\/\/www.facebook.com\/MRPYCO\/photos\/a.329522349120.147795.266347164120\/10153254036844121\/?type=1\" target=\"_blank\" rel=\"noopener noreferrer\"><img decoding=\"async\" src=\"http:\/\/www.martin-pyco-rausch-fans.sk\/wp\/moje-jedlo\/sutaz23MJ2.jpg\" alt=\"\" border=\"0\" \/><\/a><a title=\"Lucia, Zuzana, Nina, Krist\u00edna, Jana, Luk\u00e1\u0161\" href=\"https:\/\/www.facebook.com\/MRPYCO\/photos\/a.329522349120.147795.266347164120\/10153407826884121\/?type=3\" target=\"_blank\" rel=\"noopener noreferrer\"><img decoding=\"async\" src=\"http:\/\/www.martin-pyco-rausch-fans.sk\/wp\/moje-jedlo\/sutaz24MJ2.jpg\" alt=\"\" border=\"0\" \/><\/a><\/center><\/p>\n<p><center><a title=\"Zuzana, Jana, Zuzana, Robert, Veronika, D\u00e1\u0161a\" href=\"https:\/\/www.facebook.com\/MRPYCO\/photos\/a.329522349120.147795.266347164120\/10153417810634121\/?type=3\" target=\"_blank\" rel=\"noopener noreferrer\"><img decoding=\"async\" src=\"http:\/\/www.martin-pyco-rausch-fans.sk\/wp\/moje-jedlo\/sutaz25MJ2.jpg\" alt=\"\" border=\"0\" \/><\/a><\/center><\/p>\n<p><center><a title=\"1.Nat\u00e1lia: kar\u00ed z \u010dervenej \u0161o\u0161ovice (str.150 #MojeJedlo3) \n2.Jana: hubov\u00e1 pa\u0161t\u00e9ta (str.94 \u202a#\u200eMojeJedlo3\u202c) \n3.Jozef: fazu\u013eov\u00e1 pol. s kyslou kapustou (str.134 #MojeJedlo3) \n4.Lucia: kapustov\u00e9 zemiaky (str.156 #MojeJedlo3) \n5.Monika: nepe\u010den\u00e1 avok\u00e1dov\u00e1 \u010dokotorta (str.166 #MojeJedlo3) \n6.Miro: mrkvov\u00e9 hniezda (str.148 #MojeJedlo3)\" href=\"https:\/\/www.facebook.com\/MRPYCO\/photos\/a.329522349120.147795.266347164120\/10154556338764121\/?type=3&amp;theater\" target=\"_blank\" rel=\"noopener noreferrer\"><img decoding=\"async\" src=\"http:\/\/www.martin-pyco-rausch-fans.sk\/wp\/moje-jedlo\/sutazMJ3.jpg\" alt=\"\" border=\"0\" \/><\/a><a title=\"1.Krist\u00fdna: c\u00edcerovka (str.138 #MojeJedlo3) 2.Jana: fazu\u013eov\u00e1 polievka s kapustou (str.134 \u202a#\u200eMojeJedlo3\u202c) \n3.Tom\u00e1\u0161: maslov\u00e9 mrkvi\u010dky (str.20 #MojeJedlo3) \n4.Petra: mrkvov\u00e9 cestoviny (str.36 #MojeJedlo3) \n5.Frankie: ban\u00e1nov\u00fd mafin s \u010du\u010doriedkami (str.120 #MojeJedlo3) \n6.Tom\u00e1\u0161: hubov\u00e9 krokety (str.114 #MojeJedlo3)\" href=\"https:\/\/www.facebook.com\/MRPYCO\/photos\/a.329522349120.147795.266347164120\/10154586803624121\/?type=3&amp;theater\" target=\"_blank\" rel=\"noopener noreferrer\"><img decoding=\"async\" src=\"http:\/\/www.martin-pyco-rausch-fans.sk\/wp\/moje-jedlo\/sutaz2MJ3.jpg\" alt=\"\" border=\"0\" \/><\/a><a title=\"1.Jana: orechov\u00fd kol\u00e1\u010d s pomaran\u010dom (str.160 #MojeJedlo3) 2.Dominika: tekvicov\u00fd \u0161al\u00e1t (str.104 \u202a#\u200eMojeJedlo3\u202c) \n3.Ingrid: brokolicov\u00e1 polenta v chrenovej om\u00e1\u010dke (str.110 #MojeJedlo3) \n4.Krist\u00edna: kar\u00ed z \u010dervenej \u0161o\u0161ovice (str.150 #MojeJedlo3) \n5.Monika: bataty s parmez\u00e1nom (str.112 #MojeJedlo3) \n6.Petra: makov\u00e9 lievance s \u010du\u010doriedkami (str.84 #MojeJedlo3)\" href=\"https:\/\/www.facebook.com\/MRPYCO\/photos\/a.329522349120.147795.266347164120\/10154646502704121\/?type=3&amp;theater\" target=\"_blank\" rel=\"noopener noreferrer\"><img decoding=\"async\" src=\"http:\/\/www.martin-pyco-rausch-fans.sk\/wp\/moje-jedlo\/sutaz3MJ3.jpg\" alt=\"\" border=\"0\" \/><\/a><a title=\"1. M\u00c1RIA: pe\u010den\u00fd anan\u00e1s (str.158 #MojeJedlo3) 2. DOMINIKA: bakla\u017e\u00e1nov\u00e9 cestoviny (str.118 \u202a#\u200eMojeJedlo3\u202c) \n3. JANA: ban\u00e1ny v kokose (str.162 #MojeJedlo3) \n4. KRIST\u00cdNA: hubov\u00e9 krokety (str.114 #MojeJedlo3) \n5. BIBI: z\u00e1zvorov\u00e9 mango \u017eel\u00e9 (str.164 #MojeJedlo3) \n6. GLORIA: zelerov\u00e1 kr\u00e9mov\u00e1 polievka (str.132 #MojeJedlo3)\" href=\"https:\/\/www.facebook.com\/MRPYCO\/photos\/a.329522349120.147795.266347164120\/10154671519689121\/?type=3&amp;theater\" target=\"_blank\" rel=\"noopener noreferrer\"><img decoding=\"async\" src=\"http:\/\/www.martin-pyco-rausch-fans.sk\/wp\/moje-jedlo\/sutaz4MJ3.jpg\" alt=\"\" border=\"0\" \/><\/a><a title=\"1. PETRA: medvedia polievka s jogurtom (str.16 #MojeJedlo3) 2. KRIST\u00cdNA: plnen\u00e1 paprika (str.64 \u202a#\u200eMojeJedlo3\u202c) \n3. JANA: hru\u0161kov\u00fd kol\u00e1\u010d (str.86 #MojeJedlo3) \n4. ZUZANA: kukuricov\u00e1 polievka (str.48 #MojeJedlo3) \n5. L\u00cdVIA: ban\u00e1nov\u00fd mafin s \u010du\u010doriedkami (str.120 #MojeJedlo3) \n6. PATR\u00cdCIA: kar\u00ed z \u010dervenej \u0161o\u0161ovice (str.150 #MojeJedlo3)\" href=\"https:\/\/www.facebook.com\/MRPYCO\/photos\/a.329522349120.147795.266347164120\/10154729840914121\/?type=3&amp;theater\" target=\"_blank\" rel=\"noopener noreferrer\"><img decoding=\"async\" src=\"http:\/\/www.martin-pyco-rausch-fans.sk\/wp\/moje-jedlo\/sutaz5MJ3.jpg\" alt=\"\" border=\"0\" \/><\/a><a title=\"1. Hana: medvedia polievka s jogurtom (str.16 #MojeJedlo3) \n2. Zuzana: mand\u013eov\u00e1 polenta (str.126 \u202a#\u200eMojeJedlo3\u202c) \n3. Darina: \u0161parg\u013eov\u00fd quiche s cesnakom (str.24 #MojeJedlo3)\n4. Helena: nepe\u010den\u00e1 makovo jahodov\u00e1 torta (str.48 #MojeJedlo3) \n5. Bibi: kukuri\u010dn\u00e9 mafiny s plnkou (str.62 #MojeJedlo3)\n6. Katar\u00edna: paradajkov\u00fd \u0161al\u00e1t (str.150 #MojeJedlo3)\" href=\"https:\/\/www.facebook.com\/MRPYCO\/photos\/a.329522349120.147795.266347164120\/10154833322184121\/?type=3&#038;theater\" target=\"_blank\" rel=\"noopener noreferrer\"><img decoding=\"async\" src=\"http:\/\/www.martin-pyco-rausch-fans.sk\/wp\/moje-jedlo\/sutaz6MJ3.jpg\" alt=\"\" border=\"0\" \/><\/a><br \/>\n<\/center><br \/>\n&nbsp;<\/p>\n<a class=\"btn btn-default btn-sm  \" href=\"https:\/\/www.martin-pyco-rausch-fans.sk\/?page_id=4052\"  rel=\"\"  target=\"_self\"><i class=\"fa fa-angle-double-right\" ><\/i> Sp\u00e4\u0165<\/a>\n","protected":false},"excerpt":{"rendered":"<p>Kr\u00e1sne a hlavne chutn\u00e9 jedl\u00e1, ktor\u00e9 ste pripravili pod\u013ea receptov z Pycovych knih :) &nbsp; \u00a0\u00a0\u00a0\u00a0\u00a0 \u00a0\u00a0\u00a0 \u00a0\u00a0\u00a0\u00a0\u00a0 \u00a0\u00a0\u00a0\u00a0\u00a0 \u00a0\u00a0\u00a0\u00a0\u00a0 \u00a0\u00a0\u00a0\u00a0 &nbsp;<\/p>\n","protected":false},"author":1,"featured_media":0,"parent":0,"menu_order":0,"comment_status":"open","ping_status":"closed","template":"page-fullwidth.php","meta":{"footnotes":""},"class_list":["post-4179","page","type-page","status-publish","hentry"],"_links":{"self":[{"href":"https:\/\/martin-pyco-rausch-fans.sk\/index.php?rest_route=\/wp\/v2\/pages\/4179","targetHints":{"allow":["GET"]}}],"collection":[{"href":"https:\/\/martin-pyco-rausch-fans.sk\/index.php?rest_route=\/wp\/v2\/pages"}],"about":[{"href":"https:\/\/martin-pyco-rausch-fans.sk\/index.php?rest_route=\/wp\/v2\/types\/page"}],"author":[{"embeddable":true,"href":"https:\/\/martin-pyco-rausch-fans.sk\/index.php?rest_route=\/wp\/v2\/users\/1"}],"replies":[{"embeddable":true,"href":"https:\/\/martin-pyco-rausch-fans.sk\/index.php?rest_route=%2Fwp%2Fv2%2Fcomments&post=4179"}],"version-history":[{"count":44,"href":"https:\/\/martin-pyco-rausch-fans.sk\/index.php?rest_route=\/wp\/v2\/pages\/4179\/revisions"}],"predecessor-version":[{"id":15838,"href":"https:\/\/martin-pyco-rausch-fans.sk\/index.php?rest_route=\/wp\/v2\/pages\/4179\/revisions\/15838"}],"wp:attachment":[{"href":"https:\/\/martin-pyco-rausch-fans.sk\/index.php?rest_route=%2Fwp%2Fv2%2Fmedia&parent=4179"}],"curies":[{"name":"wp","href":"https:\/\/api.w.org\/{rel}","templated":true}]}}